{"id":9676,"date":"2023-04-18T13:48:37","date_gmt":"2023-04-18T20:48:37","guid":{"rendered":"https:\/\/ma.jvista.net\/?page_id=9676"},"modified":"2025-04-29T12:23:09","modified_gmt":"2025-04-29T19:23:09","slug":"montgomery-prize-winners","status":"publish","type":"page","link":"https:\/\/elmontgomery.com\/es\/montgomery-prize-winners\/","title":{"rendered":"Ganadores del premio Montgomery"},"content":{"rendered":"<div class=\"fusion-fullwidth fullwidth-box fusion-builder-row-1 fusion-flex-container has-pattern-background has-mask-background nonhundred-percent-fullwidth non-hundred-percent-height-scrolling\" style=\"--awb-border-radius-top-left:0px;--awb-border-radius-top-right:0px;--awb-border-radius-bottom-right:0px;--awb-border-radius-bottom-left:0px;--awb-flex-wrap:wrap;\" ><div class=\"fusion-builder-row fusion-row fusion-flex-align-items-flex-start fusion-flex-content-wrap\" style=\"max-width:1248px;margin-left: calc(-4% \/ 2 );margin-right: calc(-4% \/ 2 );\"><div class=\"fusion-layout-column fusion_builder_column fusion-builder-column-0 fusion_builder_column_1_1 1_1 fusion-flex-column\" style=\"--awb-bg-size:cover;--awb-width-large:100%;--awb-margin-top-large:0px;--awb-spacing-right-large:1.92%;--awb-margin-bottom-large:20px;--awb-spacing-left-large:1.92%;--awb-width-medium:100%;--awb-order-medium:0;--awb-spacing-right-medium:1.92%;--awb-spacing-left-medium:1.92%;--awb-width-small:100%;--awb-order-small:0;--awb-spacing-right-small:1.92%;--awb-spacing-left-small:1.92%;\"><div class=\"fusion-column-wrapper fusion-column-has-shadow fusion-flex-justify-content-flex-start fusion-content-layout-column\"><div class=\"fusion-text fusion-text-1\"><p>Como parte de nuestro compromiso de apoyar la educaci\u00f3n y los futuros profesionales del agua, M&amp;A se enorgullece de otorgar el Premio Montgomery anual a los siguientes estudiantes:<\/p>\n<\/div><\/div><\/div><div class=\"fusion-layout-column fusion_builder_column fusion-builder-column-1 fusion_builder_column_1_2 1_2 fusion-flex-column\" style=\"--awb-bg-size:cover;--awb-width-large:50%;--awb-margin-top-large:0px;--awb-spacing-right-large:3.84%;--awb-margin-bottom-large:20px;--awb-spacing-left-large:3.84%;--awb-width-medium:50%;--awb-order-medium:0;--awb-spacing-right-medium:3.84%;--awb-spacing-left-medium:3.84%;--awb-width-small:100%;--awb-order-small:0;--awb-spacing-right-small:1.92%;--awb-spacing-left-small:1.92%;\"><div class=\"fusion-column-wrapper fusion-column-has-shadow fusion-flex-justify-content-flex-start fusion-content-layout-column\"><div class=\"fusion-text fusion-text-2\"><p><strong>2025:<\/strong> Omid Zandi, Nathan Strom, Madison Tuohy, Mar\u00eda Jos\u00e9 Uribe P\u00e9rez<\/p>\n<p><strong style=\"color: var(--awb-text-color); font-family: var(--awb-text-font-family); font-size: var(--awb-font-size); font-style: var(--awb-text-font-style); letter-spacing: var(--awb-letter-spacing); text-align: var(--awb-content-alignment); text-transform: var(--awb-text-transform); background-color: var(--awb-bg-color);\">2024:\u00a0<\/strong>Lin Ji, Isaiah Spring, Kevin Getty<\/p>\n<p><strong style=\"color: var(--awb-text-color); font-family: var(--awb-text-font-family); font-size: var(--awb-font-size); font-style: var(--awb-text-font-style); letter-spacing: var(--awb-letter-spacing); text-align: var(--awb-content-alignment); text-transform: var(--awb-text-transform); background-color: var(--awb-bg-color);\">2023: <\/strong><span style=\"color: var(--awb-text-color); font-family: var(--awb-text-font-family); font-size: var(--awb-font-size); font-style: var(--awb-text-font-style); letter-spacing: var(--awb-letter-spacing); text-align: var(--awb-content-alignment); text-transform: var(--awb-text-transform); background-color: var(--awb-bg-color);\">Sidian Chen, Holly Thomas y Lilianna Broussalian<\/span><\/p>\n<p><strong style=\"color: var(--awb-text-color); font-family: var(--awb-text-font-family); font-size: var(--awb-font-size); font-style: var(--awb-text-font-style); letter-spacing: var(--awb-letter-spacing); text-align: var(--awb-content-alignment); text-transform: var(--awb-text-transform); background-color: var(--awb-bg-color);\">2022:<\/strong><span style=\"color: var(--awb-text-color); font-family: var(--awb-text-font-family); font-size: var(--awb-font-size); font-style: var(--awb-text-font-style); font-weight: var(--awb-text-font-weight); letter-spacing: var(--awb-letter-spacing); text-align: var(--awb-content-alignment); text-transform: var(--awb-text-transform); background-color: var(--awb-bg-color);\"> Amanda Triplett, Nitzan Yanay, Valeria Cort\u00e9s Rivas <\/span><\/p>\n<p><strong>2021:<\/strong> Chloe Fandel, Audrey Dunham, Ally Murray<\/p>\n<p><strong>2020:<\/strong> Garrett Rapp, Haiyang Kehoe, Parque Rhys<\/p>\n<p><strong>2019: <\/strong>Alissa White, Emma Reed y Lindsey Gipson<\/p>\n<p><strong>2018: <\/strong>Ant\u00f4nio Alves Meira Neto, Daniel Portner, Casey Tierney<\/p>\n<p><strong>2017: <\/strong>Alissa White, Andrea Stevens y Elizabeth Johnson<\/p>\n<p><strong>2016:<\/strong> Nicholas Dawson, Luke Parsons<\/p>\n<p><strong>2015:<\/strong> Zhao Yang, Devon Orme, Vaden Aldridge<\/p>\n<p><strong>2014:<\/strong> Dan RitterKendra Murray<\/p>\n<p><strong>2013:<\/strong> Isabel FayJoel Biederman<\/p>\n<p><strong>2012:<\/strong> Clare StielstraAndrew Laskowski<\/p>\n<\/div><\/div><\/div><div class=\"fusion-layout-column fusion_builder_column fusion-builder-column-2 fusion_builder_column_1_2 1_2 fusion-flex-column\" style=\"--awb-bg-size:cover;--awb-width-large:50%;--awb-margin-top-large:0px;--awb-spacing-right-large:3.84%;--awb-margin-bottom-large:20px;--awb-spacing-left-large:3.84%;--awb-width-medium:50%;--awb-order-medium:0;--awb-spacing-right-medium:3.84%;--awb-spacing-left-medium:3.84%;--awb-width-small:100%;--awb-order-small:0;--awb-spacing-right-small:1.92%;--awb-spacing-left-small:1.92%;\"><div class=\"fusion-column-wrapper fusion-column-has-shadow fusion-flex-justify-content-flex-start fusion-content-layout-column\"><div class=\"fusion-text fusion-text-3\"><p><strong>2011:<\/strong> Melissa Schlegel, Lepolt Linkimer<\/p>\n<p><b>2010:<\/b> Erika Gallo, Christine Gans<strong style=\"color: var(--awb-text-color); font-family: var(--awb-text-font-family); font-size: var(--awb-font-size); font-style: var(--awb-text-font-style); letter-spacing: var(--awb-letter-spacing); text-align: var(--awb-content-alignment); text-transform: var(--awb-text-transform); background-color: var(--awb-bg-color);\"><br \/>\n<\/strong><\/p>\n<p><strong style=\"color: var(--awb-text-color); font-family: var(--awb-text-font-family); font-size: var(--awb-font-size); font-style: var(--awb-text-font-style); letter-spacing: var(--awb-letter-spacing); text-align: var(--awb-content-alignment); text-transform: var(--awb-text-transform); background-color: var(--awb-bg-color);\">2009: <\/strong><span style=\"color: var(--awb-text-color); font-family: var(--awb-text-font-family); font-size: var(--awb-font-size); font-style: var(--awb-text-font-style); font-weight: var(--awb-text-font-weight); letter-spacing: var(--awb-letter-spacing); text-align: var(--awb-content-alignment); text-transform: var(--awb-text-transform); background-color: var(--awb-bg-color);\">Ingo Heidb\u00fcchel<\/span><\/p>\n<p><strong>2008: <\/strong>Joseph R. Gustafson, Andy Frasseto<\/p>\n<p><strong>2007: <\/strong>Kristopher Kuhlman y Chloe Bonamici<\/p>\n<p><strong>2006: <\/strong>Mehmet Akif Sarikaya<\/p>\n<p><strong>2005: <\/strong>Aleix Serrat-Capdevila, Tom\u00e1s Sabol<\/p>\n<p><strong>2004: <\/strong>Justin Marble, Christa Placzek, Jeremy Kober<\/p>\n<p><strong>2003: <\/strong>Noah Molotch, Jonathan Graves Dorn y Jason Raucci<\/p>\n<p><strong>2002: <\/strong>Dale Rucker y Devon Burr<\/p>\n<p><strong>2001: <\/strong>kyle blasch<\/p>\n<p><strong>2000: <\/strong>eric henry<\/p>\n<p><strong>1999: <\/strong>james leenhouts<\/p>\n<p><strong>1998: <\/strong>David Quanrud<\/p>\n<\/div><\/div><\/div><\/div><\/div>","protected":false},"excerpt":{"rendered":"","protected":false},"author":3,"featured_media":0,"parent":0,"menu_order":0,"comment_status":"closed","ping_status":"closed","template":"","meta":{"footnotes":""},"class_list":["post-9676","page","type-page","status-publish","hentry"],"yoast_head":"<!-- This site is optimized with the Yoast SEO plugin v27.3 - https:\/\/yoast.com\/product\/yoast-seo-wordpress\/ -->\n<title>Montgomery Prize Winners - Montgomery &amp; Associates<\/title>\n<meta name=\"description\" content=\"As part of our commitment to support education and future water professionals, M&amp;A has proudly awarded the annual Montgomery Prize.\" \/>\n<meta name=\"robots\" content=\"index, follow, max-snippet:-1, max-image-preview:large, max-video-preview:-1\" \/>\n<link rel=\"canonical\" href=\"https:\/\/elmontgomery.com\/es\/montgomery-prize-winners\/\" \/>\n<meta property=\"og:locale\" content=\"es_ES\" \/>\n<meta property=\"og:type\" content=\"article\" \/>\n<meta property=\"og:title\" content=\"Montgomery Prize Winners - Montgomery &amp; Associates\" \/>\n<meta property=\"og:description\" content=\"As part of our commitment to support education and future water professionals, M&amp;A has proudly awarded the annual Montgomery Prize.\" \/>\n<meta property=\"og:url\" content=\"https:\/\/elmontgomery.com\/es\/montgomery-prize-winners\/\" \/>\n<meta property=\"og:site_name\" content=\"Montgomery &amp; Associates\" \/>\n<meta property=\"article:modified_time\" content=\"2025-04-29T19:23:09+00:00\" \/>\n<meta name=\"twitter:card\" content=\"summary_large_image\" \/>\n<meta name=\"twitter:label1\" content=\"Tiempo estimado de lectura\" \/>\n\t<meta name=\"twitter:data1\" content=\"3 minutos\" \/>\n<script type=\"application\/ld+json\" class=\"yoast-schema-graph\">{\"@context\":\"https:\\\/\\\/schema.org\",\"@graph\":[{\"@type\":\"WebPage\",\"@id\":\"https:\\\/\\\/elmontgomery.com\\\/montgomery-prize-winners\\\/\",\"url\":\"https:\\\/\\\/elmontgomery.com\\\/montgomery-prize-winners\\\/\",\"name\":\"Montgomery Prize Winners - Montgomery &amp; Associates\",\"isPartOf\":{\"@id\":\"https:\\\/\\\/elmontgomery.com\\\/#website\"},\"datePublished\":\"2023-04-18T20:48:37+00:00\",\"dateModified\":\"2025-04-29T19:23:09+00:00\",\"description\":\"As part of our commitment to support education and future water professionals, M&A has proudly awarded the annual Montgomery Prize.\",\"breadcrumb\":{\"@id\":\"https:\\\/\\\/elmontgomery.com\\\/montgomery-prize-winners\\\/#breadcrumb\"},\"inLanguage\":\"es-CL\",\"potentialAction\":[{\"@type\":\"ReadAction\",\"target\":[\"https:\\\/\\\/elmontgomery.com\\\/montgomery-prize-winners\\\/\"]}]},{\"@type\":\"BreadcrumbList\",\"@id\":\"https:\\\/\\\/elmontgomery.com\\\/montgomery-prize-winners\\\/#breadcrumb\",\"itemListElement\":[{\"@type\":\"ListItem\",\"position\":1,\"name\":\"Home\",\"item\":\"https:\\\/\\\/elmontgomery.com\\\/\"},{\"@type\":\"ListItem\",\"position\":2,\"name\":\"Montgomery Prize Winners\"}]},{\"@type\":\"WebSite\",\"@id\":\"https:\\\/\\\/elmontgomery.com\\\/#website\",\"url\":\"https:\\\/\\\/elmontgomery.com\\\/\",\"name\":\"Montgomery &amp; Associates\",\"description\":\"Water Resource Consultants\",\"publisher\":{\"@id\":\"https:\\\/\\\/elmontgomery.com\\\/#organization\"},\"potentialAction\":[{\"@type\":\"SearchAction\",\"target\":{\"@type\":\"EntryPoint\",\"urlTemplate\":\"https:\\\/\\\/elmontgomery.com\\\/?s={search_term_string}\"},\"query-input\":{\"@type\":\"PropertyValueSpecification\",\"valueRequired\":true,\"valueName\":\"search_term_string\"}}],\"inLanguage\":\"es-CL\"},{\"@type\":\"Organization\",\"@id\":\"https:\\\/\\\/elmontgomery.com\\\/#organization\",\"name\":\"Montgomery &amp; Associates\",\"url\":\"https:\\\/\\\/elmontgomery.com\\\/\",\"logo\":{\"@type\":\"ImageObject\",\"inLanguage\":\"es-CL\",\"@id\":\"https:\\\/\\\/elmontgomery.com\\\/#\\\/schema\\\/logo\\\/image\\\/\",\"url\":\"https:\\\/\\\/elmontgomery.com\\\/wp-content\\\/uploads\\\/2022\\\/09\\\/MA_RGB_hrz_tag-1.png\",\"contentUrl\":\"https:\\\/\\\/elmontgomery.com\\\/wp-content\\\/uploads\\\/2022\\\/09\\\/MA_RGB_hrz_tag-1.png\",\"width\":1833,\"height\":533,\"caption\":\"Montgomery &amp; Associates\"},\"image\":{\"@id\":\"https:\\\/\\\/elmontgomery.com\\\/#\\\/schema\\\/logo\\\/image\\\/\"},\"sameAs\":[\"https:\\\/\\\/www.linkedin.com\\\/company\\\/2434577\\\/\"]}]}<\/script>\n<!-- \/ Yoast SEO plugin. -->","yoast_head_json":{"title":"Ganadores del Premio Montgomery - Montgomery &amp; Associates","description":"Como parte de nuestro compromiso de apoyar la educaci\u00f3n y los futuros profesionales del agua, M&amp;A ha otorgado con orgullo el Premio anual Montgomery.","robots":{"index":"index","follow":"follow","max-snippet":"max-snippet:-1","max-image-preview":"max-image-preview:large","max-video-preview":"max-video-preview:-1"},"canonical":"https:\/\/elmontgomery.com\/es\/montgomery-prize-winners\/","og_locale":"es_ES","og_type":"article","og_title":"Montgomery Prize Winners - Montgomery &amp; Associates","og_description":"As part of our commitment to support education and future water professionals, M&A has proudly awarded the annual Montgomery Prize.","og_url":"https:\/\/elmontgomery.com\/es\/montgomery-prize-winners\/","og_site_name":"Montgomery &amp; Associates","article_modified_time":"2025-04-29T19:23:09+00:00","twitter_card":"summary_large_image","twitter_misc":{"Tiempo estimado de lectura":"3 minutos"},"schema":{"@context":"https:\/\/schema.org","@graph":[{"@type":"WebPage","@id":"https:\/\/elmontgomery.com\/montgomery-prize-winners\/","url":"https:\/\/elmontgomery.com\/montgomery-prize-winners\/","name":"Ganadores del Premio Montgomery - Montgomery &amp; Associates","isPartOf":{"@id":"https:\/\/elmontgomery.com\/#website"},"datePublished":"2023-04-18T20:48:37+00:00","dateModified":"2025-04-29T19:23:09+00:00","description":"Como parte de nuestro compromiso de apoyar la educaci\u00f3n y los futuros profesionales del agua, M&amp;A ha otorgado con orgullo el Premio anual Montgomery.","breadcrumb":{"@id":"https:\/\/elmontgomery.com\/montgomery-prize-winners\/#breadcrumb"},"inLanguage":"es-CL","potentialAction":[{"@type":"ReadAction","target":["https:\/\/elmontgomery.com\/montgomery-prize-winners\/"]}]},{"@type":"BreadcrumbList","@id":"https:\/\/elmontgomery.com\/montgomery-prize-winners\/#breadcrumb","itemListElement":[{"@type":"ListItem","position":1,"name":"Home","item":"https:\/\/elmontgomery.com\/"},{"@type":"ListItem","position":2,"name":"Montgomery Prize Winners"}]},{"@type":"WebSite","@id":"https:\/\/elmontgomery.com\/#website","url":"https:\/\/elmontgomery.com\/","name":"Montgomery y asociados","description":"Consultores de recursos h\u00eddricos","publisher":{"@id":"https:\/\/elmontgomery.com\/#organization"},"potentialAction":[{"@type":"SearchAction","target":{"@type":"EntryPoint","urlTemplate":"https:\/\/elmontgomery.com\/?s={search_term_string}"},"query-input":{"@type":"PropertyValueSpecification","valueRequired":true,"valueName":"search_term_string"}}],"inLanguage":"es-CL"},{"@type":"Organization","@id":"https:\/\/elmontgomery.com\/#organization","name":"Montgomery y asociados","url":"https:\/\/elmontgomery.com\/","logo":{"@type":"ImageObject","inLanguage":"es-CL","@id":"https:\/\/elmontgomery.com\/#\/schema\/logo\/image\/","url":"https:\/\/elmontgomery.com\/wp-content\/uploads\/2022\/09\/MA_RGB_hrz_tag-1.png","contentUrl":"https:\/\/elmontgomery.com\/wp-content\/uploads\/2022\/09\/MA_RGB_hrz_tag-1.png","width":1833,"height":533,"caption":"Montgomery &amp; Associates"},"image":{"@id":"https:\/\/elmontgomery.com\/#\/schema\/logo\/image\/"},"sameAs":["https:\/\/www.linkedin.com\/company\/2434577\/"]}]}},"_links":{"self":[{"href":"https:\/\/elmontgomery.com\/es\/wp-json\/wp\/v2\/pages\/9676","targetHints":{"allow":["GET"]}}],"collection":[{"href":"https:\/\/elmontgomery.com\/es\/wp-json\/wp\/v2\/pages"}],"about":[{"href":"https:\/\/elmontgomery.com\/es\/wp-json\/wp\/v2\/types\/page"}],"author":[{"embeddable":true,"href":"https:\/\/elmontgomery.com\/es\/wp-json\/wp\/v2\/users\/3"}],"replies":[{"embeddable":true,"href":"https:\/\/elmontgomery.com\/es\/wp-json\/wp\/v2\/comments?post=9676"}],"version-history":[{"count":21,"href":"https:\/\/elmontgomery.com\/es\/wp-json\/wp\/v2\/pages\/9676\/revisions"}],"predecessor-version":[{"id":12862,"href":"https:\/\/elmontgomery.com\/es\/wp-json\/wp\/v2\/pages\/9676\/revisions\/12862"}],"wp:attachment":[{"href":"https:\/\/elmontgomery.com\/es\/wp-json\/wp\/v2\/media?parent=9676"}],"curies":[{"name":"Gracias","href":"https:\/\/api.w.org\/{rel}","templated":true}]}}