{"id":9291,"date":"2022-11-11T10:42:36","date_gmt":"2022-11-11T17:42:36","guid":{"rendered":"https:\/\/ma.jvista.net\/?page_id=9291"},"modified":"2025-06-17T16:51:54","modified_gmt":"2025-06-17T23:51:54","slug":"health-safety","status":"publish","type":"page","link":"https:\/\/elmontgomery.com\/es\/health-safety\/","title":{"rendered":"Salud y seguridad"},"content":{"rendered":"<p><div class=\"fusion-fullwidth fullwidth-box fusion-builder-row-1 fusion-flex-container nonhundred-percent-fullwidth non-hundred-percent-height-scrolling\" style=\"--awb-border-radius-top-left:0px;--awb-border-radius-top-right:0px;--awb-border-radius-bottom-right:0px;--awb-border-radius-bottom-left:0px;--awb-flex-wrap:wrap;\" ><div class=\"fusion-builder-row fusion-row fusion-flex-align-items-flex-start fusion-flex-content-wrap\" style=\"max-width:1248px;margin-left: calc(-4% \/ 2 );margin-right: calc(-4% \/ 2 );\"><div class=\"fusion-layout-column fusion_builder_column fusion-builder-column-0 fusion_builder_column_1_1 1_1 fusion-flex-column\" style=\"--awb-bg-size:cover;--awb-width-large:100%;--awb-margin-top-large:0px;--awb-spacing-right-large:1.92%;--awb-margin-bottom-large:20px;--awb-spacing-left-large:1.92%;--awb-width-medium:100%;--awb-order-medium:0;--awb-spacing-right-medium:1.92%;--awb-spacing-left-medium:1.92%;--awb-width-small:100%;--awb-order-small:0;--awb-spacing-right-small:1.92%;--awb-spacing-left-small:1.92%;\"><div class=\"fusion-column-wrapper fusion-column-has-shadow fusion-flex-justify-content-flex-start fusion-content-layout-column\"><div class=\"fusion-text fusion-text-1\" style=\"--awb-font-size:26px;--awb-line-height:30px;--awb-text-color:var(--awb-color6);\"><p>Superando con seguridad las expectativas del cliente<\/p>\n<\/div><\/div><\/div><div class=\"fusion-layout-column fusion_builder_column fusion-builder-column-1 fusion_builder_column_1_1 1_1 fusion-flex-column\" style=\"--awb-bg-blend:overlay;--awb-bg-size:cover;--awb-width-large:100%;--awb-margin-top-large:-40px;--awb-spacing-right-large:1.92%;--awb-margin-bottom-large:0px;--awb-spacing-left-large:1.92%;--awb-width-medium:100%;--awb-spacing-right-medium:1.92%;--awb-spacing-left-medium:1.92%;--awb-width-small:100%;--awb-spacing-right-small:1.92%;--awb-spacing-left-small:1.92%;\"><div class=\"fusion-column-wrapper fusion-flex-justify-content-flex-start fusion-content-layout-column\"><div class=\"fusion-text fusion-text-2\" style=\"--awb-margin-top:40px;\"><p>La salud y la seguridad de nuestros empleados, clientes, subcontratistas, socios de equipo y el p\u00fablico son las principales prioridades para las fusiones y adquisiciones. Nuestro objetivo es realizar negocios sin lesiones ni enfermedades ocupacionales en el lugar de trabajo y cumplir con las pol\u00edticas y expectativas regulatorias y de salud y seguridad de los clientes aplicables.<\/p>\n<p>Creemos que todas las lesiones y enfermedades ocupacionales se pueden prevenir mediante una gesti\u00f3n proactiva de los riesgos de salud y seguridad. Si bien no es posible que un lugar de trabajo est\u00e9 libre de peligros, todos los peligros pueden protegerse. Operar de manera segura mejora nuestros servicios y reduce los costos.<\/p>\n<p>Hemos creado una cultura de trabajo que enfatiza la seguridad. El liderazgo de la empresa ha comprometido amplios recursos para el programa de salud y seguridad, y todos los miembros del personal est\u00e1n autorizados y se espera que implementen estas pr\u00e1cticas. Brindamos a los empleados la capacitaci\u00f3n, los recursos y el tiempo necesarios para trabajar de manera segura. A cambio, se espera que nuestros empleados apoyen activamente el programa de salud y seguridad y trabajen en cooperaci\u00f3n para garantizar la salud y la seguridad de todos.<\/p>\n<\/div><\/div><\/div><\/div><\/div><div class=\"fusion-fullwidth fullwidth-box fusion-builder-row-2 fusion-flex-container has-pattern-background has-mask-background nonhundred-percent-fullwidth non-hundred-percent-height-scrolling\" style=\"--awb-border-radius-top-left:0px;--awb-border-radius-top-right:0px;--awb-border-radius-bottom-right:0px;--awb-border-radius-bottom-left:0px;--awb-flex-wrap:wrap;\" ><div class=\"fusion-builder-row fusion-row fusion-flex-align-items-flex-start fusion-flex-content-wrap\" style=\"max-width:1248px;margin-left: calc(-4% \/ 2 );margin-right: calc(-4% \/ 2 );\"><div class=\"fusion-layout-column fusion_builder_column fusion-builder-column-2 fusion_builder_column_1_1 1_1 fusion-flex-column\" style=\"--awb-bg-size:cover;--awb-width-large:100%;--awb-margin-top-large:0px;--awb-spacing-right-large:1.92%;--awb-margin-bottom-large:20px;--awb-spacing-left-large:1.92%;--awb-width-medium:100%;--awb-order-medium:0;--awb-spacing-right-medium:1.92%;--awb-spacing-left-medium:1.92%;--awb-width-small:100%;--awb-order-small:0;--awb-spacing-right-small:1.92%;--awb-spacing-left-small:1.92%;\"><div class=\"fusion-column-wrapper fusion-column-has-shadow fusion-flex-justify-content-flex-start fusion-content-layout-column\"><div class=\"fusion-separator fusion-full-width-sep\" style=\"align-self: center;margin-left: auto;margin-right: auto;margin-top:40px;width:100%;\"><div class=\"fusion-separator-border sep-shadow\" style=\"--awb-height:20px;--awb-amount:20px;background:radial-gradient(ellipse at 50% -50% , var(--awb-color6) 0px, rgba(255, 255, 255, 0) 80%) repeat scroll 0 0 rgba(0, 0, 0, 0);background:-webkit-radial-gradient(ellipse at 50% -50% , var(--awb-color6) 0px, rgba(255, 255, 255, 0) 80%) repeat scroll 0 0 rgba(0, 0, 0, 0);background:-moz-radial-gradient(ellipse at 50% -50% , var(--awb-color6) 0px, rgba(255, 255, 255, 0) 80%) repeat scroll 0 0 rgba(0, 0, 0, 0);background:-o-radial-gradient(ellipse at 50% -50% , var(--awb-color6) 0px, rgba(255, 255, 255, 0) 80%) repeat scroll 0 0 rgba(0, 0, 0, 0);\"><\/div><\/div><div class=\"fusion-text fusion-text-3\" style=\"--awb-font-size:20px;--awb-text-color:var(--awb-color6);--awb-margin-top:20px;\"><p style=\"text-align: center;\">Para obtener m\u00e1s informaci\u00f3n, llame al 520.881.4912<\/p>\n<\/div><div class=\"fusion-separator fusion-full-width-sep\" style=\"align-self: center;margin-left: auto;margin-right: auto;width:100%;\"><div class=\"fusion-separator-border sep-shadow\" style=\"--awb-height:20px;--awb-amount:20px;background:radial-gradient(ellipse at 50% -50% , var(--awb-color6) 0px, rgba(255, 255, 255, 0) 80%) repeat scroll 0 0 rgba(0, 0, 0, 0);background:-webkit-radial-gradient(ellipse at 50% -50% , var(--awb-color6) 0px, rgba(255, 255, 255, 0) 80%) repeat scroll 0 0 rgba(0, 0, 0, 0);background:-moz-radial-gradient(ellipse at 50% -50% , var(--awb-color6) 0px, rgba(255, 255, 255, 0) 80%) repeat scroll 0 0 rgba(0, 0, 0, 0);background:-o-radial-gradient(ellipse at 50% -50% , var(--awb-color6) 0px, rgba(255, 255, 255, 0) 80%) repeat scroll 0 0 rgba(0, 0, 0, 0);\"><\/div><\/div><\/div><\/div><\/div><\/div><\/p>","protected":false},"excerpt":{"rendered":"","protected":false},"author":4,"featured_media":0,"parent":0,"menu_order":0,"comment_status":"closed","ping_status":"closed","template":"","meta":{"footnotes":""},"class_list":["post-9291","page","type-page","status-publish","hentry"],"yoast_head":"<!-- This site is optimized with the Yoast SEO plugin v27.3 - https:\/\/yoast.com\/product\/yoast-seo-wordpress\/ -->\n<title>Health and Safety - Montgomery &amp; Associates<\/title>\n<meta name=\"description\" content=\"The health and safety of our employees, clients, subcontractors, teaming partners, and the public are top priorities at M&amp;A.\" \/>\n<meta name=\"robots\" content=\"index, follow, max-snippet:-1, max-image-preview:large, max-video-preview:-1\" \/>\n<link rel=\"canonical\" href=\"https:\/\/elmontgomery.com\/es\/health-safety\/\" \/>\n<meta property=\"og:locale\" content=\"es_ES\" \/>\n<meta property=\"og:type\" content=\"article\" \/>\n<meta property=\"og:title\" content=\"Health and Safety - Montgomery &amp; Associates\" \/>\n<meta property=\"og:description\" content=\"The health and safety of our employees, clients, subcontractors, teaming partners, and the public are top priorities at M&amp;A.\" \/>\n<meta property=\"og:url\" content=\"https:\/\/elmontgomery.com\/es\/health-safety\/\" \/>\n<meta property=\"og:site_name\" content=\"Montgomery &amp; Associates\" \/>\n<meta property=\"article:modified_time\" content=\"2025-06-17T23:51:54+00:00\" \/>\n<meta name=\"twitter:card\" content=\"summary_large_image\" \/>\n<meta name=\"twitter:label1\" content=\"Tiempo estimado de lectura\" \/>\n\t<meta name=\"twitter:data1\" content=\"3 minutos\" \/>\n<script type=\"application\/ld+json\" class=\"yoast-schema-graph\">{\"@context\":\"https:\\\/\\\/schema.org\",\"@graph\":[{\"@type\":\"WebPage\",\"@id\":\"https:\\\/\\\/elmontgomery.com\\\/health-safety\\\/\",\"url\":\"https:\\\/\\\/elmontgomery.com\\\/health-safety\\\/\",\"name\":\"Health and Safety - Montgomery &amp; Associates\",\"isPartOf\":{\"@id\":\"https:\\\/\\\/elmontgomery.com\\\/#website\"},\"datePublished\":\"2022-11-11T17:42:36+00:00\",\"dateModified\":\"2025-06-17T23:51:54+00:00\",\"description\":\"The health and safety of our employees, clients, subcontractors, teaming partners, and the public are top priorities at M&A.\",\"breadcrumb\":{\"@id\":\"https:\\\/\\\/elmontgomery.com\\\/health-safety\\\/#breadcrumb\"},\"inLanguage\":\"es-CL\",\"potentialAction\":[{\"@type\":\"ReadAction\",\"target\":[\"https:\\\/\\\/elmontgomery.com\\\/health-safety\\\/\"]}]},{\"@type\":\"BreadcrumbList\",\"@id\":\"https:\\\/\\\/elmontgomery.com\\\/health-safety\\\/#breadcrumb\",\"itemListElement\":[{\"@type\":\"ListItem\",\"position\":1,\"name\":\"Home\",\"item\":\"https:\\\/\\\/elmontgomery.com\\\/\"},{\"@type\":\"ListItem\",\"position\":2,\"name\":\"Health and Safety\"}]},{\"@type\":\"WebSite\",\"@id\":\"https:\\\/\\\/elmontgomery.com\\\/#website\",\"url\":\"https:\\\/\\\/elmontgomery.com\\\/\",\"name\":\"Montgomery &amp; Associates\",\"description\":\"Water Resource Consultants\",\"publisher\":{\"@id\":\"https:\\\/\\\/elmontgomery.com\\\/#organization\"},\"potentialAction\":[{\"@type\":\"SearchAction\",\"target\":{\"@type\":\"EntryPoint\",\"urlTemplate\":\"https:\\\/\\\/elmontgomery.com\\\/?s={search_term_string}\"},\"query-input\":{\"@type\":\"PropertyValueSpecification\",\"valueRequired\":true,\"valueName\":\"search_term_string\"}}],\"inLanguage\":\"es-CL\"},{\"@type\":\"Organization\",\"@id\":\"https:\\\/\\\/elmontgomery.com\\\/#organization\",\"name\":\"Montgomery &amp; Associates\",\"url\":\"https:\\\/\\\/elmontgomery.com\\\/\",\"logo\":{\"@type\":\"ImageObject\",\"inLanguage\":\"es-CL\",\"@id\":\"https:\\\/\\\/elmontgomery.com\\\/#\\\/schema\\\/logo\\\/image\\\/\",\"url\":\"https:\\\/\\\/elmontgomery.com\\\/wp-content\\\/uploads\\\/2022\\\/09\\\/MA_RGB_hrz_tag-1.png\",\"contentUrl\":\"https:\\\/\\\/elmontgomery.com\\\/wp-content\\\/uploads\\\/2022\\\/09\\\/MA_RGB_hrz_tag-1.png\",\"width\":1833,\"height\":533,\"caption\":\"Montgomery &amp; Associates\"},\"image\":{\"@id\":\"https:\\\/\\\/elmontgomery.com\\\/#\\\/schema\\\/logo\\\/image\\\/\"},\"sameAs\":[\"https:\\\/\\\/www.linkedin.com\\\/company\\\/2434577\\\/\"]}]}<\/script>\n<!-- \/ Yoast SEO plugin. -->","yoast_head_json":{"title":"Salud y seguridad - Montgomery &amp; Associates","description":"La salud y la seguridad de nuestros empleados, clientes, subcontratistas, socios y el p\u00fablico son las principales prioridades en M&amp;A.","robots":{"index":"index","follow":"follow","max-snippet":"max-snippet:-1","max-image-preview":"max-image-preview:large","max-video-preview":"max-video-preview:-1"},"canonical":"https:\/\/elmontgomery.com\/es\/health-safety\/","og_locale":"es_ES","og_type":"article","og_title":"Health and Safety - Montgomery &amp; Associates","og_description":"The health and safety of our employees, clients, subcontractors, teaming partners, and the public are top priorities at M&A.","og_url":"https:\/\/elmontgomery.com\/es\/health-safety\/","og_site_name":"Montgomery &amp; Associates","article_modified_time":"2025-06-17T23:51:54+00:00","twitter_card":"summary_large_image","twitter_misc":{"Tiempo estimado de lectura":"3 minutos"},"schema":{"@context":"https:\/\/schema.org","@graph":[{"@type":"WebPage","@id":"https:\/\/elmontgomery.com\/health-safety\/","url":"https:\/\/elmontgomery.com\/health-safety\/","name":"Salud y seguridad - Montgomery &amp; Associates","isPartOf":{"@id":"https:\/\/elmontgomery.com\/#website"},"datePublished":"2022-11-11T17:42:36+00:00","dateModified":"2025-06-17T23:51:54+00:00","description":"La salud y la seguridad de nuestros empleados, clientes, subcontratistas, socios y el p\u00fablico son las principales prioridades en M&amp;A.","breadcrumb":{"@id":"https:\/\/elmontgomery.com\/health-safety\/#breadcrumb"},"inLanguage":"es-CL","potentialAction":[{"@type":"ReadAction","target":["https:\/\/elmontgomery.com\/health-safety\/"]}]},{"@type":"BreadcrumbList","@id":"https:\/\/elmontgomery.com\/health-safety\/#breadcrumb","itemListElement":[{"@type":"ListItem","position":1,"name":"Home","item":"https:\/\/elmontgomery.com\/"},{"@type":"ListItem","position":2,"name":"Health and Safety"}]},{"@type":"WebSite","@id":"https:\/\/elmontgomery.com\/#website","url":"https:\/\/elmontgomery.com\/","name":"Montgomery y asociados","description":"Consultores de recursos h\u00eddricos","publisher":{"@id":"https:\/\/elmontgomery.com\/#organization"},"potentialAction":[{"@type":"SearchAction","target":{"@type":"EntryPoint","urlTemplate":"https:\/\/elmontgomery.com\/?s={search_term_string}"},"query-input":{"@type":"PropertyValueSpecification","valueRequired":true,"valueName":"search_term_string"}}],"inLanguage":"es-CL"},{"@type":"Organization","@id":"https:\/\/elmontgomery.com\/#organization","name":"Montgomery y asociados","url":"https:\/\/elmontgomery.com\/","logo":{"@type":"ImageObject","inLanguage":"es-CL","@id":"https:\/\/elmontgomery.com\/#\/schema\/logo\/image\/","url":"https:\/\/elmontgomery.com\/wp-content\/uploads\/2022\/09\/MA_RGB_hrz_tag-1.png","contentUrl":"https:\/\/elmontgomery.com\/wp-content\/uploads\/2022\/09\/MA_RGB_hrz_tag-1.png","width":1833,"height":533,"caption":"Montgomery &amp; Associates"},"image":{"@id":"https:\/\/elmontgomery.com\/#\/schema\/logo\/image\/"},"sameAs":["https:\/\/www.linkedin.com\/company\/2434577\/"]}]}},"_links":{"self":[{"href":"https:\/\/elmontgomery.com\/es\/wp-json\/wp\/v2\/pages\/9291","targetHints":{"allow":["GET"]}}],"collection":[{"href":"https:\/\/elmontgomery.com\/es\/wp-json\/wp\/v2\/pages"}],"about":[{"href":"https:\/\/elmontgomery.com\/es\/wp-json\/wp\/v2\/types\/page"}],"author":[{"embeddable":true,"href":"https:\/\/elmontgomery.com\/es\/wp-json\/wp\/v2\/users\/4"}],"replies":[{"embeddable":true,"href":"https:\/\/elmontgomery.com\/es\/wp-json\/wp\/v2\/comments?post=9291"}],"version-history":[{"count":11,"href":"https:\/\/elmontgomery.com\/es\/wp-json\/wp\/v2\/pages\/9291\/revisions"}],"predecessor-version":[{"id":13038,"href":"https:\/\/elmontgomery.com\/es\/wp-json\/wp\/v2\/pages\/9291\/revisions\/13038"}],"wp:attachment":[{"href":"https:\/\/elmontgomery.com\/es\/wp-json\/wp\/v2\/media?parent=9291"}],"curies":[{"name":"Gracias","href":"https:\/\/api.w.org\/{rel}","templated":true}]}}