{"id":56,"date":"2022-05-25T11:59:56","date_gmt":"2022-05-25T18:59:56","guid":{"rendered":"https:\/\/ma.jvista.net\/?page_id=56"},"modified":"2024-10-18T14:41:40","modified_gmt":"2024-10-18T21:41:40","slug":"about-us","status":"publish","type":"page","link":"https:\/\/elmontgomery.com\/es\/about-us\/","title":{"rendered":"Sobre nosotros"},"content":{"rendered":"<div class=\"fusion-fullwidth fullwidth-box fusion-builder-row-1 fusion-flex-container nonhundred-percent-fullwidth non-hundred-percent-height-scrolling\" style=\"--awb-border-radius-top-left:0px;--awb-border-radius-top-right:0px;--awb-border-radius-bottom-right:0px;--awb-border-radius-bottom-left:0px;--awb-flex-wrap:wrap;\" ><div class=\"fusion-builder-row fusion-row fusion-flex-align-items-flex-start fusion-flex-content-wrap\" style=\"max-width:1248px;margin-left: calc(-4% \/ 2 );margin-right: calc(-4% \/ 2 );\"><div class=\"fusion-layout-column fusion_builder_column fusion-builder-column-0 fusion_builder_column_1_1 1_1 fusion-flex-column\" style=\"--awb-bg-size:cover;--awb-width-large:100%;--awb-margin-top-large:0px;--awb-spacing-right-large:1.92%;--awb-margin-bottom-large:20px;--awb-spacing-left-large:1.92%;--awb-width-medium:100%;--awb-order-medium:0;--awb-spacing-right-medium:1.92%;--awb-spacing-left-medium:1.92%;--awb-width-small:100%;--awb-order-small:0;--awb-spacing-right-small:1.92%;--awb-spacing-left-small:1.92%;\"><div class=\"fusion-column-wrapper fusion-column-has-shadow fusion-flex-justify-content-flex-start fusion-content-layout-column\"><div class=\"fusion-text fusion-text-1\" style=\"--awb-font-size:26px;--awb-line-height:30px;--awb-text-color:var(--awb-color6);\"><p>Montgomery &amp; Associates (M&amp;A) brinda una variedad de servicios hidrogeol\u00f3gicos para abordar los desaf\u00edos cambiantes de los clientes en todo el oeste de los Estados Unidos y Am\u00e9rica del Sur.<\/p>\n<\/div><\/div><\/div><div class=\"fusion-layout-column fusion_builder_column fusion-builder-column-1 fusion_builder_column_1_1 1_1 fusion-flex-column\" style=\"--awb-bg-blend:overlay;--awb-bg-size:cover;--awb-width-large:100%;--awb-margin-top-large:-40px;--awb-spacing-right-large:1.92%;--awb-margin-bottom-large:0px;--awb-spacing-left-large:1.92%;--awb-width-medium:100%;--awb-spacing-right-medium:1.92%;--awb-spacing-left-medium:1.92%;--awb-width-small:100%;--awb-spacing-right-small:1.92%;--awb-spacing-left-small:1.92%;\"><div class=\"fusion-column-wrapper fusion-flex-justify-content-flex-start fusion-content-layout-column\"><div class=\"fusion-text fusion-text-2\"><h3 class=\"\" style=\"text-transform: capitalize; line-height: 1.2; --fontsize: 36;\" data-fontsize=\"36\" data-lineheight=\"43.2px\">nuestra experiencia<\/h3>\n<p>M&amp;A se especializa en agua subterr\u00e1nea, que es un recurso esencial en el mundo actual. Se utiliza para suministrar agua y energ\u00eda a nuestras comunidades, cultivar nuestros alimentos, mantener los ecosistemas y respaldar la miner\u00eda y la industria, que son vitales para nuestro futuro. El agua subterr\u00e1nea tambi\u00e9n es un recurso complejo, compartido y limitado, sujeto a incertidumbre hidrogeol\u00f3gica, pol\u00edticas regulatorias en constante cambio, doctrinas legales debatidas y fuerzas socioecon\u00f3micas que exigen su uso sostenible. Comprender y cumplir con estas reglas de uso en conflicto requiere experiencia diversa.<\/p>\n<h3 class=\"\" style=\"--fontsize: 36; text-transform: capitalize; line-height: 1.2;\" data-fontsize=\"36\" data-lineheight=\"43.2px\">Nuestra historia<\/h3>\n<p>Fundada en 1984 por <a href=\"https:\/\/elmontgomery.com\/staff-bio\/errol-montgomery\/\" data-no-translation=\"\">Dr. Errol \u201cMonte\u201d Montgomery<\/a>, M&amp;A surgi\u00f3 del trabajo inicial de consultor\u00eda de Monte con el Dr. John Harshbarger, fundador del Departamento de Hidrolog\u00eda y Recursos H\u00eddricos de la Universidad de Arizona (UA). Durante dos d\u00e9cadas, M&amp;A construy\u00f3 su reputaci\u00f3n sobre la experiencia de los graduados del programa UA. En 2005, un grupo de empleados principales, muchos de los cuales permanecen en la empresa, compraron M&amp;A de Monte. Todav\u00eda propiedad independiente de cient\u00edficos en ejercicio, nuestra empresa ha experimentado un crecimiento y una expansi\u00f3n sustanciales, incluida la adquisici\u00f3n de HydroMetrics Water Resources Inc., una empresa de gesti\u00f3n de aguas subterr\u00e1neas de California muy respetada.<\/p>\n<h3 class=\"\" style=\"--fontsize: 36; text-transform: capitalize; line-height: 1.2;\" data-fontsize=\"36\" data-lineheight=\"43.2px\">Nuestros clientes<\/h3>\n<p>M&amp;A tiene un historial de asociaci\u00f3n con clientes para desarrollar, administrar y proteger los recursos de agua subterr\u00e1nea. Nuestros clientes leales incluyen <a href=\"https:\/\/elmontgomery.com\/market-sectors\/water-agency\/\" data-no-translation=\"\">water agencies<\/a>, <a href=\"https:\/\/elmontgomery.com\/market-sectors\/water-providers\/\" data-no-translation=\"\">water providers<\/a>, <a href=\"https:\/\/elmontgomery.com\/market-sectors\/mining\/\" data-no-translation=\"\">mining companies<\/a>, <a href=\"https:\/\/elmontgomery.com\/market-sectors\/power-industry\/\" data-no-translation=\"\">power and industry<\/a>, <a href=\"https:\/\/elmontgomery.com\/market-sectors\/agriculture\/\" data-no-translation=\"\">agriculture<\/a>, organizaciones no gubernamentales y <a href=\"https:\/\/elmontgomery.com\/market-sectors\/tribal-entities\/\" data-no-translation=\"\">tribal groups<\/a> que han llegado a esperar innovaci\u00f3n t\u00e9cnica combinada con una comprensi\u00f3n s\u00f3lida y pr\u00e1ctica de la ciencia del agua subterr\u00e1nea. Brindamos a nuestros clientes soluciones objetivas basadas en la ciencia para sus desaf\u00edos de recursos h\u00eddricos.<\/p>\n<h3 class=\"\" style=\"--fontsize: 36; text-transform: capitalize; line-height: 1.2;\" data-fontsize=\"36\" data-lineheight=\"43.2px\">Nuestras Ubicaciones<\/h3>\n<p><span style=\"background-color: rgba(255, 255, 255, 0); color: var(--body_typography-color); font-family: var(--body_typography-font-family); font-size: var(--body_typography-font-size); font-style: var(--body_typography-font-style,normal); font-weight: var(--body_typography-font-weight); letter-spacing: var(--body_typography-letter-spacing);\">Montgomery &amp; Associates ofrece servicios de consultor\u00eda sobre recursos h\u00eddricos en todo el oeste de los Estados Unidos y Sudam\u00e9rica. Visite nuestra <a href=\"https:\/\/elmontgomery.com\/contact-us\/\" data-no-translation=\"\">Contact Us<\/a> P\u00e1gina para encontrar expertos en fusiones y adquisiciones en su \u00e1rea.<\/span><\/p>\n<\/div><\/div><\/div><\/div><\/div>","protected":false},"excerpt":{"rendered":"","protected":false},"author":1,"featured_media":0,"parent":0,"menu_order":0,"comment_status":"closed","ping_status":"closed","template":"","meta":{"footnotes":""},"class_list":["post-56","page","type-page","status-publish","hentry"],"yoast_head":"<!-- This site is optimized with the Yoast SEO plugin v27.4 - https:\/\/yoast.com\/product\/yoast-seo-wordpress\/ -->\n<title>About Us - Montgomery &amp; Associates<\/title>\n<meta name=\"description\" content=\"About us-M&amp;A specializes in groundwater. We provide hydrogeological services to address client challenges in the western United States and South America.\" \/>\n<meta name=\"robots\" content=\"index, follow, max-snippet:-1, max-image-preview:large, max-video-preview:-1\" \/>\n<link rel=\"canonical\" href=\"https:\/\/elmontgomery.com\/es\/about-us\/\" \/>\n<meta property=\"og:locale\" content=\"es_ES\" \/>\n<meta property=\"og:type\" content=\"article\" \/>\n<meta property=\"og:title\" content=\"About Us - Montgomery &amp; Associates\" \/>\n<meta property=\"og:description\" content=\"About us-M&amp;A specializes in groundwater. We provide hydrogeological services to address client challenges in the western United States and South America.\" \/>\n<meta property=\"og:url\" content=\"https:\/\/elmontgomery.com\/es\/about-us\/\" \/>\n<meta property=\"og:site_name\" content=\"Montgomery &amp; Associates\" \/>\n<meta property=\"article:modified_time\" content=\"2024-10-18T21:41:40+00:00\" \/>\n<meta name=\"twitter:card\" content=\"summary_large_image\" \/>\n<meta name=\"twitter:label1\" content=\"Tiempo estimado de lectura\" \/>\n\t<meta name=\"twitter:data1\" content=\"2 minutos\" \/>\n<script type=\"application\/ld+json\" class=\"yoast-schema-graph\">{\"@context\":\"https:\\\/\\\/schema.org\",\"@graph\":[{\"@type\":\"WebPage\",\"@id\":\"https:\\\/\\\/elmontgomery.com\\\/about-us\\\/\",\"url\":\"https:\\\/\\\/elmontgomery.com\\\/about-us\\\/\",\"name\":\"About Us - Montgomery &amp; Associates\",\"isPartOf\":{\"@id\":\"https:\\\/\\\/elmontgomery.com\\\/#website\"},\"datePublished\":\"2022-05-25T18:59:56+00:00\",\"dateModified\":\"2024-10-18T21:41:40+00:00\",\"description\":\"About us-M&A specializes in groundwater. We provide hydrogeological services to address client challenges in the western United States and South America.\",\"breadcrumb\":{\"@id\":\"https:\\\/\\\/elmontgomery.com\\\/about-us\\\/#breadcrumb\"},\"inLanguage\":\"es-CL\",\"potentialAction\":[{\"@type\":\"ReadAction\",\"target\":[\"https:\\\/\\\/elmontgomery.com\\\/about-us\\\/\"]}]},{\"@type\":\"BreadcrumbList\",\"@id\":\"https:\\\/\\\/elmontgomery.com\\\/about-us\\\/#breadcrumb\",\"itemListElement\":[{\"@type\":\"ListItem\",\"position\":1,\"name\":\"Home\",\"item\":\"https:\\\/\\\/elmontgomery.com\\\/\"},{\"@type\":\"ListItem\",\"position\":2,\"name\":\"About Us\"}]},{\"@type\":\"WebSite\",\"@id\":\"https:\\\/\\\/elmontgomery.com\\\/#website\",\"url\":\"https:\\\/\\\/elmontgomery.com\\\/\",\"name\":\"Montgomery &amp; Associates\",\"description\":\"Water Resource Consultants\",\"publisher\":{\"@id\":\"https:\\\/\\\/elmontgomery.com\\\/#organization\"},\"potentialAction\":[{\"@type\":\"SearchAction\",\"target\":{\"@type\":\"EntryPoint\",\"urlTemplate\":\"https:\\\/\\\/elmontgomery.com\\\/?s={search_term_string}\"},\"query-input\":{\"@type\":\"PropertyValueSpecification\",\"valueRequired\":true,\"valueName\":\"search_term_string\"}}],\"inLanguage\":\"es-CL\"},{\"@type\":\"Organization\",\"@id\":\"https:\\\/\\\/elmontgomery.com\\\/#organization\",\"name\":\"Montgomery &amp; Associates\",\"url\":\"https:\\\/\\\/elmontgomery.com\\\/\",\"logo\":{\"@type\":\"ImageObject\",\"inLanguage\":\"es-CL\",\"@id\":\"https:\\\/\\\/elmontgomery.com\\\/#\\\/schema\\\/logo\\\/image\\\/\",\"url\":\"https:\\\/\\\/elmontgomery.com\\\/wp-content\\\/uploads\\\/2022\\\/09\\\/MA_RGB_hrz_tag-1.png\",\"contentUrl\":\"https:\\\/\\\/elmontgomery.com\\\/wp-content\\\/uploads\\\/2022\\\/09\\\/MA_RGB_hrz_tag-1.png\",\"width\":1833,\"height\":533,\"caption\":\"Montgomery &amp; Associates\"},\"image\":{\"@id\":\"https:\\\/\\\/elmontgomery.com\\\/#\\\/schema\\\/logo\\\/image\\\/\"},\"sameAs\":[\"https:\\\/\\\/www.linkedin.com\\\/company\\\/2434577\\\/\"]}]}<\/script>\n<!-- \/ Yoast SEO plugin. -->","yoast_head_json":{"title":"Acerca de nosotros - Montgomery &amp; Associates","description":"Sobre nosotros: M&amp;A se especializa en aguas subterr\u00e1neas. Ofrecemos servicios hidrogeol\u00f3gicos para abordar los desaf\u00edos de nuestros clientes en el oeste de Estados Unidos y Sudam\u00e9rica.","robots":{"index":"index","follow":"follow","max-snippet":"max-snippet:-1","max-image-preview":"max-image-preview:large","max-video-preview":"max-video-preview:-1"},"canonical":"https:\/\/elmontgomery.com\/es\/about-us\/","og_locale":"es_ES","og_type":"article","og_title":"About Us - Montgomery &amp; Associates","og_description":"About us-M&A specializes in groundwater. We provide hydrogeological services to address client challenges in the western United States and South America.","og_url":"https:\/\/elmontgomery.com\/es\/about-us\/","og_site_name":"Montgomery &amp; Associates","article_modified_time":"2024-10-18T21:41:40+00:00","twitter_card":"summary_large_image","twitter_misc":{"Tiempo estimado de lectura":"2 minutos"},"schema":{"@context":"https:\/\/schema.org","@graph":[{"@type":"WebPage","@id":"https:\/\/elmontgomery.com\/about-us\/","url":"https:\/\/elmontgomery.com\/about-us\/","name":"Acerca de nosotros - Montgomery &amp; Associates","isPartOf":{"@id":"https:\/\/elmontgomery.com\/#website"},"datePublished":"2022-05-25T18:59:56+00:00","dateModified":"2024-10-18T21:41:40+00:00","description":"Sobre nosotros: M&amp;A se especializa en aguas subterr\u00e1neas. Ofrecemos servicios hidrogeol\u00f3gicos para abordar los desaf\u00edos de nuestros clientes en el oeste de Estados Unidos y Sudam\u00e9rica.","breadcrumb":{"@id":"https:\/\/elmontgomery.com\/about-us\/#breadcrumb"},"inLanguage":"es-CL","potentialAction":[{"@type":"ReadAction","target":["https:\/\/elmontgomery.com\/about-us\/"]}]},{"@type":"BreadcrumbList","@id":"https:\/\/elmontgomery.com\/about-us\/#breadcrumb","itemListElement":[{"@type":"ListItem","position":1,"name":"Home","item":"https:\/\/elmontgomery.com\/"},{"@type":"ListItem","position":2,"name":"About Us"}]},{"@type":"WebSite","@id":"https:\/\/elmontgomery.com\/#website","url":"https:\/\/elmontgomery.com\/","name":"Montgomery y asociados","description":"Consultores de recursos h\u00eddricos","publisher":{"@id":"https:\/\/elmontgomery.com\/#organization"},"potentialAction":[{"@type":"SearchAction","target":{"@type":"EntryPoint","urlTemplate":"https:\/\/elmontgomery.com\/?s={search_term_string}"},"query-input":{"@type":"PropertyValueSpecification","valueRequired":true,"valueName":"search_term_string"}}],"inLanguage":"es-CL"},{"@type":"Organization","@id":"https:\/\/elmontgomery.com\/#organization","name":"Montgomery y asociados","url":"https:\/\/elmontgomery.com\/","logo":{"@type":"ImageObject","inLanguage":"es-CL","@id":"https:\/\/elmontgomery.com\/#\/schema\/logo\/image\/","url":"https:\/\/elmontgomery.com\/wp-content\/uploads\/2022\/09\/MA_RGB_hrz_tag-1.png","contentUrl":"https:\/\/elmontgomery.com\/wp-content\/uploads\/2022\/09\/MA_RGB_hrz_tag-1.png","width":1833,"height":533,"caption":"Montgomery &amp; Associates"},"image":{"@id":"https:\/\/elmontgomery.com\/#\/schema\/logo\/image\/"},"sameAs":["https:\/\/www.linkedin.com\/company\/2434577\/"]}]}},"_links":{"self":[{"href":"https:\/\/elmontgomery.com\/es\/wp-json\/wp\/v2\/pages\/56","targetHints":{"allow":["GET"]}}],"collection":[{"href":"https:\/\/elmontgomery.com\/es\/wp-json\/wp\/v2\/pages"}],"about":[{"href":"https:\/\/elmontgomery.com\/es\/wp-json\/wp\/v2\/types\/page"}],"author":[{"embeddable":true,"href":"https:\/\/elmontgomery.com\/es\/wp-json\/wp\/v2\/users\/1"}],"replies":[{"embeddable":true,"href":"https:\/\/elmontgomery.com\/es\/wp-json\/wp\/v2\/comments?post=56"}],"version-history":[{"count":25,"href":"https:\/\/elmontgomery.com\/es\/wp-json\/wp\/v2\/pages\/56\/revisions"}],"predecessor-version":[{"id":12383,"href":"https:\/\/elmontgomery.com\/es\/wp-json\/wp\/v2\/pages\/56\/revisions\/12383"}],"wp:attachment":[{"href":"https:\/\/elmontgomery.com\/es\/wp-json\/wp\/v2\/media?parent=56"}],"curies":[{"name":"Gracias","href":"https:\/\/api.w.org\/{rel}","templated":true}]}}