{"id":292,"date":"2022-06-22T14:14:14","date_gmt":"2022-06-22T21:14:14","guid":{"rendered":"https:\/\/ma.jvista.net\/?page_id=292"},"modified":"2025-07-11T14:36:49","modified_gmt":"2025-07-11T21:36:49","slug":"water-providers","status":"publish","type":"page","link":"https:\/\/elmontgomery.com\/es\/market-sectors\/water-providers\/","title":{"rendered":"Proveedores de agua"},"content":{"rendered":"<div class=\"fusion-fullwidth fullwidth-box fusion-builder-row-1 fusion-flex-container nonhundred-percent-fullwidth non-hundred-percent-height-scrolling\" style=\"--awb-border-radius-top-left:0px;--awb-border-radius-top-right:0px;--awb-border-radius-bottom-right:0px;--awb-border-radius-bottom-left:0px;--awb-flex-wrap:wrap;\" ><div class=\"fusion-builder-row fusion-row fusion-flex-align-items-flex-start fusion-flex-content-wrap\" style=\"max-width:1248px;margin-left: calc(-4% \/ 2 );margin-right: calc(-4% \/ 2 );\"><div class=\"fusion-layout-column fusion_builder_column fusion-builder-column-0 fusion_builder_column_1_1 1_1 fusion-flex-column\" style=\"--awb-bg-blend:overlay;--awb-bg-size:cover;--awb-width-large:100%;--awb-margin-top-large:0px;--awb-spacing-right-large:1.92%;--awb-margin-bottom-large:20px;--awb-spacing-left-large:1.92%;--awb-width-medium:100%;--awb-spacing-right-medium:1.92%;--awb-spacing-left-medium:1.92%;--awb-width-small:100%;--awb-spacing-right-small:1.92%;--awb-spacing-left-small:1.92%;\"><div class=\"fusion-column-wrapper fusion-flex-justify-content-flex-start fusion-content-layout-column\"><div class=\"fusion-text fusion-text-1\" style=\"--awb-font-size:22px;--awb-text-color:var(--awb-color6);\"><p>M&amp;A apoya a los proveedores de agua municipales y privados con una l\u00ednea completa de servicios que incluyen ubicaci\u00f3n de pozos, caracterizaci\u00f3n hidrogeol\u00f3gica, supervisi\u00f3n del dise\u00f1o e instalaci\u00f3n de pozos, factibilidad de recarga y permisos. Nuestro equipo tiene una comprensi\u00f3n integral de las regulaciones federales y estatales, lo que garantiza que completemos los proyectos de manera segura y eficiente.<\/p>\n<\/div><\/div><\/div><div class=\"fusion-layout-column fusion_builder_column fusion-builder-column-1 fusion_builder_column_2_5 2_5 fusion-flex-column\" style=\"--awb-bg-size:cover;--awb-width-large:40%;--awb-margin-top-large:-20px;--awb-spacing-right-large:4.8%;--awb-margin-bottom-large:20px;--awb-spacing-left-large:4.8%;--awb-width-medium:40%;--awb-order-medium:0;--awb-spacing-right-medium:4.8%;--awb-spacing-left-medium:4.8%;--awb-width-small:100%;--awb-order-small:0;--awb-spacing-right-small:1.92%;--awb-spacing-left-small:1.92%;\"><div class=\"fusion-column-wrapper fusion-column-has-shadow fusion-flex-justify-content-flex-start fusion-content-layout-column\"><div class=\"fusion-title title fusion-title-1 fusion-sep-none fusion-title-text fusion-title-size-three\"><h3 class=\"fusion-title-heading title-heading-left fusion-responsive-typography-calculated\" style=\"margin:0;--fontSize:36;line-height:var(--awb-typography1-line-height);\">servicios<\/h3><\/div><div class=\"fusion-text fusion-text-2\"><p><img decoding=\"async\" class=\"lazyload alignleft wp-image-268\" src=\"https:\/\/elmontgomery.com\/wp-content\/uploads\/2022\/06\/water-supply-recharge.png\" data-orig-src=\"https:\/\/elmontgomery.com\/wp-content\/uploads\/2022\/06\/water-supply-recharge.png\" alt=\"Water Supply Recharge\" width=\"30\" height=\"30\" srcset=\"data:image\/svg+xml,%3Csvg%20xmlns%3D%27http%3A%2F%2Fwww.w3.org%2F2000%2Fsvg%27%20width%3D%2730%27%20height%3D%2730%27%20viewBox%3D%270%200%2030%2030%27%3E%3Crect%20width%3D%2730%27%20height%3D%2730%27%20fill-opacity%3D%220%22%2F%3E%3C%2Fsvg%3E\" data-srcset=\"https:\/\/elmontgomery.com\/wp-content\/uploads\/2022\/06\/water-supply-recharge-66x66.png 66w, https:\/\/elmontgomery.com\/wp-content\/uploads\/2022\/06\/water-supply-recharge.png 86w\" data-sizes=\"auto\" data-orig-sizes=\"(max-width: 30px) 100vw, 30px\" \/><a href=\"https:\/\/elmontgomery.com\/services\/water-supply-recharge\/\" data-no-translation=\"\">Water Supply &amp; Recharge<\/a><\/p>\n<p><a href=\"https:\/\/elmontgomery.com\/services\/water-resource-planning\/\" data-no-translation=\"\">Water Resource Planning<\/a><a href=\"https:\/\/elmontgomery.com\/services\/water-resource-planning\/\" data-no-translation=\"\"><img decoding=\"async\" class=\"lazyload alignleft wp-image-379\" src=\"https:\/\/elmontgomery.com\/wp-content\/uploads\/2022\/06\/water-resource-planning-2.png\" data-orig-src=\"https:\/\/elmontgomery.com\/wp-content\/uploads\/2022\/06\/water-resource-planning-2.png\" alt=\"Water Resource Planning\" width=\"30\" height=\"30\" srcset=\"data:image\/svg+xml,%3Csvg%20xmlns%3D%27http%3A%2F%2Fwww.w3.org%2F2000%2Fsvg%27%20width%3D%2730%27%20height%3D%2730%27%20viewBox%3D%270%200%2030%2030%27%3E%3Crect%20width%3D%2730%27%20height%3D%2730%27%20fill-opacity%3D%220%22%2F%3E%3C%2Fsvg%3E\" data-srcset=\"https:\/\/elmontgomery.com\/wp-content\/uploads\/2022\/06\/water-resource-planning-2-66x66.png 66w, https:\/\/elmontgomery.com\/wp-content\/uploads\/2022\/06\/water-resource-planning-2.png 86w\" data-sizes=\"auto\" data-orig-sizes=\"(max-width: 30px) 100vw, 30px\" \/><\/a><\/p>\n<p><img decoding=\"async\" class=\"lazyload alignleft wp-image-270\" src=\"https:\/\/elmontgomery.com\/wp-content\/uploads\/2022\/06\/environmental-hydrogeology.png\" data-orig-src=\"https:\/\/elmontgomery.com\/wp-content\/uploads\/2022\/06\/environmental-hydrogeology.png\" alt=\"Environmental Hydrogeology\" width=\"30\" height=\"30\" srcset=\"data:image\/svg+xml,%3Csvg%20xmlns%3D%27http%3A%2F%2Fwww.w3.org%2F2000%2Fsvg%27%20width%3D%2730%27%20height%3D%2730%27%20viewBox%3D%270%200%2030%2030%27%3E%3Crect%20width%3D%2730%27%20height%3D%2730%27%20fill-opacity%3D%220%22%2F%3E%3C%2Fsvg%3E\" data-srcset=\"https:\/\/elmontgomery.com\/wp-content\/uploads\/2022\/06\/environmental-hydrogeology-66x66.png 66w, https:\/\/elmontgomery.com\/wp-content\/uploads\/2022\/06\/environmental-hydrogeology.png 86w\" data-sizes=\"auto\" data-orig-sizes=\"(max-width: 30px) 100vw, 30px\" \/><a href=\"https:\/\/elmontgomery.com\/services\/environmental-hydrogeology\/\" data-no-translation=\"\">Environmental Hydrogeology<\/a><\/p>\n<p><img decoding=\"async\" class=\"lazyload alignleft wp-image-271\" src=\"https:\/\/elmontgomery.com\/wp-content\/uploads\/2022\/06\/groundwater-modeling.png\" data-orig-src=\"https:\/\/elmontgomery.com\/wp-content\/uploads\/2022\/06\/groundwater-modeling.png\" alt=\"Groundwater Modeling\" width=\"30\" height=\"30\" srcset=\"data:image\/svg+xml,%3Csvg%20xmlns%3D%27http%3A%2F%2Fwww.w3.org%2F2000%2Fsvg%27%20width%3D%2730%27%20height%3D%2730%27%20viewBox%3D%270%200%2030%2030%27%3E%3Crect%20width%3D%2730%27%20height%3D%2730%27%20fill-opacity%3D%220%22%2F%3E%3C%2Fsvg%3E\" data-srcset=\"https:\/\/elmontgomery.com\/wp-content\/uploads\/2022\/06\/groundwater-modeling-66x66.png 66w, https:\/\/elmontgomery.com\/wp-content\/uploads\/2022\/06\/groundwater-modeling.png 86w\" data-sizes=\"auto\" data-orig-sizes=\"(max-width: 30px) 100vw, 30px\" \/><a href=\"https:\/\/elmontgomery.com\/services\/modeling\/\" data-no-translation=\"\">Groundwater Modeling<\/a><\/p>\n<p><img decoding=\"async\" class=\"lazyload alignleft wp-image-267\" src=\"https:\/\/elmontgomery.com\/wp-content\/uploads\/2022\/06\/water-rights.png\" data-orig-src=\"https:\/\/elmontgomery.com\/wp-content\/uploads\/2022\/06\/water-rights.png\" alt=\"Water Rights\" width=\"30\" height=\"30\" srcset=\"data:image\/svg+xml,%3Csvg%20xmlns%3D%27http%3A%2F%2Fwww.w3.org%2F2000%2Fsvg%27%20width%3D%2730%27%20height%3D%2730%27%20viewBox%3D%270%200%2030%2030%27%3E%3Crect%20width%3D%2730%27%20height%3D%2730%27%20fill-opacity%3D%220%22%2F%3E%3C%2Fsvg%3E\" data-srcset=\"https:\/\/elmontgomery.com\/wp-content\/uploads\/2022\/06\/water-rights-66x66.png 66w, https:\/\/elmontgomery.com\/wp-content\/uploads\/2022\/06\/water-rights.png 86w\" data-sizes=\"auto\" data-orig-sizes=\"(max-width: 30px) 100vw, 30px\" \/><a href=\"https:\/\/elmontgomery.com\/services\/surface-water\/\" data-no-translation=\"\">Surface Water<\/a><\/p>\n<p><img decoding=\"async\" class=\"lazyload alignleft wp-image-269\" src=\"https:\/\/elmontgomery.com\/wp-content\/uploads\/2022\/06\/data-management.png\" data-orig-src=\"https:\/\/elmontgomery.com\/wp-content\/uploads\/2022\/06\/data-management.png\" alt=\"Data Management Services\" width=\"30\" height=\"30\" srcset=\"data:image\/svg+xml,%3Csvg%20xmlns%3D%27http%3A%2F%2Fwww.w3.org%2F2000%2Fsvg%27%20width%3D%2730%27%20height%3D%2730%27%20viewBox%3D%270%200%2030%2030%27%3E%3Crect%20width%3D%2730%27%20height%3D%2730%27%20fill-opacity%3D%220%22%2F%3E%3C%2Fsvg%3E\" data-srcset=\"https:\/\/elmontgomery.com\/wp-content\/uploads\/2022\/06\/data-management-66x66.png 66w, https:\/\/elmontgomery.com\/wp-content\/uploads\/2022\/06\/data-management.png 86w\" data-sizes=\"auto\" data-orig-sizes=\"(max-width: 30px) 100vw, 30px\" \/><a href=\"https:\/\/elmontgomery.com\/services\/data-management-services\/\" data-no-translation=\"\">Data Management Services<\/a><\/p>\n<\/div><\/div><\/div><div class=\"fusion-layout-column fusion_builder_column fusion-builder-column-2 fusion_builder_column_3_5 3_5 fusion-flex-column\" style=\"--awb-bg-size:cover;--awb-width-large:60%;--awb-margin-top-large:-20px;--awb-spacing-right-large:3.2%;--awb-margin-bottom-large:20px;--awb-spacing-left-large:3.2%;--awb-width-medium:60%;--awb-order-medium:0;--awb-spacing-right-medium:3.2%;--awb-spacing-left-medium:3.2%;--awb-width-small:100%;--awb-order-small:0;--awb-spacing-right-small:1.92%;--awb-spacing-left-small:1.92%;\"><div class=\"fusion-column-wrapper fusion-column-has-shadow fusion-flex-justify-content-flex-start fusion-content-layout-column\"><div class=\"fusion-title title fusion-title-2 fusion-sep-none fusion-title-text fusion-title-size-three\"><h3 class=\"fusion-title-heading title-heading-left fusion-responsive-typography-calculated\" style=\"margin:0;--fontSize:36;line-height:var(--awb-typography1-line-height);\">Proyectos<\/h3><\/div><div class=\"fusion-text fusion-text-3\"><a href=\"https:\/\/elmontgomery.com\/es\/projects\/evaluation-of-hydrologic-conditions-for-drought-preparedness-planning\/\" data-no-translation=\"\">Evaluation of Hydrologic Conditions for Drought Preparedness Planning<\/a><br \/><a href=\"https:\/\/elmontgomery.com\/es\/projects\/groundwater-benefit-zone-study-for-santa-clara-valley-water-district\/\" data-no-translation=\"\">Groundwater Benefit Zone Study for Santa Clara Valley Water District<\/a><br \/><a href=\"https:\/\/elmontgomery.com\/es\/projects\/investigation-of-pfas-in-water-supply-wells\/\" data-no-translation=\"\">Investigation of PFAS in Water Supply Wells<\/a><br \/><a href=\"https:\/\/elmontgomery.com\/es\/projects\/investigations-permitting-for-the-upper-agua-fria-recharge-project\/\" data-no-translation=\"\">Investigations &#038; Permitting for the Upper Agua Fria Recharge Project<\/a><br \/><a href=\"https:\/\/elmontgomery.com\/es\/projects\/optimizing-area-of-hydrological-impact-in-support-of-recovery-well-permits\/\" data-no-translation=\"\">Optimizing Area of Hydrological Impact in Support of Recovery Well Permits<\/a><br \/><a href=\"https:\/\/elmontgomery.com\/es\/projects\/pure-water-soquel-groundwater-replenishment-and-seawater-intrusion-prevention\/\" data-no-translation=\"\">Pure Water Soquel Groundwater Replenishment and Seawater Intrusion Prevention<\/a><br \/><a href=\"https:\/\/elmontgomery.com\/es\/projects\/recharge-feasibility-wsip-funding-analyses-for-the-high-desert-groundwater-bank\/\" data-no-translation=\"\">Recharge Feasibility &#038; WSIP Funding Analyses for the High Desert Water Bank<\/a><br \/><a href=\"https:\/\/elmontgomery.com\/es\/projects\/hydrologic-services-for-soquel-creek-water-district-2\/\" data-no-translation=\"\">Well Services for Soquel Creek Water District<\/a><br \/>\n<\/div><\/div><\/div><\/div><\/div>","protected":false},"excerpt":{"rendered":"","protected":false},"author":1,"featured_media":0,"parent":284,"menu_order":0,"comment_status":"closed","ping_status":"closed","template":"","meta":{"footnotes":""},"class_list":["post-292","page","type-page","status-publish","hentry"],"yoast_head":"<!-- This site is optimized with the Yoast SEO plugin v27.3 - https:\/\/yoast.com\/product\/yoast-seo-wordpress\/ -->\n<title>Water Providers - Montgomery &amp; Associates<\/title>\n<meta name=\"description\" content=\"M&amp;A supports municipal and private water providers with a full line of services including well siting, hydrogeologic characterization, oversight of well design and installation, recharge feasibility, and permitting.\" \/>\n<meta name=\"robots\" content=\"index, follow, max-snippet:-1, max-image-preview:large, max-video-preview:-1\" \/>\n<link rel=\"canonical\" href=\"https:\/\/elmontgomery.com\/es\/market-sectors\/water-providers\/\" \/>\n<meta property=\"og:locale\" content=\"es_ES\" \/>\n<meta property=\"og:type\" content=\"article\" \/>\n<meta property=\"og:title\" content=\"Water Providers - Montgomery &amp; Associates\" \/>\n<meta property=\"og:description\" content=\"M&amp;A supports municipal and private water providers with a full line of services including well siting, hydrogeologic characterization, oversight of well design and installation, recharge feasibility, and permitting.\" \/>\n<meta property=\"og:url\" content=\"https:\/\/elmontgomery.com\/es\/market-sectors\/water-providers\/\" \/>\n<meta property=\"og:site_name\" content=\"Montgomery &amp; Associates\" \/>\n<meta property=\"article:modified_time\" content=\"2025-07-11T21:36:49+00:00\" \/>\n<meta property=\"og:image\" content=\"https:\/\/elmontgomery.com\/wp-content\/uploads\/2022\/06\/water-supply-recharge.png\" \/>\n\t<meta property=\"og:image:width\" content=\"86\" \/>\n\t<meta property=\"og:image:height\" content=\"86\" \/>\n\t<meta property=\"og:image:type\" content=\"image\/png\" \/>\n<meta name=\"twitter:card\" content=\"summary_large_image\" \/>\n<meta name=\"twitter:label1\" content=\"Tiempo estimado de lectura\" \/>\n\t<meta name=\"twitter:data1\" content=\"4 minutos\" \/>\n<script type=\"application\/ld+json\" class=\"yoast-schema-graph\">{\"@context\":\"https:\\\/\\\/schema.org\",\"@graph\":[{\"@type\":\"WebPage\",\"@id\":\"https:\\\/\\\/elmontgomery.com\\\/market-sectors\\\/water-providers\\\/\",\"url\":\"https:\\\/\\\/elmontgomery.com\\\/market-sectors\\\/water-providers\\\/\",\"name\":\"Water Providers - Montgomery &amp; Associates\",\"isPartOf\":{\"@id\":\"https:\\\/\\\/elmontgomery.com\\\/#website\"},\"primaryImageOfPage\":{\"@id\":\"https:\\\/\\\/elmontgomery.com\\\/market-sectors\\\/water-providers\\\/#primaryimage\"},\"image\":{\"@id\":\"https:\\\/\\\/elmontgomery.com\\\/market-sectors\\\/water-providers\\\/#primaryimage\"},\"thumbnailUrl\":\"https:\\\/\\\/elmontgomery.com\\\/wp-content\\\/uploads\\\/2022\\\/06\\\/water-supply-recharge.png\",\"datePublished\":\"2022-06-22T21:14:14+00:00\",\"dateModified\":\"2025-07-11T21:36:49+00:00\",\"description\":\"M&A supports municipal and private water providers with a full line of services including well siting, hydrogeologic characterization, oversight of well design and installation, recharge feasibility, and permitting.\",\"breadcrumb\":{\"@id\":\"https:\\\/\\\/elmontgomery.com\\\/market-sectors\\\/water-providers\\\/#breadcrumb\"},\"inLanguage\":\"es-CL\",\"potentialAction\":[{\"@type\":\"ReadAction\",\"target\":[\"https:\\\/\\\/elmontgomery.com\\\/market-sectors\\\/water-providers\\\/\"]}]},{\"@type\":\"ImageObject\",\"inLanguage\":\"es-CL\",\"@id\":\"https:\\\/\\\/elmontgomery.com\\\/market-sectors\\\/water-providers\\\/#primaryimage\",\"url\":\"https:\\\/\\\/elmontgomery.com\\\/wp-content\\\/uploads\\\/2022\\\/06\\\/water-supply-recharge.png\",\"contentUrl\":\"https:\\\/\\\/elmontgomery.com\\\/wp-content\\\/uploads\\\/2022\\\/06\\\/water-supply-recharge.png\"},{\"@type\":\"BreadcrumbList\",\"@id\":\"https:\\\/\\\/elmontgomery.com\\\/market-sectors\\\/water-providers\\\/#breadcrumb\",\"itemListElement\":[{\"@type\":\"ListItem\",\"position\":1,\"name\":\"Home\",\"item\":\"https:\\\/\\\/elmontgomery.com\\\/\"},{\"@type\":\"ListItem\",\"position\":2,\"name\":\"Market Sectors\",\"item\":\"https:\\\/\\\/elmontgomery.com\\\/market-sectors\\\/\"},{\"@type\":\"ListItem\",\"position\":3,\"name\":\"Water Providers\"}]},{\"@type\":\"WebSite\",\"@id\":\"https:\\\/\\\/elmontgomery.com\\\/#website\",\"url\":\"https:\\\/\\\/elmontgomery.com\\\/\",\"name\":\"Montgomery &amp; Associates\",\"description\":\"Water Resource Consultants\",\"publisher\":{\"@id\":\"https:\\\/\\\/elmontgomery.com\\\/#organization\"},\"potentialAction\":[{\"@type\":\"SearchAction\",\"target\":{\"@type\":\"EntryPoint\",\"urlTemplate\":\"https:\\\/\\\/elmontgomery.com\\\/?s={search_term_string}\"},\"query-input\":{\"@type\":\"PropertyValueSpecification\",\"valueRequired\":true,\"valueName\":\"search_term_string\"}}],\"inLanguage\":\"es-CL\"},{\"@type\":\"Organization\",\"@id\":\"https:\\\/\\\/elmontgomery.com\\\/#organization\",\"name\":\"Montgomery &amp; Associates\",\"url\":\"https:\\\/\\\/elmontgomery.com\\\/\",\"logo\":{\"@type\":\"ImageObject\",\"inLanguage\":\"es-CL\",\"@id\":\"https:\\\/\\\/elmontgomery.com\\\/#\\\/schema\\\/logo\\\/image\\\/\",\"url\":\"https:\\\/\\\/elmontgomery.com\\\/wp-content\\\/uploads\\\/2022\\\/09\\\/MA_RGB_hrz_tag-1.png\",\"contentUrl\":\"https:\\\/\\\/elmontgomery.com\\\/wp-content\\\/uploads\\\/2022\\\/09\\\/MA_RGB_hrz_tag-1.png\",\"width\":1833,\"height\":533,\"caption\":\"Montgomery &amp; Associates\"},\"image\":{\"@id\":\"https:\\\/\\\/elmontgomery.com\\\/#\\\/schema\\\/logo\\\/image\\\/\"},\"sameAs\":[\"https:\\\/\\\/www.linkedin.com\\\/company\\\/2434577\\\/\"]}]}<\/script>\n<!-- \/ Yoast SEO plugin. -->","yoast_head_json":{"title":"Proveedores de agua - Montgomery &amp; Associates","description":"M&amp;A apoya a los proveedores de agua municipales y privados con una l\u00ednea completa de servicios que incluyen ubicaci\u00f3n de pozos, caracterizaci\u00f3n hidrogeol\u00f3gica, supervisi\u00f3n del dise\u00f1o e instalaci\u00f3n de pozos, viabilidad de recarga y permisos.","robots":{"index":"index","follow":"follow","max-snippet":"max-snippet:-1","max-image-preview":"max-image-preview:large","max-video-preview":"max-video-preview:-1"},"canonical":"https:\/\/elmontgomery.com\/es\/market-sectors\/water-providers\/","og_locale":"es_ES","og_type":"article","og_title":"Water Providers - Montgomery &amp; Associates","og_description":"M&A supports municipal and private water providers with a full line of services including well siting, hydrogeologic characterization, oversight of well design and installation, recharge feasibility, and permitting.","og_url":"https:\/\/elmontgomery.com\/es\/market-sectors\/water-providers\/","og_site_name":"Montgomery &amp; Associates","article_modified_time":"2025-07-11T21:36:49+00:00","og_image":[{"width":86,"height":86,"url":"https:\/\/elmontgomery.com\/wp-content\/uploads\/2022\/06\/water-supply-recharge.png","type":"image\/png"}],"twitter_card":"summary_large_image","twitter_misc":{"Tiempo estimado de lectura":"4 minutos"},"schema":{"@context":"https:\/\/schema.org","@graph":[{"@type":"WebPage","@id":"https:\/\/elmontgomery.com\/market-sectors\/water-providers\/","url":"https:\/\/elmontgomery.com\/market-sectors\/water-providers\/","name":"Proveedores de agua - Montgomery &amp; Associates","isPartOf":{"@id":"https:\/\/elmontgomery.com\/#website"},"primaryImageOfPage":{"@id":"https:\/\/elmontgomery.com\/market-sectors\/water-providers\/#primaryimage"},"image":{"@id":"https:\/\/elmontgomery.com\/market-sectors\/water-providers\/#primaryimage"},"thumbnailUrl":"https:\/\/elmontgomery.com\/wp-content\/uploads\/2022\/06\/water-supply-recharge.png","datePublished":"2022-06-22T21:14:14+00:00","dateModified":"2025-07-11T21:36:49+00:00","description":"M&amp;A apoya a los proveedores de agua municipales y privados con una l\u00ednea completa de servicios que incluyen ubicaci\u00f3n de pozos, caracterizaci\u00f3n hidrogeol\u00f3gica, supervisi\u00f3n del dise\u00f1o e instalaci\u00f3n de pozos, viabilidad de recarga y permisos.","breadcrumb":{"@id":"https:\/\/elmontgomery.com\/market-sectors\/water-providers\/#breadcrumb"},"inLanguage":"es-CL","potentialAction":[{"@type":"ReadAction","target":["https:\/\/elmontgomery.com\/market-sectors\/water-providers\/"]}]},{"@type":"ImageObject","inLanguage":"es-CL","@id":"https:\/\/elmontgomery.com\/market-sectors\/water-providers\/#primaryimage","url":"https:\/\/elmontgomery.com\/wp-content\/uploads\/2022\/06\/water-supply-recharge.png","contentUrl":"https:\/\/elmontgomery.com\/wp-content\/uploads\/2022\/06\/water-supply-recharge.png"},{"@type":"BreadcrumbList","@id":"https:\/\/elmontgomery.com\/market-sectors\/water-providers\/#breadcrumb","itemListElement":[{"@type":"ListItem","position":1,"name":"Home","item":"https:\/\/elmontgomery.com\/"},{"@type":"ListItem","position":2,"name":"Market Sectors","item":"https:\/\/elmontgomery.com\/market-sectors\/"},{"@type":"ListItem","position":3,"name":"Water Providers"}]},{"@type":"WebSite","@id":"https:\/\/elmontgomery.com\/#website","url":"https:\/\/elmontgomery.com\/","name":"Montgomery y asociados","description":"Consultores de recursos h\u00eddricos","publisher":{"@id":"https:\/\/elmontgomery.com\/#organization"},"potentialAction":[{"@type":"SearchAction","target":{"@type":"EntryPoint","urlTemplate":"https:\/\/elmontgomery.com\/?s={search_term_string}"},"query-input":{"@type":"PropertyValueSpecification","valueRequired":true,"valueName":"search_term_string"}}],"inLanguage":"es-CL"},{"@type":"Organization","@id":"https:\/\/elmontgomery.com\/#organization","name":"Montgomery y asociados","url":"https:\/\/elmontgomery.com\/","logo":{"@type":"ImageObject","inLanguage":"es-CL","@id":"https:\/\/elmontgomery.com\/#\/schema\/logo\/image\/","url":"https:\/\/elmontgomery.com\/wp-content\/uploads\/2022\/09\/MA_RGB_hrz_tag-1.png","contentUrl":"https:\/\/elmontgomery.com\/wp-content\/uploads\/2022\/09\/MA_RGB_hrz_tag-1.png","width":1833,"height":533,"caption":"Montgomery &amp; Associates"},"image":{"@id":"https:\/\/elmontgomery.com\/#\/schema\/logo\/image\/"},"sameAs":["https:\/\/www.linkedin.com\/company\/2434577\/"]}]}},"_links":{"self":[{"href":"https:\/\/elmontgomery.com\/es\/wp-json\/wp\/v2\/pages\/292","targetHints":{"allow":["GET"]}}],"collection":[{"href":"https:\/\/elmontgomery.com\/es\/wp-json\/wp\/v2\/pages"}],"about":[{"href":"https:\/\/elmontgomery.com\/es\/wp-json\/wp\/v2\/types\/page"}],"author":[{"embeddable":true,"href":"https:\/\/elmontgomery.com\/es\/wp-json\/wp\/v2\/users\/1"}],"replies":[{"embeddable":true,"href":"https:\/\/elmontgomery.com\/es\/wp-json\/wp\/v2\/comments?post=292"}],"version-history":[{"count":18,"href":"https:\/\/elmontgomery.com\/es\/wp-json\/wp\/v2\/pages\/292\/revisions"}],"predecessor-version":[{"id":13083,"href":"https:\/\/elmontgomery.com\/es\/wp-json\/wp\/v2\/pages\/292\/revisions\/13083"}],"up":[{"embeddable":true,"href":"https:\/\/elmontgomery.com\/es\/wp-json\/wp\/v2\/pages\/284"}],"wp:attachment":[{"href":"https:\/\/elmontgomery.com\/es\/wp-json\/wp\/v2\/media?parent=292"}],"curies":[{"name":"Gracias","href":"https:\/\/api.w.org\/{rel}","templated":true}]}}