{"id":215,"date":"2022-06-16T13:11:27","date_gmt":"2022-06-16T20:11:27","guid":{"rendered":"https:\/\/ma.jvista.net\/?page_id=215"},"modified":"2025-08-14T16:11:29","modified_gmt":"2025-08-14T23:11:29","slug":"water-supply-recharge","status":"publish","type":"page","link":"https:\/\/elmontgomery.com\/es\/services\/water-supply-recharge\/","title":{"rendered":"Suministro de agua y recarga"},"content":{"rendered":"<p><div class=\"fusion-fullwidth fullwidth-box fusion-builder-row-1 fusion-flex-container nonhundred-percent-fullwidth non-hundred-percent-height-scrolling\" style=\"--awb-border-radius-top-left:0px;--awb-border-radius-top-right:0px;--awb-border-radius-bottom-right:0px;--awb-border-radius-bottom-left:0px;--awb-flex-wrap:wrap;\" ><div class=\"fusion-builder-row fusion-row fusion-flex-align-items-flex-start fusion-flex-content-wrap\" style=\"max-width:1248px;margin-left: calc(-4% \/ 2 );margin-right: calc(-4% \/ 2 );\"><div class=\"fusion-layout-column fusion_builder_column fusion-builder-column-0 fusion_builder_column_1_1 1_1 fusion-flex-column\" style=\"--awb-bg-blend:overlay;--awb-bg-size:cover;--awb-width-large:100%;--awb-margin-top-large:0px;--awb-spacing-right-large:1.92%;--awb-margin-bottom-large:0px;--awb-spacing-left-large:1.92%;--awb-width-medium:100%;--awb-spacing-right-medium:1.92%;--awb-spacing-left-medium:1.92%;--awb-width-small:100%;--awb-spacing-right-small:1.92%;--awb-spacing-left-small:1.92%;\"><div class=\"fusion-column-wrapper fusion-flex-justify-content-flex-start fusion-content-layout-column\"><div class=\"fusion-text fusion-text-1\" style=\"--awb-font-size:29px;--awb-line-height:30;--awb-text-color:var(--awb-color6);\"><p class=\"fusion-responsive-typography-calculated\" style=\"--fontsize: 27; line-height: 1.2;\" data-fontsize=\"27\" data-lineheight=\"32.4px\">Servicios de dise\u00f1o, supervisi\u00f3n y gesti\u00f3n a largo plazo para una amplia gama de proyectos de recursos h\u00eddricos<\/p>\n<\/div><\/div><\/div><\/div><\/div><div class=\"fusion-fullwidth fullwidth-box fusion-builder-row-2 fusion-flex-container has-pattern-background has-mask-background nonhundred-percent-fullwidth non-hundred-percent-height-scrolling\" style=\"--awb-border-radius-top-left:0px;--awb-border-radius-top-right:0px;--awb-border-radius-bottom-right:0px;--awb-border-radius-bottom-left:0px;--awb-flex-wrap:wrap;\" ><div class=\"fusion-builder-row fusion-row fusion-flex-align-items-flex-start fusion-flex-content-wrap\" style=\"max-width:1248px;margin-left: calc(-4% \/ 2 );margin-right: calc(-4% \/ 2 );\"><div class=\"fusion-layout-column fusion_builder_column fusion-builder-column-1 fusion_builder_column_1_3 1_3 fusion-flex-column\" style=\"--awb-bg-size:cover;--awb-width-large:33.333333333333%;--awb-margin-top-large:0px;--awb-spacing-right-large:5.76%;--awb-margin-bottom-large:20px;--awb-spacing-left-large:5.76%;--awb-width-medium:33.333333333333%;--awb-order-medium:0;--awb-spacing-right-medium:5.76%;--awb-spacing-left-medium:5.76%;--awb-width-small:100%;--awb-order-small:0;--awb-spacing-right-small:1.92%;--awb-spacing-left-small:1.92%;\"><div class=\"fusion-column-wrapper fusion-column-has-shadow fusion-flex-justify-content-flex-start fusion-content-layout-block\"><div class=\"fusion-text fusion-text-2\" style=\"--awb-text-color:var(--awb-color5);--awb-margin-top:-20px;\"><h4><a href=\"https:\/\/elmontgomery.com\/services\/water-supply-recharge\/groundwater-resource-development\/\" data-no-translation=\"\">Groundwater Resource Development<\/a><\/h4>\n<\/div><div class=\"fusion-text fusion-text-3\" style=\"--awb-margin-top:-25px;\"><ul>\n<li style=\"text-align: left;\">Desarrollo sostenible del suministro de agua<\/li>\n<li style=\"text-align: left;\">Estudios de suministro de agua garantizado\/adecuado (Arizona)<\/li>\n<li style=\"text-align: left;\">Programas de exploraci\u00f3n y perforaci\u00f3n<\/li>\n<li style=\"text-align: left;\">Caracterizaci\u00f3n de acu\u00edferos verticales<\/li>\n<li style=\"text-align: left;\">An\u00e1lisis de impacto de bombeo<\/li>\n<\/ul>\n<\/div><\/div><\/div><div class=\"fusion-layout-column fusion_builder_column fusion-builder-column-2 fusion_builder_column_1_3 1_3 fusion-flex-column\" style=\"--awb-bg-size:cover;--awb-width-large:33.333333333333%;--awb-margin-top-large:0px;--awb-spacing-right-large:5.76%;--awb-margin-bottom-large:20px;--awb-spacing-left-large:5.76%;--awb-width-medium:33.333333333333%;--awb-order-medium:0;--awb-spacing-right-medium:5.76%;--awb-spacing-left-medium:5.76%;--awb-width-small:100%;--awb-order-small:0;--awb-spacing-right-small:1.92%;--awb-spacing-left-small:1.92%;\"><div class=\"fusion-column-wrapper fusion-column-has-shadow fusion-flex-justify-content-flex-start fusion-content-layout-block\"><div class=\"fusion-text fusion-text-4\" style=\"--awb-text-color:var(--awb-color6);--awb-margin-top:-20px;\"><h4><a href=\"https:\/\/elmontgomery.com\/services\/water-supply-recharge\/managed-aquifer-recharge\/\" data-no-translation=\"\">Managed Aquifer Recharge<\/a><\/h4>\n<\/div><div class=\"fusion-text fusion-text-5\" style=\"--awb-margin-top:-25px;\"><ul>\n<li>Estudios de viabilidad<\/li>\n<li>Caracterizaci\u00f3n del sitio<\/li>\n<li>Permisos<\/li>\n<li>Dise\u00f1o de pozos y cuencas de inyecci\u00f3n.<\/li>\n<li>Dise\u00f1o de campo de pozos de recuperaci\u00f3n<\/li>\n<\/ul>\n<\/div><\/div><\/div><div class=\"fusion-layout-column fusion_builder_column fusion-builder-column-3 fusion_builder_column_1_3 1_3 fusion-flex-column\" style=\"--awb-bg-size:cover;--awb-width-large:33.333333333333%;--awb-margin-top-large:0px;--awb-spacing-right-large:5.76%;--awb-margin-bottom-large:20px;--awb-spacing-left-large:5.76%;--awb-width-medium:33.333333333333%;--awb-order-medium:0;--awb-spacing-right-medium:5.76%;--awb-spacing-left-medium:5.76%;--awb-width-small:100%;--awb-order-small:0;--awb-spacing-right-small:1.92%;--awb-spacing-left-small:1.92%;\"><div class=\"fusion-column-wrapper fusion-column-has-shadow fusion-flex-justify-content-flex-start fusion-content-layout-block\"><div class=\"fusion-text fusion-text-6\" style=\"--awb-margin-top:-20px;\"><h4><a href=\"https:\/\/elmontgomery.com\/services\/water-supply-recharge\/wellfield-services\/\" data-no-translation=\"\">Wellfield Services<\/a><\/h4>\n<\/div><div class=\"fusion-text fusion-text-7\" style=\"--awb-margin-top:-25px;\"><ul>\n<li>Dise\u00f1o de pozos y supervisi\u00f3n de perforaci\u00f3n<\/li>\n<li>rehabilitaci\u00f3n de pozos<\/li>\n<li>Optimizaci\u00f3n de campos de pozos<\/li>\n<li>Pruebas y an\u00e1lisis de acu\u00edferos<\/li>\n<li>Perfilado de caudal y calidad del agua<\/li>\n<\/ul>\n<\/div><\/div><\/div><div class=\"fusion-layout-column fusion_builder_column fusion-builder-column-4 fusion_builder_column_1_3 1_3 fusion-flex-column\" style=\"--awb-bg-size:cover;--awb-width-large:33.333333333333%;--awb-margin-top-large:0px;--awb-spacing-right-large:5.76%;--awb-margin-bottom-large:20px;--awb-spacing-left-large:5.76%;--awb-width-medium:33.333333333333%;--awb-order-medium:0;--awb-spacing-right-medium:5.76%;--awb-spacing-left-medium:5.76%;--awb-width-small:100%;--awb-order-small:0;--awb-spacing-right-small:1.92%;--awb-spacing-left-small:1.92%;\"><div class=\"fusion-column-wrapper fusion-column-has-shadow fusion-flex-justify-content-flex-start fusion-content-layout-block\"><div class=\"fusion-text fusion-text-8\" style=\"--awb-margin-top:-30px;\"><h4><a href=\"https:\/\/elmontgomery.com\/services\/water-supply-recharge\/indirect-potable-reuse\/\" data-no-translation=\"\">Indirect Potable Reuse<\/a><\/h4>\n<\/div><div class=\"fusion-text fusion-text-9\" style=\"--awb-margin-top:-20px;\"><ul>\n<li>Planificaci\u00f3n y permisos de propiedad intelectual (California)<\/li>\n<li>Agua subterr\u00e1nea<\/li>\n<li>Estudios de trazadores<\/li>\n<\/ul>\n<\/div><\/div><\/div><div class=\"fusion-layout-column fusion_builder_column fusion-builder-column-5 fusion_builder_column_1_3 1_3 fusion-flex-column\" style=\"--awb-bg-size:cover;--awb-width-large:33.333333333333%;--awb-margin-top-large:0px;--awb-spacing-right-large:5.76%;--awb-margin-bottom-large:20px;--awb-spacing-left-large:5.76%;--awb-width-medium:33.333333333333%;--awb-order-medium:0;--awb-spacing-right-medium:5.76%;--awb-spacing-left-medium:5.76%;--awb-width-small:100%;--awb-order-small:0;--awb-spacing-right-small:1.92%;--awb-spacing-left-small:1.92%;\"><div class=\"fusion-column-wrapper fusion-column-has-shadow fusion-flex-justify-content-flex-start fusion-content-layout-block\"><div class=\"fusion-text fusion-text-10\" style=\"--awb-margin-top:-30px;\"><h4><a href=\"https:\/\/elmontgomery.com\/services\/water-supply-recharge\/alternative-water-supplies\/\" data-no-translation=\"\">Alternative Water Supplies<\/a><\/h4>\n<\/div><div class=\"fusion-text fusion-text-11\" style=\"--awb-margin-top:-20px;\"><ul>\n<li>Exploraci\u00f3n y desarrollo de aguas subterr\u00e1neas salobres<\/li>\n<li><span style=\"color: var(--awb-text-color); font-family: var(--awb-text-font-family); font-size: var(--awb-font-size); font-style: var(--awb-text-font-style); font-weight: var(--awb-text-font-weight); letter-spacing: var(--awb-letter-spacing); text-align: var(--awb-content-alignment); text-transform: var(--awb-text-transform); background-color: var(--awb-bg-color);\">Uso de fuentes de agua subterr\u00e1nea de mala calidad<\/span><\/li>\n<li>Integraci\u00f3n de agua reciclada<\/li>\n<\/ul>\n<\/div><\/div><\/div><\/div><\/div><div class=\"fusion-fullwidth fullwidth-box fusion-builder-row-3 fusion-flex-container has-pattern-background has-mask-background nonhundred-percent-fullwidth non-hundred-percent-height-scrolling\" style=\"--awb-border-radius-top-left:0px;--awb-border-radius-top-right:0px;--awb-border-radius-bottom-right:0px;--awb-border-radius-bottom-left:0px;--awb-padding-right:0px;--awb-flex-wrap:wrap;\" ><div class=\"fusion-builder-row fusion-row fusion-flex-align-items-flex-start fusion-flex-content-wrap\" style=\"max-width:1248px;margin-left: calc(-4% \/ 2 );margin-right: calc(-4% \/ 2 );\"><div class=\"fusion-layout-column fusion_builder_column fusion-builder-column-6 fusion_builder_column_1_1 1_1 fusion-flex-column fusion-flex-align-self-center\" style=\"--awb-padding-top:0px;--awb-bg-color:var(--awb-color1);--awb-bg-color-hover:var(--awb-color1);--awb-bg-image:radial-gradient(circle at center center, var(--awb-color4) 0%,var(--awb-color1) 100%);--awb-bg-size:cover;--awb-width-large:100%;--awb-margin-top-large:10px;--awb-spacing-right-large:1.92%;--awb-margin-bottom-large:0px;--awb-spacing-left-large:1.92%;--awb-width-medium:100%;--awb-order-medium:0;--awb-spacing-right-medium:1.92%;--awb-spacing-left-medium:1.92%;--awb-width-small:100%;--awb-order-small:0;--awb-spacing-right-small:1.92%;--awb-spacing-left-small:1.92%;\"><div class=\"fusion-column-wrapper fusion-column-has-shadow fusion-flex-justify-content-center fusion-content-layout-row fusion-flex-align-items-center\"><div class=\"fusion-text fusion-text-12\" style=\"--awb-content-alignment:center;--awb-font-size:22px;--awb-text-transform:capitalize;--awb-text-color:var(--awb-color6);--awb-margin-top:15px;\"><p style=\"text-align: center;\"><strong>Clientes representativos<\/strong><\/p>\n<\/div><\/div><\/div><div class=\"fusion-layout-column fusion_builder_column fusion-builder-column-7 fusion_builder_column_1_2 1_2 fusion-flex-column\" style=\"--awb-padding-left:0px;--awb-bg-color:var(--awb-color1);--awb-bg-color-hover:var(--awb-color1);--awb-bg-size:cover;--awb-width-large:50%;--awb-margin-top-large:10px;--awb-spacing-right-large:4.224%;--awb-margin-bottom-large:20px;--awb-spacing-left-large:4.032%;--awb-width-medium:50%;--awb-order-medium:0;--awb-spacing-right-medium:4.224%;--awb-spacing-left-medium:4.032%;--awb-width-small:100%;--awb-order-small:0;--awb-spacing-right-small:1.92%;--awb-spacing-left-small:1.92%;\"><div class=\"fusion-column-wrapper fusion-column-has-shadow fusion-flex-justify-content-center fusion-content-layout-column\"><div class=\"fusion-text fusion-text-13\" style=\"--awb-line-height:1.15;\"><p>Distrito de Agua del Condado de Alameda<\/p>\n<p>Antelope Valley-East Kern Water Agency<\/p>\n<p>Arizona Department of Transportation<\/p>\n<p>Arizona Solar One, Solana Generating Station<\/p>\n<p>Arizona Public Service (Pinnacle West)<\/p>\n<p>The Boeing Company<\/p>\n<p>Distrito de Reabastecimiento de Agua Subterr\u00e1nea del Centro de Arizona<\/p>\n<p>Central Arizona Project <\/p>\n<p><span style=\"letter-spacing: 0.27px;\">City of Avondale<\/span><\/p>\n<p>City of Glendale<\/p>\n<p>El Paso Water Utilities<\/p>\n<p>Global Water<\/p>\n<p>Distrito de Parques y Recreaci\u00f3n del \u00c1rea de Hayward<\/p>\n<p>Liberty Utilities<\/p>\n<p>Maricopa-Stanfield Irrigation &amp; Drainage District<\/p>\n<\/div><\/div><\/div><div class=\"fusion-layout-column fusion_builder_column fusion-builder-column-8 fusion_builder_column_1_2 1_2 fusion-flex-column\" style=\"--awb-bg-color:var(--awb-color1);--awb-bg-color-hover:var(--awb-color1);--awb-bg-size:cover;--awb-width-large:50%;--awb-margin-top-large:10px;--awb-spacing-right-large:0px;--awb-margin-bottom-large:20px;--awb-spacing-left-large:0px;--awb-width-medium:50%;--awb-order-medium:0;--awb-spacing-right-medium:0px;--awb-spacing-left-medium:0px;--awb-width-small:100%;--awb-order-small:0;--awb-spacing-right-small:1.92%;--awb-spacing-left-small:1.92%;\"><div class=\"fusion-column-wrapper fusion-column-has-shadow fusion-flex-justify-content-center fusion-content-layout-column\"><div class=\"fusion-text fusion-text-14\" style=\"--awb-line-height:1.15;\"><p><span style=\"letter-spacing: 0.27px;\">Agencia de Recursos H\u00eddricos del Condado de Monterey<\/span><\/p>\n<p>Agencia de Gesti\u00f3n del Agua del Valle del P\u00e1jaro<\/p>\n<p>Palmdale Water District<\/p>\n<p>Pima County Regional Wastewater Reclamation Department<\/p>\n<p>Sacramento Suburban Water District<\/p>\n<p>Salinas Valley Basin Groundwater Sustainability Agency<\/p>\n<p>Agencia de Sostenibilidad de las Aguas Subterr\u00e1neas de Santa Margarita<\/p>\n<p>Distrito de Agua de Scotts Valley<\/p>\n<p>Administrador de aguas de la cuenca costera<\/p>\n<p>Soquel Creek Water District<\/p>\n<p>Town of Marana<\/p>\n<p>Town of Prescott Valley<\/p>\n<p>Tucson Electric Power Company<\/p>\n<p>Tucson Water \/ City of Tucson<\/p>\n<\/div><\/div><\/div><\/div><\/div><\/p>","protected":false},"excerpt":{"rendered":"","protected":false},"author":1,"featured_media":0,"parent":30,"menu_order":0,"comment_status":"closed","ping_status":"closed","template":"","meta":{"footnotes":""},"class_list":["post-215","page","type-page","status-publish","hentry"],"yoast_head":"<!-- This site is optimized with the Yoast SEO plugin v27.3 - https:\/\/yoast.com\/product\/yoast-seo-wordpress\/ -->\n<title>Water Supply &amp; Recharge - Montgomery &amp; Associates<\/title>\n<meta name=\"description\" content=\"Design, supervision, and long-term management services for a range of water resource projects including wellfield services, managed aquifer recharge, and indirect potable reuse\" \/>\n<meta name=\"robots\" content=\"index, follow, max-snippet:-1, max-image-preview:large, max-video-preview:-1\" \/>\n<link rel=\"canonical\" href=\"https:\/\/elmontgomery.com\/es\/services\/water-supply-recharge\/\" \/>\n<meta property=\"og:locale\" content=\"es_ES\" \/>\n<meta property=\"og:type\" content=\"article\" \/>\n<meta property=\"og:title\" content=\"Water Supply &amp; Recharge - Montgomery &amp; Associates\" \/>\n<meta property=\"og:description\" content=\"Design, supervision, and long-term management services for a range of water resource projects including wellfield services, managed aquifer recharge, and indirect potable reuse\" \/>\n<meta property=\"og:url\" content=\"https:\/\/elmontgomery.com\/es\/services\/water-supply-recharge\/\" \/>\n<meta property=\"og:site_name\" content=\"Montgomery &amp; Associates\" \/>\n<meta property=\"article:modified_time\" content=\"2025-08-14T23:11:29+00:00\" \/>\n<meta name=\"twitter:card\" content=\"summary_large_image\" \/>\n<meta name=\"twitter:label1\" content=\"Tiempo estimado de lectura\" \/>\n\t<meta name=\"twitter:data1\" content=\"5 minutos\" \/>\n<script type=\"application\/ld+json\" class=\"yoast-schema-graph\">{\"@context\":\"https:\\\/\\\/schema.org\",\"@graph\":[{\"@type\":\"WebPage\",\"@id\":\"https:\\\/\\\/elmontgomery.com\\\/services\\\/water-supply-recharge\\\/\",\"url\":\"https:\\\/\\\/elmontgomery.com\\\/services\\\/water-supply-recharge\\\/\",\"name\":\"Water Supply & Recharge - Montgomery &amp; Associates\",\"isPartOf\":{\"@id\":\"https:\\\/\\\/elmontgomery.com\\\/#website\"},\"datePublished\":\"2022-06-16T20:11:27+00:00\",\"dateModified\":\"2025-08-14T23:11:29+00:00\",\"description\":\"Design, supervision, and long-term management services for a range of water resource projects including wellfield services, managed aquifer recharge, and indirect potable reuse\",\"breadcrumb\":{\"@id\":\"https:\\\/\\\/elmontgomery.com\\\/services\\\/water-supply-recharge\\\/#breadcrumb\"},\"inLanguage\":\"es-CL\",\"potentialAction\":[{\"@type\":\"ReadAction\",\"target\":[\"https:\\\/\\\/elmontgomery.com\\\/services\\\/water-supply-recharge\\\/\"]}]},{\"@type\":\"BreadcrumbList\",\"@id\":\"https:\\\/\\\/elmontgomery.com\\\/services\\\/water-supply-recharge\\\/#breadcrumb\",\"itemListElement\":[{\"@type\":\"ListItem\",\"position\":1,\"name\":\"Home\",\"item\":\"https:\\\/\\\/elmontgomery.com\\\/\"},{\"@type\":\"ListItem\",\"position\":2,\"name\":\"Services\",\"item\":\"https:\\\/\\\/elmontgomery.com\\\/services\\\/\"},{\"@type\":\"ListItem\",\"position\":3,\"name\":\"Water Supply &#038; Recharge\"}]},{\"@type\":\"WebSite\",\"@id\":\"https:\\\/\\\/elmontgomery.com\\\/#website\",\"url\":\"https:\\\/\\\/elmontgomery.com\\\/\",\"name\":\"Montgomery &amp; Associates\",\"description\":\"Water Resource Consultants\",\"publisher\":{\"@id\":\"https:\\\/\\\/elmontgomery.com\\\/#organization\"},\"potentialAction\":[{\"@type\":\"SearchAction\",\"target\":{\"@type\":\"EntryPoint\",\"urlTemplate\":\"https:\\\/\\\/elmontgomery.com\\\/?s={search_term_string}\"},\"query-input\":{\"@type\":\"PropertyValueSpecification\",\"valueRequired\":true,\"valueName\":\"search_term_string\"}}],\"inLanguage\":\"es-CL\"},{\"@type\":\"Organization\",\"@id\":\"https:\\\/\\\/elmontgomery.com\\\/#organization\",\"name\":\"Montgomery &amp; Associates\",\"url\":\"https:\\\/\\\/elmontgomery.com\\\/\",\"logo\":{\"@type\":\"ImageObject\",\"inLanguage\":\"es-CL\",\"@id\":\"https:\\\/\\\/elmontgomery.com\\\/#\\\/schema\\\/logo\\\/image\\\/\",\"url\":\"https:\\\/\\\/elmontgomery.com\\\/wp-content\\\/uploads\\\/2022\\\/09\\\/MA_RGB_hrz_tag-1.png\",\"contentUrl\":\"https:\\\/\\\/elmontgomery.com\\\/wp-content\\\/uploads\\\/2022\\\/09\\\/MA_RGB_hrz_tag-1.png\",\"width\":1833,\"height\":533,\"caption\":\"Montgomery &amp; Associates\"},\"image\":{\"@id\":\"https:\\\/\\\/elmontgomery.com\\\/#\\\/schema\\\/logo\\\/image\\\/\"},\"sameAs\":[\"https:\\\/\\\/www.linkedin.com\\\/company\\\/2434577\\\/\"]}]}<\/script>\n<!-- \/ Yoast SEO plugin. -->","yoast_head_json":{"title":"Suministro y recarga de agua - Montgomery &amp; Associates","description":"Servicios de dise\u00f1o, supervisi\u00f3n y gesti\u00f3n a largo plazo para una variedad de proyectos de recursos h\u00eddricos, incluidos servicios de pozos, recarga de acu\u00edferos gestionada y reutilizaci\u00f3n potable indirecta.","robots":{"index":"index","follow":"follow","max-snippet":"max-snippet:-1","max-image-preview":"max-image-preview:large","max-video-preview":"max-video-preview:-1"},"canonical":"https:\/\/elmontgomery.com\/es\/services\/water-supply-recharge\/","og_locale":"es_ES","og_type":"article","og_title":"Water Supply & Recharge - Montgomery &amp; Associates","og_description":"Design, supervision, and long-term management services for a range of water resource projects including wellfield services, managed aquifer recharge, and indirect potable reuse","og_url":"https:\/\/elmontgomery.com\/es\/services\/water-supply-recharge\/","og_site_name":"Montgomery &amp; Associates","article_modified_time":"2025-08-14T23:11:29+00:00","twitter_card":"summary_large_image","twitter_misc":{"Tiempo estimado de lectura":"5 minutos"},"schema":{"@context":"https:\/\/schema.org","@graph":[{"@type":"WebPage","@id":"https:\/\/elmontgomery.com\/services\/water-supply-recharge\/","url":"https:\/\/elmontgomery.com\/services\/water-supply-recharge\/","name":"Suministro y recarga de agua - Montgomery &amp; Associates","isPartOf":{"@id":"https:\/\/elmontgomery.com\/#website"},"datePublished":"2022-06-16T20:11:27+00:00","dateModified":"2025-08-14T23:11:29+00:00","description":"Servicios de dise\u00f1o, supervisi\u00f3n y gesti\u00f3n a largo plazo para una variedad de proyectos de recursos h\u00eddricos, incluidos servicios de pozos, recarga de acu\u00edferos gestionada y reutilizaci\u00f3n potable indirecta.","breadcrumb":{"@id":"https:\/\/elmontgomery.com\/services\/water-supply-recharge\/#breadcrumb"},"inLanguage":"es-CL","potentialAction":[{"@type":"ReadAction","target":["https:\/\/elmontgomery.com\/services\/water-supply-recharge\/"]}]},{"@type":"BreadcrumbList","@id":"https:\/\/elmontgomery.com\/services\/water-supply-recharge\/#breadcrumb","itemListElement":[{"@type":"ListItem","position":1,"name":"Home","item":"https:\/\/elmontgomery.com\/"},{"@type":"ListItem","position":2,"name":"Services","item":"https:\/\/elmontgomery.com\/services\/"},{"@type":"ListItem","position":3,"name":"Water Supply &#038; Recharge"}]},{"@type":"WebSite","@id":"https:\/\/elmontgomery.com\/#website","url":"https:\/\/elmontgomery.com\/","name":"Montgomery y asociados","description":"Consultores de recursos h\u00eddricos","publisher":{"@id":"https:\/\/elmontgomery.com\/#organization"},"potentialAction":[{"@type":"SearchAction","target":{"@type":"EntryPoint","urlTemplate":"https:\/\/elmontgomery.com\/?s={search_term_string}"},"query-input":{"@type":"PropertyValueSpecification","valueRequired":true,"valueName":"search_term_string"}}],"inLanguage":"es-CL"},{"@type":"Organization","@id":"https:\/\/elmontgomery.com\/#organization","name":"Montgomery y asociados","url":"https:\/\/elmontgomery.com\/","logo":{"@type":"ImageObject","inLanguage":"es-CL","@id":"https:\/\/elmontgomery.com\/#\/schema\/logo\/image\/","url":"https:\/\/elmontgomery.com\/wp-content\/uploads\/2022\/09\/MA_RGB_hrz_tag-1.png","contentUrl":"https:\/\/elmontgomery.com\/wp-content\/uploads\/2022\/09\/MA_RGB_hrz_tag-1.png","width":1833,"height":533,"caption":"Montgomery &amp; Associates"},"image":{"@id":"https:\/\/elmontgomery.com\/#\/schema\/logo\/image\/"},"sameAs":["https:\/\/www.linkedin.com\/company\/2434577\/"]}]}},"_links":{"self":[{"href":"https:\/\/elmontgomery.com\/es\/wp-json\/wp\/v2\/pages\/215","targetHints":{"allow":["GET"]}}],"collection":[{"href":"https:\/\/elmontgomery.com\/es\/wp-json\/wp\/v2\/pages"}],"about":[{"href":"https:\/\/elmontgomery.com\/es\/wp-json\/wp\/v2\/types\/page"}],"author":[{"embeddable":true,"href":"https:\/\/elmontgomery.com\/es\/wp-json\/wp\/v2\/users\/1"}],"replies":[{"embeddable":true,"href":"https:\/\/elmontgomery.com\/es\/wp-json\/wp\/v2\/comments?post=215"}],"version-history":[{"count":45,"href":"https:\/\/elmontgomery.com\/es\/wp-json\/wp\/v2\/pages\/215\/revisions"}],"predecessor-version":[{"id":13190,"href":"https:\/\/elmontgomery.com\/es\/wp-json\/wp\/v2\/pages\/215\/revisions\/13190"}],"up":[{"embeddable":true,"href":"https:\/\/elmontgomery.com\/es\/wp-json\/wp\/v2\/pages\/30"}],"wp:attachment":[{"href":"https:\/\/elmontgomery.com\/es\/wp-json\/wp\/v2\/media?parent=215"}],"curies":[{"name":"Gracias","href":"https:\/\/api.w.org\/{rel}","templated":true}]}}