{"id":13046,"date":"2025-06-24T15:47:10","date_gmt":"2025-06-24T22:47:10","guid":{"rendered":"https:\/\/elmontgomery.com\/?page_id=13046"},"modified":"2025-06-24T15:56:23","modified_gmt":"2025-06-24T22:56:23","slug":"indirect-potable-reuse","status":"publish","type":"page","link":"https:\/\/elmontgomery.com\/es\/services\/water-supply-recharge\/indirect-potable-reuse\/","title":{"rendered":"Reutilizaci\u00f3n indirecta de agua potable"},"content":{"rendered":"<div class=\"fusion-fullwidth fullwidth-box fusion-builder-row-1 fusion-flex-container nonhundred-percent-fullwidth non-hundred-percent-height-scrolling\" style=\"--awb-border-radius-top-left:0px;--awb-border-radius-top-right:0px;--awb-border-radius-bottom-right:0px;--awb-border-radius-bottom-left:0px;--awb-flex-wrap:wrap;\" ><div class=\"fusion-builder-row fusion-row fusion-flex-align-items-flex-start fusion-flex-content-wrap\" style=\"max-width:1248px;margin-left: calc(-4% \/ 2 );margin-right: calc(-4% \/ 2 );\"><div class=\"fusion-layout-column fusion_builder_column fusion-builder-column-0 fusion_builder_column_1_1 1_1 fusion-flex-column\" style=\"--awb-bg-size:cover;--awb-width-large:100%;--awb-margin-top-large:0px;--awb-spacing-right-large:1.92%;--awb-margin-bottom-large:20px;--awb-spacing-left-large:1.92%;--awb-width-medium:100%;--awb-order-medium:0;--awb-spacing-right-medium:1.92%;--awb-spacing-left-medium:1.92%;--awb-width-small:100%;--awb-order-small:0;--awb-spacing-right-small:1.92%;--awb-spacing-left-small:1.92%;\"><div class=\"fusion-column-wrapper fusion-column-has-shadow fusion-flex-justify-content-flex-start fusion-content-layout-column\"><div class=\"fusion-text fusion-text-1\" style=\"--awb-font-size:26px;--awb-line-height:30px;--awb-text-color:var(--awb-color6);\"><p>Aumentar la disponibilidad de agua con la reposici\u00f3n de aguas subterr\u00e1neas<\/p>\n<\/div><\/div><\/div><div class=\"fusion-layout-column fusion_builder_column fusion-builder-column-1 fusion_builder_column_1_1 1_1 fusion-flex-column\" style=\"--awb-bg-blend:overlay;--awb-bg-size:cover;--awb-width-large:100%;--awb-margin-top-large:-10px;--awb-spacing-right-large:1.92%;--awb-margin-bottom-large:0px;--awb-spacing-left-large:1.92%;--awb-width-medium:100%;--awb-spacing-right-medium:1.92%;--awb-spacing-left-medium:1.92%;--awb-width-small:100%;--awb-spacing-right-small:1.92%;--awb-spacing-left-small:1.92%;\"><div class=\"fusion-column-wrapper fusion-flex-justify-content-flex-start fusion-content-layout-column\"><div class=\"fusion-text fusion-text-2\"><p>La reposici\u00f3n de aguas subterr\u00e1neas es un tipo de reutilizaci\u00f3n potable indirecta (RPI) en la que las aguas residuales, purificadas mediante un proceso de tratamiento avanzado, se recargan en el acu\u00edfero subterr\u00e1neo para reponer o aumentar el suministro de agua. Esta estrategia se utiliza com\u00fanmente para reducir la sobreexplotaci\u00f3n de las aguas subterr\u00e1neas y contribuir a aumentar la disponibilidad de agua, especialmente en zonas con escasez de agua o sequ\u00eda. La RPI puede ayudar a gestionar la intrusi\u00f3n de agua de mar en zonas costeras y reducir la dependencia de fuentes externas de agua, aumentando as\u00ed la resiliencia de las comunidades ante la sequ\u00eda y otros desaf\u00edos relacionados con el agua.<\/p>\n<p>M&amp;A ha brindado servicios de consultor\u00eda hidrogeol\u00f3gica en varios proyectos de reposici\u00f3n de aguas subterr\u00e1neas o IPR en California y Arizona para ayudar a los clientes a aumentar los suministros de agua potable, mitigar la intrusi\u00f3n de agua de mar y lograr la sostenibilidad de las aguas subterr\u00e1neas.<\/p>\n<h3 class=\"fusion-responsive-typography-calculated\" style=\"--fontsize: 36; line-height: 1.2;\" data-fontsize=\"36\" data-lineheight=\"43.2px\">Capacidades<\/h3>\n<ul>\n<li>Investigaci\u00f3n de las condiciones hidrogeol\u00f3gicas<\/li>\n<li>Planificaci\u00f3n y dise\u00f1o de proyecto conceptual<\/li>\n<li>Realizaci\u00f3n de modelos de flujo de aguas subterr\u00e1neas y transporte de contaminantes<\/li>\n<li>Ubicaci\u00f3n, dise\u00f1o, instalaci\u00f3n y prueba de pozos de inyecci\u00f3n<\/li>\n<li>Destrucci\u00f3n\/abandono de pozos municipales inactivos<\/li>\n<li>Ubicaci\u00f3n, dise\u00f1o, instalaci\u00f3n y muestreo de pozos de monitoreo<\/li>\n<li>Realizaci\u00f3n de estudios de trazadores<\/li>\n<li>Permisos<\/li>\n<\/ul>\n<p><em><small>Cr\u00e9dito de la foto: Kevin Painchaud \/ Lookout Santa Cruz<\/small><\/em><\/p>\n<\/div><\/div><\/div><div class=\"fusion-layout-column fusion_builder_column fusion-builder-column-2 fusion_builder_column_1_1 1_1 fusion-flex-column\" style=\"--awb-bg-size:cover;--awb-width-large:100%;--awb-margin-top-large:0px;--awb-spacing-right-large:1.92%;--awb-margin-bottom-large:20px;--awb-spacing-left-large:1.92%;--awb-width-medium:100%;--awb-order-medium:0;--awb-spacing-right-medium:1.92%;--awb-spacing-left-medium:1.92%;--awb-width-small:100%;--awb-order-small:0;--awb-spacing-right-small:1.92%;--awb-spacing-left-small:1.92%;\"><div class=\"fusion-column-wrapper fusion-column-has-shadow fusion-flex-justify-content-flex-start fusion-content-layout-column\"><div style=\"text-align:center;\"><a class=\"fusion-button button-flat fusion-button-default-size button-custom fusion-button-default button-1 fusion-button-default-span fusion-button-default-type\" style=\"--button_accent_color:var(--awb-color1);--button_accent_hover_color:var(--awb-color1);--button_border_hover_color:var(--awb-color1);--button-border-radius-top-left:0;--button-border-radius-top-right:0;--button-border-radius-bottom-right:0;--button-border-radius-bottom-left:0;--button_gradient_top_color:var(--awb-color5);--button_gradient_bottom_color:var(--awb-color5);--button_gradient_top_color_hover:var(--awb-color6);--button_gradient_bottom_color_hover:var(--awb-color6);--button_font_size:20px;\" target=\"_self\" href=\"https:\/\/elmontgomery.com\/projects\/\" data-no-translation=\"\"><span class=\"fusion-button-text awb-button__text awb-button__text--default\">View Example Projects<\/span><i class=\"fa-angle-double-right fas awb-button__icon awb-button__icon--default button-icon-right\" aria-hidden=\"true\"><\/i><\/a><\/div><\/div><\/div><\/div><\/div>","protected":false},"excerpt":{"rendered":"","protected":false},"author":4,"featured_media":0,"parent":215,"menu_order":0,"comment_status":"closed","ping_status":"closed","template":"","meta":{"footnotes":""},"class_list":["post-13046","page","type-page","status-publish","hentry"],"yoast_head":"<!-- This site is optimized with the Yoast SEO plugin v27.3 - https:\/\/yoast.com\/product\/yoast-seo-wordpress\/ -->\n<title>Indirect Potable Reuse - Montgomery &amp; Associates<\/title>\n<meta name=\"description\" content=\"Goundwater replenishment is a type of indirect potable reuse (IPR) where wastewater\u2013purified with an advanced treatment process\u2013is recharged into the groundwater aquifer to replenish or augment the water supply.\" \/>\n<meta name=\"robots\" content=\"index, follow, max-snippet:-1, max-image-preview:large, max-video-preview:-1\" \/>\n<link rel=\"canonical\" href=\"https:\/\/elmontgomery.com\/es\/services\/water-supply-recharge\/indirect-potable-reuse\/\" \/>\n<meta property=\"og:locale\" content=\"es_ES\" \/>\n<meta property=\"og:type\" content=\"article\" \/>\n<meta property=\"og:title\" content=\"Indirect Potable Reuse - Montgomery &amp; Associates\" \/>\n<meta property=\"og:description\" content=\"Goundwater replenishment is a type of indirect potable reuse (IPR) where wastewater\u2013purified with an advanced treatment process\u2013is recharged into the groundwater aquifer to replenish or augment the water supply.\" \/>\n<meta property=\"og:url\" content=\"https:\/\/elmontgomery.com\/es\/services\/water-supply-recharge\/indirect-potable-reuse\/\" \/>\n<meta property=\"og:site_name\" content=\"Montgomery &amp; Associates\" \/>\n<meta property=\"article:modified_time\" content=\"2025-06-24T22:56:23+00:00\" \/>\n<meta name=\"twitter:card\" content=\"summary_large_image\" \/>\n<meta name=\"twitter:label1\" content=\"Tiempo estimado de lectura\" \/>\n\t<meta name=\"twitter:data1\" content=\"2 minutos\" \/>\n<script type=\"application\/ld+json\" class=\"yoast-schema-graph\">{\"@context\":\"https:\\\/\\\/schema.org\",\"@graph\":[{\"@type\":\"WebPage\",\"@id\":\"https:\\\/\\\/elmontgomery.com\\\/services\\\/water-supply-recharge\\\/indirect-potable-reuse\\\/\",\"url\":\"https:\\\/\\\/elmontgomery.com\\\/services\\\/water-supply-recharge\\\/indirect-potable-reuse\\\/\",\"name\":\"Indirect Potable Reuse - Montgomery &amp; Associates\",\"isPartOf\":{\"@id\":\"https:\\\/\\\/elmontgomery.com\\\/#website\"},\"datePublished\":\"2025-06-24T22:47:10+00:00\",\"dateModified\":\"2025-06-24T22:56:23+00:00\",\"description\":\"Goundwater replenishment is a type of indirect potable reuse (IPR) where wastewater\u2013purified with an advanced treatment process\u2013is recharged into the groundwater aquifer to replenish or augment the water supply.\",\"breadcrumb\":{\"@id\":\"https:\\\/\\\/elmontgomery.com\\\/services\\\/water-supply-recharge\\\/indirect-potable-reuse\\\/#breadcrumb\"},\"inLanguage\":\"es-CL\",\"potentialAction\":[{\"@type\":\"ReadAction\",\"target\":[\"https:\\\/\\\/elmontgomery.com\\\/services\\\/water-supply-recharge\\\/indirect-potable-reuse\\\/\"]}]},{\"@type\":\"BreadcrumbList\",\"@id\":\"https:\\\/\\\/elmontgomery.com\\\/services\\\/water-supply-recharge\\\/indirect-potable-reuse\\\/#breadcrumb\",\"itemListElement\":[{\"@type\":\"ListItem\",\"position\":1,\"name\":\"Home\",\"item\":\"https:\\\/\\\/elmontgomery.com\\\/\"},{\"@type\":\"ListItem\",\"position\":2,\"name\":\"Services\",\"item\":\"https:\\\/\\\/elmontgomery.com\\\/services\\\/\"},{\"@type\":\"ListItem\",\"position\":3,\"name\":\"Water Supply &#038; Recharge\",\"item\":\"https:\\\/\\\/elmontgomery.com\\\/services\\\/water-supply-recharge\\\/\"},{\"@type\":\"ListItem\",\"position\":4,\"name\":\"Indirect Potable Reuse\"}]},{\"@type\":\"WebSite\",\"@id\":\"https:\\\/\\\/elmontgomery.com\\\/#website\",\"url\":\"https:\\\/\\\/elmontgomery.com\\\/\",\"name\":\"Montgomery &amp; Associates\",\"description\":\"Water Resource Consultants\",\"publisher\":{\"@id\":\"https:\\\/\\\/elmontgomery.com\\\/#organization\"},\"potentialAction\":[{\"@type\":\"SearchAction\",\"target\":{\"@type\":\"EntryPoint\",\"urlTemplate\":\"https:\\\/\\\/elmontgomery.com\\\/?s={search_term_string}\"},\"query-input\":{\"@type\":\"PropertyValueSpecification\",\"valueRequired\":true,\"valueName\":\"search_term_string\"}}],\"inLanguage\":\"es-CL\"},{\"@type\":\"Organization\",\"@id\":\"https:\\\/\\\/elmontgomery.com\\\/#organization\",\"name\":\"Montgomery &amp; Associates\",\"url\":\"https:\\\/\\\/elmontgomery.com\\\/\",\"logo\":{\"@type\":\"ImageObject\",\"inLanguage\":\"es-CL\",\"@id\":\"https:\\\/\\\/elmontgomery.com\\\/#\\\/schema\\\/logo\\\/image\\\/\",\"url\":\"https:\\\/\\\/elmontgomery.com\\\/wp-content\\\/uploads\\\/2022\\\/09\\\/MA_RGB_hrz_tag-1.png\",\"contentUrl\":\"https:\\\/\\\/elmontgomery.com\\\/wp-content\\\/uploads\\\/2022\\\/09\\\/MA_RGB_hrz_tag-1.png\",\"width\":1833,\"height\":533,\"caption\":\"Montgomery &amp; Associates\"},\"image\":{\"@id\":\"https:\\\/\\\/elmontgomery.com\\\/#\\\/schema\\\/logo\\\/image\\\/\"},\"sameAs\":[\"https:\\\/\\\/www.linkedin.com\\\/company\\\/2434577\\\/\"]}]}<\/script>\n<!-- \/ Yoast SEO plugin. -->","yoast_head_json":{"title":"Reutilizaci\u00f3n indirecta de agua potable - Montgomery &amp; Associates","description":"La reposici\u00f3n de aguas subterr\u00e1neas es un tipo de reutilizaci\u00f3n potable indirecta (IPR) donde las aguas residuales, purificadas con un proceso de tratamiento avanzado, se recargan en el acu\u00edfero subterr\u00e1neo para reponer o aumentar el suministro de agua.","robots":{"index":"index","follow":"follow","max-snippet":"max-snippet:-1","max-image-preview":"max-image-preview:large","max-video-preview":"max-video-preview:-1"},"canonical":"https:\/\/elmontgomery.com\/es\/services\/water-supply-recharge\/indirect-potable-reuse\/","og_locale":"es_ES","og_type":"article","og_title":"Indirect Potable Reuse - Montgomery &amp; Associates","og_description":"Goundwater replenishment is a type of indirect potable reuse (IPR) where wastewater\u2013purified with an advanced treatment process\u2013is recharged into the groundwater aquifer to replenish or augment the water supply.","og_url":"https:\/\/elmontgomery.com\/es\/services\/water-supply-recharge\/indirect-potable-reuse\/","og_site_name":"Montgomery &amp; Associates","article_modified_time":"2025-06-24T22:56:23+00:00","twitter_card":"summary_large_image","twitter_misc":{"Tiempo estimado de lectura":"2 minutos"},"schema":{"@context":"https:\/\/schema.org","@graph":[{"@type":"WebPage","@id":"https:\/\/elmontgomery.com\/services\/water-supply-recharge\/indirect-potable-reuse\/","url":"https:\/\/elmontgomery.com\/services\/water-supply-recharge\/indirect-potable-reuse\/","name":"Reutilizaci\u00f3n indirecta de agua potable - Montgomery &amp; Associates","isPartOf":{"@id":"https:\/\/elmontgomery.com\/#website"},"datePublished":"2025-06-24T22:47:10+00:00","dateModified":"2025-06-24T22:56:23+00:00","description":"La reposici\u00f3n de aguas subterr\u00e1neas es un tipo de reutilizaci\u00f3n potable indirecta (IPR) donde las aguas residuales, purificadas con un proceso de tratamiento avanzado, se recargan en el acu\u00edfero subterr\u00e1neo para reponer o aumentar el suministro de agua.","breadcrumb":{"@id":"https:\/\/elmontgomery.com\/services\/water-supply-recharge\/indirect-potable-reuse\/#breadcrumb"},"inLanguage":"es-CL","potentialAction":[{"@type":"ReadAction","target":["https:\/\/elmontgomery.com\/services\/water-supply-recharge\/indirect-potable-reuse\/"]}]},{"@type":"BreadcrumbList","@id":"https:\/\/elmontgomery.com\/services\/water-supply-recharge\/indirect-potable-reuse\/#breadcrumb","itemListElement":[{"@type":"ListItem","position":1,"name":"Home","item":"https:\/\/elmontgomery.com\/"},{"@type":"ListItem","position":2,"name":"Services","item":"https:\/\/elmontgomery.com\/services\/"},{"@type":"ListItem","position":3,"name":"Water Supply &#038; Recharge","item":"https:\/\/elmontgomery.com\/services\/water-supply-recharge\/"},{"@type":"ListItem","position":4,"name":"Indirect Potable Reuse"}]},{"@type":"WebSite","@id":"https:\/\/elmontgomery.com\/#website","url":"https:\/\/elmontgomery.com\/","name":"Montgomery y asociados","description":"Consultores de recursos h\u00eddricos","publisher":{"@id":"https:\/\/elmontgomery.com\/#organization"},"potentialAction":[{"@type":"SearchAction","target":{"@type":"EntryPoint","urlTemplate":"https:\/\/elmontgomery.com\/?s={search_term_string}"},"query-input":{"@type":"PropertyValueSpecification","valueRequired":true,"valueName":"search_term_string"}}],"inLanguage":"es-CL"},{"@type":"Organization","@id":"https:\/\/elmontgomery.com\/#organization","name":"Montgomery y asociados","url":"https:\/\/elmontgomery.com\/","logo":{"@type":"ImageObject","inLanguage":"es-CL","@id":"https:\/\/elmontgomery.com\/#\/schema\/logo\/image\/","url":"https:\/\/elmontgomery.com\/wp-content\/uploads\/2022\/09\/MA_RGB_hrz_tag-1.png","contentUrl":"https:\/\/elmontgomery.com\/wp-content\/uploads\/2022\/09\/MA_RGB_hrz_tag-1.png","width":1833,"height":533,"caption":"Montgomery &amp; Associates"},"image":{"@id":"https:\/\/elmontgomery.com\/#\/schema\/logo\/image\/"},"sameAs":["https:\/\/www.linkedin.com\/company\/2434577\/"]}]}},"_links":{"self":[{"href":"https:\/\/elmontgomery.com\/es\/wp-json\/wp\/v2\/pages\/13046","targetHints":{"allow":["GET"]}}],"collection":[{"href":"https:\/\/elmontgomery.com\/es\/wp-json\/wp\/v2\/pages"}],"about":[{"href":"https:\/\/elmontgomery.com\/es\/wp-json\/wp\/v2\/types\/page"}],"author":[{"embeddable":true,"href":"https:\/\/elmontgomery.com\/es\/wp-json\/wp\/v2\/users\/4"}],"replies":[{"embeddable":true,"href":"https:\/\/elmontgomery.com\/es\/wp-json\/wp\/v2\/comments?post=13046"}],"version-history":[{"count":4,"href":"https:\/\/elmontgomery.com\/es\/wp-json\/wp\/v2\/pages\/13046\/revisions"}],"predecessor-version":[{"id":13051,"href":"https:\/\/elmontgomery.com\/es\/wp-json\/wp\/v2\/pages\/13046\/revisions\/13051"}],"up":[{"embeddable":true,"href":"https:\/\/elmontgomery.com\/es\/wp-json\/wp\/v2\/pages\/215"}],"wp:attachment":[{"href":"https:\/\/elmontgomery.com\/es\/wp-json\/wp\/v2\/media?parent=13046"}],"curies":[{"name":"Gracias","href":"https:\/\/api.w.org\/{rel}","templated":true}]}}