{"id":12083,"date":"2024-08-30T17:08:00","date_gmt":"2024-08-31T00:08:00","guid":{"rendered":"https:\/\/elmontgomery.com\/?page_id=12083"},"modified":"2025-08-18T16:42:56","modified_gmt":"2025-08-18T23:42:56","slug":"south-america-operations","status":"publish","type":"page","link":"https:\/\/elmontgomery.com\/es\/south-america-operations\/","title":{"rendered":"Operaciones en Sudam\u00e9rica"},"content":{"rendered":"<div class=\"fusion-fullwidth fullwidth-box fusion-builder-row-1 fusion-flex-container has-pattern-background has-mask-background nonhundred-percent-fullwidth non-hundred-percent-height-scrolling\" style=\"--awb-border-radius-top-left:0px;--awb-border-radius-top-right:0px;--awb-border-radius-bottom-right:0px;--awb-border-radius-bottom-left:0px;--awb-flex-wrap:wrap;\" ><div class=\"fusion-builder-row fusion-row fusion-flex-align-items-flex-start fusion-flex-content-wrap\" style=\"max-width:1248px;margin-left: calc(-4% \/ 2 );margin-right: calc(-4% \/ 2 );\"><div class=\"fusion-layout-column fusion_builder_column fusion-builder-column-0 fusion_builder_column_1_1 1_1 fusion-flex-column\" style=\"--awb-bg-size:cover;--awb-width-large:100%;--awb-margin-top-large:0px;--awb-spacing-right-large:1.92%;--awb-margin-bottom-large:20px;--awb-spacing-left-large:1.92%;--awb-width-medium:100%;--awb-order-medium:0;--awb-spacing-right-medium:1.92%;--awb-spacing-left-medium:1.92%;--awb-width-small:100%;--awb-order-small:0;--awb-spacing-right-small:1.92%;--awb-spacing-left-small:1.92%;\"><div class=\"fusion-column-wrapper fusion-column-has-shadow fusion-flex-justify-content-flex-start fusion-content-layout-column\"><div class=\"fusion-text fusion-text-1 fusion-text-no-margin\"><p>Montgomery &amp; Associates es una empresa l\u00edder en consultor\u00eda de recursos h\u00eddricos desde 1984. Somos expertos en hidrogeolog\u00eda para la miner\u00eda met\u00e1lica y no met\u00e1lica. Trabajando junto con nuestros clientes del oeste de Estados Unidos y Sudam\u00e9rica, creamos soluciones pr\u00e1cticas para los desaf\u00edos de gesti\u00f3n de las aguas subterr\u00e1neas.<\/p>\n<\/div><\/div><\/div><div class=\"fusion-layout-column fusion_builder_column fusion-builder-column-1 fusion_builder_column_1_2 1_2 fusion-flex-column\" style=\"--awb-bg-size:cover;--awb-width-large:50%;--awb-margin-top-large:0px;--awb-spacing-right-large:3.84%;--awb-margin-bottom-large:20px;--awb-spacing-left-large:3.84%;--awb-width-medium:50%;--awb-order-medium:0;--awb-spacing-right-medium:3.84%;--awb-spacing-left-medium:3.84%;--awb-width-small:100%;--awb-order-small:0;--awb-spacing-right-small:1.92%;--awb-spacing-left-small:1.92%;\"><div class=\"fusion-column-wrapper fusion-column-has-shadow fusion-flex-justify-content-flex-start fusion-content-layout-column\"><div class=\"fusion-title title fusion-title-1 fusion-sep-none fusion-title-text fusion-title-size-four\" style=\"--awb-text-color:var(--awb-color6);\"><h4 class=\"fusion-title-heading title-heading-left fusion-responsive-typography-calculated\" style=\"margin:0;--fontSize:27;line-height:var(--awb-typography1-line-height);\">Nuestros servicios<\/h4><\/div><ul style=\"--awb-margin-top:-10px;--awb-item-padding-bottom:20px;--awb-line-height:27.2px;--awb-icon-width:27.2px;--awb-icon-height:27.2px;--awb-icon-margin:11.2px;--awb-content-margin:38.4px;--awb-circlecolor:var(--awb-color4);--awb-circle-yes-font-size:14.08px;\" class=\"fusion-checklist fusion-checklist-1 fusion-checklist-default fusion-checklist-divider type-icons\"><li class=\"fusion-li-item\" style=\"--awb-iconcolor:var(--awb-color5);\"><span class=\"icon-wrapper circle-yes\"><i class=\"fusion-li-icon fa-angle-double-right fas\" aria-hidden=\"true\"><\/i><\/span><div class=\"fusion-li-item-content\">\n<p>Apoyo integral para <a href=\"https:\/\/elmontgomery.com\/services\/water-supply-recharge\/\" data-no-translation=\"\">el dise\u00f1o, supervisi\u00f3n de perforaci\u00f3n, construcci\u00f3n<\/a> y habilitaci\u00f3n de campos de pozos de agua fresca y salmuera<\/p>\n<\/div><\/li><li class=\"fusion-li-item\" style=\"--awb-iconcolor:var(--awb-color5);\"><span class=\"icon-wrapper circle-yes\"><i class=\"fusion-li-icon fa-angle-double-right fas\" aria-hidden=\"true\"><\/i><\/span><div class=\"fusion-li-item-content\">\n<p><a href=\"https:\/\/elmontgomery.com\/services\/modeling\/\" data-no-translation=\"\">Modelamiento<\/a> hidrol\u00f3gico e hidrogeol\u00f3gico<\/p>\n<\/div><\/li><li class=\"fusion-li-item\" style=\"--awb-iconcolor:var(--awb-color5);\"><span class=\"icon-wrapper circle-yes\"><i class=\"fusion-li-icon fa-angle-double-right fas\" aria-hidden=\"true\"><\/i><\/span><div class=\"fusion-li-item-content\">\n<p>Balance h\u00eddrico de cuencas, <a href=\"https:\/\/elmontgomery.com\/services\/water-resource-planning\/\" data-no-translation=\"\">disponibilidad de recursos h\u00eddricos<\/a> y proyecci\u00f3n de efectos hidrol\u00f3gicos del cambio clim\u00e1tico<\/p>\n<\/div><\/li><li class=\"fusion-li-item\" style=\"--awb-iconcolor:var(--awb-color5);\"><span class=\"icon-wrapper circle-yes\"><i class=\"fusion-li-icon fa-angle-double-right fas\" aria-hidden=\"true\"><\/i><\/span><div class=\"fusion-li-item-content\">\n<p>Balanzas de agua de operaciones o sistemas como <a href=\"https:\/\/elmontgomery.com\/services\/modeling\/uncertainty-assessment-and-decision-support-modeling\/\" data-no-translation=\"\">proveedor certificado de soluciones GoldSim<\/a><\/p>\n<\/div><\/li><li class=\"fusion-li-item\" style=\"--awb-iconcolor:var(--awb-color5);\"><span class=\"icon-wrapper circle-yes\"><i class=\"fusion-li-icon fa-angle-double-right fas\" aria-hidden=\"true\"><\/i><\/span><div class=\"fusion-li-item-content\">\n<p>Estimaci\u00f3n de <a href=\"https:\/\/elmontgomery.com\/services\/mining-hydrogeology\/brine-resources-lithium-characterization\/\" data-no-translation=\"\">recursos y reservas en salmuera<\/a> y preparaci\u00f3n de informes t\u00e9cnicos NI 43-101, SK 1300, JORC<\/p>\n<\/div><\/li><\/ul><div class=\"fusion-separator fusion-full-width-sep\" style=\"align-self: center;margin-left: auto;margin-right: auto;margin-bottom:20px;width:100%;\"><div class=\"fusion-separator-border sep-single\" style=\"--awb-height:20px;--awb-amount:20px;--awb-sep-color:var(--awb-color3);border-color:var(--awb-color3);border-top-width:0px;\"><\/div><\/div><\/div><\/div><div class=\"fusion-layout-column fusion_builder_column fusion-builder-column-2 fusion_builder_column_1_4 1_4 fusion-flex-column\" style=\"--awb-bg-size:cover;--awb-width-large:25%;--awb-margin-top-large:40px;--awb-spacing-right-large:7.68%;--awb-margin-bottom-large:20px;--awb-spacing-left-large:7.68%;--awb-width-medium:25%;--awb-order-medium:0;--awb-spacing-right-medium:7.68%;--awb-spacing-left-medium:7.68%;--awb-width-small:100%;--awb-order-small:0;--awb-spacing-right-small:1.92%;--awb-spacing-left-small:1.92%;\"><div class=\"fusion-column-wrapper fusion-column-has-shadow fusion-flex-justify-content-flex-start fusion-content-layout-column\"><div class=\"fusion-image-element\" style=\"text-align:center;--awb-caption-title-font-family:var(--h2_typography-font-family);--awb-caption-title-font-weight:var(--h2_typography-font-weight);--awb-caption-title-font-style:var(--h2_typography-font-style);--awb-caption-title-size:var(--h2_typography-font-size);--awb-caption-title-transform:var(--h2_typography-text-transform);--awb-caption-title-line-height:var(--h2_typography-line-height);--awb-caption-title-letter-spacing:var(--h2_typography-letter-spacing);\"><span class=\"fusion-imageframe imageframe-none imageframe-1 hover-type-none\"><a class=\"fusion-no-lightbox\" href=\"https:\/\/elmontgomery.com\/wp-content\/uploads\/2024\/12\/Santiago-general-services-2025-1.pdf\" target=\"_blank\" aria-label=\"Santiago services brochure\" rel=\"noopener noreferrer\" data-no-translation=\"\"><img decoding=\"async\" width=\"199\" height=\"300\" src=\"https:\/\/elmontgomery.com\/wp-content\/uploads\/2024\/08\/Santiago-services-brochure.png\" data-orig-src=\"https:\/\/elmontgomery.com\/wp-content\/uploads\/2024\/08\/Santiago-services-brochure-199x300.png\" alt class=\"lazyload img-responsive wp-image-12123\" srcset=\"data:image\/svg+xml,%3Csvg%20xmlns%3D%27http%3A%2F%2Fwww.w3.org%2F2000%2Fsvg%27%20width%3D%27604%27%20height%3D%27909%27%20viewBox%3D%270%200%20604%20909%27%3E%3Crect%20width%3D%27604%27%20height%3D%27909%27%20fill-opacity%3D%220%22%2F%3E%3C%2Fsvg%3E\" data-srcset=\"https:\/\/elmontgomery.com\/wp-content\/uploads\/2024\/08\/Santiago-services-brochure-200x301.png 200w, https:\/\/elmontgomery.com\/wp-content\/uploads\/2024\/08\/Santiago-services-brochure-400x602.png 400w, https:\/\/elmontgomery.com\/wp-content\/uploads\/2024\/08\/Santiago-services-brochure-600x903.png 600w, https:\/\/elmontgomery.com\/wp-content\/uploads\/2024\/08\/Santiago-services-brochure.png 604w\" data-sizes=\"auto\" data-orig-sizes=\"(max-width: 640px) 100vw, 400px\" \/><\/a><\/span><\/div><\/div><\/div><div class=\"fusion-layout-column fusion_builder_column fusion-builder-column-3 fusion_builder_column_1_4 1_4 fusion-flex-column\" style=\"--awb-bg-size:cover;--awb-width-large:25%;--awb-margin-top-large:40px;--awb-spacing-right-large:7.68%;--awb-margin-bottom-large:20px;--awb-spacing-left-large:7.68%;--awb-width-medium:25%;--awb-order-medium:0;--awb-spacing-right-medium:7.68%;--awb-spacing-left-medium:7.68%;--awb-width-small:100%;--awb-order-small:0;--awb-spacing-right-small:1.92%;--awb-spacing-left-small:1.92%;\"><div class=\"fusion-column-wrapper fusion-column-has-shadow fusion-flex-justify-content-flex-start fusion-content-layout-column\"><div class=\"fusion-image-element\" style=\"text-align:center;--awb-caption-title-font-family:var(--h2_typography-font-family);--awb-caption-title-font-weight:var(--h2_typography-font-weight);--awb-caption-title-font-style:var(--h2_typography-font-style);--awb-caption-title-size:var(--h2_typography-font-size);--awb-caption-title-transform:var(--h2_typography-text-transform);--awb-caption-title-line-height:var(--h2_typography-line-height);--awb-caption-title-letter-spacing:var(--h2_typography-letter-spacing);\"><span class=\"fusion-imageframe imageframe-none imageframe-2 hover-type-none\"><a class=\"fusion-no-lightbox\" href=\"https:\/\/elmontgomery.com\/wp-content\/uploads\/2024\/12\/Santiago-lithium-2025-1.pdf\" target=\"_blank\" aria-label=\"Santiago lithium brochure\" rel=\"noopener noreferrer\" data-no-translation=\"\"><img decoding=\"async\" width=\"205\" height=\"300\" src=\"https:\/\/elmontgomery.com\/wp-content\/uploads\/2024\/08\/Santiago-lithium-brochure-.png\" data-orig-src=\"https:\/\/elmontgomery.com\/wp-content\/uploads\/2024\/08\/Santiago-lithium-brochure--205x300.png\" alt class=\"lazyload img-responsive wp-image-12124\" srcset=\"data:image\/svg+xml,%3Csvg%20xmlns%3D%27http%3A%2F%2Fwww.w3.org%2F2000%2Fsvg%27%20width%3D%27600%27%20height%3D%27876%27%20viewBox%3D%270%200%20600%20876%27%3E%3Crect%20width%3D%27600%27%20height%3D%27876%27%20fill-opacity%3D%220%22%2F%3E%3C%2Fsvg%3E\" data-srcset=\"https:\/\/elmontgomery.com\/wp-content\/uploads\/2024\/08\/Santiago-lithium-brochure--200x292.png 200w, https:\/\/elmontgomery.com\/wp-content\/uploads\/2024\/08\/Santiago-lithium-brochure--400x584.png 400w, https:\/\/elmontgomery.com\/wp-content\/uploads\/2024\/08\/Santiago-lithium-brochure-.png 600w\" data-sizes=\"auto\" data-orig-sizes=\"(max-width: 640px) 100vw, 400px\" \/><\/a><\/span><\/div><\/div><\/div><div class=\"fusion-layout-column fusion_builder_column fusion-builder-column-4 fusion_builder_column_1_1 1_1 fusion-flex-column\" style=\"--awb-bg-size:cover;--awb-width-large:100%;--awb-margin-top-large:0px;--awb-spacing-right-large:1.92%;--awb-margin-bottom-large:0px;--awb-spacing-left-large:1.92%;--awb-width-medium:100%;--awb-order-medium:0;--awb-spacing-right-medium:1.92%;--awb-spacing-left-medium:1.92%;--awb-width-small:100%;--awb-order-small:0;--awb-spacing-right-small:1.92%;--awb-spacing-left-small:1.92%;\"><div class=\"fusion-column-wrapper fusion-column-has-shadow fusion-flex-justify-content-flex-start fusion-content-layout-column\"><div class=\"fusion-title title fusion-title-2 fusion-sep-none fusion-title-text fusion-title-size-four\" style=\"--awb-text-color:var(--awb-color6);\"><h4 class=\"fusion-title-heading title-heading-left fusion-responsive-typography-calculated\" style=\"margin:0;--fontSize:27;line-height:var(--awb-typography1-line-height);\">Leer m\u00e1s<\/h4><\/div><div class=\"fusion-text fusion-text-2\"><p><a href=\"https:\/\/elmontgomery.com\/es\/projects\/brine-mineral-resource-reserve-estimates-for-the-sal-de-vida-project\/\" data-no-translation=\"\">Estimaciones de reservas y recursos minerales de salmuera<\/a><br \/><a href=\"https:\/\/elmontgomery.com\/es\/hydro-notes\/lithium-brine-exploration-and-extraction-a-growing-industry\/\" data-no-translation=\"\">Exploraci\u00f3n y extracci\u00f3n de salmuera de litio: una industria en crecimiento<\/a><br \/><a href=\"https:\/\/elmontgomery.com\/es\/news\/south-america-staff-engage-in-field-training-to-better-serve-our-clients\/\" data-no-translation=\"\">Personal Sudam\u00e9rica participa en capacitaci\u00f3n de campo<\/a><br \/><a href=\"https:\/\/elmontgomery.com\/uncategorized\/avanzando-a-la-produccion-y-reconciliacion-de-la-salmuera-de-litio-principales-desafios-para-los-recursos-moviles\/\" data-no-translation=\"\">Avanzando a la produccion y reconciliacion de la salmuera de litio: principales desafios para los recursos moviles<\/a><\/p><\/p>\n<\/div><\/div><\/div><div class=\"fusion-layout-column fusion_builder_column fusion-builder-column-5 fusion_builder_column_1_2 1_2 fusion-flex-column\" style=\"--awb-bg-size:cover;--awb-width-large:50%;--awb-margin-top-large:-10px;--awb-spacing-right-large:3.84%;--awb-margin-bottom-large:20px;--awb-spacing-left-large:3.84%;--awb-width-medium:50%;--awb-order-medium:0;--awb-spacing-right-medium:3.84%;--awb-spacing-left-medium:3.84%;--awb-width-small:100%;--awb-order-small:0;--awb-spacing-right-small:1.92%;--awb-spacing-left-small:1.92%;\"><div class=\"fusion-column-wrapper fusion-column-has-shadow fusion-flex-justify-content-flex-start fusion-content-layout-column\"><div class=\"fusion-title title fusion-title-3 fusion-sep-none fusion-title-text fusion-title-size-four\" style=\"--awb-text-color:var(--awb-color6);\"><h4 class=\"fusion-title-heading title-heading-left fusion-responsive-typography-calculated\" style=\"margin:0;--fontSize:27;line-height:var(--awb-typography1-line-height);\">Contacto<\/h4><\/div><div class=\"fusion-text fusion-text-3\" style=\"--awb-margin-top:-10px;\"><p><a href=\"https:\/\/elmontgomery.com\/staff-bio\/manuel-merino\/\" data-no-translation=\"\">Manuel Merino<\/a><br \/>\nGerente de operaciones<br \/>\n<span style=\"color: var(--awb-text-color); font-family: var(--awb-text-font-family); font-size: var(--awb-font-size); font-style: var(--awb-text-font-style); font-weight: var(--awb-text-font-weight); letter-spacing: var(--awb-letter-spacing); text-transform: var(--awb-text-transform); background-color: var(--awb-bg-color-hover);\"><a href=\"tel:+56228969250\" data-no-translation=\"\">+56 228969250<\/a><\/span><\/p>\n<\/div><\/div><\/div><\/div><\/div>","protected":false},"excerpt":{"rendered":"","protected":false},"author":3,"featured_media":0,"parent":0,"menu_order":0,"comment_status":"closed","ping_status":"closed","template":"","meta":{"footnotes":""},"class_list":["post-12083","page","type-page","status-publish","hentry"],"yoast_head":"<!-- This site is optimized with the Yoast SEO plugin v27.3 - https:\/\/yoast.com\/product\/yoast-seo-wordpress\/ -->\n<title>Operaciones en Sudam\u00e9rica - Montgomery &amp; Associates<\/title>\n<meta name=\"description\" content=\"Somos expertos en hidrogeolog\u00eda para la miner\u00eda met\u00e1lica y no met\u00e1lica. Trabajando junto con nuestros clientes del oeste de Estados Unidos y Sudam\u00e9rica, creamos soluciones pr\u00e1cticas para los desaf\u00edos de gesti\u00f3n de las aguas subterr\u00e1neas.\" \/>\n<meta name=\"robots\" content=\"index, follow, max-snippet:-1, max-image-preview:large, max-video-preview:-1\" \/>\n<link rel=\"canonical\" href=\"https:\/\/elmontgomery.com\/es\/south-america-operations\/\" \/>\n<meta property=\"og:locale\" content=\"es_ES\" \/>\n<meta property=\"og:type\" content=\"article\" \/>\n<meta property=\"og:title\" content=\"Operaciones en Sudam\u00e9rica - Montgomery &amp; Associates\" \/>\n<meta property=\"og:description\" content=\"Somos expertos en hidrogeolog\u00eda para la miner\u00eda met\u00e1lica y no met\u00e1lica. Trabajando junto con nuestros clientes del oeste de Estados Unidos y Sudam\u00e9rica, creamos soluciones pr\u00e1cticas para los desaf\u00edos de gesti\u00f3n de las aguas subterr\u00e1neas.\" \/>\n<meta property=\"og:url\" content=\"https:\/\/elmontgomery.com\/es\/south-america-operations\/\" \/>\n<meta property=\"og:site_name\" content=\"Montgomery &amp; Associates\" \/>\n<meta property=\"article:modified_time\" content=\"2025-08-18T23:42:56+00:00\" \/>\n<meta name=\"twitter:card\" content=\"summary_large_image\" \/>\n<meta name=\"twitter:label1\" content=\"Tiempo estimado de lectura\" \/>\n\t<meta name=\"twitter:data1\" content=\"5 minutos\" \/>\n<script type=\"application\/ld+json\" class=\"yoast-schema-graph\">{\"@context\":\"https:\\\/\\\/schema.org\",\"@graph\":[{\"@type\":\"WebPage\",\"@id\":\"https:\\\/\\\/elmontgomery.com\\\/south-america-operations\\\/\",\"url\":\"https:\\\/\\\/elmontgomery.com\\\/south-america-operations\\\/\",\"name\":\"Operaciones en Sudam\u00e9rica - Montgomery &amp; Associates\",\"isPartOf\":{\"@id\":\"https:\\\/\\\/elmontgomery.com\\\/#website\"},\"datePublished\":\"2024-08-31T00:08:00+00:00\",\"dateModified\":\"2025-08-18T23:42:56+00:00\",\"description\":\"Somos expertos en hidrogeolog\u00eda para la miner\u00eda met\u00e1lica y no met\u00e1lica. Trabajando junto con nuestros clientes del oeste de Estados Unidos y Sudam\u00e9rica, creamos soluciones pr\u00e1cticas para los desaf\u00edos de gesti\u00f3n de las aguas subterr\u00e1neas.\",\"breadcrumb\":{\"@id\":\"https:\\\/\\\/elmontgomery.com\\\/south-america-operations\\\/#breadcrumb\"},\"inLanguage\":\"es-CL\",\"potentialAction\":[{\"@type\":\"ReadAction\",\"target\":[\"https:\\\/\\\/elmontgomery.com\\\/south-america-operations\\\/\"]}]},{\"@type\":\"BreadcrumbList\",\"@id\":\"https:\\\/\\\/elmontgomery.com\\\/south-america-operations\\\/#breadcrumb\",\"itemListElement\":[{\"@type\":\"ListItem\",\"position\":1,\"name\":\"Home\",\"item\":\"https:\\\/\\\/elmontgomery.com\\\/\"},{\"@type\":\"ListItem\",\"position\":2,\"name\":\"Operaciones en Sudam\u00e9rica\"}]},{\"@type\":\"WebSite\",\"@id\":\"https:\\\/\\\/elmontgomery.com\\\/#website\",\"url\":\"https:\\\/\\\/elmontgomery.com\\\/\",\"name\":\"Montgomery &amp; Associates\",\"description\":\"Water Resource Consultants\",\"publisher\":{\"@id\":\"https:\\\/\\\/elmontgomery.com\\\/#organization\"},\"potentialAction\":[{\"@type\":\"SearchAction\",\"target\":{\"@type\":\"EntryPoint\",\"urlTemplate\":\"https:\\\/\\\/elmontgomery.com\\\/?s={search_term_string}\"},\"query-input\":{\"@type\":\"PropertyValueSpecification\",\"valueRequired\":true,\"valueName\":\"search_term_string\"}}],\"inLanguage\":\"es-CL\"},{\"@type\":\"Organization\",\"@id\":\"https:\\\/\\\/elmontgomery.com\\\/#organization\",\"name\":\"Montgomery &amp; Associates\",\"url\":\"https:\\\/\\\/elmontgomery.com\\\/\",\"logo\":{\"@type\":\"ImageObject\",\"inLanguage\":\"es-CL\",\"@id\":\"https:\\\/\\\/elmontgomery.com\\\/#\\\/schema\\\/logo\\\/image\\\/\",\"url\":\"https:\\\/\\\/elmontgomery.com\\\/wp-content\\\/uploads\\\/2022\\\/09\\\/MA_RGB_hrz_tag-1.png\",\"contentUrl\":\"https:\\\/\\\/elmontgomery.com\\\/wp-content\\\/uploads\\\/2022\\\/09\\\/MA_RGB_hrz_tag-1.png\",\"width\":1833,\"height\":533,\"caption\":\"Montgomery &amp; Associates\"},\"image\":{\"@id\":\"https:\\\/\\\/elmontgomery.com\\\/#\\\/schema\\\/logo\\\/image\\\/\"},\"sameAs\":[\"https:\\\/\\\/www.linkedin.com\\\/company\\\/2434577\\\/\"]}]}<\/script>\n<!-- \/ Yoast SEO plugin. -->","yoast_head_json":{"title":"Operaciones en Sudam\u00e9rica - Montgomery &amp; Associates","description":"Somos expertos en hidrogeolog\u00eda para la miner\u00eda met\u00e1lica y no met\u00e1lica. Trabajando junto con nuestros clientes del oeste de Estados Unidos y Sudam\u00e9rica, creamos soluciones pr\u00e1cticas para los desaf\u00edos de gesti\u00f3n de las aguas subterr\u00e1neas.","robots":{"index":"index","follow":"follow","max-snippet":"max-snippet:-1","max-image-preview":"max-image-preview:large","max-video-preview":"max-video-preview:-1"},"canonical":"https:\/\/elmontgomery.com\/es\/south-america-operations\/","og_locale":"es_ES","og_type":"article","og_title":"Operaciones en Sudam\u00e9rica - Montgomery &amp; Associates","og_description":"Somos expertos en hidrogeolog\u00eda para la miner\u00eda met\u00e1lica y no met\u00e1lica. Trabajando junto con nuestros clientes del oeste de Estados Unidos y Sudam\u00e9rica, creamos soluciones pr\u00e1cticas para los desaf\u00edos de gesti\u00f3n de las aguas subterr\u00e1neas.","og_url":"https:\/\/elmontgomery.com\/es\/south-america-operations\/","og_site_name":"Montgomery &amp; Associates","article_modified_time":"2025-08-18T23:42:56+00:00","twitter_card":"summary_large_image","twitter_misc":{"Tiempo estimado de lectura":"5 minutos"},"schema":{"@context":"https:\/\/schema.org","@graph":[{"@type":"WebPage","@id":"https:\/\/elmontgomery.com\/south-america-operations\/","url":"https:\/\/elmontgomery.com\/south-america-operations\/","name":"Operaciones en Sudam\u00e9rica - Montgomery &amp; Associates","isPartOf":{"@id":"https:\/\/elmontgomery.com\/#website"},"datePublished":"2024-08-31T00:08:00+00:00","dateModified":"2025-08-18T23:42:56+00:00","description":"Somos expertos en hidrogeolog\u00eda para la miner\u00eda met\u00e1lica y no met\u00e1lica. Trabajando junto con nuestros clientes del oeste de Estados Unidos y Sudam\u00e9rica, creamos soluciones pr\u00e1cticas para los desaf\u00edos de gesti\u00f3n de las aguas subterr\u00e1neas.","breadcrumb":{"@id":"https:\/\/elmontgomery.com\/south-america-operations\/#breadcrumb"},"inLanguage":"es-CL","potentialAction":[{"@type":"ReadAction","target":["https:\/\/elmontgomery.com\/south-america-operations\/"]}]},{"@type":"BreadcrumbList","@id":"https:\/\/elmontgomery.com\/south-america-operations\/#breadcrumb","itemListElement":[{"@type":"ListItem","position":1,"name":"Home","item":"https:\/\/elmontgomery.com\/"},{"@type":"ListItem","position":2,"name":"Operaciones en Sudam\u00e9rica"}]},{"@type":"WebSite","@id":"https:\/\/elmontgomery.com\/#website","url":"https:\/\/elmontgomery.com\/","name":"Montgomery y asociados","description":"Consultores de recursos h\u00eddricos","publisher":{"@id":"https:\/\/elmontgomery.com\/#organization"},"potentialAction":[{"@type":"SearchAction","target":{"@type":"EntryPoint","urlTemplate":"https:\/\/elmontgomery.com\/?s={search_term_string}"},"query-input":{"@type":"PropertyValueSpecification","valueRequired":true,"valueName":"search_term_string"}}],"inLanguage":"es-CL"},{"@type":"Organization","@id":"https:\/\/elmontgomery.com\/#organization","name":"Montgomery y asociados","url":"https:\/\/elmontgomery.com\/","logo":{"@type":"ImageObject","inLanguage":"es-CL","@id":"https:\/\/elmontgomery.com\/#\/schema\/logo\/image\/","url":"https:\/\/elmontgomery.com\/wp-content\/uploads\/2022\/09\/MA_RGB_hrz_tag-1.png","contentUrl":"https:\/\/elmontgomery.com\/wp-content\/uploads\/2022\/09\/MA_RGB_hrz_tag-1.png","width":1833,"height":533,"caption":"Montgomery &amp; Associates"},"image":{"@id":"https:\/\/elmontgomery.com\/#\/schema\/logo\/image\/"},"sameAs":["https:\/\/www.linkedin.com\/company\/2434577\/"]}]}},"_links":{"self":[{"href":"https:\/\/elmontgomery.com\/es\/wp-json\/wp\/v2\/pages\/12083","targetHints":{"allow":["GET"]}}],"collection":[{"href":"https:\/\/elmontgomery.com\/es\/wp-json\/wp\/v2\/pages"}],"about":[{"href":"https:\/\/elmontgomery.com\/es\/wp-json\/wp\/v2\/types\/page"}],"author":[{"embeddable":true,"href":"https:\/\/elmontgomery.com\/es\/wp-json\/wp\/v2\/users\/3"}],"replies":[{"embeddable":true,"href":"https:\/\/elmontgomery.com\/es\/wp-json\/wp\/v2\/comments?post=12083"}],"version-history":[{"count":65,"href":"https:\/\/elmontgomery.com\/es\/wp-json\/wp\/v2\/pages\/12083\/revisions"}],"predecessor-version":[{"id":13201,"href":"https:\/\/elmontgomery.com\/es\/wp-json\/wp\/v2\/pages\/12083\/revisions\/13201"}],"wp:attachment":[{"href":"https:\/\/elmontgomery.com\/es\/wp-json\/wp\/v2\/media?parent=12083"}],"curies":[{"name":"Gracias","href":"https:\/\/api.w.org\/{rel}","templated":true}]}}