{"id":11903,"date":"2024-05-22T11:34:40","date_gmt":"2024-05-22T18:34:40","guid":{"rendered":"https:\/\/elmontgomery.com\/?page_id=11903"},"modified":"2024-10-18T13:03:55","modified_gmt":"2024-10-18T20:03:55","slug":"water-policy-water-rights","status":"publish","type":"page","link":"https:\/\/elmontgomery.com\/es\/services\/water-resource-planning\/water-policy-water-rights\/","title":{"rendered":"Pol\u00edtica del agua y derechos sobre el agua"},"content":{"rendered":"<div class=\"fusion-fullwidth fullwidth-box fusion-builder-row-1 fusion-flex-container has-pattern-background has-mask-background nonhundred-percent-fullwidth non-hundred-percent-height-scrolling\" style=\"--awb-border-radius-top-left:0px;--awb-border-radius-top-right:0px;--awb-border-radius-bottom-right:0px;--awb-border-radius-bottom-left:0px;--awb-flex-wrap:wrap;\" ><div class=\"fusion-builder-row fusion-row fusion-flex-align-items-flex-start fusion-flex-content-wrap\" style=\"max-width:1248px;margin-left: calc(-4% \/ 2 );margin-right: calc(-4% \/ 2 );\"><div class=\"fusion-layout-column fusion_builder_column fusion-builder-column-0 fusion_builder_column_1_1 1_1 fusion-flex-column\" style=\"--awb-bg-size:cover;--awb-width-large:100%;--awb-margin-top-large:0px;--awb-spacing-right-large:1.92%;--awb-margin-bottom-large:20px;--awb-spacing-left-large:1.92%;--awb-width-medium:100%;--awb-order-medium:0;--awb-spacing-right-medium:1.92%;--awb-spacing-left-medium:1.92%;--awb-width-small:100%;--awb-order-small:0;--awb-spacing-right-small:1.92%;--awb-spacing-left-small:1.92%;\"><div class=\"fusion-column-wrapper fusion-column-has-shadow fusion-flex-justify-content-flex-start fusion-content-layout-column\"><div class=\"fusion-text fusion-text-1\" style=\"--awb-font-size:26px;--awb-line-height:30px;--awb-text-color:var(--awb-color6);\"><p>Experiencia t\u00e9cnica para evaluar el impacto de las pol\u00edticas y apoyar los procedimientos legales<\/p>\n<\/div><\/div><\/div><div class=\"fusion-layout-column fusion_builder_column fusion-builder-column-1 fusion_builder_column_1_1 1_1 fusion-flex-column\" style=\"--awb-bg-size:cover;--awb-width-large:100%;--awb-margin-top-large:-20px;--awb-spacing-right-large:1.92%;--awb-margin-bottom-large:20px;--awb-spacing-left-large:1.92%;--awb-width-medium:100%;--awb-order-medium:0;--awb-spacing-right-medium:1.92%;--awb-spacing-left-medium:1.92%;--awb-width-small:100%;--awb-order-small:0;--awb-spacing-right-small:1.92%;--awb-spacing-left-small:1.92%;\"><div class=\"fusion-column-wrapper fusion-column-has-shadow fusion-flex-justify-content-flex-start fusion-content-layout-column\"><div class=\"fusion-text fusion-text-2\" style=\"--awb-font-size:18px;\"><p>M&amp;A trabaja con clientes p\u00fablicos, ambientales, tribales y agr\u00edcolas para desarrollar carteras de recursos h\u00eddricos confiables y asequibles. Evaluamos las necesidades espec\u00edficas de suministro de agua y consideramos las regulaciones y la disponibilidad f\u00edsica de los suministros.<\/p>\n<p>Contamos con d\u00e9cadas de experiencia brindando soporte t\u00e9cnico para reclamos de derechos de agua y procedimientos legales relacionados con aguas superficiales y subterr\u00e1neas. Trabajando directamente con las partes negociadoras o a trav\u00e9s de asesores legales, brindamos una base s\u00f3lida que mejora la eficiencia y el resultado de las negociaciones legales o transaccionales.<\/p>\n<p style=\"font-size: 36px; letter-spacing: 0px; line-height: 1.2;\" data-fusion-font=\"true\"><b style=\"line-height: 1.2; letter-spacing: -0.54px; font-family: 'Barlow Condensed';\" data-fusion-font=\"true\" data-fusion-google-font=\"Barlow Condensed\" data-fusion-google-variant=\"100\">Capacidades<\/b><\/p>\n<ul>\n<li>Asistencia legal que incluye testigos expertos y apoyo en litigios para adjudicaciones de arroyos en Arizona, adjudicaciones de aguas subterr\u00e1neas en California y otros reclamos de derechos sobre el agua.<\/li>\n<li>Apoyo en la estrategia de litigios para demandas relacionadas con el agotamiento de aguas superficiales causado por el bombeo de aguas subterr\u00e1neas<\/li>\n<li>Reclamaciones y acuerdos tribales sobre el agua, incluida la evaluaci\u00f3n de los suministros y las demandas de agua como base t\u00e9cnica para las reclamaciones de derechos sobre el agua<\/li>\n<li>Negociaciones, incluyendo la cesi\u00f3n y transferencia de derechos de agua<\/li>\n<li>Evaluaci\u00f3n de los impactos de los cambios regulatorios y legales en el acceso a los suministros de agua en el oeste de los Estados Unidos, incluidos los suministros de agua subterr\u00e1nea y del r\u00edo Colorado<\/li>\n<li>Elaboraci\u00f3n de herramientas de toma de decisiones para apoyar la planificaci\u00f3n regional<\/li>\n<\/ul>\n<\/div><div style=\"text-align:center;\"><a class=\"fusion-button button-flat fusion-button-default-size button-custom fusion-button-default button-1 fusion-button-default-span fusion-button-default-type\" style=\"--button_accent_color:var(--awb-color1);--button_accent_hover_color:var(--awb-color6);--button_border_hover_color:var(--awb-color1);--button-border-radius-top-left:0;--button-border-radius-top-right:0;--button-border-radius-bottom-right:0;--button-border-radius-bottom-left:0;--button_gradient_angle:0deg;--button_gradient_top_color:var(--awb-color5);--button_gradient_bottom_color:var(--awb-color5);--button_gradient_top_color_hover:var(--awb-color1);--button_gradient_bottom_color_hover:var(--awb-color1);--button_font_size:20px;--button_margin-top:20px;\" target=\"_self\" href=\"https:\/\/elmontgomery.com\/projects\/\" data-no-translation=\"\"><span class=\"fusion-button-text awb-button__text awb-button__text--default\">View Example Projects<\/span><i class=\"fa-angle-double-right fas awb-button__icon awb-button__icon--default button-icon-right\" aria-hidden=\"true\"><\/i><\/a><\/div><\/div><\/div><\/div><\/div>","protected":false},"excerpt":{"rendered":"","protected":false},"author":3,"featured_media":0,"parent":226,"menu_order":0,"comment_status":"closed","ping_status":"closed","template":"","meta":{"footnotes":""},"class_list":["post-11903","page","type-page","status-publish","hentry"],"yoast_head":"<!-- This site is optimized with the Yoast SEO plugin v27.4 - https:\/\/yoast.com\/product\/yoast-seo-wordpress\/ -->\n<title>Water Policy &amp; Water Rights - Montgomery &amp; Associates<\/title>\n<meta name=\"description\" content=\"M&amp;A works with public, environmental, tribal, and agricultural clients to develop reliable, affordable water resource portfolios.\" \/>\n<meta name=\"robots\" content=\"index, follow, max-snippet:-1, max-image-preview:large, max-video-preview:-1\" \/>\n<link rel=\"canonical\" href=\"https:\/\/elmontgomery.com\/es\/services\/water-resource-planning\/water-policy-water-rights\/\" \/>\n<meta property=\"og:locale\" content=\"es_ES\" \/>\n<meta property=\"og:type\" content=\"article\" \/>\n<meta property=\"og:title\" content=\"Water Policy &amp; Water Rights - Montgomery &amp; Associates\" \/>\n<meta property=\"og:description\" content=\"M&amp;A works with public, environmental, tribal, and agricultural clients to develop reliable, affordable water resource portfolios.\" \/>\n<meta property=\"og:url\" content=\"https:\/\/elmontgomery.com\/es\/services\/water-resource-planning\/water-policy-water-rights\/\" \/>\n<meta property=\"og:site_name\" content=\"Montgomery &amp; Associates\" \/>\n<meta property=\"article:modified_time\" content=\"2024-10-18T20:03:55+00:00\" \/>\n<meta name=\"twitter:card\" content=\"summary_large_image\" \/>\n<meta name=\"twitter:label1\" content=\"Tiempo estimado de lectura\" \/>\n\t<meta name=\"twitter:data1\" content=\"3 minutos\" \/>\n<script type=\"application\/ld+json\" class=\"yoast-schema-graph\">{\"@context\":\"https:\\\/\\\/schema.org\",\"@graph\":[{\"@type\":\"WebPage\",\"@id\":\"https:\\\/\\\/elmontgomery.com\\\/services\\\/water-resource-planning\\\/water-policy-water-rights\\\/\",\"url\":\"https:\\\/\\\/elmontgomery.com\\\/services\\\/water-resource-planning\\\/water-policy-water-rights\\\/\",\"name\":\"Water Policy & Water Rights - Montgomery &amp; Associates\",\"isPartOf\":{\"@id\":\"https:\\\/\\\/elmontgomery.com\\\/#website\"},\"datePublished\":\"2024-05-22T18:34:40+00:00\",\"dateModified\":\"2024-10-18T20:03:55+00:00\",\"description\":\"M&A works with public, environmental, tribal, and agricultural clients to develop reliable, affordable water resource portfolios.\",\"breadcrumb\":{\"@id\":\"https:\\\/\\\/elmontgomery.com\\\/services\\\/water-resource-planning\\\/water-policy-water-rights\\\/#breadcrumb\"},\"inLanguage\":\"es-CL\",\"potentialAction\":[{\"@type\":\"ReadAction\",\"target\":[\"https:\\\/\\\/elmontgomery.com\\\/services\\\/water-resource-planning\\\/water-policy-water-rights\\\/\"]}]},{\"@type\":\"BreadcrumbList\",\"@id\":\"https:\\\/\\\/elmontgomery.com\\\/services\\\/water-resource-planning\\\/water-policy-water-rights\\\/#breadcrumb\",\"itemListElement\":[{\"@type\":\"ListItem\",\"position\":1,\"name\":\"Home\",\"item\":\"https:\\\/\\\/elmontgomery.com\\\/\"},{\"@type\":\"ListItem\",\"position\":2,\"name\":\"Services\",\"item\":\"https:\\\/\\\/elmontgomery.com\\\/services\\\/\"},{\"@type\":\"ListItem\",\"position\":3,\"name\":\"Water Resource Planning\",\"item\":\"https:\\\/\\\/elmontgomery.com\\\/services\\\/water-resource-planning\\\/\"},{\"@type\":\"ListItem\",\"position\":4,\"name\":\"Water Policy &#038; Water Rights\"}]},{\"@type\":\"WebSite\",\"@id\":\"https:\\\/\\\/elmontgomery.com\\\/#website\",\"url\":\"https:\\\/\\\/elmontgomery.com\\\/\",\"name\":\"Montgomery &amp; Associates\",\"description\":\"Water Resource Consultants\",\"publisher\":{\"@id\":\"https:\\\/\\\/elmontgomery.com\\\/#organization\"},\"potentialAction\":[{\"@type\":\"SearchAction\",\"target\":{\"@type\":\"EntryPoint\",\"urlTemplate\":\"https:\\\/\\\/elmontgomery.com\\\/?s={search_term_string}\"},\"query-input\":{\"@type\":\"PropertyValueSpecification\",\"valueRequired\":true,\"valueName\":\"search_term_string\"}}],\"inLanguage\":\"es-CL\"},{\"@type\":\"Organization\",\"@id\":\"https:\\\/\\\/elmontgomery.com\\\/#organization\",\"name\":\"Montgomery &amp; Associates\",\"url\":\"https:\\\/\\\/elmontgomery.com\\\/\",\"logo\":{\"@type\":\"ImageObject\",\"inLanguage\":\"es-CL\",\"@id\":\"https:\\\/\\\/elmontgomery.com\\\/#\\\/schema\\\/logo\\\/image\\\/\",\"url\":\"https:\\\/\\\/elmontgomery.com\\\/wp-content\\\/uploads\\\/2022\\\/09\\\/MA_RGB_hrz_tag-1.png\",\"contentUrl\":\"https:\\\/\\\/elmontgomery.com\\\/wp-content\\\/uploads\\\/2022\\\/09\\\/MA_RGB_hrz_tag-1.png\",\"width\":1833,\"height\":533,\"caption\":\"Montgomery &amp; Associates\"},\"image\":{\"@id\":\"https:\\\/\\\/elmontgomery.com\\\/#\\\/schema\\\/logo\\\/image\\\/\"},\"sameAs\":[\"https:\\\/\\\/www.linkedin.com\\\/company\\\/2434577\\\/\"]}]}<\/script>\n<!-- \/ Yoast SEO plugin. -->","yoast_head_json":{"title":"Pol\u00edtica del Agua y Derechos del Agua - Montgomery &amp; Associates","description":"M&amp;A trabaja con clientes p\u00fablicos, ambientales, tribales y agr\u00edcolas para desarrollar carteras de recursos h\u00eddricos confiables y asequibles.","robots":{"index":"index","follow":"follow","max-snippet":"max-snippet:-1","max-image-preview":"max-image-preview:large","max-video-preview":"max-video-preview:-1"},"canonical":"https:\/\/elmontgomery.com\/es\/services\/water-resource-planning\/water-policy-water-rights\/","og_locale":"es_ES","og_type":"article","og_title":"Water Policy & Water Rights - Montgomery &amp; Associates","og_description":"M&A works with public, environmental, tribal, and agricultural clients to develop reliable, affordable water resource portfolios.","og_url":"https:\/\/elmontgomery.com\/es\/services\/water-resource-planning\/water-policy-water-rights\/","og_site_name":"Montgomery &amp; Associates","article_modified_time":"2024-10-18T20:03:55+00:00","twitter_card":"summary_large_image","twitter_misc":{"Tiempo estimado de lectura":"3 minutos"},"schema":{"@context":"https:\/\/schema.org","@graph":[{"@type":"WebPage","@id":"https:\/\/elmontgomery.com\/services\/water-resource-planning\/water-policy-water-rights\/","url":"https:\/\/elmontgomery.com\/services\/water-resource-planning\/water-policy-water-rights\/","name":"Pol\u00edtica del Agua y Derechos del Agua - Montgomery &amp; Associates","isPartOf":{"@id":"https:\/\/elmontgomery.com\/#website"},"datePublished":"2024-05-22T18:34:40+00:00","dateModified":"2024-10-18T20:03:55+00:00","description":"M&amp;A trabaja con clientes p\u00fablicos, ambientales, tribales y agr\u00edcolas para desarrollar carteras de recursos h\u00eddricos confiables y asequibles.","breadcrumb":{"@id":"https:\/\/elmontgomery.com\/services\/water-resource-planning\/water-policy-water-rights\/#breadcrumb"},"inLanguage":"es-CL","potentialAction":[{"@type":"ReadAction","target":["https:\/\/elmontgomery.com\/services\/water-resource-planning\/water-policy-water-rights\/"]}]},{"@type":"BreadcrumbList","@id":"https:\/\/elmontgomery.com\/services\/water-resource-planning\/water-policy-water-rights\/#breadcrumb","itemListElement":[{"@type":"ListItem","position":1,"name":"Home","item":"https:\/\/elmontgomery.com\/"},{"@type":"ListItem","position":2,"name":"Services","item":"https:\/\/elmontgomery.com\/services\/"},{"@type":"ListItem","position":3,"name":"Water Resource Planning","item":"https:\/\/elmontgomery.com\/services\/water-resource-planning\/"},{"@type":"ListItem","position":4,"name":"Water Policy &#038; Water Rights"}]},{"@type":"WebSite","@id":"https:\/\/elmontgomery.com\/#website","url":"https:\/\/elmontgomery.com\/","name":"Montgomery y asociados","description":"Consultores de recursos h\u00eddricos","publisher":{"@id":"https:\/\/elmontgomery.com\/#organization"},"potentialAction":[{"@type":"SearchAction","target":{"@type":"EntryPoint","urlTemplate":"https:\/\/elmontgomery.com\/?s={search_term_string}"},"query-input":{"@type":"PropertyValueSpecification","valueRequired":true,"valueName":"search_term_string"}}],"inLanguage":"es-CL"},{"@type":"Organization","@id":"https:\/\/elmontgomery.com\/#organization","name":"Montgomery y asociados","url":"https:\/\/elmontgomery.com\/","logo":{"@type":"ImageObject","inLanguage":"es-CL","@id":"https:\/\/elmontgomery.com\/#\/schema\/logo\/image\/","url":"https:\/\/elmontgomery.com\/wp-content\/uploads\/2022\/09\/MA_RGB_hrz_tag-1.png","contentUrl":"https:\/\/elmontgomery.com\/wp-content\/uploads\/2022\/09\/MA_RGB_hrz_tag-1.png","width":1833,"height":533,"caption":"Montgomery &amp; Associates"},"image":{"@id":"https:\/\/elmontgomery.com\/#\/schema\/logo\/image\/"},"sameAs":["https:\/\/www.linkedin.com\/company\/2434577\/"]}]}},"_links":{"self":[{"href":"https:\/\/elmontgomery.com\/es\/wp-json\/wp\/v2\/pages\/11903","targetHints":{"allow":["GET"]}}],"collection":[{"href":"https:\/\/elmontgomery.com\/es\/wp-json\/wp\/v2\/pages"}],"about":[{"href":"https:\/\/elmontgomery.com\/es\/wp-json\/wp\/v2\/types\/page"}],"author":[{"embeddable":true,"href":"https:\/\/elmontgomery.com\/es\/wp-json\/wp\/v2\/users\/3"}],"replies":[{"embeddable":true,"href":"https:\/\/elmontgomery.com\/es\/wp-json\/wp\/v2\/comments?post=11903"}],"version-history":[{"count":2,"href":"https:\/\/elmontgomery.com\/es\/wp-json\/wp\/v2\/pages\/11903\/revisions"}],"predecessor-version":[{"id":12354,"href":"https:\/\/elmontgomery.com\/es\/wp-json\/wp\/v2\/pages\/11903\/revisions\/12354"}],"up":[{"embeddable":true,"href":"https:\/\/elmontgomery.com\/es\/wp-json\/wp\/v2\/pages\/226"}],"wp:attachment":[{"href":"https:\/\/elmontgomery.com\/es\/wp-json\/wp\/v2\/media?parent=11903"}],"curies":[{"name":"Gracias","href":"https:\/\/api.w.org\/{rel}","templated":true}]}}