{"id":1190,"date":"2022-10-26T10:23:36","date_gmt":"2022-10-26T17:23:36","guid":{"rendered":"https:\/\/ma.jvista.net\/?page_id=1190"},"modified":"2026-04-08T14:31:36","modified_gmt":"2026-04-08T21:31:36","slug":"groundwater-management","status":"publish","type":"page","link":"https:\/\/elmontgomery.com\/es\/services\/water-resource-planning\/groundwater-management\/","title":{"rendered":"Gesti\u00f3n de aguas subterr\u00e1neas"},"content":{"rendered":"<p><div class=\"fusion-fullwidth fullwidth-box fusion-builder-row-1 fusion-flex-container nonhundred-percent-fullwidth non-hundred-percent-height-scrolling\" style=\"--awb-border-radius-top-left:0px;--awb-border-radius-top-right:0px;--awb-border-radius-bottom-right:0px;--awb-border-radius-bottom-left:0px;--awb-flex-wrap:wrap;\" ><div class=\"fusion-builder-row fusion-row fusion-flex-align-items-flex-start fusion-flex-content-wrap\" style=\"max-width:1248px;margin-left: calc(-4% \/ 2 );margin-right: calc(-4% \/ 2 );\"><div class=\"fusion-layout-column fusion_builder_column fusion-builder-column-0 fusion_builder_column_3_5 3_5 fusion-flex-column fusion-flex-align-self-flex-start\" style=\"--awb-bg-size:cover;--awb-width-large:60%;--awb-margin-top-large:0px;--awb-spacing-right-large:3.2%;--awb-margin-bottom-large:0px;--awb-spacing-left-large:3.2%;--awb-width-medium:60%;--awb-order-medium:0;--awb-spacing-right-medium:3.2%;--awb-spacing-left-medium:3.2%;--awb-width-small:100%;--awb-order-small:0;--awb-spacing-right-small:1.92%;--awb-spacing-left-small:1.92%;\"><div class=\"fusion-column-wrapper fusion-column-has-shadow fusion-flex-justify-content-flex-start fusion-content-layout-column\"><div class=\"fusion-text fusion-text-1\" style=\"--awb-font-size:26px;--awb-line-height:30px;--awb-text-color:var(--awb-color6);\"><p>Planes pr\u00e1cticos para garantizar un suministro de agua fiable<\/p>\n<\/div><div class=\"fusion-text fusion-text-2\"><p>M&amp;A es l\u00edder en el desarrollo e implementaci\u00f3n de planes para la protecci\u00f3n y gesti\u00f3n de los recursos h\u00eddricos subterr\u00e1neos y superficiales. Contamos con experiencia en la planificaci\u00f3n de aguas subterr\u00e1neas en m\u00faltiples cuencas y en la implementaci\u00f3n de proyectos para mejorar la confiabilidad y la sostenibilidad. Los planes de gesti\u00f3n de aguas subterr\u00e1neas abordan el inventario de suministro, las proyecciones de demanda futura y diversas estrategias y proyectos dise\u00f1ados para alcanzar la sostenibilidad u otras condiciones deseadas. Brindamos apoyo en la planificaci\u00f3n de aguas subterr\u00e1neas en relaci\u00f3n con la calidad del agua, el an\u00e1lisis de subsidencia y la interpretaci\u00f3n de pruebas de acu\u00edferos. Nuestros servicios integran experiencia en modelado de aguas subterr\u00e1neas, recarga gestionada de acu\u00edferos y pol\u00edticas h\u00eddricas. Utilizamos modelos para evaluar escenarios y herramientas de visualizaci\u00f3n para comunicarnos con las partes interesadas y los clientes.<\/p>\n<p>Los servicios de gesti\u00f3n de aguas subterr\u00e1neas en California incluyen la implementaci\u00f3n de la Ley de Gesti\u00f3n Sostenible de Aguas Subterr\u00e1neas (SGMA). Los miembros del personal de M&amp;A han participado en la SGMA desde su inicio en 2015, habiendo servido como asesores del Departamento de Recursos H\u00eddricos de California (DWR), agencias de agua, partes interesadas, agricultores y organizaciones no gubernamentales. Esta experiencia nos ha brindado una comprensi\u00f3n profunda de la legislaci\u00f3n de la SGMA y el marco regulatorio para desarrollar e implementar Planes de Sostenibilidad de Aguas Subterr\u00e1neas (GSP) impulsados localmente. Nuestro trabajo inicial incluy\u00f3 ayudar a formar Agencias de Sostenibilidad de Aguas Subterr\u00e1neas, solicitar la modificaci\u00f3n de los l\u00edmites de las cuencas de aguas subterr\u00e1neas, obtener financiamiento de subvenciones y liderar el desarrollo de GSP en todo el estado. Ayudamos al DWR a desarrollar el <a href=\"https:\/\/water.ca.gov\/-\/media\/DWR-Website\/Web-Pages\/Programs\/Groundwater-Management\/Sustainable-Groundwater-Management\/Best-Management-Practices-and-Guidance-Documents\/Files\/GSP-Implementation-Guidance-Report.pdf\" data-no-translation=\"\">Guide to Annual Reports, Periodic Evaluations, and Plan Amendments<\/a>, Adem\u00e1s, estamos apoyando la implementaci\u00f3n de la SGMA con requisitos de presentaci\u00f3n de informes en m\u00e1s de 20 cuencas y subcuencas.<\/p>\n<p>Nuestro enfoque de trabajo con los clientes es colaborativo, apoy\u00e1ndolos en la toma de decisiones, la implementaci\u00f3n de proyectos y la planificaci\u00f3n de los pr\u00f3ximos pasos hacia la sostenibilidad del agua.<\/p>\n<\/div><\/div><\/div><div class=\"fusion-layout-column fusion_builder_column fusion-builder-column-1 fusion_builder_column_2_5 2_5 fusion-flex-column\" style=\"--awb-padding-top:56px;--awb-bg-size:cover;--awb-width-large:40%;--awb-margin-top-large:0px;--awb-spacing-right-large:4.8%;--awb-margin-bottom-large:20px;--awb-spacing-left-large:4.8%;--awb-width-medium:40%;--awb-order-medium:0;--awb-spacing-right-medium:4.8%;--awb-spacing-left-medium:4.8%;--awb-width-small:100%;--awb-order-small:0;--awb-spacing-right-small:1.92%;--awb-spacing-left-small:1.92%;\"><div class=\"fusion-column-wrapper fusion-column-has-shadow fusion-flex-justify-content-flex-start fusion-content-layout-column\"><div class=\"fusion-title title fusion-title-1 fusion-sep-none fusion-title-center fusion-title-text fusion-title-size-three\" style=\"--awb-text-color:var(--awb-color3);--awb-margin-top:-10px;--awb-text-stroke-size:0px;--awb-text-stroke-color:var(--awb-color1);--awb-font-size:40px;\"><h3 class=\"fusion-title-heading title-heading-center fusion-responsive-typography-calculated\" style=\"margin:0;font-size:1em;--fontSize:40;line-height:var(--awb-typography1-line-height);\"><p style=\"text-align: center;\">IMPLEMENTACI\u00d3N DE LA SGMA<br \/>\nEN TODA CALIFORNIA<\/p><\/h3><\/div><div class=\"fusion-separator fusion-full-width-sep\" style=\"align-self: center;margin-left: auto;margin-right: auto;margin-top:5px;margin-bottom:5px;width:100%;\"><div class=\"fusion-separator-border sep-shadow\" style=\"--awb-height:20px;--awb-amount:20px;background:radial-gradient(ellipse at 50% -50% , var(--awb-color6) 0px, rgba(255, 255, 255, 0) 80%) repeat scroll 0 0 rgba(0, 0, 0, 0);background:-webkit-radial-gradient(ellipse at 50% -50% , var(--awb-color6) 0px, rgba(255, 255, 255, 0) 80%) repeat scroll 0 0 rgba(0, 0, 0, 0);background:-moz-radial-gradient(ellipse at 50% -50% , var(--awb-color6) 0px, rgba(255, 255, 255, 0) 80%) repeat scroll 0 0 rgba(0, 0, 0, 0);background:-o-radial-gradient(ellipse at 50% -50% , var(--awb-color6) 0px, rgba(255, 255, 255, 0) 80%) repeat scroll 0 0 rgba(0, 0, 0, 0);\"><\/div><\/div><div class=\"fusion-image-element\" style=\"--awb-margin-top:20px;--awb-margin-bottom:20px;--awb-caption-title-font-family:var(--h2_typography-font-family);--awb-caption-title-font-weight:var(--h2_typography-font-weight);--awb-caption-title-font-style:var(--h2_typography-font-style);--awb-caption-title-size:var(--h2_typography-font-size);--awb-caption-title-transform:var(--h2_typography-text-transform);--awb-caption-title-line-height:var(--h2_typography-line-height);--awb-caption-title-letter-spacing:var(--h2_typography-letter-spacing);\"><span class=\"fusion-imageframe imageframe-none imageframe-1 hover-type-none\"><img decoding=\"async\" width=\"2560\" height=\"2235\" title=\"GSP_Cuencas_Paisaje_3_11_2016\" src=\"https:\/\/elmontgomery.com\/wp-content\/uploads\/2026\/03\/GSP_Basins_Landscape_3_11_2016-scaled.jpg\" data-orig-src=\"https:\/\/elmontgomery.com\/wp-content\/uploads\/2026\/03\/GSP_Basins_Landscape_3_11_2016-scaled.jpg\" alt class=\"lazyload img-responsive wp-image-13591\" srcset=\"data:image\/svg+xml,%3Csvg%20xmlns%3D%27http%3A%2F%2Fwww.w3.org%2F2000%2Fsvg%27%20width%3D%272560%27%20height%3D%272235%27%20viewBox%3D%270%200%202560%202235%27%3E%3Crect%20width%3D%272560%27%20height%3D%272235%27%20fill-opacity%3D%220%22%2F%3E%3C%2Fsvg%3E\" data-srcset=\"https:\/\/elmontgomery.com\/wp-content\/uploads\/2026\/03\/GSP_Basins_Landscape_3_11_2016-200x175.jpg 200w, https:\/\/elmontgomery.com\/wp-content\/uploads\/2026\/03\/GSP_Basins_Landscape_3_11_2016-400x349.jpg 400w, https:\/\/elmontgomery.com\/wp-content\/uploads\/2026\/03\/GSP_Basins_Landscape_3_11_2016-600x524.jpg 600w, https:\/\/elmontgomery.com\/wp-content\/uploads\/2026\/03\/GSP_Basins_Landscape_3_11_2016-800x699.jpg 800w, https:\/\/elmontgomery.com\/wp-content\/uploads\/2026\/03\/GSP_Basins_Landscape_3_11_2016-1200x1048.jpg 1200w, https:\/\/elmontgomery.com\/wp-content\/uploads\/2026\/03\/GSP_Basins_Landscape_3_11_2016-scaled.jpg 2560w\" data-sizes=\"auto\" data-orig-sizes=\"(max-width: 640px) 100vw, 600px\" \/><\/span><\/div><div class=\"fusion-separator fusion-full-width-sep\" style=\"align-self: center;margin-left: auto;margin-right: auto;margin-top:5px;margin-bottom:5px;width:100%;\"><div class=\"fusion-separator-border sep-shadow\" style=\"--awb-height:20px;--awb-amount:20px;background:radial-gradient(ellipse at 50% -50% , var(--awb-color6) 0px, rgba(255, 255, 255, 0) 80%) repeat scroll 0 0 rgba(0, 0, 0, 0);background:-webkit-radial-gradient(ellipse at 50% -50% , var(--awb-color6) 0px, rgba(255, 255, 255, 0) 80%) repeat scroll 0 0 rgba(0, 0, 0, 0);background:-moz-radial-gradient(ellipse at 50% -50% , var(--awb-color6) 0px, rgba(255, 255, 255, 0) 80%) repeat scroll 0 0 rgba(0, 0, 0, 0);background:-o-radial-gradient(ellipse at 50% -50% , var(--awb-color6) 0px, rgba(255, 255, 255, 0) 80%) repeat scroll 0 0 rgba(0, 0, 0, 0);\"><\/div><\/div><div class=\"fusion-title title fusion-title-2 fusion-title-center fusion-title-text fusion-title-size-paragraph\" style=\"--awb-sep-color:var(--awb-color1);--awb-font-size:25px;\"><div class=\"title-sep-container title-sep-container-left\"><div class=\"title-sep sep-single sep-solid\" style=\"border-color:var(--awb-color1);\"><\/div><\/div><span class=\"awb-title-spacer\"><\/span><p class=\"fusion-title-heading title-heading-center title-heading-tag fusion-responsive-typography-calculated\" style=\"margin:0;text-transform:none;font-size:1em;--fontSize:25;--minFontSize:25;line-height:1.75;\"><p style=\"text-align: center;\">Brind\u00f3 apoyo en m\u00e1s de<\/p><\/p><span class=\"awb-title-spacer\"><\/span><div class=\"title-sep-container title-sep-container-right\"><div class=\"title-sep sep-single sep-solid\" style=\"border-color:var(--awb-color1);\"><\/div><\/div><\/div><div class=\"fusion-title title fusion-title-3 fusion-sep-none fusion-title-center fusion-title-text fusion-title-size-three\" style=\"--awb-text-color:var(--awb-color5);--awb-font-size:65px;\"><h3 class=\"fusion-title-heading title-heading-center fusion-responsive-typography-calculated\" style=\"margin:0;text-transform:lowercase;font-size:1em;--fontSize:65;line-height:0.1;\"><p style=\"text-align: center;\">20 cuencas<\/p><\/h3><\/div><\/div><\/div><\/div><\/div><div class=\"fusion-fullwidth fullwidth-box fusion-builder-row-2 fusion-flex-container has-pattern-background has-mask-background nonhundred-percent-fullwidth non-hundred-percent-height-scrolling\" style=\"--awb-border-radius-top-left:0px;--awb-border-radius-top-right:0px;--awb-border-radius-bottom-right:0px;--awb-border-radius-bottom-left:0px;--awb-padding-top:42px;--awb-flex-wrap:wrap;\" ><div class=\"fusion-builder-row fusion-row fusion-flex-align-items-flex-start fusion-flex-content-wrap\" style=\"max-width:1248px;margin-left: calc(-4% \/ 2 );margin-right: calc(-4% \/ 2 );\"><div class=\"fusion-layout-column fusion_builder_column fusion-builder-column-2 fusion_builder_column_1_1 1_1 fusion-flex-column\" style=\"--awb-bg-size:cover;--awb-width-large:100%;--awb-margin-top-large:0px;--awb-spacing-right-large:1.92%;--awb-margin-bottom-large:20px;--awb-spacing-left-large:1.92%;--awb-width-medium:100%;--awb-order-medium:0;--awb-spacing-right-medium:1.92%;--awb-spacing-left-medium:1.92%;--awb-width-small:100%;--awb-order-small:0;--awb-spacing-right-small:1.92%;--awb-spacing-left-small:1.92%;\"><div class=\"fusion-column-wrapper fusion-column-has-shadow fusion-flex-justify-content-flex-start fusion-content-layout-column\"><div class=\"fusion-video fusion-youtube\" style=\"--awb-max-width:600px;--awb-max-height:360px;--awb-align-self:center;--awb-width:100%;--awb-margin-top:20px;\"><div class=\"video-shortcode\"><lite-youtube videoid=\"ZLSpcHCDvPc\" class=\"landscape\" params=\"wmode=transparent&autoplay=1&amp;enablejsapi=1\" title=\"reproductor de videos de youtube 1\" data-button-label=\"Play Video\" width=\"600\" height=\"360\" data-thumbnail-size=\"auto\" data-no-cookie=\"on\"><\/lite-youtube><\/div><\/div><\/div><\/div><div class=\"fusion-layout-column fusion_builder_column fusion-builder-column-3 fusion_builder_column_1_1 1_1 fusion-flex-column\" style=\"--awb-bg-size:cover;--awb-width-large:100%;--awb-margin-top-large:0px;--awb-spacing-right-large:1.92%;--awb-margin-bottom-large:20px;--awb-spacing-left-large:1.92%;--awb-width-medium:100%;--awb-order-medium:0;--awb-spacing-right-medium:1.92%;--awb-spacing-left-medium:1.92%;--awb-width-small:100%;--awb-order-small:0;--awb-spacing-right-small:1.92%;--awb-spacing-left-small:1.92%;\"><div class=\"fusion-column-wrapper fusion-column-has-shadow fusion-flex-justify-content-flex-start fusion-content-layout-column\"><div style=\"text-align:center;\"><a class=\"fusion-button button-flat fusion-button-default-size button-custom fusion-button-default button-1 fusion-button-default-span fusion-button-default-type\" style=\"--button_accent_color:var(--awb-color1);--button_accent_hover_color:var(--awb-color1);--button_border_hover_color:var(--awb-color1);--button-border-radius-top-left:0;--button-border-radius-top-right:0;--button-border-radius-bottom-right:0;--button-border-radius-bottom-left:0;--button_gradient_top_color:var(--awb-color5);--button_gradient_bottom_color:var(--awb-color5);--button_gradient_top_color_hover:var(--awb-color6);--button_gradient_bottom_color_hover:var(--awb-color6);--button_font_size:20px;\" target=\"_self\" href=\"https:\/\/elmontgomery.com\/projects\/\" data-no-translation=\"\"><span class=\"fusion-button-text awb-button__text awb-button__text--default\">View Example Projects<\/span><i class=\"fa-angle-double-right fas awb-button__icon awb-button__icon--default button-icon-right\" aria-hidden=\"true\"><\/i><\/a><\/div><\/div><\/div><\/div><\/div><\/p>","protected":false},"excerpt":{"rendered":"","protected":false},"author":3,"featured_media":0,"parent":226,"menu_order":0,"comment_status":"closed","ping_status":"closed","template":"","meta":{"footnotes":""},"class_list":["post-1190","page","type-page","status-publish","hentry"],"yoast_head":"<!-- This site is optimized with the Yoast SEO plugin v27.3 - https:\/\/yoast.com\/product\/yoast-seo-wordpress\/ -->\n<title>Groundwater Management - Montgomery &amp; Associates<\/title>\n<meta name=\"description\" content=\"Groundwater management and planning that builds water supply security\" \/>\n<meta name=\"robots\" content=\"index, follow, max-snippet:-1, max-image-preview:large, max-video-preview:-1\" \/>\n<link rel=\"canonical\" href=\"https:\/\/elmontgomery.com\/es\/services\/water-resource-planning\/groundwater-management\/\" \/>\n<meta property=\"og:locale\" content=\"es_ES\" \/>\n<meta property=\"og:type\" content=\"article\" \/>\n<meta property=\"og:title\" content=\"Groundwater Management - Montgomery &amp; Associates\" \/>\n<meta property=\"og:description\" content=\"Groundwater management and planning that builds water supply security\" \/>\n<meta property=\"og:url\" content=\"https:\/\/elmontgomery.com\/es\/services\/water-resource-planning\/groundwater-management\/\" \/>\n<meta property=\"og:site_name\" content=\"Montgomery &amp; Associates\" \/>\n<meta property=\"article:modified_time\" content=\"2026-04-08T21:31:36+00:00\" \/>\n<meta name=\"twitter:card\" content=\"summary_large_image\" \/>\n<meta name=\"twitter:label1\" content=\"Tiempo estimado de lectura\" \/>\n\t<meta name=\"twitter:data1\" content=\"2 minutos\" \/>\n<script type=\"application\/ld+json\" class=\"yoast-schema-graph\">{\"@context\":\"https:\\\/\\\/schema.org\",\"@graph\":[{\"@type\":\"WebPage\",\"@id\":\"https:\\\/\\\/elmontgomery.com\\\/services\\\/water-resource-planning\\\/groundwater-management\\\/\",\"url\":\"https:\\\/\\\/elmontgomery.com\\\/services\\\/water-resource-planning\\\/groundwater-management\\\/\",\"name\":\"Groundwater Management - Montgomery &amp; Associates\",\"isPartOf\":{\"@id\":\"https:\\\/\\\/elmontgomery.com\\\/#website\"},\"datePublished\":\"2022-10-26T17:23:36+00:00\",\"dateModified\":\"2026-04-08T21:31:36+00:00\",\"description\":\"Groundwater management and planning that builds water supply security\",\"breadcrumb\":{\"@id\":\"https:\\\/\\\/elmontgomery.com\\\/services\\\/water-resource-planning\\\/groundwater-management\\\/#breadcrumb\"},\"inLanguage\":\"es-CL\",\"potentialAction\":[{\"@type\":\"ReadAction\",\"target\":[\"https:\\\/\\\/elmontgomery.com\\\/services\\\/water-resource-planning\\\/groundwater-management\\\/\"]}]},{\"@type\":\"BreadcrumbList\",\"@id\":\"https:\\\/\\\/elmontgomery.com\\\/services\\\/water-resource-planning\\\/groundwater-management\\\/#breadcrumb\",\"itemListElement\":[{\"@type\":\"ListItem\",\"position\":1,\"name\":\"Home\",\"item\":\"https:\\\/\\\/elmontgomery.com\\\/\"},{\"@type\":\"ListItem\",\"position\":2,\"name\":\"Services\",\"item\":\"https:\\\/\\\/elmontgomery.com\\\/services\\\/\"},{\"@type\":\"ListItem\",\"position\":3,\"name\":\"Water Resource Planning\",\"item\":\"https:\\\/\\\/elmontgomery.com\\\/services\\\/water-resource-planning\\\/\"},{\"@type\":\"ListItem\",\"position\":4,\"name\":\"Groundwater Management\"}]},{\"@type\":\"WebSite\",\"@id\":\"https:\\\/\\\/elmontgomery.com\\\/#website\",\"url\":\"https:\\\/\\\/elmontgomery.com\\\/\",\"name\":\"Montgomery &amp; Associates\",\"description\":\"Water Resource Consultants\",\"publisher\":{\"@id\":\"https:\\\/\\\/elmontgomery.com\\\/#organization\"},\"potentialAction\":[{\"@type\":\"SearchAction\",\"target\":{\"@type\":\"EntryPoint\",\"urlTemplate\":\"https:\\\/\\\/elmontgomery.com\\\/?s={search_term_string}\"},\"query-input\":{\"@type\":\"PropertyValueSpecification\",\"valueRequired\":true,\"valueName\":\"search_term_string\"}}],\"inLanguage\":\"es-CL\"},{\"@type\":\"Organization\",\"@id\":\"https:\\\/\\\/elmontgomery.com\\\/#organization\",\"name\":\"Montgomery &amp; Associates\",\"url\":\"https:\\\/\\\/elmontgomery.com\\\/\",\"logo\":{\"@type\":\"ImageObject\",\"inLanguage\":\"es-CL\",\"@id\":\"https:\\\/\\\/elmontgomery.com\\\/#\\\/schema\\\/logo\\\/image\\\/\",\"url\":\"https:\\\/\\\/elmontgomery.com\\\/wp-content\\\/uploads\\\/2022\\\/09\\\/MA_RGB_hrz_tag-1.png\",\"contentUrl\":\"https:\\\/\\\/elmontgomery.com\\\/wp-content\\\/uploads\\\/2022\\\/09\\\/MA_RGB_hrz_tag-1.png\",\"width\":1833,\"height\":533,\"caption\":\"Montgomery &amp; Associates\"},\"image\":{\"@id\":\"https:\\\/\\\/elmontgomery.com\\\/#\\\/schema\\\/logo\\\/image\\\/\"},\"sameAs\":[\"https:\\\/\\\/www.linkedin.com\\\/company\\\/2434577\\\/\"]}]}<\/script>\n<!-- \/ Yoast SEO plugin. -->","yoast_head_json":{"title":"Gesti\u00f3n de aguas subterr\u00e1neas - Montgomery &amp; Associates","description":"Gesti\u00f3n y planificaci\u00f3n de las aguas subterr\u00e1neas que fomenta la seguridad del suministro de agua","robots":{"index":"index","follow":"follow","max-snippet":"max-snippet:-1","max-image-preview":"max-image-preview:large","max-video-preview":"max-video-preview:-1"},"canonical":"https:\/\/elmontgomery.com\/es\/services\/water-resource-planning\/groundwater-management\/","og_locale":"es_ES","og_type":"article","og_title":"Groundwater Management - Montgomery &amp; Associates","og_description":"Groundwater management and planning that builds water supply security","og_url":"https:\/\/elmontgomery.com\/es\/services\/water-resource-planning\/groundwater-management\/","og_site_name":"Montgomery &amp; Associates","article_modified_time":"2026-04-08T21:31:36+00:00","twitter_card":"summary_large_image","twitter_misc":{"Tiempo estimado de lectura":"2 minutos"},"schema":{"@context":"https:\/\/schema.org","@graph":[{"@type":"WebPage","@id":"https:\/\/elmontgomery.com\/services\/water-resource-planning\/groundwater-management\/","url":"https:\/\/elmontgomery.com\/services\/water-resource-planning\/groundwater-management\/","name":"Gesti\u00f3n de aguas subterr\u00e1neas - Montgomery &amp; Associates","isPartOf":{"@id":"https:\/\/elmontgomery.com\/#website"},"datePublished":"2022-10-26T17:23:36+00:00","dateModified":"2026-04-08T21:31:36+00:00","description":"Gesti\u00f3n y planificaci\u00f3n de las aguas subterr\u00e1neas que fomenta la seguridad del suministro de agua","breadcrumb":{"@id":"https:\/\/elmontgomery.com\/services\/water-resource-planning\/groundwater-management\/#breadcrumb"},"inLanguage":"es-CL","potentialAction":[{"@type":"ReadAction","target":["https:\/\/elmontgomery.com\/services\/water-resource-planning\/groundwater-management\/"]}]},{"@type":"BreadcrumbList","@id":"https:\/\/elmontgomery.com\/services\/water-resource-planning\/groundwater-management\/#breadcrumb","itemListElement":[{"@type":"ListItem","position":1,"name":"Home","item":"https:\/\/elmontgomery.com\/"},{"@type":"ListItem","position":2,"name":"Services","item":"https:\/\/elmontgomery.com\/services\/"},{"@type":"ListItem","position":3,"name":"Water Resource Planning","item":"https:\/\/elmontgomery.com\/services\/water-resource-planning\/"},{"@type":"ListItem","position":4,"name":"Groundwater Management"}]},{"@type":"WebSite","@id":"https:\/\/elmontgomery.com\/#website","url":"https:\/\/elmontgomery.com\/","name":"Montgomery y asociados","description":"Consultores de recursos h\u00eddricos","publisher":{"@id":"https:\/\/elmontgomery.com\/#organization"},"potentialAction":[{"@type":"SearchAction","target":{"@type":"EntryPoint","urlTemplate":"https:\/\/elmontgomery.com\/?s={search_term_string}"},"query-input":{"@type":"PropertyValueSpecification","valueRequired":true,"valueName":"search_term_string"}}],"inLanguage":"es-CL"},{"@type":"Organization","@id":"https:\/\/elmontgomery.com\/#organization","name":"Montgomery y asociados","url":"https:\/\/elmontgomery.com\/","logo":{"@type":"ImageObject","inLanguage":"es-CL","@id":"https:\/\/elmontgomery.com\/#\/schema\/logo\/image\/","url":"https:\/\/elmontgomery.com\/wp-content\/uploads\/2022\/09\/MA_RGB_hrz_tag-1.png","contentUrl":"https:\/\/elmontgomery.com\/wp-content\/uploads\/2022\/09\/MA_RGB_hrz_tag-1.png","width":1833,"height":533,"caption":"Montgomery &amp; Associates"},"image":{"@id":"https:\/\/elmontgomery.com\/#\/schema\/logo\/image\/"},"sameAs":["https:\/\/www.linkedin.com\/company\/2434577\/"]}]}},"_links":{"self":[{"href":"https:\/\/elmontgomery.com\/es\/wp-json\/wp\/v2\/pages\/1190","targetHints":{"allow":["GET"]}}],"collection":[{"href":"https:\/\/elmontgomery.com\/es\/wp-json\/wp\/v2\/pages"}],"about":[{"href":"https:\/\/elmontgomery.com\/es\/wp-json\/wp\/v2\/types\/page"}],"author":[{"embeddable":true,"href":"https:\/\/elmontgomery.com\/es\/wp-json\/wp\/v2\/users\/3"}],"replies":[{"embeddable":true,"href":"https:\/\/elmontgomery.com\/es\/wp-json\/wp\/v2\/comments?post=1190"}],"version-history":[{"count":27,"href":"https:\/\/elmontgomery.com\/es\/wp-json\/wp\/v2\/pages\/1190\/revisions"}],"predecessor-version":[{"id":13634,"href":"https:\/\/elmontgomery.com\/es\/wp-json\/wp\/v2\/pages\/1190\/revisions\/13634"}],"up":[{"embeddable":true,"href":"https:\/\/elmontgomery.com\/es\/wp-json\/wp\/v2\/pages\/226"}],"wp:attachment":[{"href":"https:\/\/elmontgomery.com\/es\/wp-json\/wp\/v2\/media?parent=1190"}],"curies":[{"name":"Gracias","href":"https:\/\/api.w.org\/{rel}","templated":true}]}}