{"id":11890,"date":"2024-05-22T10:47:24","date_gmt":"2024-05-22T17:47:24","guid":{"rendered":"https:\/\/elmontgomery.com\/?page_id=11890"},"modified":"2024-10-18T13:09:50","modified_gmt":"2024-10-18T20:09:50","slug":"permitting","status":"publish","type":"page","link":"https:\/\/elmontgomery.com\/es\/services\/surface-water\/permitting\/","title":{"rendered":"Permisos"},"content":{"rendered":"<p><div class=\"fusion-fullwidth fullwidth-box fusion-builder-row-1 fusion-flex-container nonhundred-percent-fullwidth non-hundred-percent-height-scrolling\" style=\"--awb-border-radius-top-left:0px;--awb-border-radius-top-right:0px;--awb-border-radius-bottom-right:0px;--awb-border-radius-bottom-left:0px;--awb-flex-wrap:wrap;\" ><div class=\"fusion-builder-row fusion-row fusion-flex-align-items-flex-start fusion-flex-content-wrap\" style=\"max-width:1248px;margin-left: calc(-4% \/ 2 );margin-right: calc(-4% \/ 2 );\"><div class=\"fusion-layout-column fusion_builder_column fusion-builder-column-0 fusion_builder_column_1_1 1_1 fusion-flex-column\" style=\"--awb-bg-size:cover;--awb-width-large:100%;--awb-margin-top-large:0px;--awb-spacing-right-large:1.92%;--awb-margin-bottom-large:20px;--awb-spacing-left-large:1.92%;--awb-width-medium:100%;--awb-order-medium:0;--awb-spacing-right-medium:1.92%;--awb-spacing-left-medium:1.92%;--awb-width-small:100%;--awb-order-small:0;--awb-spacing-right-small:1.92%;--awb-spacing-left-small:1.92%;\"><div class=\"fusion-column-wrapper fusion-column-has-shadow fusion-flex-justify-content-flex-start fusion-content-layout-column\"><div class=\"fusion-text fusion-text-1\" style=\"--awb-font-size:26px;--awb-line-height:30px;--awb-text-color:var(--awb-color6);\"><p>Experiencia hidrogeol\u00f3gica para proyectos que requieren permisos estatales y federales<\/p>\n<\/div><\/div><\/div><div class=\"fusion-layout-column fusion_builder_column fusion-builder-column-1 fusion_builder_column_1_1 1_1 fusion-flex-column\" style=\"--awb-bg-blend:overlay;--awb-bg-size:cover;--awb-width-large:100%;--awb-margin-top-large:-10px;--awb-spacing-right-large:1.92%;--awb-margin-bottom-large:0px;--awb-spacing-left-large:1.92%;--awb-width-medium:100%;--awb-spacing-right-medium:1.92%;--awb-spacing-left-medium:1.92%;--awb-width-small:100%;--awb-spacing-right-small:1.92%;--awb-spacing-left-small:1.92%;\"><div class=\"fusion-column-wrapper fusion-flex-justify-content-flex-start fusion-content-layout-column\"><div class=\"fusion-text fusion-text-2\"><p>M&amp;A cuenta con una amplia experiencia en la investigaci\u00f3n de los impactos hidrol\u00f3gicos de las acciones propuestas para los Estudios de Impacto Ambiental (EIS) seg\u00fan lo exige la Ley Nacional de Protecci\u00f3n Ambiental (NEPA) y la Ley de Calidad Ambiental de California (CEQA). Entendemos el tipo de informaci\u00f3n que se espera como parte de los estudios de referencia de la NEPA. Preparamos las partes de recursos h\u00eddricos de las presentaciones de EIS utilizando modelos hidrol\u00f3gicos, investigaciones de campo, revisi\u00f3n de registros hist\u00f3ricos y detecci\u00f3n remota para documentar las condiciones de las aguas superficiales y subterr\u00e1neas y evaluar los posibles impactos del proyecto. M&amp;A tambi\u00e9n colabora con el proceso de participaci\u00f3n p\u00fablica trabajando con agencias federales, tribales, estatales, locales y otras, as\u00ed como con grupos de inter\u00e9s locales y especiales. Nuestros expertos ofrecen presentaciones p\u00fablicas claras y objetivas, y nos destacamos en la comunicaci\u00f3n de conceptos complejos a una variedad de audiencias.<\/p>\n<p style=\"font-size: 36px; letter-spacing: 0px; line-height: 1.2;\" data-fusion-font=\"true\"><b style=\"line-height: 1.2; letter-spacing: -0.54px; font-family: 'Barlow Condensed';\" data-fusion-font=\"true\" data-fusion-google-font=\"Barlow Condensed\" data-fusion-google-variant=\"100\">Capacidades<\/b><\/p>\n<ul>\n<li>EIS\/EIR\/NEPA en tierras del Servicio Forestal de los Estados Unidos (USFS)<\/li>\n<li>Cumplimiento de la CEQA<\/li>\n<li>Caracterizaci\u00f3n de los recursos de aguas superficiales y subterr\u00e1neas a escala regional y de sitio espec\u00edfico<\/li>\n<li>Formular una gama de acciones alternativas<\/li>\n<li>Uso de modelos num\u00e9ricos y anal\u00edticos para evaluar los impactos de diversas acciones y estrategias de mitigaci\u00f3n en la calidad y cantidad del agua<\/li>\n<li>Dise\u00f1o de m\u00e9todos para evaluar impactos<\/li>\n<li>Dise\u00f1o e implementaci\u00f3n de programas de recolecci\u00f3n de datos<\/li>\n<li>Elaboraci\u00f3n de informes y respuestas a los comentarios p\u00fablicos<\/li>\n<\/ul>\n<\/div><\/div><\/div><\/div><\/div><div class=\"fusion-fullwidth fullwidth-box fusion-builder-row-2 fusion-flex-container has-pattern-background has-mask-background nonhundred-percent-fullwidth non-hundred-percent-height-scrolling\" style=\"--awb-border-radius-top-left:0px;--awb-border-radius-top-right:0px;--awb-border-radius-bottom-right:0px;--awb-border-radius-bottom-left:0px;--awb-flex-wrap:wrap;\" ><div class=\"fusion-builder-row fusion-row fusion-flex-align-items-flex-start fusion-flex-content-wrap\" style=\"max-width:1248px;margin-left: calc(-4% \/ 2 );margin-right: calc(-4% \/ 2 );\"><div class=\"fusion-layout-column fusion_builder_column fusion-builder-column-2 fusion_builder_column_1_1 1_1 fusion-flex-column\" style=\"--awb-bg-size:cover;--awb-width-large:100%;--awb-margin-top-large:0px;--awb-spacing-right-large:1.92%;--awb-margin-bottom-large:20px;--awb-spacing-left-large:1.92%;--awb-width-medium:100%;--awb-order-medium:0;--awb-spacing-right-medium:1.92%;--awb-spacing-left-medium:1.92%;--awb-width-small:100%;--awb-order-small:0;--awb-spacing-right-small:1.92%;--awb-spacing-left-small:1.92%;\"><div class=\"fusion-column-wrapper fusion-column-has-shadow fusion-flex-justify-content-flex-start fusion-content-layout-column\"><div style=\"text-align:center;\"><a class=\"fusion-button button-flat fusion-button-default-size button-custom fusion-button-default button-1 fusion-button-default-span fusion-button-default-type\" style=\"--button_accent_color:var(--awb-color1);--button_accent_hover_color:var(--awb-color1);--button_border_hover_color:var(--awb-color1);--button-border-radius-top-left:0;--button-border-radius-top-right:0;--button-border-radius-bottom-right:0;--button-border-radius-bottom-left:0;--button_gradient_top_color:var(--awb-color5);--button_gradient_bottom_color:var(--awb-color5);--button_gradient_top_color_hover:var(--awb-color6);--button_gradient_bottom_color_hover:var(--awb-color6);--button_font_size:20px;\" target=\"_self\" href=\"https:\/\/elmontgomery.com\/projects\/\" data-no-translation=\"\"><span class=\"fusion-button-text awb-button__text awb-button__text--default\">View Example Projects<\/span><i class=\"fa-angle-double-right fas awb-button__icon awb-button__icon--default button-icon-right\" aria-hidden=\"true\"><\/i><\/a><\/div><\/div><\/div><\/div><\/div><\/p>","protected":false},"excerpt":{"rendered":"","protected":false},"author":3,"featured_media":0,"parent":228,"menu_order":0,"comment_status":"closed","ping_status":"closed","template":"","meta":{"footnotes":""},"class_list":["post-11890","page","type-page","status-publish","hentry"],"yoast_head":"<!-- This site is optimized with the Yoast SEO plugin v27.3 - https:\/\/yoast.com\/product\/yoast-seo-wordpress\/ -->\n<title>Permitting - Montgomery &amp; Associates<\/title>\n<meta name=\"description\" content=\"M&amp;A has extensive experience investigating hydrologic impacts of proposed actions for Environmental Impacts Studies (EIS) as required by the National Environmental Protection Act (NEPA) and the California Environmental Quality Act (CEQA).\" \/>\n<meta name=\"robots\" content=\"index, follow, max-snippet:-1, max-image-preview:large, max-video-preview:-1\" \/>\n<link rel=\"canonical\" href=\"https:\/\/elmontgomery.com\/es\/services\/surface-water\/permitting\/\" \/>\n<meta property=\"og:locale\" content=\"es_ES\" \/>\n<meta property=\"og:type\" content=\"article\" \/>\n<meta property=\"og:title\" content=\"Permitting - Montgomery &amp; Associates\" \/>\n<meta property=\"og:description\" content=\"M&amp;A has extensive experience investigating hydrologic impacts of proposed actions for Environmental Impacts Studies (EIS) as required by the National Environmental Protection Act (NEPA) and the California Environmental Quality Act (CEQA).\" \/>\n<meta property=\"og:url\" content=\"https:\/\/elmontgomery.com\/es\/services\/surface-water\/permitting\/\" \/>\n<meta property=\"og:site_name\" content=\"Montgomery &amp; Associates\" \/>\n<meta property=\"article:modified_time\" content=\"2024-10-18T20:09:50+00:00\" \/>\n<meta name=\"twitter:card\" content=\"summary_large_image\" \/>\n<meta name=\"twitter:label1\" content=\"Tiempo estimado de lectura\" \/>\n\t<meta name=\"twitter:data1\" content=\"4 minutos\" \/>\n<script type=\"application\/ld+json\" class=\"yoast-schema-graph\">{\"@context\":\"https:\\\/\\\/schema.org\",\"@graph\":[{\"@type\":\"WebPage\",\"@id\":\"https:\\\/\\\/elmontgomery.com\\\/services\\\/surface-water\\\/permitting\\\/\",\"url\":\"https:\\\/\\\/elmontgomery.com\\\/services\\\/surface-water\\\/permitting\\\/\",\"name\":\"Permitting - Montgomery &amp; Associates\",\"isPartOf\":{\"@id\":\"https:\\\/\\\/elmontgomery.com\\\/#website\"},\"datePublished\":\"2024-05-22T17:47:24+00:00\",\"dateModified\":\"2024-10-18T20:09:50+00:00\",\"description\":\"M&A has extensive experience investigating hydrologic impacts of proposed actions for Environmental Impacts Studies (EIS) as required by the National Environmental Protection Act (NEPA) and the California Environmental Quality Act (CEQA).\",\"breadcrumb\":{\"@id\":\"https:\\\/\\\/elmontgomery.com\\\/services\\\/surface-water\\\/permitting\\\/#breadcrumb\"},\"inLanguage\":\"es-CL\",\"potentialAction\":[{\"@type\":\"ReadAction\",\"target\":[\"https:\\\/\\\/elmontgomery.com\\\/services\\\/surface-water\\\/permitting\\\/\"]}]},{\"@type\":\"BreadcrumbList\",\"@id\":\"https:\\\/\\\/elmontgomery.com\\\/services\\\/surface-water\\\/permitting\\\/#breadcrumb\",\"itemListElement\":[{\"@type\":\"ListItem\",\"position\":1,\"name\":\"Home\",\"item\":\"https:\\\/\\\/elmontgomery.com\\\/\"},{\"@type\":\"ListItem\",\"position\":2,\"name\":\"Services\",\"item\":\"https:\\\/\\\/elmontgomery.com\\\/services\\\/\"},{\"@type\":\"ListItem\",\"position\":3,\"name\":\"Surface Water\",\"item\":\"https:\\\/\\\/elmontgomery.com\\\/services\\\/surface-water\\\/\"},{\"@type\":\"ListItem\",\"position\":4,\"name\":\"Permitting\"}]},{\"@type\":\"WebSite\",\"@id\":\"https:\\\/\\\/elmontgomery.com\\\/#website\",\"url\":\"https:\\\/\\\/elmontgomery.com\\\/\",\"name\":\"Montgomery &amp; Associates\",\"description\":\"Water Resource Consultants\",\"publisher\":{\"@id\":\"https:\\\/\\\/elmontgomery.com\\\/#organization\"},\"potentialAction\":[{\"@type\":\"SearchAction\",\"target\":{\"@type\":\"EntryPoint\",\"urlTemplate\":\"https:\\\/\\\/elmontgomery.com\\\/?s={search_term_string}\"},\"query-input\":{\"@type\":\"PropertyValueSpecification\",\"valueRequired\":true,\"valueName\":\"search_term_string\"}}],\"inLanguage\":\"es-CL\"},{\"@type\":\"Organization\",\"@id\":\"https:\\\/\\\/elmontgomery.com\\\/#organization\",\"name\":\"Montgomery &amp; Associates\",\"url\":\"https:\\\/\\\/elmontgomery.com\\\/\",\"logo\":{\"@type\":\"ImageObject\",\"inLanguage\":\"es-CL\",\"@id\":\"https:\\\/\\\/elmontgomery.com\\\/#\\\/schema\\\/logo\\\/image\\\/\",\"url\":\"https:\\\/\\\/elmontgomery.com\\\/wp-content\\\/uploads\\\/2022\\\/09\\\/MA_RGB_hrz_tag-1.png\",\"contentUrl\":\"https:\\\/\\\/elmontgomery.com\\\/wp-content\\\/uploads\\\/2022\\\/09\\\/MA_RGB_hrz_tag-1.png\",\"width\":1833,\"height\":533,\"caption\":\"Montgomery &amp; Associates\"},\"image\":{\"@id\":\"https:\\\/\\\/elmontgomery.com\\\/#\\\/schema\\\/logo\\\/image\\\/\"},\"sameAs\":[\"https:\\\/\\\/www.linkedin.com\\\/company\\\/2434577\\\/\"]}]}<\/script>\n<!-- \/ Yoast SEO plugin. -->","yoast_head_json":{"title":"Permisos - Montgomery &amp; Associates","description":"M&amp;A tiene amplia experiencia en la investigaci\u00f3n de los impactos hidrol\u00f3gicos de las acciones propuestas para los Estudios de Impacto Ambiental (EIS) seg\u00fan lo exige la Ley Nacional de Protecci\u00f3n Ambiental (NEPA) y la Ley de Calidad Ambiental de California (CEQA).","robots":{"index":"index","follow":"follow","max-snippet":"max-snippet:-1","max-image-preview":"max-image-preview:large","max-video-preview":"max-video-preview:-1"},"canonical":"https:\/\/elmontgomery.com\/es\/services\/surface-water\/permitting\/","og_locale":"es_ES","og_type":"article","og_title":"Permitting - Montgomery &amp; Associates","og_description":"M&A has extensive experience investigating hydrologic impacts of proposed actions for Environmental Impacts Studies (EIS) as required by the National Environmental Protection Act (NEPA) and the California Environmental Quality Act (CEQA).","og_url":"https:\/\/elmontgomery.com\/es\/services\/surface-water\/permitting\/","og_site_name":"Montgomery &amp; Associates","article_modified_time":"2024-10-18T20:09:50+00:00","twitter_card":"summary_large_image","twitter_misc":{"Tiempo estimado de lectura":"4 minutos"},"schema":{"@context":"https:\/\/schema.org","@graph":[{"@type":"WebPage","@id":"https:\/\/elmontgomery.com\/services\/surface-water\/permitting\/","url":"https:\/\/elmontgomery.com\/services\/surface-water\/permitting\/","name":"Permisos - Montgomery &amp; Associates","isPartOf":{"@id":"https:\/\/elmontgomery.com\/#website"},"datePublished":"2024-05-22T17:47:24+00:00","dateModified":"2024-10-18T20:09:50+00:00","description":"M&amp;A tiene amplia experiencia en la investigaci\u00f3n de los impactos hidrol\u00f3gicos de las acciones propuestas para los Estudios de Impacto Ambiental (EIS) seg\u00fan lo exige la Ley Nacional de Protecci\u00f3n Ambiental (NEPA) y la Ley de Calidad Ambiental de California (CEQA).","breadcrumb":{"@id":"https:\/\/elmontgomery.com\/services\/surface-water\/permitting\/#breadcrumb"},"inLanguage":"es-CL","potentialAction":[{"@type":"ReadAction","target":["https:\/\/elmontgomery.com\/services\/surface-water\/permitting\/"]}]},{"@type":"BreadcrumbList","@id":"https:\/\/elmontgomery.com\/services\/surface-water\/permitting\/#breadcrumb","itemListElement":[{"@type":"ListItem","position":1,"name":"Home","item":"https:\/\/elmontgomery.com\/"},{"@type":"ListItem","position":2,"name":"Services","item":"https:\/\/elmontgomery.com\/services\/"},{"@type":"ListItem","position":3,"name":"Surface Water","item":"https:\/\/elmontgomery.com\/services\/surface-water\/"},{"@type":"ListItem","position":4,"name":"Permitting"}]},{"@type":"WebSite","@id":"https:\/\/elmontgomery.com\/#website","url":"https:\/\/elmontgomery.com\/","name":"Montgomery y asociados","description":"Consultores de recursos h\u00eddricos","publisher":{"@id":"https:\/\/elmontgomery.com\/#organization"},"potentialAction":[{"@type":"SearchAction","target":{"@type":"EntryPoint","urlTemplate":"https:\/\/elmontgomery.com\/?s={search_term_string}"},"query-input":{"@type":"PropertyValueSpecification","valueRequired":true,"valueName":"search_term_string"}}],"inLanguage":"es-CL"},{"@type":"Organization","@id":"https:\/\/elmontgomery.com\/#organization","name":"Montgomery y asociados","url":"https:\/\/elmontgomery.com\/","logo":{"@type":"ImageObject","inLanguage":"es-CL","@id":"https:\/\/elmontgomery.com\/#\/schema\/logo\/image\/","url":"https:\/\/elmontgomery.com\/wp-content\/uploads\/2022\/09\/MA_RGB_hrz_tag-1.png","contentUrl":"https:\/\/elmontgomery.com\/wp-content\/uploads\/2022\/09\/MA_RGB_hrz_tag-1.png","width":1833,"height":533,"caption":"Montgomery &amp; Associates"},"image":{"@id":"https:\/\/elmontgomery.com\/#\/schema\/logo\/image\/"},"sameAs":["https:\/\/www.linkedin.com\/company\/2434577\/"]}]}},"_links":{"self":[{"href":"https:\/\/elmontgomery.com\/es\/wp-json\/wp\/v2\/pages\/11890","targetHints":{"allow":["GET"]}}],"collection":[{"href":"https:\/\/elmontgomery.com\/es\/wp-json\/wp\/v2\/pages"}],"about":[{"href":"https:\/\/elmontgomery.com\/es\/wp-json\/wp\/v2\/types\/page"}],"author":[{"embeddable":true,"href":"https:\/\/elmontgomery.com\/es\/wp-json\/wp\/v2\/users\/3"}],"replies":[{"embeddable":true,"href":"https:\/\/elmontgomery.com\/es\/wp-json\/wp\/v2\/comments?post=11890"}],"version-history":[{"count":5,"href":"https:\/\/elmontgomery.com\/es\/wp-json\/wp\/v2\/pages\/11890\/revisions"}],"predecessor-version":[{"id":12364,"href":"https:\/\/elmontgomery.com\/es\/wp-json\/wp\/v2\/pages\/11890\/revisions\/12364"}],"up":[{"embeddable":true,"href":"https:\/\/elmontgomery.com\/es\/wp-json\/wp\/v2\/pages\/228"}],"wp:attachment":[{"href":"https:\/\/elmontgomery.com\/es\/wp-json\/wp\/v2\/media?parent=11890"}],"curies":[{"name":"Gracias","href":"https:\/\/api.w.org\/{rel}","templated":true}]}}