{"id":11871,"date":"2024-05-21T14:16:37","date_gmt":"2024-05-21T21:16:37","guid":{"rendered":"https:\/\/elmontgomery.com\/?page_id=11871"},"modified":"2025-07-11T16:51:53","modified_gmt":"2025-07-11T23:51:53","slug":"environmental-impact-studies","status":"publish","type":"page","link":"https:\/\/elmontgomery.com\/es\/services\/mining-hydrogeology\/environmental-impact-studies\/","title":{"rendered":"Estudios de Impacto Ambiental"},"content":{"rendered":"<div class=\"fusion-fullwidth fullwidth-box fusion-builder-row-1 fusion-flex-container has-pattern-background has-mask-background nonhundred-percent-fullwidth non-hundred-percent-height-scrolling\" style=\"--awb-border-radius-top-left:0px;--awb-border-radius-top-right:0px;--awb-border-radius-bottom-right:0px;--awb-border-radius-bottom-left:0px;--awb-flex-wrap:wrap;\" ><div class=\"fusion-builder-row fusion-row fusion-flex-align-items-flex-start fusion-flex-content-wrap\" style=\"max-width:1248px;margin-left: calc(-4% \/ 2 );margin-right: calc(-4% \/ 2 );\"><div class=\"fusion-layout-column fusion_builder_column fusion-builder-column-0 fusion_builder_column_1_1 1_1 fusion-flex-column\" style=\"--awb-bg-size:cover;--awb-width-large:100%;--awb-margin-top-large:0px;--awb-spacing-right-large:1.92%;--awb-margin-bottom-large:20px;--awb-spacing-left-large:1.92%;--awb-width-medium:100%;--awb-order-medium:0;--awb-spacing-right-medium:1.92%;--awb-spacing-left-medium:1.92%;--awb-width-small:100%;--awb-order-small:0;--awb-spacing-right-small:1.92%;--awb-spacing-left-small:1.92%;\"><div class=\"fusion-column-wrapper fusion-column-has-shadow fusion-flex-justify-content-flex-start fusion-content-layout-column\"><div class=\"fusion-text fusion-text-1\" style=\"--awb-font-size:26px;--awb-line-height:30px;--awb-text-color:var(--awb-color6);\"><p>Enfoques defendibles para evaluar los impactos de la miner\u00eda sobre los recursos h\u00eddricos<\/p>\n<\/div><\/div><\/div><div class=\"fusion-layout-column fusion_builder_column fusion-builder-column-1 fusion_builder_column_1_1 1_1 fusion-flex-column\" style=\"--awb-bg-size:cover;--awb-width-large:100%;--awb-margin-top-large:-20px;--awb-spacing-right-large:1.92%;--awb-margin-bottom-large:20px;--awb-spacing-left-large:1.92%;--awb-width-medium:100%;--awb-order-medium:0;--awb-spacing-right-medium:1.92%;--awb-spacing-left-medium:1.92%;--awb-width-small:100%;--awb-order-small:0;--awb-spacing-right-small:1.92%;--awb-spacing-left-small:1.92%;\"><div class=\"fusion-column-wrapper fusion-column-has-shadow fusion-flex-justify-content-flex-start fusion-content-layout-column\"><div class=\"fusion-text fusion-text-2\" style=\"--awb-font-size:18px;\"><p>Las minas nuevas y en expansi\u00f3n con un nexo federal deben preparar una declaraci\u00f3n de impacto ambiental (DIA) o una evaluaci\u00f3n ambiental (EA). M&amp;A prepara las partes de recursos h\u00eddricos de las presentaciones de la Ley Nacional de Pol\u00edtica Ambiental (NEPA) utilizando modelos hidrol\u00f3gicos, m\u00e9todos de caracterizaci\u00f3n de campo probados y enfoques de detecci\u00f3n remota para documentar las condiciones existentes o hist\u00f3ricas y evaluar los impactos potenciales. M&amp;A tambi\u00e9n brinda un valioso apoyo para el proceso de participaci\u00f3n p\u00fablica. Interactuamos con agencias federales, estatales, locales y tribales, as\u00ed como con grupos de intereses especiales. Nuestras presentaciones p\u00fablicas son claras, objetivas y cient\u00edficamente defendibles, y comunican conceptos complejos a una variedad de audiencias.<\/p>\n<p style=\"font-size: 36px; letter-spacing: 0px; line-height: 1.2;\" data-fusion-font=\"true\"><b style=\"line-height: 1.2; letter-spacing: -0.54px; font-family: 'Barlow Condensed';\" data-fusion-font=\"true\" data-fusion-google-font=\"Barlow Condensed\" data-fusion-google-variant=\"100\">Capacidades<\/b><\/p>\n<ul>\n<li>Caracterizaci\u00f3n de los recursos h\u00eddricos a escala local y regional<\/li>\n<li>Formular alternativas de acci\u00f3n y evaluar los impactos sobre la calidad y cantidad del agua bajo estas alternativas utilizando modelos num\u00e9ricos y anal\u00edticos<\/li>\n<li>Dise\u00f1o de m\u00e9todos para evaluar impactos<\/li>\n<li>Dise\u00f1o e implementaci\u00f3n de programas de recolecci\u00f3n de datos<\/li>\n<li>Preparaci\u00f3n de informes y respuestas para comentarios p\u00fablicos<\/li>\n<\/ul>\n<\/div><div style=\"text-align:center;\"><a class=\"fusion-button button-flat fusion-button-default-size button-custom fusion-button-default button-1 fusion-button-default-span fusion-button-default-type\" style=\"--button_accent_color:var(--awb-color1);--button_accent_hover_color:var(--awb-color6);--button_border_hover_color:var(--awb-color1);--button-border-radius-top-left:0;--button-border-radius-top-right:0;--button-border-radius-bottom-right:0;--button-border-radius-bottom-left:0;--button_gradient_angle:0deg;--button_gradient_top_color:var(--awb-color5);--button_gradient_bottom_color:var(--awb-color5);--button_gradient_top_color_hover:var(--awb-color1);--button_gradient_bottom_color_hover:var(--awb-color1);--button_font_size:20px;--button_margin-top:20px;\" target=\"_self\" href=\"https:\/\/elmontgomery.com\/projects\/#tab-035e69108cb6ba2a4ed\" data-no-translation=\"\"><span class=\"fusion-button-text awb-button__text awb-button__text--default\">View Mining Projects<\/span><i class=\"fa-angle-double-right fas awb-button__icon awb-button__icon--default button-icon-right\" aria-hidden=\"true\"><\/i><\/a><\/div><\/div><\/div><\/div><\/div>","protected":false},"excerpt":{"rendered":"","protected":false},"author":3,"featured_media":0,"parent":220,"menu_order":0,"comment_status":"closed","ping_status":"closed","template":"","meta":{"footnotes":""},"class_list":["post-11871","page","type-page","status-publish","hentry"],"yoast_head":"<!-- This site is optimized with the Yoast SEO plugin v27.3 - https:\/\/yoast.com\/product\/yoast-seo-wordpress\/ -->\n<title>Environmental Impact Studies - Montgomery &amp; Associates<\/title>\n<meta name=\"description\" content=\"M&amp;A prepares the water resource portions of National Environmental Policy Act (NEPA) submittals using hydrologic models, proven field characterization methods, and remote sensing approaches to document existing or historical conditions and assess potential impacts.\" \/>\n<meta name=\"robots\" content=\"index, follow, max-snippet:-1, max-image-preview:large, max-video-preview:-1\" \/>\n<link rel=\"canonical\" href=\"https:\/\/elmontgomery.com\/es\/services\/mining-hydrogeology\/environmental-impact-studies\/\" \/>\n<meta property=\"og:locale\" content=\"es_ES\" \/>\n<meta property=\"og:type\" content=\"article\" \/>\n<meta property=\"og:title\" content=\"Environmental Impact Studies - Montgomery &amp; Associates\" \/>\n<meta property=\"og:description\" content=\"M&amp;A prepares the water resource portions of National Environmental Policy Act (NEPA) submittals using hydrologic models, proven field characterization methods, and remote sensing approaches to document existing or historical conditions and assess potential impacts.\" \/>\n<meta property=\"og:url\" content=\"https:\/\/elmontgomery.com\/es\/services\/mining-hydrogeology\/environmental-impact-studies\/\" \/>\n<meta property=\"og:site_name\" content=\"Montgomery &amp; Associates\" \/>\n<meta property=\"article:modified_time\" content=\"2025-07-11T23:51:53+00:00\" \/>\n<meta name=\"twitter:card\" content=\"summary_large_image\" \/>\n<meta name=\"twitter:label1\" content=\"Tiempo estimado de lectura\" \/>\n\t<meta name=\"twitter:data1\" content=\"2 minutos\" \/>\n<script type=\"application\/ld+json\" class=\"yoast-schema-graph\">{\"@context\":\"https:\\\/\\\/schema.org\",\"@graph\":[{\"@type\":\"WebPage\",\"@id\":\"https:\\\/\\\/elmontgomery.com\\\/services\\\/mining-hydrogeology\\\/environmental-impact-studies\\\/\",\"url\":\"https:\\\/\\\/elmontgomery.com\\\/services\\\/mining-hydrogeology\\\/environmental-impact-studies\\\/\",\"name\":\"Environmental Impact Studies - Montgomery &amp; Associates\",\"isPartOf\":{\"@id\":\"https:\\\/\\\/elmontgomery.com\\\/#website\"},\"datePublished\":\"2024-05-21T21:16:37+00:00\",\"dateModified\":\"2025-07-11T23:51:53+00:00\",\"description\":\"M&A prepares the water resource portions of National Environmental Policy Act (NEPA) submittals using hydrologic models, proven field characterization methods, and remote sensing approaches to document existing or historical conditions and assess potential impacts.\",\"breadcrumb\":{\"@id\":\"https:\\\/\\\/elmontgomery.com\\\/services\\\/mining-hydrogeology\\\/environmental-impact-studies\\\/#breadcrumb\"},\"inLanguage\":\"es-CL\",\"potentialAction\":[{\"@type\":\"ReadAction\",\"target\":[\"https:\\\/\\\/elmontgomery.com\\\/services\\\/mining-hydrogeology\\\/environmental-impact-studies\\\/\"]}]},{\"@type\":\"BreadcrumbList\",\"@id\":\"https:\\\/\\\/elmontgomery.com\\\/services\\\/mining-hydrogeology\\\/environmental-impact-studies\\\/#breadcrumb\",\"itemListElement\":[{\"@type\":\"ListItem\",\"position\":1,\"name\":\"Home\",\"item\":\"https:\\\/\\\/elmontgomery.com\\\/\"},{\"@type\":\"ListItem\",\"position\":2,\"name\":\"Services\",\"item\":\"https:\\\/\\\/elmontgomery.com\\\/services\\\/\"},{\"@type\":\"ListItem\",\"position\":3,\"name\":\"Mining Hydrogeology\",\"item\":\"https:\\\/\\\/elmontgomery.com\\\/services\\\/mining-hydrogeology\\\/\"},{\"@type\":\"ListItem\",\"position\":4,\"name\":\"Environmental Impact Studies\"}]},{\"@type\":\"WebSite\",\"@id\":\"https:\\\/\\\/elmontgomery.com\\\/#website\",\"url\":\"https:\\\/\\\/elmontgomery.com\\\/\",\"name\":\"Montgomery &amp; Associates\",\"description\":\"Water Resource Consultants\",\"publisher\":{\"@id\":\"https:\\\/\\\/elmontgomery.com\\\/#organization\"},\"potentialAction\":[{\"@type\":\"SearchAction\",\"target\":{\"@type\":\"EntryPoint\",\"urlTemplate\":\"https:\\\/\\\/elmontgomery.com\\\/?s={search_term_string}\"},\"query-input\":{\"@type\":\"PropertyValueSpecification\",\"valueRequired\":true,\"valueName\":\"search_term_string\"}}],\"inLanguage\":\"es-CL\"},{\"@type\":\"Organization\",\"@id\":\"https:\\\/\\\/elmontgomery.com\\\/#organization\",\"name\":\"Montgomery &amp; Associates\",\"url\":\"https:\\\/\\\/elmontgomery.com\\\/\",\"logo\":{\"@type\":\"ImageObject\",\"inLanguage\":\"es-CL\",\"@id\":\"https:\\\/\\\/elmontgomery.com\\\/#\\\/schema\\\/logo\\\/image\\\/\",\"url\":\"https:\\\/\\\/elmontgomery.com\\\/wp-content\\\/uploads\\\/2022\\\/09\\\/MA_RGB_hrz_tag-1.png\",\"contentUrl\":\"https:\\\/\\\/elmontgomery.com\\\/wp-content\\\/uploads\\\/2022\\\/09\\\/MA_RGB_hrz_tag-1.png\",\"width\":1833,\"height\":533,\"caption\":\"Montgomery &amp; Associates\"},\"image\":{\"@id\":\"https:\\\/\\\/elmontgomery.com\\\/#\\\/schema\\\/logo\\\/image\\\/\"},\"sameAs\":[\"https:\\\/\\\/www.linkedin.com\\\/company\\\/2434577\\\/\"]}]}<\/script>\n<!-- \/ Yoast SEO plugin. -->","yoast_head_json":{"title":"Estudios de Impacto Ambiental - Montgomery &amp; Associates","description":"M&amp;A prepara las partes de recursos h\u00eddricos de las presentaciones de la Ley Nacional de Pol\u00edtica Ambiental (NEPA) utilizando modelos hidrol\u00f3gicos, m\u00e9todos de caracterizaci\u00f3n de campo probados y enfoques de teledetecci\u00f3n para documentar las condiciones existentes o hist\u00f3ricas y evaluar los impactos potenciales.","robots":{"index":"index","follow":"follow","max-snippet":"max-snippet:-1","max-image-preview":"max-image-preview:large","max-video-preview":"max-video-preview:-1"},"canonical":"https:\/\/elmontgomery.com\/es\/services\/mining-hydrogeology\/environmental-impact-studies\/","og_locale":"es_ES","og_type":"article","og_title":"Environmental Impact Studies - Montgomery &amp; Associates","og_description":"M&A prepares the water resource portions of National Environmental Policy Act (NEPA) submittals using hydrologic models, proven field characterization methods, and remote sensing approaches to document existing or historical conditions and assess potential impacts.","og_url":"https:\/\/elmontgomery.com\/es\/services\/mining-hydrogeology\/environmental-impact-studies\/","og_site_name":"Montgomery &amp; Associates","article_modified_time":"2025-07-11T23:51:53+00:00","twitter_card":"summary_large_image","twitter_misc":{"Tiempo estimado de lectura":"2 minutos"},"schema":{"@context":"https:\/\/schema.org","@graph":[{"@type":"WebPage","@id":"https:\/\/elmontgomery.com\/services\/mining-hydrogeology\/environmental-impact-studies\/","url":"https:\/\/elmontgomery.com\/services\/mining-hydrogeology\/environmental-impact-studies\/","name":"Estudios de Impacto Ambiental - Montgomery &amp; Associates","isPartOf":{"@id":"https:\/\/elmontgomery.com\/#website"},"datePublished":"2024-05-21T21:16:37+00:00","dateModified":"2025-07-11T23:51:53+00:00","description":"M&amp;A prepara las partes de recursos h\u00eddricos de las presentaciones de la Ley Nacional de Pol\u00edtica Ambiental (NEPA) utilizando modelos hidrol\u00f3gicos, m\u00e9todos de caracterizaci\u00f3n de campo probados y enfoques de teledetecci\u00f3n para documentar las condiciones existentes o hist\u00f3ricas y evaluar los impactos potenciales.","breadcrumb":{"@id":"https:\/\/elmontgomery.com\/services\/mining-hydrogeology\/environmental-impact-studies\/#breadcrumb"},"inLanguage":"es-CL","potentialAction":[{"@type":"ReadAction","target":["https:\/\/elmontgomery.com\/services\/mining-hydrogeology\/environmental-impact-studies\/"]}]},{"@type":"BreadcrumbList","@id":"https:\/\/elmontgomery.com\/services\/mining-hydrogeology\/environmental-impact-studies\/#breadcrumb","itemListElement":[{"@type":"ListItem","position":1,"name":"Home","item":"https:\/\/elmontgomery.com\/"},{"@type":"ListItem","position":2,"name":"Services","item":"https:\/\/elmontgomery.com\/services\/"},{"@type":"ListItem","position":3,"name":"Mining Hydrogeology","item":"https:\/\/elmontgomery.com\/services\/mining-hydrogeology\/"},{"@type":"ListItem","position":4,"name":"Environmental Impact Studies"}]},{"@type":"WebSite","@id":"https:\/\/elmontgomery.com\/#website","url":"https:\/\/elmontgomery.com\/","name":"Montgomery y asociados","description":"Consultores de recursos h\u00eddricos","publisher":{"@id":"https:\/\/elmontgomery.com\/#organization"},"potentialAction":[{"@type":"SearchAction","target":{"@type":"EntryPoint","urlTemplate":"https:\/\/elmontgomery.com\/?s={search_term_string}"},"query-input":{"@type":"PropertyValueSpecification","valueRequired":true,"valueName":"search_term_string"}}],"inLanguage":"es-CL"},{"@type":"Organization","@id":"https:\/\/elmontgomery.com\/#organization","name":"Montgomery y asociados","url":"https:\/\/elmontgomery.com\/","logo":{"@type":"ImageObject","inLanguage":"es-CL","@id":"https:\/\/elmontgomery.com\/#\/schema\/logo\/image\/","url":"https:\/\/elmontgomery.com\/wp-content\/uploads\/2022\/09\/MA_RGB_hrz_tag-1.png","contentUrl":"https:\/\/elmontgomery.com\/wp-content\/uploads\/2022\/09\/MA_RGB_hrz_tag-1.png","width":1833,"height":533,"caption":"Montgomery &amp; Associates"},"image":{"@id":"https:\/\/elmontgomery.com\/#\/schema\/logo\/image\/"},"sameAs":["https:\/\/www.linkedin.com\/company\/2434577\/"]}]}},"_links":{"self":[{"href":"https:\/\/elmontgomery.com\/es\/wp-json\/wp\/v2\/pages\/11871","targetHints":{"allow":["GET"]}}],"collection":[{"href":"https:\/\/elmontgomery.com\/es\/wp-json\/wp\/v2\/pages"}],"about":[{"href":"https:\/\/elmontgomery.com\/es\/wp-json\/wp\/v2\/types\/page"}],"author":[{"embeddable":true,"href":"https:\/\/elmontgomery.com\/es\/wp-json\/wp\/v2\/users\/3"}],"replies":[{"embeddable":true,"href":"https:\/\/elmontgomery.com\/es\/wp-json\/wp\/v2\/comments?post=11871"}],"version-history":[{"count":4,"href":"https:\/\/elmontgomery.com\/es\/wp-json\/wp\/v2\/pages\/11871\/revisions"}],"predecessor-version":[{"id":13102,"href":"https:\/\/elmontgomery.com\/es\/wp-json\/wp\/v2\/pages\/11871\/revisions\/13102"}],"up":[{"embeddable":true,"href":"https:\/\/elmontgomery.com\/es\/wp-json\/wp\/v2\/pages\/220"}],"wp:attachment":[{"href":"https:\/\/elmontgomery.com\/es\/wp-json\/wp\/v2\/media?parent=11871"}],"curies":[{"name":"Gracias","href":"https:\/\/api.w.org\/{rel}","templated":true}]}}