{"id":1175,"date":"2022-10-24T13:14:11","date_gmt":"2022-10-24T20:14:11","guid":{"rendered":"https:\/\/ma.jvista.net\/?page_id=1175"},"modified":"2025-07-14T10:24:19","modified_gmt":"2025-07-14T17:24:19","slug":"brine-resources-lithium-characterization","status":"publish","type":"page","link":"https:\/\/elmontgomery.com\/es\/services\/mining-hydrogeology\/brine-resources-lithium-characterization\/","title":{"rendered":"Recursos de salmuera y caracterizaci\u00f3n de litio"},"content":{"rendered":"<div class=\"fusion-fullwidth fullwidth-box fusion-builder-row-1 fusion-flex-container nonhundred-percent-fullwidth non-hundred-percent-height-scrolling\" style=\"--awb-border-radius-top-left:0px;--awb-border-radius-top-right:0px;--awb-border-radius-bottom-right:0px;--awb-border-radius-bottom-left:0px;--awb-flex-wrap:wrap;\" ><div class=\"fusion-builder-row fusion-row fusion-flex-align-items-flex-start fusion-flex-content-wrap\" style=\"max-width:1248px;margin-left: calc(-4% \/ 2 );margin-right: calc(-4% \/ 2 );\"><div class=\"fusion-layout-column fusion_builder_column fusion-builder-column-0 fusion_builder_column_1_1 1_1 fusion-flex-column\" style=\"--awb-bg-size:cover;--awb-width-large:100%;--awb-margin-top-large:0px;--awb-spacing-right-large:1.92%;--awb-margin-bottom-large:20px;--awb-spacing-left-large:1.92%;--awb-width-medium:100%;--awb-order-medium:0;--awb-spacing-right-medium:1.92%;--awb-spacing-left-medium:1.92%;--awb-width-small:100%;--awb-order-small:0;--awb-spacing-right-small:1.92%;--awb-spacing-left-small:1.92%;\"><div class=\"fusion-column-wrapper fusion-column-has-shadow fusion-flex-justify-content-flex-start fusion-content-layout-column\"><div class=\"fusion-text fusion-text-1\" style=\"--awb-font-size:26px;--awb-line-height:30px;--awb-text-color:var(--awb-color6);\"><p>JORC y NI 43-101 estimaciones de recursos econ\u00f3micos de salmuera para planificaci\u00f3n y desarrollo<\/p>\n<\/div><\/div><\/div><div class=\"fusion-layout-column fusion_builder_column fusion-builder-column-1 fusion_builder_column_1_1 1_1 fusion-flex-column\" style=\"--awb-bg-blend:overlay;--awb-bg-size:cover;--awb-width-large:100%;--awb-margin-top-large:-10px;--awb-spacing-right-large:1.92%;--awb-margin-bottom-large:0px;--awb-spacing-left-large:1.92%;--awb-width-medium:100%;--awb-spacing-right-medium:1.92%;--awb-spacing-left-medium:1.92%;--awb-width-small:100%;--awb-spacing-right-small:1.92%;--awb-spacing-left-small:1.92%;\"><div class=\"fusion-column-wrapper fusion-flex-justify-content-flex-start fusion-content-layout-column\"><div class=\"fusion-text fusion-text-2\"><p>A diferencia de los recursos minerales tradicionales que ocurren como dep\u00f3sitos s\u00f3lidos, los recursos de salmuera enriquecidos con minerales residen dentro de acu\u00edferos de roca porosa y fracturada. La estimaci\u00f3n de los recursos y reservas minerales en un dep\u00f3sito de salmuera presenta desaf\u00edos t\u00e9cnicos; este proceso requiere comprender no solo la variabilidad espacial y temporal de las densidades y concentraciones de la salmuera, sino tambi\u00e9n la variabilidad de las caracter\u00edsticas del flujo en el acu\u00edfero anfitri\u00f3n. Desde 2009, M&amp;A ha ayudado a los clientes a desarrollar planes mineros s\u00f3lidos al explorar, caracterizar, cuantificar y desarrollar sus reservas minerales.<\/p>\n<h3 class=\"fusion-responsive-typography-calculated\" style=\"--fontsize: 36; line-height: 1.2;\" data-fontsize=\"36\" data-lineheight=\"43.2px\">Experiencia y conocimientos<\/h3>\n<ul>\n<li>M\u00e1s de 25 proyectos de recursos\/reservas de salmuera de litio, incluidos 12 proyectos completados<\/li>\n<li>Servicios hidrogeol\u00f3gicos para importantes clientes y proyectos de miner\u00eda de litio, entre ellos Galaxy Resources Inc. (Proyecto Sal de Vida); Eramine (Proyecto Salar de Centenario); Rincon Lithium (Proyecto Salar de Rinc\u00f3n); SQM (Proyecto Salar de Atacama); y Millennial Lithium Corp. (Proyecto Pastos Grande).<\/li>\n<li>Cinco profesionales de fusiones y adquisiciones certificados como Personas Calificadas (QP) para la estimaci\u00f3n de recursos y reservas de salmuera de litio de conformidad con el Instrumento Nacional Canadiense (NI) 43-101 y <a href=\"https:\/\/www.jorc.org\/\" data-no-translation=\"\">Australasian Joint Ore Reserves Committee (JORC)<\/a> requisitos<\/li>\n<\/ul>\n<h3 class=\"fusion-responsive-typography-calculated\" style=\"--fontsize: 36; line-height: 1.2;\" data-fontsize=\"36\" data-lineheight=\"43.2px\">Capacidades<\/h3>\n<ul>\n<li>Planificaci\u00f3n y supervisi\u00f3n de la exploraci\u00f3n y el desarrollo de recursos de salmuera<\/li>\n<li>Realizaci\u00f3n de modelos geol\u00f3gicos en 3D y modelos de flujo y transporte de aguas subterr\u00e1neas<\/li>\n<li>Estimaci\u00f3n de recursos y reservas de salmuera de litio y potasio<\/li>\n<li>Realizaci\u00f3n de investigaciones de campo y modelado para definir recursos drenables y reservas econ\u00f3micamente extra\u00edbles<\/li>\n<li>Realizaci\u00f3n de evaluaciones geoestad\u00edsticas de par\u00e1metros y ensayos hidr\u00e1ulicos<\/li>\n<li>Desarrollo de modelos de flujo de agua subterr\u00e1nea de densidad variable para predecir c\u00f3mo cambian las concentraciones de minerales con el bombeo<\/li>\n<li>Dise\u00f1o de campos de pozos, trincheras y sistemas de extracci\u00f3n<\/li>\n<li>Predicci\u00f3n de tasas de producci\u00f3n sostenible<\/li>\n<li>Exploraci\u00f3n y evaluaci\u00f3n de los recursos de agua dulce necesarios para el procesamiento de minerales<\/li>\n<li>Proporcionar revisi\u00f3n y evaluaci\u00f3n expertas de informes t\u00e9cnicos y condiciones del sitio.<\/li>\n<li>Preparaci\u00f3n de informes t\u00e9cnicos por parte de los QP<\/li>\n<\/ul>\n<\/div><\/div><\/div><div class=\"fusion-layout-column fusion_builder_column fusion-builder-column-2 fusion_builder_column_1_1 1_1 fusion-flex-column\" style=\"--awb-bg-size:cover;--awb-width-large:100%;--awb-margin-top-large:0px;--awb-spacing-right-large:1.92%;--awb-margin-bottom-large:20px;--awb-spacing-left-large:1.92%;--awb-width-medium:100%;--awb-order-medium:0;--awb-spacing-right-medium:1.92%;--awb-spacing-left-medium:1.92%;--awb-width-small:100%;--awb-order-small:0;--awb-spacing-right-small:1.92%;--awb-spacing-left-small:1.92%;\"><div class=\"fusion-column-wrapper fusion-column-has-shadow fusion-flex-justify-content-flex-start fusion-content-layout-column\"><div style=\"text-align:center;\"><a class=\"fusion-button button-flat fusion-button-default-size button-custom fusion-button-default button-1 fusion-button-default-span fusion-button-default-type\" style=\"--button_accent_color:var(--awb-color1);--button_accent_hover_color:var(--awb-color1);--button_border_hover_color:var(--awb-color1);--button-border-radius-top-left:0;--button-border-radius-top-right:0;--button-border-radius-bottom-right:0;--button-border-radius-bottom-left:0;--button_gradient_top_color:var(--awb-color5);--button_gradient_bottom_color:var(--awb-color5);--button_gradient_top_color_hover:var(--awb-color6);--button_gradient_bottom_color_hover:var(--awb-color6);--button_font_size:20px;\" target=\"_self\" href=\"https:\/\/elmontgomery.com\/projects\/#tab-035e69108cb6ba2a4ed\" data-no-translation=\"\"><span class=\"fusion-button-text awb-button__text awb-button__text--default\">View Mining Projects<\/span><i class=\"fa-angle-double-right fas awb-button__icon awb-button__icon--default button-icon-right\" aria-hidden=\"true\"><\/i><\/a><\/div><\/div><\/div><\/div><\/div>","protected":false},"excerpt":{"rendered":"","protected":false},"author":3,"featured_media":0,"parent":220,"menu_order":0,"comment_status":"closed","ping_status":"closed","template":"","meta":{"footnotes":""},"class_list":["post-1175","page","type-page","status-publish","hentry"],"yoast_head":"<!-- This site is optimized with the Yoast SEO plugin v27.4 - https:\/\/yoast.com\/product\/yoast-seo-wordpress\/ -->\n<title>Brine Resources &amp; Lithium Characterization - Montgomery &amp; Associates<\/title>\n<meta name=\"description\" content=\"JORC and NI 43-101 estimates of economic brine resources for planning and development\" \/>\n<meta name=\"robots\" content=\"index, follow, max-snippet:-1, max-image-preview:large, max-video-preview:-1\" \/>\n<link rel=\"canonical\" href=\"https:\/\/elmontgomery.com\/es\/services\/mining-hydrogeology\/brine-resources-lithium-characterization\/\" \/>\n<meta property=\"og:locale\" content=\"es_ES\" \/>\n<meta property=\"og:type\" content=\"article\" \/>\n<meta property=\"og:title\" content=\"Brine Resources &amp; Lithium Characterization - Montgomery &amp; Associates\" \/>\n<meta property=\"og:description\" content=\"JORC and NI 43-101 estimates of economic brine resources for planning and development\" \/>\n<meta property=\"og:url\" content=\"https:\/\/elmontgomery.com\/es\/services\/mining-hydrogeology\/brine-resources-lithium-characterization\/\" \/>\n<meta property=\"og:site_name\" content=\"Montgomery &amp; Associates\" \/>\n<meta property=\"article:modified_time\" content=\"2025-07-14T17:24:19+00:00\" \/>\n<meta name=\"twitter:card\" content=\"summary_large_image\" \/>\n<meta name=\"twitter:label1\" content=\"Tiempo estimado de lectura\" \/>\n\t<meta name=\"twitter:data1\" content=\"3 minutos\" \/>\n<script type=\"application\/ld+json\" class=\"yoast-schema-graph\">{\"@context\":\"https:\\\/\\\/schema.org\",\"@graph\":[{\"@type\":\"WebPage\",\"@id\":\"https:\\\/\\\/elmontgomery.com\\\/services\\\/mining-hydrogeology\\\/brine-resources-lithium-characterization\\\/\",\"url\":\"https:\\\/\\\/elmontgomery.com\\\/services\\\/mining-hydrogeology\\\/brine-resources-lithium-characterization\\\/\",\"name\":\"Brine Resources & Lithium Characterization - Montgomery &amp; Associates\",\"isPartOf\":{\"@id\":\"https:\\\/\\\/elmontgomery.com\\\/#website\"},\"datePublished\":\"2022-10-24T20:14:11+00:00\",\"dateModified\":\"2025-07-14T17:24:19+00:00\",\"description\":\"JORC and NI 43-101 estimates of economic brine resources for planning and development\",\"breadcrumb\":{\"@id\":\"https:\\\/\\\/elmontgomery.com\\\/services\\\/mining-hydrogeology\\\/brine-resources-lithium-characterization\\\/#breadcrumb\"},\"inLanguage\":\"es-CL\",\"potentialAction\":[{\"@type\":\"ReadAction\",\"target\":[\"https:\\\/\\\/elmontgomery.com\\\/services\\\/mining-hydrogeology\\\/brine-resources-lithium-characterization\\\/\"]}]},{\"@type\":\"BreadcrumbList\",\"@id\":\"https:\\\/\\\/elmontgomery.com\\\/services\\\/mining-hydrogeology\\\/brine-resources-lithium-characterization\\\/#breadcrumb\",\"itemListElement\":[{\"@type\":\"ListItem\",\"position\":1,\"name\":\"Home\",\"item\":\"https:\\\/\\\/elmontgomery.com\\\/\"},{\"@type\":\"ListItem\",\"position\":2,\"name\":\"Services\",\"item\":\"https:\\\/\\\/elmontgomery.com\\\/services\\\/\"},{\"@type\":\"ListItem\",\"position\":3,\"name\":\"Mining Hydrogeology\",\"item\":\"https:\\\/\\\/elmontgomery.com\\\/services\\\/mining-hydrogeology\\\/\"},{\"@type\":\"ListItem\",\"position\":4,\"name\":\"Brine Resources &#038; Lithium Characterization\"}]},{\"@type\":\"WebSite\",\"@id\":\"https:\\\/\\\/elmontgomery.com\\\/#website\",\"url\":\"https:\\\/\\\/elmontgomery.com\\\/\",\"name\":\"Montgomery &amp; Associates\",\"description\":\"Water Resource Consultants\",\"publisher\":{\"@id\":\"https:\\\/\\\/elmontgomery.com\\\/#organization\"},\"potentialAction\":[{\"@type\":\"SearchAction\",\"target\":{\"@type\":\"EntryPoint\",\"urlTemplate\":\"https:\\\/\\\/elmontgomery.com\\\/?s={search_term_string}\"},\"query-input\":{\"@type\":\"PropertyValueSpecification\",\"valueRequired\":true,\"valueName\":\"search_term_string\"}}],\"inLanguage\":\"es-CL\"},{\"@type\":\"Organization\",\"@id\":\"https:\\\/\\\/elmontgomery.com\\\/#organization\",\"name\":\"Montgomery &amp; Associates\",\"url\":\"https:\\\/\\\/elmontgomery.com\\\/\",\"logo\":{\"@type\":\"ImageObject\",\"inLanguage\":\"es-CL\",\"@id\":\"https:\\\/\\\/elmontgomery.com\\\/#\\\/schema\\\/logo\\\/image\\\/\",\"url\":\"https:\\\/\\\/elmontgomery.com\\\/wp-content\\\/uploads\\\/2022\\\/09\\\/MA_RGB_hrz_tag-1.png\",\"contentUrl\":\"https:\\\/\\\/elmontgomery.com\\\/wp-content\\\/uploads\\\/2022\\\/09\\\/MA_RGB_hrz_tag-1.png\",\"width\":1833,\"height\":533,\"caption\":\"Montgomery &amp; Associates\"},\"image\":{\"@id\":\"https:\\\/\\\/elmontgomery.com\\\/#\\\/schema\\\/logo\\\/image\\\/\"},\"sameAs\":[\"https:\\\/\\\/www.linkedin.com\\\/company\\\/2434577\\\/\"]}]}<\/script>\n<!-- \/ Yoast SEO plugin. -->","yoast_head_json":{"title":"Recursos de salmuera y caracterizaci\u00f3n del litio - Montgomery &amp; Associates","description":"JORC y NI 43-101 estimaciones de recursos econ\u00f3micos de salmuera para planificaci\u00f3n y desarrollo","robots":{"index":"index","follow":"follow","max-snippet":"max-snippet:-1","max-image-preview":"max-image-preview:large","max-video-preview":"max-video-preview:-1"},"canonical":"https:\/\/elmontgomery.com\/es\/services\/mining-hydrogeology\/brine-resources-lithium-characterization\/","og_locale":"es_ES","og_type":"article","og_title":"Brine Resources & Lithium Characterization - Montgomery &amp; Associates","og_description":"JORC and NI 43-101 estimates of economic brine resources for planning and development","og_url":"https:\/\/elmontgomery.com\/es\/services\/mining-hydrogeology\/brine-resources-lithium-characterization\/","og_site_name":"Montgomery &amp; Associates","article_modified_time":"2025-07-14T17:24:19+00:00","twitter_card":"summary_large_image","twitter_misc":{"Tiempo estimado de lectura":"3 minutos"},"schema":{"@context":"https:\/\/schema.org","@graph":[{"@type":"WebPage","@id":"https:\/\/elmontgomery.com\/services\/mining-hydrogeology\/brine-resources-lithium-characterization\/","url":"https:\/\/elmontgomery.com\/services\/mining-hydrogeology\/brine-resources-lithium-characterization\/","name":"Recursos de salmuera y caracterizaci\u00f3n del litio - Montgomery &amp; Associates","isPartOf":{"@id":"https:\/\/elmontgomery.com\/#website"},"datePublished":"2022-10-24T20:14:11+00:00","dateModified":"2025-07-14T17:24:19+00:00","description":"JORC y NI 43-101 estimaciones de recursos econ\u00f3micos de salmuera para planificaci\u00f3n y desarrollo","breadcrumb":{"@id":"https:\/\/elmontgomery.com\/services\/mining-hydrogeology\/brine-resources-lithium-characterization\/#breadcrumb"},"inLanguage":"es-CL","potentialAction":[{"@type":"ReadAction","target":["https:\/\/elmontgomery.com\/services\/mining-hydrogeology\/brine-resources-lithium-characterization\/"]}]},{"@type":"BreadcrumbList","@id":"https:\/\/elmontgomery.com\/services\/mining-hydrogeology\/brine-resources-lithium-characterization\/#breadcrumb","itemListElement":[{"@type":"ListItem","position":1,"name":"Home","item":"https:\/\/elmontgomery.com\/"},{"@type":"ListItem","position":2,"name":"Services","item":"https:\/\/elmontgomery.com\/services\/"},{"@type":"ListItem","position":3,"name":"Mining Hydrogeology","item":"https:\/\/elmontgomery.com\/services\/mining-hydrogeology\/"},{"@type":"ListItem","position":4,"name":"Brine Resources &#038; Lithium Characterization"}]},{"@type":"WebSite","@id":"https:\/\/elmontgomery.com\/#website","url":"https:\/\/elmontgomery.com\/","name":"Montgomery y asociados","description":"Consultores de recursos h\u00eddricos","publisher":{"@id":"https:\/\/elmontgomery.com\/#organization"},"potentialAction":[{"@type":"SearchAction","target":{"@type":"EntryPoint","urlTemplate":"https:\/\/elmontgomery.com\/?s={search_term_string}"},"query-input":{"@type":"PropertyValueSpecification","valueRequired":true,"valueName":"search_term_string"}}],"inLanguage":"es-CL"},{"@type":"Organization","@id":"https:\/\/elmontgomery.com\/#organization","name":"Montgomery y asociados","url":"https:\/\/elmontgomery.com\/","logo":{"@type":"ImageObject","inLanguage":"es-CL","@id":"https:\/\/elmontgomery.com\/#\/schema\/logo\/image\/","url":"https:\/\/elmontgomery.com\/wp-content\/uploads\/2022\/09\/MA_RGB_hrz_tag-1.png","contentUrl":"https:\/\/elmontgomery.com\/wp-content\/uploads\/2022\/09\/MA_RGB_hrz_tag-1.png","width":1833,"height":533,"caption":"Montgomery &amp; Associates"},"image":{"@id":"https:\/\/elmontgomery.com\/#\/schema\/logo\/image\/"},"sameAs":["https:\/\/www.linkedin.com\/company\/2434577\/"]}]}},"_links":{"self":[{"href":"https:\/\/elmontgomery.com\/es\/wp-json\/wp\/v2\/pages\/1175","targetHints":{"allow":["GET"]}}],"collection":[{"href":"https:\/\/elmontgomery.com\/es\/wp-json\/wp\/v2\/pages"}],"about":[{"href":"https:\/\/elmontgomery.com\/es\/wp-json\/wp\/v2\/types\/page"}],"author":[{"embeddable":true,"href":"https:\/\/elmontgomery.com\/es\/wp-json\/wp\/v2\/users\/3"}],"replies":[{"embeddable":true,"href":"https:\/\/elmontgomery.com\/es\/wp-json\/wp\/v2\/comments?post=1175"}],"version-history":[{"count":20,"href":"https:\/\/elmontgomery.com\/es\/wp-json\/wp\/v2\/pages\/1175\/revisions"}],"predecessor-version":[{"id":13105,"href":"https:\/\/elmontgomery.com\/es\/wp-json\/wp\/v2\/pages\/1175\/revisions\/13105"}],"up":[{"embeddable":true,"href":"https:\/\/elmontgomery.com\/es\/wp-json\/wp\/v2\/pages\/220"}],"wp:attachment":[{"href":"https:\/\/elmontgomery.com\/es\/wp-json\/wp\/v2\/media?parent=1175"}],"curies":[{"name":"Gracias","href":"https:\/\/api.w.org\/{rel}","templated":true}]}}