{"id":1171,"date":"2022-10-24T12:50:18","date_gmt":"2022-10-24T19:50:18","guid":{"rendered":"https:\/\/ma.jvista.net\/?page_id=1171"},"modified":"2025-07-11T16:44:40","modified_gmt":"2025-07-11T23:44:40","slug":"feasibility-studies","status":"publish","type":"page","link":"https:\/\/elmontgomery.com\/es\/services\/mining-hydrogeology\/feasibility-studies\/","title":{"rendered":"Estudios de factibilidad"},"content":{"rendered":"<div class=\"fusion-fullwidth fullwidth-box fusion-builder-row-1 fusion-flex-container nonhundred-percent-fullwidth non-hundred-percent-height-scrolling\" style=\"--awb-border-radius-top-left:0px;--awb-border-radius-top-right:0px;--awb-border-radius-bottom-right:0px;--awb-border-radius-bottom-left:0px;--awb-flex-wrap:wrap;\" ><div class=\"fusion-builder-row fusion-row fusion-flex-align-items-flex-start fusion-flex-content-wrap\" style=\"max-width:1248px;margin-left: calc(-4% \/ 2 );margin-right: calc(-4% \/ 2 );\"><div class=\"fusion-layout-column fusion_builder_column fusion-builder-column-0 fusion_builder_column_1_1 1_1 fusion-flex-column\" style=\"--awb-bg-size:cover;--awb-width-large:100%;--awb-margin-top-large:0px;--awb-spacing-right-large:1.92%;--awb-margin-bottom-large:20px;--awb-spacing-left-large:1.92%;--awb-width-medium:100%;--awb-order-medium:0;--awb-spacing-right-medium:1.92%;--awb-spacing-left-medium:1.92%;--awb-width-small:100%;--awb-order-small:0;--awb-spacing-right-small:1.92%;--awb-spacing-left-small:1.92%;\"><div class=\"fusion-column-wrapper fusion-column-has-shadow fusion-flex-justify-content-flex-start fusion-content-layout-column\"><div class=\"fusion-text fusion-text-1\" style=\"--awb-font-size:26px;--awb-line-height:30px;--awb-text-color:var(--awb-color6);\"><p>Enfoques integrales para evaluar la viabilidad de proyectos mineros<\/p>\n<\/div><\/div><\/div><div class=\"fusion-layout-column fusion_builder_column fusion-builder-column-1 fusion_builder_column_1_1 1_1 fusion-flex-column\" style=\"--awb-bg-blend:overlay;--awb-bg-size:cover;--awb-width-large:100%;--awb-margin-top-large:-10px;--awb-spacing-right-large:1.92%;--awb-margin-bottom-large:0px;--awb-spacing-left-large:1.92%;--awb-width-medium:100%;--awb-spacing-right-medium:1.92%;--awb-spacing-left-medium:1.92%;--awb-width-small:100%;--awb-spacing-right-small:1.92%;--awb-spacing-left-small:1.92%;\"><div class=\"fusion-column-wrapper fusion-flex-justify-content-flex-start fusion-content-layout-column\"><div class=\"fusion-text fusion-text-2\"><p>Los administradores e inversionistas necesitan datos de alta calidad y an\u00e1lisis detallados para evaluar la viabilidad y los costos del desarrollo de la mina. M&amp;A realiza pruebas de campo, monitoreo y modelado para desarrollar modelos conceptuales s\u00f3lidos que brindan un marco para comprender las condiciones existentes y proyectar impactos futuros en los recursos h\u00eddricos y el medio ambiente. Nuestras d\u00e9cadas de experiencia en hidrogeolog\u00eda minera demuestran su valor cuando se deben tomar decisiones cr\u00edticas, especialmente cuando las decisiones se basan en investigaciones y an\u00e1lisis hidrogeol\u00f3gicos detallados.<span style=\"background-color: rgba(255, 255, 255, 0); color: var(--body_typography-color); font-family: var(--body_typography-font-family); font-size: var(--body_typography-font-size); font-style: var(--body_typography-font-style,normal); font-weight: var(--body_typography-font-weight); letter-spacing: var(--body_typography-letter-spacing);\">.<\/span><\/p>\n<h3 class=\"fusion-responsive-typography-calculated\" data-fontsize=\"36\" data-lineheight=\"43.2px\">Capacidades<\/h3>\n<ul>\n<li>Perforaci\u00f3n y pruebas para caracterizar las condiciones hidrogeol\u00f3gicas y de calidad del agua.<\/li>\n<li>Realizaci\u00f3n de pruebas y an\u00e1lisis de datos para estimar los par\u00e1metros del acu\u00edfero necesarios para el modelado<\/li>\n<li>Implementaci\u00f3n de instrumentaci\u00f3n de campo para monitorear par\u00e1metros hidr\u00e1ulicos, hidroqu\u00edmicos y atmosf\u00e9ricos<\/li>\n<li>Modelizaci\u00f3n de los impactos potenciales sobre los recursos h\u00eddricos<\/li>\n<li>Evaluar los impactos acumulativos de los proyectos existentes y planificados<\/li>\n<li>Uso de Leapfrog\u00ae y GIS para generar modelos de bloques en 3D<\/li>\n<\/ul>\n<\/div><\/div><\/div><div class=\"fusion-layout-column fusion_builder_column fusion-builder-column-2 fusion_builder_column_1_1 1_1 fusion-flex-column\" style=\"--awb-bg-size:cover;--awb-width-large:100%;--awb-margin-top-large:20px;--awb-spacing-right-large:1.92%;--awb-margin-bottom-large:20px;--awb-spacing-left-large:1.92%;--awb-width-medium:100%;--awb-order-medium:0;--awb-spacing-right-medium:1.92%;--awb-spacing-left-medium:1.92%;--awb-width-small:100%;--awb-order-small:0;--awb-spacing-right-small:1.92%;--awb-spacing-left-small:1.92%;\"><div class=\"fusion-column-wrapper fusion-column-has-shadow fusion-flex-justify-content-flex-start fusion-content-layout-column\"><div style=\"text-align:center;\"><a class=\"fusion-button button-flat fusion-button-default-size button-custom fusion-button-default button-1 fusion-button-default-span fusion-button-default-type\" style=\"--button_accent_color:var(--awb-color1);--button_accent_hover_color:var(--awb-color1);--button_border_hover_color:var(--awb-color1);--button-border-radius-top-left:0;--button-border-radius-top-right:0;--button-border-radius-bottom-right:0;--button-border-radius-bottom-left:0;--button_gradient_top_color:var(--awb-color5);--button_gradient_bottom_color:var(--awb-color5);--button_gradient_top_color_hover:var(--awb-color6);--button_gradient_bottom_color_hover:var(--awb-color6);--button_font_size:20px;\" target=\"_self\" href=\"https:\/\/elmontgomery.com\/projects\/#tab-035e69108cb6ba2a4ed\" data-no-translation=\"\"><span class=\"fusion-button-text awb-button__text awb-button__text--default\">View Mining Projects<\/span><i class=\"fa-angle-double-right fas awb-button__icon awb-button__icon--default button-icon-right\" aria-hidden=\"true\"><\/i><\/a><\/div><\/div><\/div><\/div><\/div>","protected":false},"excerpt":{"rendered":"","protected":false},"author":3,"featured_media":0,"parent":220,"menu_order":0,"comment_status":"closed","ping_status":"closed","template":"","meta":{"footnotes":""},"class_list":["post-1171","page","type-page","status-publish","hentry"],"yoast_head":"<!-- This site is optimized with the Yoast SEO plugin v27.3 - https:\/\/yoast.com\/product\/yoast-seo-wordpress\/ -->\n<title>Feasibility Studies - Montgomery &amp; Associates<\/title>\n<meta name=\"description\" content=\"Comprehensive approaches for conducting feasibility studies for mining projects\" \/>\n<meta name=\"robots\" content=\"index, follow, max-snippet:-1, max-image-preview:large, max-video-preview:-1\" \/>\n<link rel=\"canonical\" href=\"https:\/\/elmontgomery.com\/es\/services\/mining-hydrogeology\/feasibility-studies\/\" \/>\n<meta property=\"og:locale\" content=\"es_ES\" \/>\n<meta property=\"og:type\" content=\"article\" \/>\n<meta property=\"og:title\" content=\"Feasibility Studies - Montgomery &amp; Associates\" \/>\n<meta property=\"og:description\" content=\"Comprehensive approaches for conducting feasibility studies for mining projects\" \/>\n<meta property=\"og:url\" content=\"https:\/\/elmontgomery.com\/es\/services\/mining-hydrogeology\/feasibility-studies\/\" \/>\n<meta property=\"og:site_name\" content=\"Montgomery &amp; Associates\" \/>\n<meta property=\"article:modified_time\" content=\"2025-07-11T23:44:40+00:00\" \/>\n<meta name=\"twitter:card\" content=\"summary_large_image\" \/>\n<meta name=\"twitter:label1\" content=\"Tiempo estimado de lectura\" \/>\n\t<meta name=\"twitter:data1\" content=\"2 minutos\" \/>\n<script type=\"application\/ld+json\" class=\"yoast-schema-graph\">{\"@context\":\"https:\\\/\\\/schema.org\",\"@graph\":[{\"@type\":\"WebPage\",\"@id\":\"https:\\\/\\\/elmontgomery.com\\\/services\\\/mining-hydrogeology\\\/feasibility-studies\\\/\",\"url\":\"https:\\\/\\\/elmontgomery.com\\\/services\\\/mining-hydrogeology\\\/feasibility-studies\\\/\",\"name\":\"Feasibility Studies - Montgomery &amp; Associates\",\"isPartOf\":{\"@id\":\"https:\\\/\\\/elmontgomery.com\\\/#website\"},\"datePublished\":\"2022-10-24T19:50:18+00:00\",\"dateModified\":\"2025-07-11T23:44:40+00:00\",\"description\":\"Comprehensive approaches for conducting feasibility studies for mining projects\",\"breadcrumb\":{\"@id\":\"https:\\\/\\\/elmontgomery.com\\\/services\\\/mining-hydrogeology\\\/feasibility-studies\\\/#breadcrumb\"},\"inLanguage\":\"es-CL\",\"potentialAction\":[{\"@type\":\"ReadAction\",\"target\":[\"https:\\\/\\\/elmontgomery.com\\\/services\\\/mining-hydrogeology\\\/feasibility-studies\\\/\"]}]},{\"@type\":\"BreadcrumbList\",\"@id\":\"https:\\\/\\\/elmontgomery.com\\\/services\\\/mining-hydrogeology\\\/feasibility-studies\\\/#breadcrumb\",\"itemListElement\":[{\"@type\":\"ListItem\",\"position\":1,\"name\":\"Home\",\"item\":\"https:\\\/\\\/elmontgomery.com\\\/\"},{\"@type\":\"ListItem\",\"position\":2,\"name\":\"Services\",\"item\":\"https:\\\/\\\/elmontgomery.com\\\/services\\\/\"},{\"@type\":\"ListItem\",\"position\":3,\"name\":\"Mining Hydrogeology\",\"item\":\"https:\\\/\\\/elmontgomery.com\\\/services\\\/mining-hydrogeology\\\/\"},{\"@type\":\"ListItem\",\"position\":4,\"name\":\"Feasibility Studies\"}]},{\"@type\":\"WebSite\",\"@id\":\"https:\\\/\\\/elmontgomery.com\\\/#website\",\"url\":\"https:\\\/\\\/elmontgomery.com\\\/\",\"name\":\"Montgomery &amp; Associates\",\"description\":\"Water Resource Consultants\",\"publisher\":{\"@id\":\"https:\\\/\\\/elmontgomery.com\\\/#organization\"},\"potentialAction\":[{\"@type\":\"SearchAction\",\"target\":{\"@type\":\"EntryPoint\",\"urlTemplate\":\"https:\\\/\\\/elmontgomery.com\\\/?s={search_term_string}\"},\"query-input\":{\"@type\":\"PropertyValueSpecification\",\"valueRequired\":true,\"valueName\":\"search_term_string\"}}],\"inLanguage\":\"es-CL\"},{\"@type\":\"Organization\",\"@id\":\"https:\\\/\\\/elmontgomery.com\\\/#organization\",\"name\":\"Montgomery &amp; Associates\",\"url\":\"https:\\\/\\\/elmontgomery.com\\\/\",\"logo\":{\"@type\":\"ImageObject\",\"inLanguage\":\"es-CL\",\"@id\":\"https:\\\/\\\/elmontgomery.com\\\/#\\\/schema\\\/logo\\\/image\\\/\",\"url\":\"https:\\\/\\\/elmontgomery.com\\\/wp-content\\\/uploads\\\/2022\\\/09\\\/MA_RGB_hrz_tag-1.png\",\"contentUrl\":\"https:\\\/\\\/elmontgomery.com\\\/wp-content\\\/uploads\\\/2022\\\/09\\\/MA_RGB_hrz_tag-1.png\",\"width\":1833,\"height\":533,\"caption\":\"Montgomery &amp; Associates\"},\"image\":{\"@id\":\"https:\\\/\\\/elmontgomery.com\\\/#\\\/schema\\\/logo\\\/image\\\/\"},\"sameAs\":[\"https:\\\/\\\/www.linkedin.com\\\/company\\\/2434577\\\/\"]}]}<\/script>\n<!-- \/ Yoast SEO plugin. -->","yoast_head_json":{"title":"Estudios de viabilidad - Montgomery &amp; Associates","description":"Enfoques integrales para la realizaci\u00f3n de estudios de factibilidad de proyectos mineros","robots":{"index":"index","follow":"follow","max-snippet":"max-snippet:-1","max-image-preview":"max-image-preview:large","max-video-preview":"max-video-preview:-1"},"canonical":"https:\/\/elmontgomery.com\/es\/services\/mining-hydrogeology\/feasibility-studies\/","og_locale":"es_ES","og_type":"article","og_title":"Feasibility Studies - Montgomery &amp; Associates","og_description":"Comprehensive approaches for conducting feasibility studies for mining projects","og_url":"https:\/\/elmontgomery.com\/es\/services\/mining-hydrogeology\/feasibility-studies\/","og_site_name":"Montgomery &amp; Associates","article_modified_time":"2025-07-11T23:44:40+00:00","twitter_card":"summary_large_image","twitter_misc":{"Tiempo estimado de lectura":"2 minutos"},"schema":{"@context":"https:\/\/schema.org","@graph":[{"@type":"WebPage","@id":"https:\/\/elmontgomery.com\/services\/mining-hydrogeology\/feasibility-studies\/","url":"https:\/\/elmontgomery.com\/services\/mining-hydrogeology\/feasibility-studies\/","name":"Estudios de viabilidad - Montgomery &amp; Associates","isPartOf":{"@id":"https:\/\/elmontgomery.com\/#website"},"datePublished":"2022-10-24T19:50:18+00:00","dateModified":"2025-07-11T23:44:40+00:00","description":"Enfoques integrales para la realizaci\u00f3n de estudios de factibilidad de proyectos mineros","breadcrumb":{"@id":"https:\/\/elmontgomery.com\/services\/mining-hydrogeology\/feasibility-studies\/#breadcrumb"},"inLanguage":"es-CL","potentialAction":[{"@type":"ReadAction","target":["https:\/\/elmontgomery.com\/services\/mining-hydrogeology\/feasibility-studies\/"]}]},{"@type":"BreadcrumbList","@id":"https:\/\/elmontgomery.com\/services\/mining-hydrogeology\/feasibility-studies\/#breadcrumb","itemListElement":[{"@type":"ListItem","position":1,"name":"Home","item":"https:\/\/elmontgomery.com\/"},{"@type":"ListItem","position":2,"name":"Services","item":"https:\/\/elmontgomery.com\/services\/"},{"@type":"ListItem","position":3,"name":"Mining Hydrogeology","item":"https:\/\/elmontgomery.com\/services\/mining-hydrogeology\/"},{"@type":"ListItem","position":4,"name":"Feasibility Studies"}]},{"@type":"WebSite","@id":"https:\/\/elmontgomery.com\/#website","url":"https:\/\/elmontgomery.com\/","name":"Montgomery y asociados","description":"Consultores de recursos h\u00eddricos","publisher":{"@id":"https:\/\/elmontgomery.com\/#organization"},"potentialAction":[{"@type":"SearchAction","target":{"@type":"EntryPoint","urlTemplate":"https:\/\/elmontgomery.com\/?s={search_term_string}"},"query-input":{"@type":"PropertyValueSpecification","valueRequired":true,"valueName":"search_term_string"}}],"inLanguage":"es-CL"},{"@type":"Organization","@id":"https:\/\/elmontgomery.com\/#organization","name":"Montgomery y asociados","url":"https:\/\/elmontgomery.com\/","logo":{"@type":"ImageObject","inLanguage":"es-CL","@id":"https:\/\/elmontgomery.com\/#\/schema\/logo\/image\/","url":"https:\/\/elmontgomery.com\/wp-content\/uploads\/2022\/09\/MA_RGB_hrz_tag-1.png","contentUrl":"https:\/\/elmontgomery.com\/wp-content\/uploads\/2022\/09\/MA_RGB_hrz_tag-1.png","width":1833,"height":533,"caption":"Montgomery &amp; Associates"},"image":{"@id":"https:\/\/elmontgomery.com\/#\/schema\/logo\/image\/"},"sameAs":["https:\/\/www.linkedin.com\/company\/2434577\/"]}]}},"_links":{"self":[{"href":"https:\/\/elmontgomery.com\/es\/wp-json\/wp\/v2\/pages\/1171","targetHints":{"allow":["GET"]}}],"collection":[{"href":"https:\/\/elmontgomery.com\/es\/wp-json\/wp\/v2\/pages"}],"about":[{"href":"https:\/\/elmontgomery.com\/es\/wp-json\/wp\/v2\/types\/page"}],"author":[{"embeddable":true,"href":"https:\/\/elmontgomery.com\/es\/wp-json\/wp\/v2\/users\/3"}],"replies":[{"embeddable":true,"href":"https:\/\/elmontgomery.com\/es\/wp-json\/wp\/v2\/comments?post=1171"}],"version-history":[{"count":17,"href":"https:\/\/elmontgomery.com\/es\/wp-json\/wp\/v2\/pages\/1171\/revisions"}],"predecessor-version":[{"id":13096,"href":"https:\/\/elmontgomery.com\/es\/wp-json\/wp\/v2\/pages\/1171\/revisions\/13096"}],"up":[{"embeddable":true,"href":"https:\/\/elmontgomery.com\/es\/wp-json\/wp\/v2\/pages\/220"}],"wp:attachment":[{"href":"https:\/\/elmontgomery.com\/es\/wp-json\/wp\/v2\/media?parent=1171"}],"curies":[{"name":"Gracias","href":"https:\/\/api.w.org\/{rel}","templated":true}]}}