{"id":11681,"date":"2024-02-02T13:49:40","date_gmt":"2024-02-02T20:49:40","guid":{"rendered":"https:\/\/elmontgomery.com\/?page_id=11681"},"modified":"2024-10-18T14:48:16","modified_gmt":"2024-10-18T21:48:16","slug":"gis-and-geospatial-analysis","status":"publish","type":"page","link":"https:\/\/elmontgomery.com\/es\/services\/data-management-services\/gis-and-geospatial-analysis\/","title":{"rendered":"SIG y an\u00e1lisis geoespacial"},"content":{"rendered":"<div class=\"fusion-fullwidth fullwidth-box fusion-builder-row-1 fusion-flex-container nonhundred-percent-fullwidth non-hundred-percent-height-scrolling\" style=\"--awb-border-radius-top-left:0px;--awb-border-radius-top-right:0px;--awb-border-radius-bottom-right:0px;--awb-border-radius-bottom-left:0px;--awb-flex-wrap:wrap;\" ><div class=\"fusion-builder-row fusion-row fusion-flex-align-items-flex-start fusion-flex-content-wrap\" style=\"max-width:1248px;margin-left: calc(-4% \/ 2 );margin-right: calc(-4% \/ 2 );\"><div class=\"fusion-layout-column fusion_builder_column fusion-builder-column-0 fusion_builder_column_1_1 1_1 fusion-flex-column\" style=\"--awb-bg-size:cover;--awb-width-large:100%;--awb-margin-top-large:0px;--awb-spacing-right-large:1.92%;--awb-margin-bottom-large:20px;--awb-spacing-left-large:1.92%;--awb-width-medium:100%;--awb-order-medium:0;--awb-spacing-right-medium:1.92%;--awb-spacing-left-medium:1.92%;--awb-width-small:100%;--awb-order-small:0;--awb-spacing-right-small:1.92%;--awb-spacing-left-small:1.92%;\"><div class=\"fusion-column-wrapper fusion-column-has-shadow fusion-flex-justify-content-flex-start fusion-content-layout-column\"><div class=\"fusion-text fusion-text-1\" style=\"--awb-font-size:26px;--awb-line-height:30px;--awb-text-color:var(--awb-color6);\"><p>Mapeo experto, an\u00e1lisis 3D y gesti\u00f3n de datos<\/p>\n<\/div><\/div><\/div><div class=\"fusion-layout-column fusion_builder_column fusion-builder-column-1 fusion_builder_column_1_1 1_1 fusion-flex-column\" style=\"--awb-bg-blend:overlay;--awb-bg-size:cover;--awb-width-large:100%;--awb-margin-top-large:-20px;--awb-spacing-right-large:1.92%;--awb-margin-bottom-large:0px;--awb-spacing-left-large:1.92%;--awb-width-medium:100%;--awb-spacing-right-medium:1.92%;--awb-spacing-left-medium:1.92%;--awb-width-small:100%;--awb-spacing-right-small:1.92%;--awb-spacing-left-small:1.92%;\"><div class=\"fusion-column-wrapper fusion-flex-justify-content-flex-start fusion-content-layout-column\"><div class=\"fusion-text fusion-text-2\"><p>M&amp;A ofrece servicios de sistemas de informaci\u00f3n geogr\u00e1fica (GIS) para cartograf\u00eda digital, gesti\u00f3n de datos, an\u00e1lisis geoespacial, <a href=\"https:\/\/elmontgomery.com\/services\/data-management-services\/web-hosting-and-user-interfaces\/\" data-no-translation=\"\">web mapping and portal applications<\/a>, y an\u00e1lisis y visualizaci\u00f3n en 3D. Las aplicaciones de software SIG desarrolladas por el personal de M&amp;A se han utilizado para clientes privados, municipales y federales para la gesti\u00f3n, el an\u00e1lisis y la visualizaci\u00f3n de datos, y el preprocesamiento y posprocesamiento de datos para el modelado hidrol\u00f3gico de sistemas de aguas subterr\u00e1neas y superficiales.<\/p>\n<h3 class=\"\" style=\"--fontsize: 36; line-height: 1.2;\" data-fontsize=\"36\" data-lineheight=\"43.2px\">Capacidades<\/h3>\n<ul>\n<li>Recopilaci\u00f3n y organizaci\u00f3n de conjuntos de datos geoespaciales de diversas fuentes<\/li>\n<li><span style=\"color: var(--awb-text-color); font-family: var(--awb-text-font-family); font-size: var(--awb-font-size); font-style: var(--awb-text-font-style); font-weight: var(--awb-text-font-weight); letter-spacing: var(--awb-letter-spacing); text-align: var(--awb-content-alignment); text-transform: var(--awb-text-transform); background-color: var(--awb-bg-color-hover);\">Desarrollar y analizar datos espaciales hidrol\u00f3gicos, geol\u00f3gicos, de uso de la tierra y demogr\u00e1ficos para el modelado de aguas subterr\u00e1neas y otros fines interpretativos.<\/span><\/li>\n<li><span style=\"color: var(--awb-text-color); font-family: var(--awb-text-font-family); font-size: var(--awb-font-size); font-style: var(--awb-text-font-style); font-weight: var(--awb-text-font-weight); letter-spacing: var(--awb-letter-spacing); text-align: var(--awb-content-alignment); text-transform: var(--awb-text-transform); background-color: var(--awb-bg-color-hover);\">Realizar an\u00e1lisis espaciales para optimizar proyectos de planificaci\u00f3n, como la ubicaci\u00f3n de pozos y recarga, e identificar ecosistemas dependientes de aguas subterr\u00e1neas.<\/span><\/li>\n<li><span style=\"color: var(--awb-text-color); font-family: var(--awb-text-font-family); font-size: var(--awb-font-size); font-style: var(--awb-text-font-style); font-weight: var(--awb-text-font-weight); letter-spacing: var(--awb-letter-spacing); text-align: var(--awb-content-alignment); text-transform: var(--awb-text-transform); background-color: var(--awb-bg-color-hover);\">Elaboraci\u00f3n de mapas y figuras cartogr\u00e1ficamente correctos<\/span><\/li>\n<li><span style=\"color: var(--awb-text-color); font-family: var(--awb-text-font-family); font-size: var(--awb-font-size); font-style: var(--awb-text-font-style); font-weight: var(--awb-text-font-weight); letter-spacing: var(--awb-letter-spacing); text-align: var(--awb-content-alignment); text-transform: var(--awb-text-transform); background-color: var(--awb-bg-color-hover);\">Integraci\u00f3n de datos SIG y teledetecci\u00f3n<\/span><\/li>\n<\/ul>\n<\/div><\/div><\/div><div class=\"fusion-layout-column fusion_builder_column fusion-builder-column-2 fusion_builder_column_1_1 1_1 fusion-flex-column\" style=\"--awb-bg-size:cover;--awb-width-large:100%;--awb-margin-top-large:0px;--awb-spacing-right-large:1.92%;--awb-margin-bottom-large:20px;--awb-spacing-left-large:1.92%;--awb-width-medium:100%;--awb-order-medium:0;--awb-spacing-right-medium:1.92%;--awb-spacing-left-medium:1.92%;--awb-width-small:100%;--awb-order-small:0;--awb-spacing-right-small:1.92%;--awb-spacing-left-small:1.92%;\"><div class=\"fusion-column-wrapper fusion-column-has-shadow fusion-flex-justify-content-flex-start fusion-content-layout-column\"><div style=\"text-align:center;\"><a class=\"fusion-button button-flat fusion-button-default-size button-custom fusion-button-default button-1 fusion-button-default-span fusion-button-default-type\" style=\"--button_accent_color:var(--awb-color1);--button_accent_hover_color:var(--awb-color1);--button_border_hover_color:var(--awb-color1);--button-border-radius-top-left:0;--button-border-radius-top-right:0;--button-border-radius-bottom-right:0;--button-border-radius-bottom-left:0;--button_gradient_top_color:var(--awb-color5);--button_gradient_bottom_color:var(--awb-color5);--button_gradient_top_color_hover:var(--awb-color6);--button_gradient_bottom_color_hover:var(--awb-color6);--button_font_size:20px;\" target=\"_self\" href=\"https:\/\/elmontgomery.com\/projects\/\" data-no-translation=\"\"><span class=\"fusion-button-text awb-button__text awb-button__text--default\">View Example Projects<\/span><i class=\"fa-angle-double-right fas awb-button__icon awb-button__icon--default button-icon-right\" aria-hidden=\"true\"><\/i><\/a><\/div><div class=\"fusion-separator fusion-full-width-sep\" style=\"align-self: center;margin-left: auto;margin-right: auto;margin-top:20px;width:100%;\"><div class=\"fusion-separator-border sep-single\" style=\"--awb-height:20px;--awb-amount:20px;border-color:var(--awb-color6);border-top-width:2px;\"><\/div><\/div><\/div><\/div><\/div><\/div>","protected":false},"excerpt":{"rendered":"","protected":false},"author":4,"featured_media":0,"parent":230,"menu_order":0,"comment_status":"closed","ping_status":"closed","template":"","meta":{"footnotes":""},"class_list":["post-11681","page","type-page","status-publish","hentry"],"yoast_head":"<!-- This site is optimized with the Yoast SEO plugin v27.3 - https:\/\/yoast.com\/product\/yoast-seo-wordpress\/ -->\n<title>GIS and Geospatial Analysis - Montgomery &amp; Associates<\/title>\n<meta name=\"description\" content=\"Expert mapping, 3D analysis, and data management\" \/>\n<meta name=\"robots\" content=\"index, follow, max-snippet:-1, max-image-preview:large, max-video-preview:-1\" \/>\n<link rel=\"canonical\" href=\"https:\/\/elmontgomery.com\/es\/services\/data-management-services\/gis-and-geospatial-analysis\/\" \/>\n<meta property=\"og:locale\" content=\"es_ES\" \/>\n<meta property=\"og:type\" content=\"article\" \/>\n<meta property=\"og:title\" content=\"GIS and Geospatial Analysis - Montgomery &amp; Associates\" \/>\n<meta property=\"og:description\" content=\"Expert mapping, 3D analysis, and data management\" \/>\n<meta property=\"og:url\" content=\"https:\/\/elmontgomery.com\/es\/services\/data-management-services\/gis-and-geospatial-analysis\/\" \/>\n<meta property=\"og:site_name\" content=\"Montgomery &amp; Associates\" \/>\n<meta property=\"article:modified_time\" content=\"2024-10-18T21:48:16+00:00\" \/>\n<meta name=\"twitter:card\" content=\"summary_large_image\" \/>\n<meta name=\"twitter:label1\" content=\"Tiempo estimado de lectura\" \/>\n\t<meta name=\"twitter:data1\" content=\"2 minutos\" \/>\n<script type=\"application\/ld+json\" class=\"yoast-schema-graph\">{\"@context\":\"https:\\\/\\\/schema.org\",\"@graph\":[{\"@type\":\"WebPage\",\"@id\":\"https:\\\/\\\/elmontgomery.com\\\/services\\\/data-management-services\\\/gis-and-geospatial-analysis\\\/\",\"url\":\"https:\\\/\\\/elmontgomery.com\\\/services\\\/data-management-services\\\/gis-and-geospatial-analysis\\\/\",\"name\":\"GIS and Geospatial Analysis - Montgomery &amp; Associates\",\"isPartOf\":{\"@id\":\"https:\\\/\\\/elmontgomery.com\\\/#website\"},\"datePublished\":\"2024-02-02T20:49:40+00:00\",\"dateModified\":\"2024-10-18T21:48:16+00:00\",\"description\":\"Expert mapping, 3D analysis, and data management\",\"breadcrumb\":{\"@id\":\"https:\\\/\\\/elmontgomery.com\\\/services\\\/data-management-services\\\/gis-and-geospatial-analysis\\\/#breadcrumb\"},\"inLanguage\":\"es-CL\",\"potentialAction\":[{\"@type\":\"ReadAction\",\"target\":[\"https:\\\/\\\/elmontgomery.com\\\/services\\\/data-management-services\\\/gis-and-geospatial-analysis\\\/\"]}]},{\"@type\":\"BreadcrumbList\",\"@id\":\"https:\\\/\\\/elmontgomery.com\\\/services\\\/data-management-services\\\/gis-and-geospatial-analysis\\\/#breadcrumb\",\"itemListElement\":[{\"@type\":\"ListItem\",\"position\":1,\"name\":\"Home\",\"item\":\"https:\\\/\\\/elmontgomery.com\\\/\"},{\"@type\":\"ListItem\",\"position\":2,\"name\":\"Services\",\"item\":\"https:\\\/\\\/elmontgomery.com\\\/services\\\/\"},{\"@type\":\"ListItem\",\"position\":3,\"name\":\"Data Management Services\",\"item\":\"https:\\\/\\\/elmontgomery.com\\\/services\\\/data-management-services\\\/\"},{\"@type\":\"ListItem\",\"position\":4,\"name\":\"GIS and Geospatial Analysis\"}]},{\"@type\":\"WebSite\",\"@id\":\"https:\\\/\\\/elmontgomery.com\\\/#website\",\"url\":\"https:\\\/\\\/elmontgomery.com\\\/\",\"name\":\"Montgomery &amp; Associates\",\"description\":\"Water Resource Consultants\",\"publisher\":{\"@id\":\"https:\\\/\\\/elmontgomery.com\\\/#organization\"},\"potentialAction\":[{\"@type\":\"SearchAction\",\"target\":{\"@type\":\"EntryPoint\",\"urlTemplate\":\"https:\\\/\\\/elmontgomery.com\\\/?s={search_term_string}\"},\"query-input\":{\"@type\":\"PropertyValueSpecification\",\"valueRequired\":true,\"valueName\":\"search_term_string\"}}],\"inLanguage\":\"es-CL\"},{\"@type\":\"Organization\",\"@id\":\"https:\\\/\\\/elmontgomery.com\\\/#organization\",\"name\":\"Montgomery &amp; Associates\",\"url\":\"https:\\\/\\\/elmontgomery.com\\\/\",\"logo\":{\"@type\":\"ImageObject\",\"inLanguage\":\"es-CL\",\"@id\":\"https:\\\/\\\/elmontgomery.com\\\/#\\\/schema\\\/logo\\\/image\\\/\",\"url\":\"https:\\\/\\\/elmontgomery.com\\\/wp-content\\\/uploads\\\/2022\\\/09\\\/MA_RGB_hrz_tag-1.png\",\"contentUrl\":\"https:\\\/\\\/elmontgomery.com\\\/wp-content\\\/uploads\\\/2022\\\/09\\\/MA_RGB_hrz_tag-1.png\",\"width\":1833,\"height\":533,\"caption\":\"Montgomery &amp; Associates\"},\"image\":{\"@id\":\"https:\\\/\\\/elmontgomery.com\\\/#\\\/schema\\\/logo\\\/image\\\/\"},\"sameAs\":[\"https:\\\/\\\/www.linkedin.com\\\/company\\\/2434577\\\/\"]}]}<\/script>\n<!-- \/ Yoast SEO plugin. -->","yoast_head_json":{"title":"SIG y an\u00e1lisis geoespacial - Montgomery &amp; Associates","description":"Mapeo experto, an\u00e1lisis 3D y gesti\u00f3n de datos","robots":{"index":"index","follow":"follow","max-snippet":"max-snippet:-1","max-image-preview":"max-image-preview:large","max-video-preview":"max-video-preview:-1"},"canonical":"https:\/\/elmontgomery.com\/es\/services\/data-management-services\/gis-and-geospatial-analysis\/","og_locale":"es_ES","og_type":"article","og_title":"GIS and Geospatial Analysis - Montgomery &amp; Associates","og_description":"Expert mapping, 3D analysis, and data management","og_url":"https:\/\/elmontgomery.com\/es\/services\/data-management-services\/gis-and-geospatial-analysis\/","og_site_name":"Montgomery &amp; Associates","article_modified_time":"2024-10-18T21:48:16+00:00","twitter_card":"summary_large_image","twitter_misc":{"Tiempo estimado de lectura":"2 minutos"},"schema":{"@context":"https:\/\/schema.org","@graph":[{"@type":"WebPage","@id":"https:\/\/elmontgomery.com\/services\/data-management-services\/gis-and-geospatial-analysis\/","url":"https:\/\/elmontgomery.com\/services\/data-management-services\/gis-and-geospatial-analysis\/","name":"SIG y an\u00e1lisis geoespacial - Montgomery &amp; Associates","isPartOf":{"@id":"https:\/\/elmontgomery.com\/#website"},"datePublished":"2024-02-02T20:49:40+00:00","dateModified":"2024-10-18T21:48:16+00:00","description":"Mapeo experto, an\u00e1lisis 3D y gesti\u00f3n de datos","breadcrumb":{"@id":"https:\/\/elmontgomery.com\/services\/data-management-services\/gis-and-geospatial-analysis\/#breadcrumb"},"inLanguage":"es-CL","potentialAction":[{"@type":"ReadAction","target":["https:\/\/elmontgomery.com\/services\/data-management-services\/gis-and-geospatial-analysis\/"]}]},{"@type":"BreadcrumbList","@id":"https:\/\/elmontgomery.com\/services\/data-management-services\/gis-and-geospatial-analysis\/#breadcrumb","itemListElement":[{"@type":"ListItem","position":1,"name":"Home","item":"https:\/\/elmontgomery.com\/"},{"@type":"ListItem","position":2,"name":"Services","item":"https:\/\/elmontgomery.com\/services\/"},{"@type":"ListItem","position":3,"name":"Data Management Services","item":"https:\/\/elmontgomery.com\/services\/data-management-services\/"},{"@type":"ListItem","position":4,"name":"GIS and Geospatial Analysis"}]},{"@type":"WebSite","@id":"https:\/\/elmontgomery.com\/#website","url":"https:\/\/elmontgomery.com\/","name":"Montgomery y asociados","description":"Consultores de recursos h\u00eddricos","publisher":{"@id":"https:\/\/elmontgomery.com\/#organization"},"potentialAction":[{"@type":"SearchAction","target":{"@type":"EntryPoint","urlTemplate":"https:\/\/elmontgomery.com\/?s={search_term_string}"},"query-input":{"@type":"PropertyValueSpecification","valueRequired":true,"valueName":"search_term_string"}}],"inLanguage":"es-CL"},{"@type":"Organization","@id":"https:\/\/elmontgomery.com\/#organization","name":"Montgomery y asociados","url":"https:\/\/elmontgomery.com\/","logo":{"@type":"ImageObject","inLanguage":"es-CL","@id":"https:\/\/elmontgomery.com\/#\/schema\/logo\/image\/","url":"https:\/\/elmontgomery.com\/wp-content\/uploads\/2022\/09\/MA_RGB_hrz_tag-1.png","contentUrl":"https:\/\/elmontgomery.com\/wp-content\/uploads\/2022\/09\/MA_RGB_hrz_tag-1.png","width":1833,"height":533,"caption":"Montgomery &amp; Associates"},"image":{"@id":"https:\/\/elmontgomery.com\/#\/schema\/logo\/image\/"},"sameAs":["https:\/\/www.linkedin.com\/company\/2434577\/"]}]}},"_links":{"self":[{"href":"https:\/\/elmontgomery.com\/es\/wp-json\/wp\/v2\/pages\/11681","targetHints":{"allow":["GET"]}}],"collection":[{"href":"https:\/\/elmontgomery.com\/es\/wp-json\/wp\/v2\/pages"}],"about":[{"href":"https:\/\/elmontgomery.com\/es\/wp-json\/wp\/v2\/types\/page"}],"author":[{"embeddable":true,"href":"https:\/\/elmontgomery.com\/es\/wp-json\/wp\/v2\/users\/4"}],"replies":[{"embeddable":true,"href":"https:\/\/elmontgomery.com\/es\/wp-json\/wp\/v2\/comments?post=11681"}],"version-history":[{"count":6,"href":"https:\/\/elmontgomery.com\/es\/wp-json\/wp\/v2\/pages\/11681\/revisions"}],"predecessor-version":[{"id":12388,"href":"https:\/\/elmontgomery.com\/es\/wp-json\/wp\/v2\/pages\/11681\/revisions\/12388"}],"up":[{"embeddable":true,"href":"https:\/\/elmontgomery.com\/es\/wp-json\/wp\/v2\/pages\/230"}],"wp:attachment":[{"href":"https:\/\/elmontgomery.com\/es\/wp-json\/wp\/v2\/media?parent=11681"}],"curies":[{"name":"Gracias","href":"https:\/\/api.w.org\/{rel}","templated":true}]}}