{"id":11660,"date":"2024-02-02T09:43:22","date_gmt":"2024-02-02T16:43:22","guid":{"rendered":"https:\/\/elmontgomery.com\/?page_id=11660"},"modified":"2024-10-18T14:49:56","modified_gmt":"2024-10-18T21:49:56","slug":"web-hosting-and-user-interfaces","status":"publish","type":"page","link":"https:\/\/elmontgomery.com\/es\/services\/data-management-services\/web-hosting-and-user-interfaces\/","title":{"rendered":"Alojamiento web e interfaces de usuario"},"content":{"rendered":"<div class=\"fusion-fullwidth fullwidth-box fusion-builder-row-1 fusion-flex-container nonhundred-percent-fullwidth non-hundred-percent-height-scrolling\" style=\"--awb-border-radius-top-left:0px;--awb-border-radius-top-right:0px;--awb-border-radius-bottom-right:0px;--awb-border-radius-bottom-left:0px;--awb-flex-wrap:wrap;\" ><div class=\"fusion-builder-row fusion-row fusion-flex-align-items-flex-start fusion-flex-content-wrap\" style=\"max-width:1248px;margin-left: calc(-4% \/ 2 );margin-right: calc(-4% \/ 2 );\"><div class=\"fusion-layout-column fusion_builder_column fusion-builder-column-0 fusion_builder_column_1_1 1_1 fusion-flex-column\" style=\"--awb-bg-size:cover;--awb-width-large:100%;--awb-margin-top-large:0px;--awb-spacing-right-large:1.92%;--awb-margin-bottom-large:20px;--awb-spacing-left-large:1.92%;--awb-width-medium:100%;--awb-order-medium:0;--awb-spacing-right-medium:1.92%;--awb-spacing-left-medium:1.92%;--awb-width-small:100%;--awb-order-small:0;--awb-spacing-right-small:1.92%;--awb-spacing-left-small:1.92%;\"><div class=\"fusion-column-wrapper fusion-column-has-shadow fusion-flex-justify-content-flex-start fusion-content-layout-column\"><div class=\"fusion-text fusion-text-1\" style=\"--awb-font-size:26px;--awb-line-height:30px;--awb-text-color:var(--awb-color6);\"><p>Transfiera f\u00e1cilmente sus datos del campo a la pantalla<\/p>\n<\/div><\/div><\/div><div class=\"fusion-layout-column fusion_builder_column fusion-builder-column-1 fusion_builder_column_1_1 1_1 fusion-flex-column\" style=\"--awb-bg-blend:overlay;--awb-bg-size:cover;--awb-width-large:100%;--awb-margin-top-large:-20px;--awb-spacing-right-large:1.92%;--awb-margin-bottom-large:0px;--awb-spacing-left-large:1.92%;--awb-width-medium:100%;--awb-spacing-right-medium:1.92%;--awb-spacing-left-medium:1.92%;--awb-width-small:100%;--awb-spacing-right-small:1.92%;--awb-spacing-left-small:1.92%;\"><div class=\"fusion-column-wrapper fusion-flex-justify-content-flex-start fusion-content-layout-column\"><div class=\"fusion-text fusion-text-2\"><p>M&amp;A crea portales web personalizados que brindan una interfaz de usuario para que los usuarios accedan y visualicen sus datos. Los datos recopilados por nuestros equipos de campo y almacenados en nuestros portales personalizados <a href=\"https:\/\/elmontgomery.com\/services\/data-management-services\/database-services\/\" data-no-translation=\"\">M&amp;A DMS data management system<\/a> est\u00e1n conectados directamente a una interfaz de portal web, donde los usuarios pueden graficar, mapear y tabular datos con facilidad. M&amp;A DMS tambi\u00e9n puede vincularse directamente a <a href=\"https:\/\/elmontgomery.com\/services\/data-management-services\/instrumentation-telemetry-sampling\/\" data-no-translation=\"\">telemetry services<\/a>, lo que permite la carga y visualizaci\u00f3n de datos en tiempo real. Esta transici\u00f3n fluida de nuestros datos desde la recopilaci\u00f3n de campo a la visualizaci\u00f3n proporciona a los clientes una visibilidad sin precedentes del progreso del proyecto y les da el poder de tomar decisiones basadas en datos relacionadas con sus recursos h\u00eddricos y ambientales. Adem\u00e1s, nuestros portales web pueden servir como repositorio de documentos de proyectos, proporcionando una ubicaci\u00f3n \u00fanica para toda la informaci\u00f3n hidrol\u00f3gica del proyecto.<\/p>\n<h3 class=\"\" style=\"--fontsize: 36; line-height: 1.2;\" data-fontsize=\"36\" data-lineheight=\"43.2px\">Capacidades<\/h3>\n<ul>\n<li>Construcci\u00f3n de mapas web y aplicaciones de visualizaci\u00f3n de datos en l\u00ednea<\/li>\n<li><span style=\"color: var(--awb-text-color); font-family: var(--awb-text-font-family); font-size: var(--awb-font-size); font-style: var(--awb-text-font-style); font-weight: var(--awb-text-font-weight); letter-spacing: var(--awb-letter-spacing); text-align: var(--awb-content-alignment); text-transform: var(--awb-text-transform); background-color: var(--awb-bg-color-hover);\">Desarrollo de portales en l\u00ednea que permitan a los clientes cargar y ver documentos, consultar y descargar datos y explorar mapas web y gr\u00e1ficos de series de tiempo.<\/span><\/li>\n<li><span style=\"background-color: var(--awb-bg-color-hover); color: var(--awb-text-color); font-family: var(--awb-text-font-family); font-size: var(--awb-font-size); font-style: var(--awb-text-font-style); font-weight: var(--awb-text-font-weight); letter-spacing: var(--awb-letter-spacing); text-align: var(--awb-content-alignment); text-transform: var(--awb-text-transform);\">Desarrollo de herramientas de interfaz SIG personalizadas utilizando el software ArcGIS de ESRI, bases de datos SQL Server y programaci\u00f3n SQL, y una variedad de otras aplicaciones de programaci\u00f3n.<\/span><\/li>\n<\/ul>\n<h3>Ejemplos de proyectos p\u00fablicos<\/h3>\n<ul>\n<li><a href=\"https:\/\/portal.elmontgomery.com\/?14\" target=\"_blank\" rel=\"noopener\" data-no-translation=\"\">Salinas Valley GSP Web Portal<\/a><\/li>\n<li><a style=\"font-family: var(--awb-text-font-family); font-size: var(--awb-font-size); font-style: var(--awb-text-font-style); font-weight: var(--awb-text-font-weight); letter-spacing: var(--awb-letter-spacing); text-align: var(--awb-content-alignment); text-transform: var(--awb-text-transform); background-color: var(--awb-bg-color-hover);\" href=\"https:\/\/portal.elmontgomery.com\/?42\" target=\"_blank\" rel=\"noopener noreferrer\" data-no-translation=\"\">Kaweah Subbasin GSP Web Portal<\/a><\/li>\n<\/ul>\n<\/div><\/div><\/div><div class=\"fusion-layout-column fusion_builder_column fusion-builder-column-2 fusion_builder_column_1_1 1_1 fusion-flex-column\" style=\"--awb-bg-size:cover;--awb-width-large:100%;--awb-margin-top-large:0px;--awb-spacing-right-large:1.92%;--awb-margin-bottom-large:20px;--awb-spacing-left-large:1.92%;--awb-width-medium:100%;--awb-order-medium:0;--awb-spacing-right-medium:1.92%;--awb-spacing-left-medium:1.92%;--awb-width-small:100%;--awb-order-small:0;--awb-spacing-right-small:1.92%;--awb-spacing-left-small:1.92%;\"><div class=\"fusion-column-wrapper fusion-column-has-shadow fusion-flex-justify-content-flex-start fusion-content-layout-column\"><div style=\"text-align:center;\"><a class=\"fusion-button button-flat fusion-button-default-size button-custom fusion-button-default button-1 fusion-button-default-span fusion-button-default-type\" style=\"--button_accent_color:var(--awb-color1);--button_accent_hover_color:var(--awb-color1);--button_border_hover_color:var(--awb-color1);--button-border-radius-top-left:0;--button-border-radius-top-right:0;--button-border-radius-bottom-right:0;--button-border-radius-bottom-left:0;--button_gradient_top_color:var(--awb-color5);--button_gradient_bottom_color:var(--awb-color5);--button_gradient_top_color_hover:var(--awb-color6);--button_gradient_bottom_color_hover:var(--awb-color6);--button_font_size:20px;\" target=\"_self\" href=\"https:\/\/elmontgomery.com\/projects\/\" data-no-translation=\"\"><span class=\"fusion-button-text awb-button__text awb-button__text--default\">View Other Projects<\/span><i class=\"fa-angle-double-right fas awb-button__icon awb-button__icon--default button-icon-right\" aria-hidden=\"true\"><\/i><\/a><\/div><\/div><\/div><\/div><\/div>","protected":false},"excerpt":{"rendered":"","protected":false},"author":4,"featured_media":0,"parent":230,"menu_order":0,"comment_status":"closed","ping_status":"closed","template":"","meta":{"footnotes":""},"class_list":["post-11660","page","type-page","status-publish","hentry"],"yoast_head":"<!-- This site is optimized with the Yoast SEO plugin v27.4 - https:\/\/yoast.com\/product\/yoast-seo-wordpress\/ -->\n<title>Web Hosting and User Interfaces - Montgomery &amp; Associates<\/title>\n<meta name=\"description\" content=\"Expert mapping, 3D analysis, and data managementEasily transitioning your data from the field to your screen\" \/>\n<meta name=\"robots\" content=\"index, follow, max-snippet:-1, max-image-preview:large, max-video-preview:-1\" \/>\n<link rel=\"canonical\" href=\"https:\/\/elmontgomery.com\/es\/services\/data-management-services\/web-hosting-and-user-interfaces\/\" \/>\n<meta property=\"og:locale\" content=\"es_ES\" \/>\n<meta property=\"og:type\" content=\"article\" \/>\n<meta property=\"og:title\" content=\"Web Hosting and User Interfaces - Montgomery &amp; Associates\" \/>\n<meta property=\"og:description\" content=\"Expert mapping, 3D analysis, and data managementEasily transitioning your data from the field to your screen\" \/>\n<meta property=\"og:url\" content=\"https:\/\/elmontgomery.com\/es\/services\/data-management-services\/web-hosting-and-user-interfaces\/\" \/>\n<meta property=\"og:site_name\" content=\"Montgomery &amp; Associates\" \/>\n<meta property=\"article:modified_time\" content=\"2024-10-18T21:49:56+00:00\" \/>\n<meta name=\"twitter:card\" content=\"summary_large_image\" \/>\n<meta name=\"twitter:label1\" content=\"Tiempo estimado de lectura\" \/>\n\t<meta name=\"twitter:data1\" content=\"3 minutos\" \/>\n<script type=\"application\/ld+json\" class=\"yoast-schema-graph\">{\"@context\":\"https:\\\/\\\/schema.org\",\"@graph\":[{\"@type\":\"WebPage\",\"@id\":\"https:\\\/\\\/elmontgomery.com\\\/services\\\/data-management-services\\\/web-hosting-and-user-interfaces\\\/\",\"url\":\"https:\\\/\\\/elmontgomery.com\\\/services\\\/data-management-services\\\/web-hosting-and-user-interfaces\\\/\",\"name\":\"Web Hosting and User Interfaces - Montgomery &amp; Associates\",\"isPartOf\":{\"@id\":\"https:\\\/\\\/elmontgomery.com\\\/#website\"},\"datePublished\":\"2024-02-02T16:43:22+00:00\",\"dateModified\":\"2024-10-18T21:49:56+00:00\",\"description\":\"Expert mapping, 3D analysis, and data managementEasily transitioning your data from the field to your screen\",\"breadcrumb\":{\"@id\":\"https:\\\/\\\/elmontgomery.com\\\/services\\\/data-management-services\\\/web-hosting-and-user-interfaces\\\/#breadcrumb\"},\"inLanguage\":\"es-CL\",\"potentialAction\":[{\"@type\":\"ReadAction\",\"target\":[\"https:\\\/\\\/elmontgomery.com\\\/services\\\/data-management-services\\\/web-hosting-and-user-interfaces\\\/\"]}]},{\"@type\":\"BreadcrumbList\",\"@id\":\"https:\\\/\\\/elmontgomery.com\\\/services\\\/data-management-services\\\/web-hosting-and-user-interfaces\\\/#breadcrumb\",\"itemListElement\":[{\"@type\":\"ListItem\",\"position\":1,\"name\":\"Home\",\"item\":\"https:\\\/\\\/elmontgomery.com\\\/\"},{\"@type\":\"ListItem\",\"position\":2,\"name\":\"Services\",\"item\":\"https:\\\/\\\/elmontgomery.com\\\/services\\\/\"},{\"@type\":\"ListItem\",\"position\":3,\"name\":\"Data Management Services\",\"item\":\"https:\\\/\\\/elmontgomery.com\\\/services\\\/data-management-services\\\/\"},{\"@type\":\"ListItem\",\"position\":4,\"name\":\"Web Hosting and User Interfaces\"}]},{\"@type\":\"WebSite\",\"@id\":\"https:\\\/\\\/elmontgomery.com\\\/#website\",\"url\":\"https:\\\/\\\/elmontgomery.com\\\/\",\"name\":\"Montgomery &amp; Associates\",\"description\":\"Water Resource Consultants\",\"publisher\":{\"@id\":\"https:\\\/\\\/elmontgomery.com\\\/#organization\"},\"potentialAction\":[{\"@type\":\"SearchAction\",\"target\":{\"@type\":\"EntryPoint\",\"urlTemplate\":\"https:\\\/\\\/elmontgomery.com\\\/?s={search_term_string}\"},\"query-input\":{\"@type\":\"PropertyValueSpecification\",\"valueRequired\":true,\"valueName\":\"search_term_string\"}}],\"inLanguage\":\"es-CL\"},{\"@type\":\"Organization\",\"@id\":\"https:\\\/\\\/elmontgomery.com\\\/#organization\",\"name\":\"Montgomery &amp; Associates\",\"url\":\"https:\\\/\\\/elmontgomery.com\\\/\",\"logo\":{\"@type\":\"ImageObject\",\"inLanguage\":\"es-CL\",\"@id\":\"https:\\\/\\\/elmontgomery.com\\\/#\\\/schema\\\/logo\\\/image\\\/\",\"url\":\"https:\\\/\\\/elmontgomery.com\\\/wp-content\\\/uploads\\\/2022\\\/09\\\/MA_RGB_hrz_tag-1.png\",\"contentUrl\":\"https:\\\/\\\/elmontgomery.com\\\/wp-content\\\/uploads\\\/2022\\\/09\\\/MA_RGB_hrz_tag-1.png\",\"width\":1833,\"height\":533,\"caption\":\"Montgomery &amp; Associates\"},\"image\":{\"@id\":\"https:\\\/\\\/elmontgomery.com\\\/#\\\/schema\\\/logo\\\/image\\\/\"},\"sameAs\":[\"https:\\\/\\\/www.linkedin.com\\\/company\\\/2434577\\\/\"]}]}<\/script>\n<!-- \/ Yoast SEO plugin. -->","yoast_head_json":{"title":"Alojamiento web e interfaces de usuario - Montgomery &amp; Associates","description":"Mapeo experto, an\u00e1lisis 3D y gesti\u00f3n de datosTransfiera f\u00e1cilmente sus datos del campo a la pantalla","robots":{"index":"index","follow":"follow","max-snippet":"max-snippet:-1","max-image-preview":"max-image-preview:large","max-video-preview":"max-video-preview:-1"},"canonical":"https:\/\/elmontgomery.com\/es\/services\/data-management-services\/web-hosting-and-user-interfaces\/","og_locale":"es_ES","og_type":"article","og_title":"Web Hosting and User Interfaces - Montgomery &amp; Associates","og_description":"Expert mapping, 3D analysis, and data managementEasily transitioning your data from the field to your screen","og_url":"https:\/\/elmontgomery.com\/es\/services\/data-management-services\/web-hosting-and-user-interfaces\/","og_site_name":"Montgomery &amp; Associates","article_modified_time":"2024-10-18T21:49:56+00:00","twitter_card":"summary_large_image","twitter_misc":{"Tiempo estimado de lectura":"3 minutos"},"schema":{"@context":"https:\/\/schema.org","@graph":[{"@type":"WebPage","@id":"https:\/\/elmontgomery.com\/services\/data-management-services\/web-hosting-and-user-interfaces\/","url":"https:\/\/elmontgomery.com\/services\/data-management-services\/web-hosting-and-user-interfaces\/","name":"Alojamiento web e interfaces de usuario - Montgomery &amp; Associates","isPartOf":{"@id":"https:\/\/elmontgomery.com\/#website"},"datePublished":"2024-02-02T16:43:22+00:00","dateModified":"2024-10-18T21:49:56+00:00","description":"Mapeo experto, an\u00e1lisis 3D y gesti\u00f3n de datosTransfiera f\u00e1cilmente sus datos del campo a la pantalla","breadcrumb":{"@id":"https:\/\/elmontgomery.com\/services\/data-management-services\/web-hosting-and-user-interfaces\/#breadcrumb"},"inLanguage":"es-CL","potentialAction":[{"@type":"ReadAction","target":["https:\/\/elmontgomery.com\/services\/data-management-services\/web-hosting-and-user-interfaces\/"]}]},{"@type":"BreadcrumbList","@id":"https:\/\/elmontgomery.com\/services\/data-management-services\/web-hosting-and-user-interfaces\/#breadcrumb","itemListElement":[{"@type":"ListItem","position":1,"name":"Home","item":"https:\/\/elmontgomery.com\/"},{"@type":"ListItem","position":2,"name":"Services","item":"https:\/\/elmontgomery.com\/services\/"},{"@type":"ListItem","position":3,"name":"Data Management Services","item":"https:\/\/elmontgomery.com\/services\/data-management-services\/"},{"@type":"ListItem","position":4,"name":"Web Hosting and User Interfaces"}]},{"@type":"WebSite","@id":"https:\/\/elmontgomery.com\/#website","url":"https:\/\/elmontgomery.com\/","name":"Montgomery y asociados","description":"Consultores de recursos h\u00eddricos","publisher":{"@id":"https:\/\/elmontgomery.com\/#organization"},"potentialAction":[{"@type":"SearchAction","target":{"@type":"EntryPoint","urlTemplate":"https:\/\/elmontgomery.com\/?s={search_term_string}"},"query-input":{"@type":"PropertyValueSpecification","valueRequired":true,"valueName":"search_term_string"}}],"inLanguage":"es-CL"},{"@type":"Organization","@id":"https:\/\/elmontgomery.com\/#organization","name":"Montgomery y asociados","url":"https:\/\/elmontgomery.com\/","logo":{"@type":"ImageObject","inLanguage":"es-CL","@id":"https:\/\/elmontgomery.com\/#\/schema\/logo\/image\/","url":"https:\/\/elmontgomery.com\/wp-content\/uploads\/2022\/09\/MA_RGB_hrz_tag-1.png","contentUrl":"https:\/\/elmontgomery.com\/wp-content\/uploads\/2022\/09\/MA_RGB_hrz_tag-1.png","width":1833,"height":533,"caption":"Montgomery &amp; Associates"},"image":{"@id":"https:\/\/elmontgomery.com\/#\/schema\/logo\/image\/"},"sameAs":["https:\/\/www.linkedin.com\/company\/2434577\/"]}]}},"_links":{"self":[{"href":"https:\/\/elmontgomery.com\/es\/wp-json\/wp\/v2\/pages\/11660","targetHints":{"allow":["GET"]}}],"collection":[{"href":"https:\/\/elmontgomery.com\/es\/wp-json\/wp\/v2\/pages"}],"about":[{"href":"https:\/\/elmontgomery.com\/es\/wp-json\/wp\/v2\/types\/page"}],"author":[{"embeddable":true,"href":"https:\/\/elmontgomery.com\/es\/wp-json\/wp\/v2\/users\/4"}],"replies":[{"embeddable":true,"href":"https:\/\/elmontgomery.com\/es\/wp-json\/wp\/v2\/comments?post=11660"}],"version-history":[{"count":15,"href":"https:\/\/elmontgomery.com\/es\/wp-json\/wp\/v2\/pages\/11660\/revisions"}],"predecessor-version":[{"id":12390,"href":"https:\/\/elmontgomery.com\/es\/wp-json\/wp\/v2\/pages\/11660\/revisions\/12390"}],"up":[{"embeddable":true,"href":"https:\/\/elmontgomery.com\/es\/wp-json\/wp\/v2\/pages\/230"}],"wp:attachment":[{"href":"https:\/\/elmontgomery.com\/es\/wp-json\/wp\/v2\/media?parent=11660"}],"curies":[{"name":"Gracias","href":"https:\/\/api.w.org\/{rel}","templated":true}]}}