{"id":11594,"date":"2024-01-31T13:00:59","date_gmt":"2024-01-31T20:00:59","guid":{"rendered":"https:\/\/elmontgomery.com\/?page_id=11594"},"modified":"2024-10-18T14:47:15","modified_gmt":"2024-10-18T21:47:15","slug":"database-services","status":"publish","type":"page","link":"https:\/\/elmontgomery.com\/es\/services\/data-management-services\/database-services\/","title":{"rendered":"Servicios de base de datos"},"content":{"rendered":"<div class=\"fusion-fullwidth fullwidth-box fusion-builder-row-1 fusion-flex-container nonhundred-percent-fullwidth non-hundred-percent-height-scrolling\" style=\"--awb-border-radius-top-left:0px;--awb-border-radius-top-right:0px;--awb-border-radius-bottom-right:0px;--awb-border-radius-bottom-left:0px;--awb-flex-wrap:wrap;\" ><div class=\"fusion-builder-row fusion-row fusion-flex-align-items-flex-start fusion-flex-content-wrap\" style=\"max-width:1248px;margin-left: calc(-4% \/ 2 );margin-right: calc(-4% \/ 2 );\"><div class=\"fusion-layout-column fusion_builder_column fusion-builder-column-0 fusion_builder_column_1_1 1_1 fusion-flex-column\" style=\"--awb-bg-size:cover;--awb-width-large:100%;--awb-margin-top-large:0px;--awb-spacing-right-large:1.92%;--awb-margin-bottom-large:20px;--awb-spacing-left-large:1.92%;--awb-width-medium:100%;--awb-order-medium:0;--awb-spacing-right-medium:1.92%;--awb-spacing-left-medium:1.92%;--awb-width-small:100%;--awb-order-small:0;--awb-spacing-right-small:1.92%;--awb-spacing-left-small:1.92%;\"><div class=\"fusion-column-wrapper fusion-column-has-shadow fusion-flex-justify-content-flex-start fusion-content-layout-column\"><div class=\"fusion-text fusion-text-1\" style=\"--awb-font-size:26px;--awb-line-height:30px;--awb-text-color:var(--awb-color6);\"><p>Ofreciendo sistemas de gesti\u00f3n de datos personalizados y programas de recopilaci\u00f3n de datos.<\/p>\n<\/div><\/div><\/div><div class=\"fusion-layout-column fusion_builder_column fusion-builder-column-1 fusion_builder_column_1_1 1_1 fusion-flex-column\" style=\"--awb-bg-blend:overlay;--awb-bg-size:cover;--awb-width-large:100%;--awb-margin-top-large:-20px;--awb-spacing-right-large:1.92%;--awb-margin-bottom-large:0px;--awb-spacing-left-large:1.92%;--awb-width-medium:100%;--awb-spacing-right-medium:1.92%;--awb-spacing-left-medium:1.92%;--awb-width-small:100%;--awb-spacing-right-small:1.92%;--awb-spacing-left-small:1.92%;\"><div class=\"fusion-column-wrapper fusion-flex-justify-content-flex-start fusion-content-layout-column\"><div class=\"fusion-text fusion-text-2\"><h3 class=\"\" style=\"--fontsize: 36; line-height: 1.2;\" data-fontsize=\"36\" data-lineheight=\"43.2px\">DMS de M&amp;A<\/h3>\n<p>M&amp;A DMS es un sistema de gesti\u00f3n de datos interno integral que se utiliza para gestionar y compartir datos para proyectos hidrogeol\u00f3gicos. Desarrollada por M&amp;A, esta base de datos SQL patentada incluye plantillas para datos hidrol\u00f3gicos comunes, incluidos niveles de agua, bombeo, flujos de agua superficial, litolog\u00eda, construcci\u00f3n de pozos y datos de manantiales y arroyos. El personal de campo puede completar y controlar la calidad de la base de datos utilizando la aplicaci\u00f3n de gesti\u00f3n de datos HydroSQL personalizada de M&amp;A, que tambi\u00e9n puede procesar y transmitir en vivo <a href=\"https:\/\/elmontgomery.com\/services\/data-management-services\/instrumentation-telemetry-sampling\/\" data-no-translation=\"\">telemetry data<\/a>, lo que permite a los clientes y miembros del equipo acceder a los datos en tiempo real a trav\u00e9s de nuestro sistema seguro. <a href=\"https:\/\/elmontgomery.com\/services\/data-management-services\/web-hosting-and-user-interfaces\/\" data-no-translation=\"\">web portal<\/a>Adem\u00e1s, en el portal web, los clientes y los miembros del equipo pueden visualizar los datos del sitio de monitoreo y del SIG en mapas web; representar gr\u00e1ficamente series temporales de datos sobre el nivel del agua, el bombeo, el caudal y la calidad del agua; y ver fotograf\u00edas, estudios y otros documentos asociados con los sitios de monitoreo. El cliente y el equipo del proyecto pueden acceder, visualizar y consultar f\u00e1cilmente todos los datos almacenados en el DMS de M&amp;A, y toda la base de datos del proyecto puede transferirse al cliente si as\u00ed lo solicita.<\/p>\n<h3 class=\"fusion-responsive-typography-calculated\" style=\"--fontsize: 36; line-height: 1.2;\" data-fontsize=\"36\" data-lineheight=\"43.2px\"><span style=\"color: var(--h3_typography-color); font-family: var(--h3_typography-font-family); font-size: var(--h3_typography-font-size); font-style: var(--h3_typography-font-style,normal); font-weight: var(--h3_typography-font-weight); letter-spacing: var(--h3_typography-letter-spacing); text-transform: var(--h3_typography-text-transform); text-align: var(--awb-content-alignment); background-color: var(--awb-bg-color-hover);\">Base de datos EnviroSQL<\/span><\/h3>\n<p>M&amp;A ofrece un control de calidad y garant\u00eda de calidad (QA\/QC) inigualable para las bases de datos de calidad del agua e hidroqu\u00edmica de los clientes. Nuestro equipo puede personalizar el nivel de QA\/QC para que se ajuste a los requisitos del cliente y de las normativas, como garantizar que se realice un seguimiento adecuado de las cadenas de custodia, verificar la precisi\u00f3n de los an\u00e1lisis de laboratorio, comprobar el balance de masa, verificar las relaciones de disoluci\u00f3n total y comparar los resultados con valores anteriores. Una vez que los datos se han sometido a una revisi\u00f3n de QA\/QC y se han rectificado los problemas con el laboratorio, los datos se cargan en nuestra base de datos estandarizada para el almacenamiento, la gesti\u00f3n y la generaci\u00f3n de informes mediante nuestra plataforma de base de datos EnviroSQL (con tecnolog\u00eda del software Enviro Data de Geotech Computer Systems). EnviroSQL tambi\u00e9n se puede utilizar para almacenar y gestionar la calidad hist\u00f3rica del agua. Nuestra base de datos EnviroSQL se integra perfectamente con el DMS de M&amp;A y nuestro portal web, lo que proporciona a los clientes acceso a tablas, mapas y gr\u00e1ficos tan pronto como se ingresan los datos en la base de datos.<\/p>\n<h3 class=\"fusion-responsive-typography-calculated\" style=\"--fontsize: 36; line-height: 1.2;\" data-fontsize=\"36\" data-lineheight=\"43.2px\">Bases de datos de Access<\/h3>\n<p>Para los proyectos que no utilizan M&amp;A DMS, M&amp;A puede desarrollar bases de datos Access personalizadas para almacenar datos hidrogeol\u00f3gicos para los clientes. Estas bases de datos se pueden desarrollar para satisfacer las necesidades del proyecto y pueden variar de relativamente simples a complejas, con paneles que permiten a los clientes y a los miembros del equipo visualizar y resumir datos hidrol\u00f3gicos, incluidos datos del sitio de monitoreo y datos de series temporales de nivel de agua, bombeo y caudal almacenados en tablas indexadas. Estas bases de datos tambi\u00e9n se pueden optimizar para consultar datos y generar informes, y se pueden transferir al cliente como un producto final.<\/p>\n<\/div><\/div><\/div><div class=\"fusion-layout-column fusion_builder_column fusion-builder-column-2 fusion_builder_column_1_1 1_1 fusion-flex-column\" style=\"--awb-bg-size:cover;--awb-width-large:100%;--awb-margin-top-large:0px;--awb-spacing-right-large:1.92%;--awb-margin-bottom-large:20px;--awb-spacing-left-large:1.92%;--awb-width-medium:100%;--awb-order-medium:0;--awb-spacing-right-medium:1.92%;--awb-spacing-left-medium:1.92%;--awb-width-small:100%;--awb-order-small:0;--awb-spacing-right-small:1.92%;--awb-spacing-left-small:1.92%;\"><div class=\"fusion-column-wrapper fusion-column-has-shadow fusion-flex-justify-content-flex-start fusion-content-layout-column\"><div style=\"text-align:center;\"><a class=\"fusion-button button-flat fusion-button-default-size button-custom fusion-button-default button-1 fusion-button-default-span fusion-button-default-type\" style=\"--button_accent_color:var(--awb-color1);--button_accent_hover_color:var(--awb-color1);--button_border_hover_color:var(--awb-color1);--button-border-radius-top-left:0;--button-border-radius-top-right:0;--button-border-radius-bottom-right:0;--button-border-radius-bottom-left:0;--button_gradient_top_color:var(--awb-color5);--button_gradient_bottom_color:var(--awb-color5);--button_gradient_top_color_hover:var(--awb-color6);--button_gradient_bottom_color_hover:var(--awb-color6);--button_font_size:20px;\" target=\"_self\" href=\"https:\/\/elmontgomery.com\/projects\/\" data-no-translation=\"\"><span class=\"fusion-button-text awb-button__text awb-button__text--default\">View Example Projects<\/span><i class=\"fa-angle-double-right fas awb-button__icon awb-button__icon--default button-icon-right\" aria-hidden=\"true\"><\/i><\/a><\/div><div class=\"fusion-separator fusion-full-width-sep\" style=\"align-self: center;margin-left: auto;margin-right: auto;margin-top:20px;width:100%;\"><div class=\"fusion-separator-border sep-single\" style=\"--awb-height:20px;--awb-amount:20px;border-color:var(--awb-color6);border-top-width:2px;\"><\/div><\/div><\/div><\/div><\/div><\/div>","protected":false},"excerpt":{"rendered":"","protected":false},"author":4,"featured_media":0,"parent":230,"menu_order":0,"comment_status":"closed","ping_status":"closed","template":"","meta":{"footnotes":""},"class_list":["post-11594","page","type-page","status-publish","hentry"],"yoast_head":"<!-- This site is optimized with the Yoast SEO plugin v27.3 - https:\/\/yoast.com\/product\/yoast-seo-wordpress\/ -->\n<title>Database Services - Montgomery &amp; Associates<\/title>\n<meta name=\"description\" content=\"Offering custom data management systems and data collection programs\" \/>\n<meta name=\"robots\" content=\"index, follow, max-snippet:-1, max-image-preview:large, max-video-preview:-1\" \/>\n<link rel=\"canonical\" href=\"https:\/\/elmontgomery.com\/es\/services\/data-management-services\/database-services\/\" \/>\n<meta property=\"og:locale\" content=\"es_ES\" \/>\n<meta property=\"og:type\" content=\"article\" \/>\n<meta property=\"og:title\" content=\"Database Services - Montgomery &amp; Associates\" \/>\n<meta property=\"og:description\" content=\"Offering custom data management systems and data collection programs\" \/>\n<meta property=\"og:url\" content=\"https:\/\/elmontgomery.com\/es\/services\/data-management-services\/database-services\/\" \/>\n<meta property=\"og:site_name\" content=\"Montgomery &amp; Associates\" \/>\n<meta property=\"article:modified_time\" content=\"2024-10-18T21:47:15+00:00\" \/>\n<meta name=\"twitter:card\" content=\"summary_large_image\" \/>\n<meta name=\"twitter:label1\" content=\"Tiempo estimado de lectura\" \/>\n\t<meta name=\"twitter:data1\" content=\"4 minutos\" \/>\n<script type=\"application\/ld+json\" class=\"yoast-schema-graph\">{\"@context\":\"https:\\\/\\\/schema.org\",\"@graph\":[{\"@type\":\"WebPage\",\"@id\":\"https:\\\/\\\/elmontgomery.com\\\/services\\\/data-management-services\\\/database-services\\\/\",\"url\":\"https:\\\/\\\/elmontgomery.com\\\/services\\\/data-management-services\\\/database-services\\\/\",\"name\":\"Database Services - Montgomery &amp; Associates\",\"isPartOf\":{\"@id\":\"https:\\\/\\\/elmontgomery.com\\\/#website\"},\"datePublished\":\"2024-01-31T20:00:59+00:00\",\"dateModified\":\"2024-10-18T21:47:15+00:00\",\"description\":\"Offering custom data management systems and data collection programs\",\"breadcrumb\":{\"@id\":\"https:\\\/\\\/elmontgomery.com\\\/services\\\/data-management-services\\\/database-services\\\/#breadcrumb\"},\"inLanguage\":\"es-CL\",\"potentialAction\":[{\"@type\":\"ReadAction\",\"target\":[\"https:\\\/\\\/elmontgomery.com\\\/services\\\/data-management-services\\\/database-services\\\/\"]}]},{\"@type\":\"BreadcrumbList\",\"@id\":\"https:\\\/\\\/elmontgomery.com\\\/services\\\/data-management-services\\\/database-services\\\/#breadcrumb\",\"itemListElement\":[{\"@type\":\"ListItem\",\"position\":1,\"name\":\"Home\",\"item\":\"https:\\\/\\\/elmontgomery.com\\\/\"},{\"@type\":\"ListItem\",\"position\":2,\"name\":\"Services\",\"item\":\"https:\\\/\\\/elmontgomery.com\\\/services\\\/\"},{\"@type\":\"ListItem\",\"position\":3,\"name\":\"Data Management Services\",\"item\":\"https:\\\/\\\/elmontgomery.com\\\/services\\\/data-management-services\\\/\"},{\"@type\":\"ListItem\",\"position\":4,\"name\":\"Database Services\"}]},{\"@type\":\"WebSite\",\"@id\":\"https:\\\/\\\/elmontgomery.com\\\/#website\",\"url\":\"https:\\\/\\\/elmontgomery.com\\\/\",\"name\":\"Montgomery &amp; Associates\",\"description\":\"Water Resource Consultants\",\"publisher\":{\"@id\":\"https:\\\/\\\/elmontgomery.com\\\/#organization\"},\"potentialAction\":[{\"@type\":\"SearchAction\",\"target\":{\"@type\":\"EntryPoint\",\"urlTemplate\":\"https:\\\/\\\/elmontgomery.com\\\/?s={search_term_string}\"},\"query-input\":{\"@type\":\"PropertyValueSpecification\",\"valueRequired\":true,\"valueName\":\"search_term_string\"}}],\"inLanguage\":\"es-CL\"},{\"@type\":\"Organization\",\"@id\":\"https:\\\/\\\/elmontgomery.com\\\/#organization\",\"name\":\"Montgomery &amp; Associates\",\"url\":\"https:\\\/\\\/elmontgomery.com\\\/\",\"logo\":{\"@type\":\"ImageObject\",\"inLanguage\":\"es-CL\",\"@id\":\"https:\\\/\\\/elmontgomery.com\\\/#\\\/schema\\\/logo\\\/image\\\/\",\"url\":\"https:\\\/\\\/elmontgomery.com\\\/wp-content\\\/uploads\\\/2022\\\/09\\\/MA_RGB_hrz_tag-1.png\",\"contentUrl\":\"https:\\\/\\\/elmontgomery.com\\\/wp-content\\\/uploads\\\/2022\\\/09\\\/MA_RGB_hrz_tag-1.png\",\"width\":1833,\"height\":533,\"caption\":\"Montgomery &amp; Associates\"},\"image\":{\"@id\":\"https:\\\/\\\/elmontgomery.com\\\/#\\\/schema\\\/logo\\\/image\\\/\"},\"sameAs\":[\"https:\\\/\\\/www.linkedin.com\\\/company\\\/2434577\\\/\"]}]}<\/script>\n<!-- \/ Yoast SEO plugin. -->","yoast_head_json":{"title":"Servicios de bases de datos - Montgomery &amp; Associates","description":"Ofreciendo sistemas de gesti\u00f3n de datos personalizados y programas de recopilaci\u00f3n de datos.","robots":{"index":"index","follow":"follow","max-snippet":"max-snippet:-1","max-image-preview":"max-image-preview:large","max-video-preview":"max-video-preview:-1"},"canonical":"https:\/\/elmontgomery.com\/es\/services\/data-management-services\/database-services\/","og_locale":"es_ES","og_type":"article","og_title":"Database Services - Montgomery &amp; Associates","og_description":"Offering custom data management systems and data collection programs","og_url":"https:\/\/elmontgomery.com\/es\/services\/data-management-services\/database-services\/","og_site_name":"Montgomery &amp; Associates","article_modified_time":"2024-10-18T21:47:15+00:00","twitter_card":"summary_large_image","twitter_misc":{"Tiempo estimado de lectura":"4 minutos"},"schema":{"@context":"https:\/\/schema.org","@graph":[{"@type":"WebPage","@id":"https:\/\/elmontgomery.com\/services\/data-management-services\/database-services\/","url":"https:\/\/elmontgomery.com\/services\/data-management-services\/database-services\/","name":"Servicios de bases de datos - Montgomery &amp; Associates","isPartOf":{"@id":"https:\/\/elmontgomery.com\/#website"},"datePublished":"2024-01-31T20:00:59+00:00","dateModified":"2024-10-18T21:47:15+00:00","description":"Ofreciendo sistemas de gesti\u00f3n de datos personalizados y programas de recopilaci\u00f3n de datos.","breadcrumb":{"@id":"https:\/\/elmontgomery.com\/services\/data-management-services\/database-services\/#breadcrumb"},"inLanguage":"es-CL","potentialAction":[{"@type":"ReadAction","target":["https:\/\/elmontgomery.com\/services\/data-management-services\/database-services\/"]}]},{"@type":"BreadcrumbList","@id":"https:\/\/elmontgomery.com\/services\/data-management-services\/database-services\/#breadcrumb","itemListElement":[{"@type":"ListItem","position":1,"name":"Home","item":"https:\/\/elmontgomery.com\/"},{"@type":"ListItem","position":2,"name":"Services","item":"https:\/\/elmontgomery.com\/services\/"},{"@type":"ListItem","position":3,"name":"Data Management Services","item":"https:\/\/elmontgomery.com\/services\/data-management-services\/"},{"@type":"ListItem","position":4,"name":"Database Services"}]},{"@type":"WebSite","@id":"https:\/\/elmontgomery.com\/#website","url":"https:\/\/elmontgomery.com\/","name":"Montgomery y asociados","description":"Consultores de recursos h\u00eddricos","publisher":{"@id":"https:\/\/elmontgomery.com\/#organization"},"potentialAction":[{"@type":"SearchAction","target":{"@type":"EntryPoint","urlTemplate":"https:\/\/elmontgomery.com\/?s={search_term_string}"},"query-input":{"@type":"PropertyValueSpecification","valueRequired":true,"valueName":"search_term_string"}}],"inLanguage":"es-CL"},{"@type":"Organization","@id":"https:\/\/elmontgomery.com\/#organization","name":"Montgomery y asociados","url":"https:\/\/elmontgomery.com\/","logo":{"@type":"ImageObject","inLanguage":"es-CL","@id":"https:\/\/elmontgomery.com\/#\/schema\/logo\/image\/","url":"https:\/\/elmontgomery.com\/wp-content\/uploads\/2022\/09\/MA_RGB_hrz_tag-1.png","contentUrl":"https:\/\/elmontgomery.com\/wp-content\/uploads\/2022\/09\/MA_RGB_hrz_tag-1.png","width":1833,"height":533,"caption":"Montgomery &amp; Associates"},"image":{"@id":"https:\/\/elmontgomery.com\/#\/schema\/logo\/image\/"},"sameAs":["https:\/\/www.linkedin.com\/company\/2434577\/"]}]}},"_links":{"self":[{"href":"https:\/\/elmontgomery.com\/es\/wp-json\/wp\/v2\/pages\/11594","targetHints":{"allow":["GET"]}}],"collection":[{"href":"https:\/\/elmontgomery.com\/es\/wp-json\/wp\/v2\/pages"}],"about":[{"href":"https:\/\/elmontgomery.com\/es\/wp-json\/wp\/v2\/types\/page"}],"author":[{"embeddable":true,"href":"https:\/\/elmontgomery.com\/es\/wp-json\/wp\/v2\/users\/4"}],"replies":[{"embeddable":true,"href":"https:\/\/elmontgomery.com\/es\/wp-json\/wp\/v2\/comments?post=11594"}],"version-history":[{"count":11,"href":"https:\/\/elmontgomery.com\/es\/wp-json\/wp\/v2\/pages\/11594\/revisions"}],"predecessor-version":[{"id":12387,"href":"https:\/\/elmontgomery.com\/es\/wp-json\/wp\/v2\/pages\/11594\/revisions\/12387"}],"up":[{"embeddable":true,"href":"https:\/\/elmontgomery.com\/es\/wp-json\/wp\/v2\/pages\/230"}],"wp:attachment":[{"href":"https:\/\/elmontgomery.com\/es\/wp-json\/wp\/v2\/media?parent=11594"}],"curies":[{"name":"Gracias","href":"https:\/\/api.w.org\/{rel}","templated":true}]}}