{"id":11438,"date":"2023-10-27T15:49:13","date_gmt":"2023-10-27T22:49:13","guid":{"rendered":"https:\/\/elmontgomery.com\/?page_id=11438"},"modified":"2025-07-11T16:42:31","modified_gmt":"2025-07-11T23:42:31","slug":"mine-water-supply","status":"publish","type":"page","link":"https:\/\/elmontgomery.com\/es\/services\/mining-hydrogeology\/mine-water-supply\/","title":{"rendered":"Suministro de agua de mina"},"content":{"rendered":"<div class=\"fusion-fullwidth fullwidth-box fusion-builder-row-1 fusion-flex-container has-pattern-background has-mask-background nonhundred-percent-fullwidth non-hundred-percent-height-scrolling\" style=\"--awb-border-radius-top-left:0px;--awb-border-radius-top-right:0px;--awb-border-radius-bottom-right:0px;--awb-border-radius-bottom-left:0px;--awb-flex-wrap:wrap;\" ><div class=\"fusion-builder-row fusion-row fusion-flex-align-items-flex-start fusion-flex-content-wrap\" style=\"max-width:1248px;margin-left: calc(-4% \/ 2 );margin-right: calc(-4% \/ 2 );\"><div class=\"fusion-layout-column fusion_builder_column fusion-builder-column-0 fusion_builder_column_1_1 1_1 fusion-flex-column\" style=\"--awb-bg-size:cover;--awb-width-large:100%;--awb-margin-top-large:0px;--awb-spacing-right-large:1.92%;--awb-margin-bottom-large:20px;--awb-spacing-left-large:1.92%;--awb-width-medium:100%;--awb-order-medium:0;--awb-spacing-right-medium:1.92%;--awb-spacing-left-medium:1.92%;--awb-width-small:100%;--awb-order-small:0;--awb-spacing-right-small:1.92%;--awb-spacing-left-small:1.92%;\"><div class=\"fusion-column-wrapper fusion-column-has-shadow fusion-flex-justify-content-flex-start fusion-content-layout-column\"><div class=\"fusion-text fusion-text-1\" style=\"--awb-font-size:26px;--awb-line-height:30px;--awb-text-color:var(--awb-color6);\"><p>Suministro de agua para satisfacer las necesidades de las operaciones mineras.<\/p>\n<\/div><\/div><\/div><div class=\"fusion-layout-column fusion_builder_column fusion-builder-column-1 fusion_builder_column_1_1 1_1 fusion-flex-column\" style=\"--awb-bg-size:cover;--awb-width-large:100%;--awb-margin-top-large:-20px;--awb-spacing-right-large:1.92%;--awb-margin-bottom-large:20px;--awb-spacing-left-large:1.92%;--awb-width-medium:100%;--awb-order-medium:0;--awb-spacing-right-medium:1.92%;--awb-spacing-left-medium:1.92%;--awb-width-small:100%;--awb-order-small:0;--awb-spacing-right-small:1.92%;--awb-spacing-left-small:1.92%;\"><div class=\"fusion-column-wrapper fusion-column-has-shadow fusion-flex-justify-content-flex-start fusion-content-layout-column\"><div class=\"fusion-text fusion-text-2\" style=\"--awb-font-size:18px;\"><p>Desarrollar suministros de agua para las minas, que a menudo se encuentran en \u00e1reas remotas, \u00e1ridas y\/o hidrogeol\u00f3gicamente complejas, puede ser un desaf\u00edo. El bombeo para el suministro de agua de la mina o las operaciones de desag\u00fce pueden impactar los recursos h\u00eddricos y los ambientes cercanos de maneras que son inaceptables o no pueden mitigarse. M&amp;A aplica d\u00e9cadas de experiencia hidrogeol\u00f3gica para desarrollar suministros de agua para operaciones mineras. Brindamos apoyo t\u00e9cnico y de planificaci\u00f3n, evaluando todas las opciones para identificar la alternativa de suministro de agua m\u00e1s confiable, institucionalmente viable y ambientalmente aceptable. Cuando est\u00e1 justificado, tambi\u00e9n evaluamos la viabilidad de acciones de mitigaci\u00f3n, como el uso de recarga artificial para reemplazar el agua extra\u00edda para suministros mineros.<\/p>\n<p style=\"font-size: 36px; letter-spacing: 0px; line-height: 1.2;\" data-fusion-font=\"true\"><b style=\"line-height: 1.2; letter-spacing: -0.54px; font-family: 'Barlow Condensed';\" data-fusion-font=\"true\" data-fusion-google-font=\"Barlow Condensed\" data-fusion-google-variant=\"100\">Capacidades<\/b><\/p>\n<ul>\n<li>Caracterizar las condiciones de cantidad y calidad del agua subterr\u00e1nea para identificar fuentes apropiadas de suministro de agua.<\/li>\n<li>Realizaci\u00f3n de investigaciones a nivel de reconocimiento<\/li>\n<li>Dise\u00f1o y supervisi\u00f3n de la construcci\u00f3n de pozos de exploraci\u00f3n, monitoreo y producci\u00f3n.<\/li>\n<li>Proyectar los efectos de las extracciones y el cambio clim\u00e1tico sobre los recursos h\u00eddricos<\/li>\n<li>Optimizaci\u00f3n de las operaciones en el campo de pozos<\/li>\n<li>Monitoreo de los efectos de las operaciones mineras en los niveles y la calidad del agua.<\/li>\n<\/ul>\n<\/div><div style=\"text-align:center;\"><a class=\"fusion-button button-flat fusion-button-default-size button-custom fusion-button-default button-1 fusion-button-default-span fusion-button-default-type\" style=\"--button_accent_color:var(--awb-color1);--button_accent_hover_color:var(--awb-color6);--button_border_hover_color:var(--awb-color1);--button-border-radius-top-left:0;--button-border-radius-top-right:0;--button-border-radius-bottom-right:0;--button-border-radius-bottom-left:0;--button_gradient_angle:0deg;--button_gradient_top_color:var(--awb-color5);--button_gradient_bottom_color:var(--awb-color5);--button_gradient_top_color_hover:var(--awb-color1);--button_gradient_bottom_color_hover:var(--awb-color1);--button_font_size:20px;--button_margin-top:20px;\" target=\"_self\" href=\"https:\/\/elmontgomery.com\/projects\/#tab-035e69108cb6ba2a4ed\" data-no-translation=\"\"><span class=\"fusion-button-text awb-button__text awb-button__text--default\">View Mining Projects<\/span><i class=\"fa-angle-double-right fas awb-button__icon awb-button__icon--default button-icon-right\" aria-hidden=\"true\"><\/i><\/a><\/div><\/div><\/div><\/div><\/div>","protected":false},"excerpt":{"rendered":"","protected":false},"author":4,"featured_media":0,"parent":220,"menu_order":0,"comment_status":"closed","ping_status":"closed","template":"","meta":{"footnotes":""},"class_list":["post-11438","page","type-page","status-publish","hentry"],"yoast_head":"<!-- This site is optimized with the Yoast SEO plugin v27.3 - https:\/\/yoast.com\/product\/yoast-seo-wordpress\/ -->\n<title>Mine Water Supply - Montgomery &amp; Associates<\/title>\n<meta name=\"description\" content=\"Mine water supply pumping can be challenging, especially since mines are often in remote, arid, and\/or hydrogeologically complex areas.\" \/>\n<meta name=\"robots\" content=\"index, follow, max-snippet:-1, max-image-preview:large, max-video-preview:-1\" \/>\n<link rel=\"canonical\" href=\"https:\/\/elmontgomery.com\/es\/services\/mining-hydrogeology\/mine-water-supply\/\" \/>\n<meta property=\"og:locale\" content=\"es_ES\" \/>\n<meta property=\"og:type\" content=\"article\" \/>\n<meta property=\"og:title\" content=\"Mine Water Supply - Montgomery &amp; Associates\" \/>\n<meta property=\"og:description\" content=\"Mine water supply pumping can be challenging, especially since mines are often in remote, arid, and\/or hydrogeologically complex areas.\" \/>\n<meta property=\"og:url\" content=\"https:\/\/elmontgomery.com\/es\/services\/mining-hydrogeology\/mine-water-supply\/\" \/>\n<meta property=\"og:site_name\" content=\"Montgomery &amp; Associates\" \/>\n<meta property=\"article:modified_time\" content=\"2025-07-11T23:42:31+00:00\" \/>\n<meta name=\"twitter:card\" content=\"summary_large_image\" \/>\n<meta name=\"twitter:label1\" content=\"Tiempo estimado de lectura\" \/>\n\t<meta name=\"twitter:data1\" content=\"3 minutos\" \/>\n<script type=\"application\/ld+json\" class=\"yoast-schema-graph\">{\"@context\":\"https:\\\/\\\/schema.org\",\"@graph\":[{\"@type\":\"WebPage\",\"@id\":\"https:\\\/\\\/elmontgomery.com\\\/services\\\/mining-hydrogeology\\\/mine-water-supply\\\/\",\"url\":\"https:\\\/\\\/elmontgomery.com\\\/services\\\/mining-hydrogeology\\\/mine-water-supply\\\/\",\"name\":\"Mine Water Supply - Montgomery &amp; Associates\",\"isPartOf\":{\"@id\":\"https:\\\/\\\/elmontgomery.com\\\/#website\"},\"datePublished\":\"2023-10-27T22:49:13+00:00\",\"dateModified\":\"2025-07-11T23:42:31+00:00\",\"description\":\"Mine water supply pumping can be challenging, especially since mines are often in remote, arid, and\\\/or hydrogeologically complex areas.\",\"breadcrumb\":{\"@id\":\"https:\\\/\\\/elmontgomery.com\\\/services\\\/mining-hydrogeology\\\/mine-water-supply\\\/#breadcrumb\"},\"inLanguage\":\"es-CL\",\"potentialAction\":[{\"@type\":\"ReadAction\",\"target\":[\"https:\\\/\\\/elmontgomery.com\\\/services\\\/mining-hydrogeology\\\/mine-water-supply\\\/\"]}]},{\"@type\":\"BreadcrumbList\",\"@id\":\"https:\\\/\\\/elmontgomery.com\\\/services\\\/mining-hydrogeology\\\/mine-water-supply\\\/#breadcrumb\",\"itemListElement\":[{\"@type\":\"ListItem\",\"position\":1,\"name\":\"Home\",\"item\":\"https:\\\/\\\/elmontgomery.com\\\/\"},{\"@type\":\"ListItem\",\"position\":2,\"name\":\"Services\",\"item\":\"https:\\\/\\\/elmontgomery.com\\\/services\\\/\"},{\"@type\":\"ListItem\",\"position\":3,\"name\":\"Mining Hydrogeology\",\"item\":\"https:\\\/\\\/elmontgomery.com\\\/services\\\/mining-hydrogeology\\\/\"},{\"@type\":\"ListItem\",\"position\":4,\"name\":\"Mine Water Supply\"}]},{\"@type\":\"WebSite\",\"@id\":\"https:\\\/\\\/elmontgomery.com\\\/#website\",\"url\":\"https:\\\/\\\/elmontgomery.com\\\/\",\"name\":\"Montgomery &amp; Associates\",\"description\":\"Water Resource Consultants\",\"publisher\":{\"@id\":\"https:\\\/\\\/elmontgomery.com\\\/#organization\"},\"potentialAction\":[{\"@type\":\"SearchAction\",\"target\":{\"@type\":\"EntryPoint\",\"urlTemplate\":\"https:\\\/\\\/elmontgomery.com\\\/?s={search_term_string}\"},\"query-input\":{\"@type\":\"PropertyValueSpecification\",\"valueRequired\":true,\"valueName\":\"search_term_string\"}}],\"inLanguage\":\"es-CL\"},{\"@type\":\"Organization\",\"@id\":\"https:\\\/\\\/elmontgomery.com\\\/#organization\",\"name\":\"Montgomery &amp; Associates\",\"url\":\"https:\\\/\\\/elmontgomery.com\\\/\",\"logo\":{\"@type\":\"ImageObject\",\"inLanguage\":\"es-CL\",\"@id\":\"https:\\\/\\\/elmontgomery.com\\\/#\\\/schema\\\/logo\\\/image\\\/\",\"url\":\"https:\\\/\\\/elmontgomery.com\\\/wp-content\\\/uploads\\\/2022\\\/09\\\/MA_RGB_hrz_tag-1.png\",\"contentUrl\":\"https:\\\/\\\/elmontgomery.com\\\/wp-content\\\/uploads\\\/2022\\\/09\\\/MA_RGB_hrz_tag-1.png\",\"width\":1833,\"height\":533,\"caption\":\"Montgomery &amp; Associates\"},\"image\":{\"@id\":\"https:\\\/\\\/elmontgomery.com\\\/#\\\/schema\\\/logo\\\/image\\\/\"},\"sameAs\":[\"https:\\\/\\\/www.linkedin.com\\\/company\\\/2434577\\\/\"]}]}<\/script>\n<!-- \/ Yoast SEO plugin. -->","yoast_head_json":{"title":"Abastecimiento de agua para minas - Montgomery &amp; Associates","description":"El bombeo de agua para el suministro de minas puede ser un desaf\u00edo, especialmente porque las minas suelen estar en zonas remotas, \u00e1ridas y\/o hidrogeol\u00f3gicamente complejas.","robots":{"index":"index","follow":"follow","max-snippet":"max-snippet:-1","max-image-preview":"max-image-preview:large","max-video-preview":"max-video-preview:-1"},"canonical":"https:\/\/elmontgomery.com\/es\/services\/mining-hydrogeology\/mine-water-supply\/","og_locale":"es_ES","og_type":"article","og_title":"Mine Water Supply - Montgomery &amp; Associates","og_description":"Mine water supply pumping can be challenging, especially since mines are often in remote, arid, and\/or hydrogeologically complex areas.","og_url":"https:\/\/elmontgomery.com\/es\/services\/mining-hydrogeology\/mine-water-supply\/","og_site_name":"Montgomery &amp; Associates","article_modified_time":"2025-07-11T23:42:31+00:00","twitter_card":"summary_large_image","twitter_misc":{"Tiempo estimado de lectura":"3 minutos"},"schema":{"@context":"https:\/\/schema.org","@graph":[{"@type":"WebPage","@id":"https:\/\/elmontgomery.com\/services\/mining-hydrogeology\/mine-water-supply\/","url":"https:\/\/elmontgomery.com\/services\/mining-hydrogeology\/mine-water-supply\/","name":"Abastecimiento de agua para minas - Montgomery &amp; Associates","isPartOf":{"@id":"https:\/\/elmontgomery.com\/#website"},"datePublished":"2023-10-27T22:49:13+00:00","dateModified":"2025-07-11T23:42:31+00:00","description":"El bombeo de agua para el suministro de minas puede ser un desaf\u00edo, especialmente porque las minas suelen estar en zonas remotas, \u00e1ridas y\/o hidrogeol\u00f3gicamente complejas.","breadcrumb":{"@id":"https:\/\/elmontgomery.com\/services\/mining-hydrogeology\/mine-water-supply\/#breadcrumb"},"inLanguage":"es-CL","potentialAction":[{"@type":"ReadAction","target":["https:\/\/elmontgomery.com\/services\/mining-hydrogeology\/mine-water-supply\/"]}]},{"@type":"BreadcrumbList","@id":"https:\/\/elmontgomery.com\/services\/mining-hydrogeology\/mine-water-supply\/#breadcrumb","itemListElement":[{"@type":"ListItem","position":1,"name":"Home","item":"https:\/\/elmontgomery.com\/"},{"@type":"ListItem","position":2,"name":"Services","item":"https:\/\/elmontgomery.com\/services\/"},{"@type":"ListItem","position":3,"name":"Mining Hydrogeology","item":"https:\/\/elmontgomery.com\/services\/mining-hydrogeology\/"},{"@type":"ListItem","position":4,"name":"Mine Water Supply"}]},{"@type":"WebSite","@id":"https:\/\/elmontgomery.com\/#website","url":"https:\/\/elmontgomery.com\/","name":"Montgomery y asociados","description":"Consultores de recursos h\u00eddricos","publisher":{"@id":"https:\/\/elmontgomery.com\/#organization"},"potentialAction":[{"@type":"SearchAction","target":{"@type":"EntryPoint","urlTemplate":"https:\/\/elmontgomery.com\/?s={search_term_string}"},"query-input":{"@type":"PropertyValueSpecification","valueRequired":true,"valueName":"search_term_string"}}],"inLanguage":"es-CL"},{"@type":"Organization","@id":"https:\/\/elmontgomery.com\/#organization","name":"Montgomery y asociados","url":"https:\/\/elmontgomery.com\/","logo":{"@type":"ImageObject","inLanguage":"es-CL","@id":"https:\/\/elmontgomery.com\/#\/schema\/logo\/image\/","url":"https:\/\/elmontgomery.com\/wp-content\/uploads\/2022\/09\/MA_RGB_hrz_tag-1.png","contentUrl":"https:\/\/elmontgomery.com\/wp-content\/uploads\/2022\/09\/MA_RGB_hrz_tag-1.png","width":1833,"height":533,"caption":"Montgomery &amp; Associates"},"image":{"@id":"https:\/\/elmontgomery.com\/#\/schema\/logo\/image\/"},"sameAs":["https:\/\/www.linkedin.com\/company\/2434577\/"]}]}},"_links":{"self":[{"href":"https:\/\/elmontgomery.com\/es\/wp-json\/wp\/v2\/pages\/11438","targetHints":{"allow":["GET"]}}],"collection":[{"href":"https:\/\/elmontgomery.com\/es\/wp-json\/wp\/v2\/pages"}],"about":[{"href":"https:\/\/elmontgomery.com\/es\/wp-json\/wp\/v2\/types\/page"}],"author":[{"embeddable":true,"href":"https:\/\/elmontgomery.com\/es\/wp-json\/wp\/v2\/users\/4"}],"replies":[{"embeddable":true,"href":"https:\/\/elmontgomery.com\/es\/wp-json\/wp\/v2\/comments?post=11438"}],"version-history":[{"count":12,"href":"https:\/\/elmontgomery.com\/es\/wp-json\/wp\/v2\/pages\/11438\/revisions"}],"predecessor-version":[{"id":13085,"href":"https:\/\/elmontgomery.com\/es\/wp-json\/wp\/v2\/pages\/11438\/revisions\/13085"}],"up":[{"embeddable":true,"href":"https:\/\/elmontgomery.com\/es\/wp-json\/wp\/v2\/pages\/220"}],"wp:attachment":[{"href":"https:\/\/elmontgomery.com\/es\/wp-json\/wp\/v2\/media?parent=11438"}],"curies":[{"name":"Gracias","href":"https:\/\/api.w.org\/{rel}","templated":true}]}}