{"id":11294,"date":"2023-09-26T14:35:42","date_gmt":"2023-09-26T21:35:42","guid":{"rendered":"https:\/\/elmontgomery.com\/?page_id=11294"},"modified":"2024-10-18T13:04:50","modified_gmt":"2024-10-18T20:04:50","slug":"climate-change-and-drought-planning","status":"publish","type":"page","link":"https:\/\/elmontgomery.com\/es\/services\/water-resource-planning\/climate-change-and-drought-planning\/","title":{"rendered":"Cambio Clim\u00e1tico y Planificaci\u00f3n de Sequ\u00edas"},"content":{"rendered":"<div class=\"fusion-fullwidth fullwidth-box fusion-builder-row-1 fusion-flex-container has-pattern-background has-mask-background nonhundred-percent-fullwidth non-hundred-percent-height-scrolling\" style=\"--awb-border-radius-top-left:0px;--awb-border-radius-top-right:0px;--awb-border-radius-bottom-right:0px;--awb-border-radius-bottom-left:0px;--awb-flex-wrap:wrap;\" ><div class=\"fusion-builder-row fusion-row fusion-flex-align-items-flex-start fusion-flex-content-wrap\" style=\"max-width:1248px;margin-left: calc(-4% \/ 2 );margin-right: calc(-4% \/ 2 );\"><div class=\"fusion-layout-column fusion_builder_column fusion-builder-column-0 fusion_builder_column_1_1 1_1 fusion-flex-column\" style=\"--awb-bg-size:cover;--awb-width-large:100%;--awb-margin-top-large:0px;--awb-spacing-right-large:1.92%;--awb-margin-bottom-large:20px;--awb-spacing-left-large:1.92%;--awb-width-medium:100%;--awb-order-medium:0;--awb-spacing-right-medium:1.92%;--awb-spacing-left-medium:1.92%;--awb-width-small:100%;--awb-order-small:0;--awb-spacing-right-small:1.92%;--awb-spacing-left-small:1.92%;\"><div class=\"fusion-column-wrapper fusion-column-has-shadow fusion-flex-justify-content-flex-start fusion-content-layout-column\"><div class=\"fusion-text fusion-text-1\" style=\"--awb-font-size:26px;--awb-line-height:30px;--awb-text-color:var(--awb-color6);\"><p>Previsi\u00f3n del suministro de agua y planificaci\u00f3n de los impactos ambientales.<\/p>\n<\/div><\/div><\/div><div class=\"fusion-layout-column fusion_builder_column fusion-builder-column-1 fusion_builder_column_1_1 1_1 fusion-flex-column\" style=\"--awb-bg-size:cover;--awb-width-large:100%;--awb-margin-top-large:-20px;--awb-spacing-right-large:1.92%;--awb-margin-bottom-large:20px;--awb-spacing-left-large:1.92%;--awb-width-medium:100%;--awb-order-medium:0;--awb-spacing-right-medium:1.92%;--awb-spacing-left-medium:1.92%;--awb-width-small:100%;--awb-order-small:0;--awb-spacing-right-small:1.92%;--awb-spacing-left-small:1.92%;\"><div class=\"fusion-column-wrapper fusion-column-has-shadow fusion-flex-justify-content-flex-start fusion-content-layout-column\"><div class=\"fusion-text fusion-text-2\" style=\"--awb-font-size:18px;\"><p>El cambio clim\u00e1tico afecta todos los aspectos de la planificaci\u00f3n de los recursos h\u00eddricos, desde la demanda de aguas subterr\u00e1neas hasta la sostenibilidad del suministro de agua a largo plazo. En el oeste de los Estados Unidos, donde trabajamos, los modelos clim\u00e1ticos proyectan temperaturas m\u00e1s altas que se espera que resulten en per\u00edodos prolongados de sequ\u00eda severa con tormentas m\u00e1s intensas. <\/p>\n<p>Para la planificaci\u00f3n de sequ\u00edas, M&amp;A incorpora proyecciones de cambio clim\u00e1tico en evaluaciones de sostenibilidad del suministro de agua y de las aguas subterr\u00e1neas, cuantificando el rango de condiciones futuras y aplicando pruebas de estr\u00e9s de los acu\u00edferos a partir de per\u00edodos de sequ\u00eda proyectados. <span style=\"color: var(--awb-text-color); font-family: var(--awb-text-font-family); font-size: var(--awb-font-size); font-style: var(--awb-text-font-style); font-weight: var(--awb-text-font-weight); letter-spacing: var(--awb-letter-spacing); text-align: var(--awb-content-alignment); text-transform: var(--awb-text-transform); background-color: var(--awb-bg-color);\">Estimamos el uso del agua y evaluamos las tendencias para pronosticar la demanda, a menudo trabajando en estrecha colaboraci\u00f3n con socios de ingenier\u00eda. Nuestras evaluaciones pueden ayudar a identificar un plan para garantizar la sostenibilidad del agua con impactos m\u00ednimos al medio ambiente. Evaluamos las condiciones hidrol\u00f3gicas y meteorol\u00f3gicas hist\u00f3ricas y los cambios potenciales para ayudar con el pron\u00f3stico del suministro de agua y la planificaci\u00f3n del impacto ambiental. Para respaldar las decisiones de planificaci\u00f3n, dise\u00f1amos paneles interactivos que permiten a los usuarios proyectar la demanda y el suministro de agua en diversos escenarios y entradas definidas por el usuario, incluidos los cambios inducidos por el clima.<\/span><\/p>\n<p style=\"font-size: 36px; letter-spacing: 0px; line-height: 1.2;\" data-fusion-font=\"true\"><b style=\"line-height: 1.2; letter-spacing: -0.54px; font-family: 'Barlow Condensed';\" data-fusion-font=\"true\" data-fusion-google-font=\"Barlow Condensed\" data-fusion-google-variant=\"100\">Capacidades<\/b><\/p>\n<ul>\n<li><span style=\"color: var(--awb-text-color); font-family: 'Roboto Condensed'; font-size: 18px; letter-spacing: 0.27px; text-align: var(--awb-content-alignment); text-transform: var(--awb-text-transform); background-color: var(--awb-bg-color-hover); line-height: 30.96px;\" data-fusion-font=\"true\" data-fusion-google-font=\"Roboto Condensed\" data-fusion-google-variant=\"300\">Evaluaci\u00f3n de los posibles impactos del cambio clim\u00e1tico en la disponibilidad y confiabilidad del suministro de agua superficial y subterr\u00e1nea<\/span><\/li>\n<li>Recopilar datos hidrol\u00f3gicos hist\u00f3ricos y simular modelos de sostenibilidad para ayudar a definir niveles de acci\u00f3n.<\/li>\n<li>Desarrollar cuadros de mando personalizados con previsiones de demanda para ayudar a garantizar un suministro de agua sostenible frente al cambio clim\u00e1tico<\/li>\n<\/ul>\n<\/div><div style=\"text-align:center;\"><a class=\"fusion-button button-flat fusion-button-default-size button-custom fusion-button-default button-1 fusion-button-default-span fusion-button-default-type\" style=\"--button_accent_color:var(--awb-color1);--button_accent_hover_color:var(--awb-color6);--button_border_hover_color:var(--awb-color1);--button-border-radius-top-left:0;--button-border-radius-top-right:0;--button-border-radius-bottom-right:0;--button-border-radius-bottom-left:0;--button_gradient_angle:0deg;--button_gradient_top_color:var(--awb-color5);--button_gradient_bottom_color:var(--awb-color5);--button_gradient_top_color_hover:var(--awb-color1);--button_gradient_bottom_color_hover:var(--awb-color1);--button_font_size:20px;--button_margin-top:20px;\" target=\"_self\" href=\"https:\/\/elmontgomery.com\/projects\/\" data-no-translation=\"\"><span class=\"fusion-button-text awb-button__text awb-button__text--default\">View Example Projects<\/span><i class=\"fa-angle-double-right fas awb-button__icon awb-button__icon--default button-icon-right\" aria-hidden=\"true\"><\/i><\/a><\/div><\/div><\/div><\/div><\/div>","protected":false},"excerpt":{"rendered":"","protected":false},"author":4,"featured_media":0,"parent":226,"menu_order":0,"comment_status":"closed","ping_status":"closed","template":"","meta":{"footnotes":""},"class_list":["post-11294","page","type-page","status-publish","hentry"],"yoast_head":"<!-- This site is optimized with the Yoast SEO plugin v27.4 - https:\/\/yoast.com\/product\/yoast-seo-wordpress\/ -->\n<title>Climate Change and Drought Planning - Montgomery &amp; Associates<\/title>\n<meta name=\"description\" content=\"Climate change and drought planning forecasting environmental impacts and groundwater demand\" \/>\n<meta name=\"robots\" content=\"index, follow, max-snippet:-1, max-image-preview:large, max-video-preview:-1\" \/>\n<link rel=\"canonical\" href=\"https:\/\/elmontgomery.com\/es\/services\/water-resource-planning\/climate-change-and-drought-planning\/\" \/>\n<meta property=\"og:locale\" content=\"es_ES\" \/>\n<meta property=\"og:type\" content=\"article\" \/>\n<meta property=\"og:title\" content=\"Climate Change and Drought Planning - Montgomery &amp; Associates\" \/>\n<meta property=\"og:description\" content=\"Climate change and drought planning forecasting environmental impacts and groundwater demand\" \/>\n<meta property=\"og:url\" content=\"https:\/\/elmontgomery.com\/es\/services\/water-resource-planning\/climate-change-and-drought-planning\/\" \/>\n<meta property=\"og:site_name\" content=\"Montgomery &amp; Associates\" \/>\n<meta property=\"article:modified_time\" content=\"2024-10-18T20:04:50+00:00\" \/>\n<meta name=\"twitter:card\" content=\"summary_large_image\" \/>\n<meta name=\"twitter:label1\" content=\"Tiempo estimado de lectura\" \/>\n\t<meta name=\"twitter:data1\" content=\"3 minutos\" \/>\n<script type=\"application\/ld+json\" class=\"yoast-schema-graph\">{\"@context\":\"https:\\\/\\\/schema.org\",\"@graph\":[{\"@type\":\"WebPage\",\"@id\":\"https:\\\/\\\/elmontgomery.com\\\/services\\\/water-resource-planning\\\/climate-change-and-drought-planning\\\/\",\"url\":\"https:\\\/\\\/elmontgomery.com\\\/services\\\/water-resource-planning\\\/climate-change-and-drought-planning\\\/\",\"name\":\"Climate Change and Drought Planning - Montgomery &amp; Associates\",\"isPartOf\":{\"@id\":\"https:\\\/\\\/elmontgomery.com\\\/#website\"},\"datePublished\":\"2023-09-26T21:35:42+00:00\",\"dateModified\":\"2024-10-18T20:04:50+00:00\",\"description\":\"Climate change and drought planning forecasting environmental impacts and groundwater demand\",\"breadcrumb\":{\"@id\":\"https:\\\/\\\/elmontgomery.com\\\/services\\\/water-resource-planning\\\/climate-change-and-drought-planning\\\/#breadcrumb\"},\"inLanguage\":\"es-CL\",\"potentialAction\":[{\"@type\":\"ReadAction\",\"target\":[\"https:\\\/\\\/elmontgomery.com\\\/services\\\/water-resource-planning\\\/climate-change-and-drought-planning\\\/\"]}]},{\"@type\":\"BreadcrumbList\",\"@id\":\"https:\\\/\\\/elmontgomery.com\\\/services\\\/water-resource-planning\\\/climate-change-and-drought-planning\\\/#breadcrumb\",\"itemListElement\":[{\"@type\":\"ListItem\",\"position\":1,\"name\":\"Home\",\"item\":\"https:\\\/\\\/elmontgomery.com\\\/\"},{\"@type\":\"ListItem\",\"position\":2,\"name\":\"Services\",\"item\":\"https:\\\/\\\/elmontgomery.com\\\/services\\\/\"},{\"@type\":\"ListItem\",\"position\":3,\"name\":\"Water Resource Planning\",\"item\":\"https:\\\/\\\/elmontgomery.com\\\/services\\\/water-resource-planning\\\/\"},{\"@type\":\"ListItem\",\"position\":4,\"name\":\"Climate Change and Drought Planning\"}]},{\"@type\":\"WebSite\",\"@id\":\"https:\\\/\\\/elmontgomery.com\\\/#website\",\"url\":\"https:\\\/\\\/elmontgomery.com\\\/\",\"name\":\"Montgomery &amp; Associates\",\"description\":\"Water Resource Consultants\",\"publisher\":{\"@id\":\"https:\\\/\\\/elmontgomery.com\\\/#organization\"},\"potentialAction\":[{\"@type\":\"SearchAction\",\"target\":{\"@type\":\"EntryPoint\",\"urlTemplate\":\"https:\\\/\\\/elmontgomery.com\\\/?s={search_term_string}\"},\"query-input\":{\"@type\":\"PropertyValueSpecification\",\"valueRequired\":true,\"valueName\":\"search_term_string\"}}],\"inLanguage\":\"es-CL\"},{\"@type\":\"Organization\",\"@id\":\"https:\\\/\\\/elmontgomery.com\\\/#organization\",\"name\":\"Montgomery &amp; Associates\",\"url\":\"https:\\\/\\\/elmontgomery.com\\\/\",\"logo\":{\"@type\":\"ImageObject\",\"inLanguage\":\"es-CL\",\"@id\":\"https:\\\/\\\/elmontgomery.com\\\/#\\\/schema\\\/logo\\\/image\\\/\",\"url\":\"https:\\\/\\\/elmontgomery.com\\\/wp-content\\\/uploads\\\/2022\\\/09\\\/MA_RGB_hrz_tag-1.png\",\"contentUrl\":\"https:\\\/\\\/elmontgomery.com\\\/wp-content\\\/uploads\\\/2022\\\/09\\\/MA_RGB_hrz_tag-1.png\",\"width\":1833,\"height\":533,\"caption\":\"Montgomery &amp; Associates\"},\"image\":{\"@id\":\"https:\\\/\\\/elmontgomery.com\\\/#\\\/schema\\\/logo\\\/image\\\/\"},\"sameAs\":[\"https:\\\/\\\/www.linkedin.com\\\/company\\\/2434577\\\/\"]}]}<\/script>\n<!-- \/ Yoast SEO plugin. -->","yoast_head_json":{"title":"Planificaci\u00f3n para el cambio clim\u00e1tico y la sequ\u00eda - Montgomery &amp; Associates","description":"Planificaci\u00f3n del cambio clim\u00e1tico y las sequ\u00edas: previsi\u00f3n de los impactos ambientales y la demanda de aguas subterr\u00e1neas","robots":{"index":"index","follow":"follow","max-snippet":"max-snippet:-1","max-image-preview":"max-image-preview:large","max-video-preview":"max-video-preview:-1"},"canonical":"https:\/\/elmontgomery.com\/es\/services\/water-resource-planning\/climate-change-and-drought-planning\/","og_locale":"es_ES","og_type":"article","og_title":"Climate Change and Drought Planning - Montgomery &amp; Associates","og_description":"Climate change and drought planning forecasting environmental impacts and groundwater demand","og_url":"https:\/\/elmontgomery.com\/es\/services\/water-resource-planning\/climate-change-and-drought-planning\/","og_site_name":"Montgomery &amp; Associates","article_modified_time":"2024-10-18T20:04:50+00:00","twitter_card":"summary_large_image","twitter_misc":{"Tiempo estimado de lectura":"3 minutos"},"schema":{"@context":"https:\/\/schema.org","@graph":[{"@type":"WebPage","@id":"https:\/\/elmontgomery.com\/services\/water-resource-planning\/climate-change-and-drought-planning\/","url":"https:\/\/elmontgomery.com\/services\/water-resource-planning\/climate-change-and-drought-planning\/","name":"Planificaci\u00f3n para el cambio clim\u00e1tico y la sequ\u00eda - Montgomery &amp; Associates","isPartOf":{"@id":"https:\/\/elmontgomery.com\/#website"},"datePublished":"2023-09-26T21:35:42+00:00","dateModified":"2024-10-18T20:04:50+00:00","description":"Planificaci\u00f3n del cambio clim\u00e1tico y las sequ\u00edas: previsi\u00f3n de los impactos ambientales y la demanda de aguas subterr\u00e1neas","breadcrumb":{"@id":"https:\/\/elmontgomery.com\/services\/water-resource-planning\/climate-change-and-drought-planning\/#breadcrumb"},"inLanguage":"es-CL","potentialAction":[{"@type":"ReadAction","target":["https:\/\/elmontgomery.com\/services\/water-resource-planning\/climate-change-and-drought-planning\/"]}]},{"@type":"BreadcrumbList","@id":"https:\/\/elmontgomery.com\/services\/water-resource-planning\/climate-change-and-drought-planning\/#breadcrumb","itemListElement":[{"@type":"ListItem","position":1,"name":"Home","item":"https:\/\/elmontgomery.com\/"},{"@type":"ListItem","position":2,"name":"Services","item":"https:\/\/elmontgomery.com\/services\/"},{"@type":"ListItem","position":3,"name":"Water Resource Planning","item":"https:\/\/elmontgomery.com\/services\/water-resource-planning\/"},{"@type":"ListItem","position":4,"name":"Climate Change and Drought Planning"}]},{"@type":"WebSite","@id":"https:\/\/elmontgomery.com\/#website","url":"https:\/\/elmontgomery.com\/","name":"Montgomery y asociados","description":"Consultores de recursos h\u00eddricos","publisher":{"@id":"https:\/\/elmontgomery.com\/#organization"},"potentialAction":[{"@type":"SearchAction","target":{"@type":"EntryPoint","urlTemplate":"https:\/\/elmontgomery.com\/?s={search_term_string}"},"query-input":{"@type":"PropertyValueSpecification","valueRequired":true,"valueName":"search_term_string"}}],"inLanguage":"es-CL"},{"@type":"Organization","@id":"https:\/\/elmontgomery.com\/#organization","name":"Montgomery y asociados","url":"https:\/\/elmontgomery.com\/","logo":{"@type":"ImageObject","inLanguage":"es-CL","@id":"https:\/\/elmontgomery.com\/#\/schema\/logo\/image\/","url":"https:\/\/elmontgomery.com\/wp-content\/uploads\/2022\/09\/MA_RGB_hrz_tag-1.png","contentUrl":"https:\/\/elmontgomery.com\/wp-content\/uploads\/2022\/09\/MA_RGB_hrz_tag-1.png","width":1833,"height":533,"caption":"Montgomery &amp; Associates"},"image":{"@id":"https:\/\/elmontgomery.com\/#\/schema\/logo\/image\/"},"sameAs":["https:\/\/www.linkedin.com\/company\/2434577\/"]}]}},"_links":{"self":[{"href":"https:\/\/elmontgomery.com\/es\/wp-json\/wp\/v2\/pages\/11294","targetHints":{"allow":["GET"]}}],"collection":[{"href":"https:\/\/elmontgomery.com\/es\/wp-json\/wp\/v2\/pages"}],"about":[{"href":"https:\/\/elmontgomery.com\/es\/wp-json\/wp\/v2\/types\/page"}],"author":[{"embeddable":true,"href":"https:\/\/elmontgomery.com\/es\/wp-json\/wp\/v2\/users\/4"}],"replies":[{"embeddable":true,"href":"https:\/\/elmontgomery.com\/es\/wp-json\/wp\/v2\/comments?post=11294"}],"version-history":[{"count":13,"href":"https:\/\/elmontgomery.com\/es\/wp-json\/wp\/v2\/pages\/11294\/revisions"}],"predecessor-version":[{"id":12355,"href":"https:\/\/elmontgomery.com\/es\/wp-json\/wp\/v2\/pages\/11294\/revisions\/12355"}],"up":[{"embeddable":true,"href":"https:\/\/elmontgomery.com\/es\/wp-json\/wp\/v2\/pages\/226"}],"wp:attachment":[{"href":"https:\/\/elmontgomery.com\/es\/wp-json\/wp\/v2\/media?parent=11294"}],"curies":[{"name":"Gracias","href":"https:\/\/api.w.org\/{rel}","templated":true}]}}