{"id":1118,"date":"2022-10-21T11:53:10","date_gmt":"2022-10-21T18:53:10","guid":{"rendered":"https:\/\/ma.jvista.net\/?page_id=1118"},"modified":"2025-09-10T10:35:11","modified_gmt":"2025-09-10T17:35:11","slug":"managed-aquifer-recharge","status":"publish","type":"page","link":"https:\/\/elmontgomery.com\/es\/services\/water-supply-recharge\/managed-aquifer-recharge\/","title":{"rendered":"Manejo de Recarga Acu\u00edfera"},"content":{"rendered":"<div class=\"fusion-fullwidth fullwidth-box fusion-builder-row-1 fusion-flex-container nonhundred-percent-fullwidth non-hundred-percent-height-scrolling\" style=\"--awb-border-radius-top-left:0px;--awb-border-radius-top-right:0px;--awb-border-radius-bottom-right:0px;--awb-border-radius-bottom-left:0px;--awb-flex-wrap:wrap;\" ><div class=\"fusion-builder-row fusion-row fusion-flex-align-items-flex-start fusion-flex-content-wrap\" style=\"max-width:1248px;margin-left: calc(-4% \/ 2 );margin-right: calc(-4% \/ 2 );\"><div class=\"fusion-layout-column fusion_builder_column fusion-builder-column-0 fusion_builder_column_1_1 1_1 fusion-flex-column\" style=\"--awb-bg-size:cover;--awb-width-large:100%;--awb-margin-top-large:0px;--awb-spacing-right-large:1.92%;--awb-margin-bottom-large:20px;--awb-spacing-left-large:1.92%;--awb-width-medium:100%;--awb-order-medium:0;--awb-spacing-right-medium:1.92%;--awb-spacing-left-medium:1.92%;--awb-width-small:100%;--awb-order-small:0;--awb-spacing-right-small:1.92%;--awb-spacing-left-small:1.92%;\"><div class=\"fusion-column-wrapper fusion-column-has-shadow fusion-flex-justify-content-flex-start fusion-content-layout-column\"><div class=\"fusion-text fusion-text-1\" style=\"--awb-font-size:26px;--awb-line-height:30px;--awb-text-color:var(--awb-color6);\"><p>Amplia cartera de experiencia en proyectos de recarga en el suroeste de los Estados Unidos desde 1990<\/p>\n<\/div><\/div><\/div><div class=\"fusion-layout-column fusion_builder_column fusion-builder-column-1 fusion_builder_column_1_1 1_1 fusion-flex-column\" style=\"--awb-bg-blend:overlay;--awb-bg-size:cover;--awb-width-large:100%;--awb-margin-top-large:-10px;--awb-spacing-right-large:1.92%;--awb-margin-bottom-large:0px;--awb-spacing-left-large:1.92%;--awb-width-medium:100%;--awb-spacing-right-medium:1.92%;--awb-spacing-left-medium:1.92%;--awb-width-small:100%;--awb-spacing-right-small:1.92%;--awb-spacing-left-small:1.92%;\"><div class=\"fusion-column-wrapper fusion-flex-justify-content-flex-start fusion-content-layout-column\"><div class=\"fusion-text fusion-text-2\"><p>La recarga de acu\u00edferos administrados (MAR, por sus siglas en ingl\u00e9s) es una estrategia cr\u00edtica para reponer los acu\u00edferos y administrar los suministros de agua. Desde la d\u00e9cada de 1990, M&amp;A ha desarrollado soluciones MAR para integrar fuentes importadas (agua del r\u00edo Colorado y efluentes tratados) en carteras de recursos h\u00eddricos. Trabajando en conjunto con socios de ingenier\u00eda, ofrecemos una gama completa de servicios para ubicar y dise\u00f1ar nuevas instalaciones de recarga; tambi\u00e9n tenemos experiencia en la evaluaci\u00f3n de proyectos de recarga existentes para optimizar los beneficios del acu\u00edfero y minimizar los costos de operaci\u00f3n y mantenimiento.<\/p>\n<p>Las fusiones y adquisiciones han desempe\u00f1ado un papel clave en m\u00e1s de tres docenas de proyectos de MAR, incluyendo el Proyecto de Recarga del Desierto de Tonopah, la mayor instalaci\u00f3n de recarga de Arizona. Hemos trabajado en instalaciones de almacenamiento subterr\u00e1neo (USF), responsables de almacenar 5 millones de acres-pie de agua, m\u00e1s de la mitad del almacenamiento total de USF en Arizona.<\/p>\n<p>En California, M&amp;A ayud\u00f3 a desarrollar un gran banco regional de aguas subterr\u00e1neas y actualmente est\u00e1 desarrollando un modelo de aguas subterr\u00e1neas para mejorar la estimaci\u00f3n de la capacidad de recarga y recuperaci\u00f3n.<\/p>\n<h3 class=\"fusion-responsive-typography-calculated\" style=\"--fontsize: 36; line-height: 1.2; --fontSize: 36;\" data-fontsize=\"36\" data-lineheight=\"43.2px\">Capacidades<\/h3>\n<ul>\n<li>Realizaci\u00f3n de estudios de caracterizaci\u00f3n hidrogeol\u00f3gica para identificar los mejores sitios SAM<\/li>\n<li>Evaluaci\u00f3n de la viabilidad t\u00e9cnica de la recarga en los sitios candidatos<\/li>\n<li>Clasificaci\u00f3n de sitios de recarga alternativos seg\u00fan el costo de rendimiento previsto, el uso de la tierra, la normativa y otros criterios definidos por el cliente<\/li>\n<li>Modelado del flujo de agua subterr\u00e1nea bajo varios escenarios de recarga para predecir los impactos en la calidad del agua y los mont\u00edculos<\/li>\n<li>Evaluar y abordar el potencial de da\u00f1o irrazonable a los usos de la tierra y el agua vecinos<\/li>\n<li>Trabajar con el personal regulador para negociar los requisitos de los permisos<\/li>\n<li>Desarrollo de planes integrales de operaci\u00f3n y mantenimiento para pozos de inyecci\u00f3n y cuencas superficiales<\/li>\n<li>Dise\u00f1ar campos de pozos de recuperaci\u00f3n para maximizar la capacidad y minimizar los impactos<\/li>\n<li>Dise\u00f1o de redes de monitoreo y desempe\u00f1o del sistema de monitoreo<\/li>\n<li>Evaluaci\u00f3n de las consideraciones y estrategias de la pol\u00edtica del agua para integrar la recarga y la recuperaci\u00f3n en las carteras de agua de los clientes<\/li>\n<\/ul>\n<\/div><\/div><\/div><div class=\"fusion-layout-column fusion_builder_column fusion-builder-column-2 fusion_builder_column_1_1 1_1 fusion-flex-column\" style=\"--awb-bg-size:cover;--awb-width-large:100%;--awb-margin-top-large:20px;--awb-spacing-right-large:1.92%;--awb-margin-bottom-large:20px;--awb-spacing-left-large:1.92%;--awb-width-medium:100%;--awb-order-medium:0;--awb-spacing-right-medium:1.92%;--awb-spacing-left-medium:1.92%;--awb-width-small:100%;--awb-order-small:0;--awb-spacing-right-small:1.92%;--awb-spacing-left-small:1.92%;\"><div class=\"fusion-column-wrapper fusion-column-has-shadow fusion-flex-justify-content-flex-start fusion-content-layout-column\"><div style=\"text-align:center;\"><a class=\"fusion-button button-flat fusion-button-default-size button-custom fusion-button-default button-1 fusion-button-default-span fusion-button-default-type\" style=\"--button_accent_color:var(--awb-color1);--button_accent_hover_color:var(--awb-color1);--button_border_hover_color:var(--awb-color1);--button-border-radius-top-left:0;--button-border-radius-top-right:0;--button-border-radius-bottom-right:0;--button-border-radius-bottom-left:0;--button_gradient_top_color:var(--awb-color5);--button_gradient_bottom_color:var(--awb-color5);--button_gradient_top_color_hover:var(--awb-color6);--button_gradient_bottom_color_hover:var(--awb-color6);--button_font_size:20px;\" target=\"_self\" href=\"https:\/\/elmontgomery.com\/projects\/\" data-no-translation=\"\"><span class=\"fusion-button-text awb-button__text awb-button__text--default\">View Example Projects<\/span><i class=\"fa-angle-double-right fas awb-button__icon awb-button__icon--default button-icon-right\" aria-hidden=\"true\"><\/i><\/a><\/div><\/div><\/div><\/div><\/div>","protected":false},"excerpt":{"rendered":"","protected":false},"author":4,"featured_media":0,"parent":215,"menu_order":0,"comment_status":"closed","ping_status":"closed","template":"","meta":{"footnotes":""},"class_list":["post-1118","page","type-page","status-publish","hentry"],"yoast_head":"<!-- This site is optimized with the Yoast SEO plugin v27.3 - https:\/\/yoast.com\/product\/yoast-seo-wordpress\/ -->\n<title>Managed Aquifer Recharge - Montgomery &amp; Associates<\/title>\n<meta name=\"description\" content=\"Vast portfolio of managed aquifer recharge project experience in the southwestern United States since 1990\" \/>\n<meta name=\"robots\" content=\"index, follow, max-snippet:-1, max-image-preview:large, max-video-preview:-1\" \/>\n<link rel=\"canonical\" href=\"https:\/\/elmontgomery.com\/es\/services\/water-supply-recharge\/managed-aquifer-recharge\/\" \/>\n<meta property=\"og:locale\" content=\"es_ES\" \/>\n<meta property=\"og:type\" content=\"article\" \/>\n<meta property=\"og:title\" content=\"Managed Aquifer Recharge - Montgomery &amp; Associates\" \/>\n<meta property=\"og:description\" content=\"Vast portfolio of managed aquifer recharge project experience in the southwestern United States since 1990\" \/>\n<meta property=\"og:url\" content=\"https:\/\/elmontgomery.com\/es\/services\/water-supply-recharge\/managed-aquifer-recharge\/\" \/>\n<meta property=\"og:site_name\" content=\"Montgomery &amp; Associates\" \/>\n<meta property=\"article:modified_time\" content=\"2025-09-10T17:35:11+00:00\" \/>\n<meta name=\"twitter:card\" content=\"summary_large_image\" \/>\n<meta name=\"twitter:label1\" content=\"Tiempo estimado de lectura\" \/>\n\t<meta name=\"twitter:data1\" content=\"3 minutos\" \/>\n<script type=\"application\/ld+json\" class=\"yoast-schema-graph\">{\"@context\":\"https:\\\/\\\/schema.org\",\"@graph\":[{\"@type\":\"WebPage\",\"@id\":\"https:\\\/\\\/elmontgomery.com\\\/services\\\/water-supply-recharge\\\/managed-aquifer-recharge\\\/\",\"url\":\"https:\\\/\\\/elmontgomery.com\\\/services\\\/water-supply-recharge\\\/managed-aquifer-recharge\\\/\",\"name\":\"Managed Aquifer Recharge - Montgomery &amp; Associates\",\"isPartOf\":{\"@id\":\"https:\\\/\\\/elmontgomery.com\\\/#website\"},\"datePublished\":\"2022-10-21T18:53:10+00:00\",\"dateModified\":\"2025-09-10T17:35:11+00:00\",\"description\":\"Vast portfolio of managed aquifer recharge project experience in the southwestern United States since 1990\",\"breadcrumb\":{\"@id\":\"https:\\\/\\\/elmontgomery.com\\\/services\\\/water-supply-recharge\\\/managed-aquifer-recharge\\\/#breadcrumb\"},\"inLanguage\":\"es-CL\",\"potentialAction\":[{\"@type\":\"ReadAction\",\"target\":[\"https:\\\/\\\/elmontgomery.com\\\/services\\\/water-supply-recharge\\\/managed-aquifer-recharge\\\/\"]}]},{\"@type\":\"BreadcrumbList\",\"@id\":\"https:\\\/\\\/elmontgomery.com\\\/services\\\/water-supply-recharge\\\/managed-aquifer-recharge\\\/#breadcrumb\",\"itemListElement\":[{\"@type\":\"ListItem\",\"position\":1,\"name\":\"Home\",\"item\":\"https:\\\/\\\/elmontgomery.com\\\/\"},{\"@type\":\"ListItem\",\"position\":2,\"name\":\"Services\",\"item\":\"https:\\\/\\\/elmontgomery.com\\\/services\\\/\"},{\"@type\":\"ListItem\",\"position\":3,\"name\":\"Water Supply &#038; Recharge\",\"item\":\"https:\\\/\\\/elmontgomery.com\\\/services\\\/water-supply-recharge\\\/\"},{\"@type\":\"ListItem\",\"position\":4,\"name\":\"Managed Aquifer Recharge\"}]},{\"@type\":\"WebSite\",\"@id\":\"https:\\\/\\\/elmontgomery.com\\\/#website\",\"url\":\"https:\\\/\\\/elmontgomery.com\\\/\",\"name\":\"Montgomery &amp; Associates\",\"description\":\"Water Resource Consultants\",\"publisher\":{\"@id\":\"https:\\\/\\\/elmontgomery.com\\\/#organization\"},\"potentialAction\":[{\"@type\":\"SearchAction\",\"target\":{\"@type\":\"EntryPoint\",\"urlTemplate\":\"https:\\\/\\\/elmontgomery.com\\\/?s={search_term_string}\"},\"query-input\":{\"@type\":\"PropertyValueSpecification\",\"valueRequired\":true,\"valueName\":\"search_term_string\"}}],\"inLanguage\":\"es-CL\"},{\"@type\":\"Organization\",\"@id\":\"https:\\\/\\\/elmontgomery.com\\\/#organization\",\"name\":\"Montgomery &amp; Associates\",\"url\":\"https:\\\/\\\/elmontgomery.com\\\/\",\"logo\":{\"@type\":\"ImageObject\",\"inLanguage\":\"es-CL\",\"@id\":\"https:\\\/\\\/elmontgomery.com\\\/#\\\/schema\\\/logo\\\/image\\\/\",\"url\":\"https:\\\/\\\/elmontgomery.com\\\/wp-content\\\/uploads\\\/2022\\\/09\\\/MA_RGB_hrz_tag-1.png\",\"contentUrl\":\"https:\\\/\\\/elmontgomery.com\\\/wp-content\\\/uploads\\\/2022\\\/09\\\/MA_RGB_hrz_tag-1.png\",\"width\":1833,\"height\":533,\"caption\":\"Montgomery &amp; Associates\"},\"image\":{\"@id\":\"https:\\\/\\\/elmontgomery.com\\\/#\\\/schema\\\/logo\\\/image\\\/\"},\"sameAs\":[\"https:\\\/\\\/www.linkedin.com\\\/company\\\/2434577\\\/\"]}]}<\/script>\n<!-- \/ Yoast SEO plugin. -->","yoast_head_json":{"title":"Recarga de acu\u00edferos gestionada - Montgomery &amp; Associates","description":"Amplia cartera de experiencia en proyectos de recarga de acu\u00edferos gestionados en el suroeste de los Estados Unidos desde 1990","robots":{"index":"index","follow":"follow","max-snippet":"max-snippet:-1","max-image-preview":"max-image-preview:large","max-video-preview":"max-video-preview:-1"},"canonical":"https:\/\/elmontgomery.com\/es\/services\/water-supply-recharge\/managed-aquifer-recharge\/","og_locale":"es_ES","og_type":"article","og_title":"Managed Aquifer Recharge - Montgomery &amp; Associates","og_description":"Vast portfolio of managed aquifer recharge project experience in the southwestern United States since 1990","og_url":"https:\/\/elmontgomery.com\/es\/services\/water-supply-recharge\/managed-aquifer-recharge\/","og_site_name":"Montgomery &amp; Associates","article_modified_time":"2025-09-10T17:35:11+00:00","twitter_card":"summary_large_image","twitter_misc":{"Tiempo estimado de lectura":"3 minutos"},"schema":{"@context":"https:\/\/schema.org","@graph":[{"@type":"WebPage","@id":"https:\/\/elmontgomery.com\/services\/water-supply-recharge\/managed-aquifer-recharge\/","url":"https:\/\/elmontgomery.com\/services\/water-supply-recharge\/managed-aquifer-recharge\/","name":"Recarga de acu\u00edferos gestionada - Montgomery &amp; Associates","isPartOf":{"@id":"https:\/\/elmontgomery.com\/#website"},"datePublished":"2022-10-21T18:53:10+00:00","dateModified":"2025-09-10T17:35:11+00:00","description":"Amplia cartera de experiencia en proyectos de recarga de acu\u00edferos gestionados en el suroeste de los Estados Unidos desde 1990","breadcrumb":{"@id":"https:\/\/elmontgomery.com\/services\/water-supply-recharge\/managed-aquifer-recharge\/#breadcrumb"},"inLanguage":"es-CL","potentialAction":[{"@type":"ReadAction","target":["https:\/\/elmontgomery.com\/services\/water-supply-recharge\/managed-aquifer-recharge\/"]}]},{"@type":"BreadcrumbList","@id":"https:\/\/elmontgomery.com\/services\/water-supply-recharge\/managed-aquifer-recharge\/#breadcrumb","itemListElement":[{"@type":"ListItem","position":1,"name":"Home","item":"https:\/\/elmontgomery.com\/"},{"@type":"ListItem","position":2,"name":"Services","item":"https:\/\/elmontgomery.com\/services\/"},{"@type":"ListItem","position":3,"name":"Water Supply &#038; Recharge","item":"https:\/\/elmontgomery.com\/services\/water-supply-recharge\/"},{"@type":"ListItem","position":4,"name":"Managed Aquifer Recharge"}]},{"@type":"WebSite","@id":"https:\/\/elmontgomery.com\/#website","url":"https:\/\/elmontgomery.com\/","name":"Montgomery y asociados","description":"Consultores de recursos h\u00eddricos","publisher":{"@id":"https:\/\/elmontgomery.com\/#organization"},"potentialAction":[{"@type":"SearchAction","target":{"@type":"EntryPoint","urlTemplate":"https:\/\/elmontgomery.com\/?s={search_term_string}"},"query-input":{"@type":"PropertyValueSpecification","valueRequired":true,"valueName":"search_term_string"}}],"inLanguage":"es-CL"},{"@type":"Organization","@id":"https:\/\/elmontgomery.com\/#organization","name":"Montgomery y asociados","url":"https:\/\/elmontgomery.com\/","logo":{"@type":"ImageObject","inLanguage":"es-CL","@id":"https:\/\/elmontgomery.com\/#\/schema\/logo\/image\/","url":"https:\/\/elmontgomery.com\/wp-content\/uploads\/2022\/09\/MA_RGB_hrz_tag-1.png","contentUrl":"https:\/\/elmontgomery.com\/wp-content\/uploads\/2022\/09\/MA_RGB_hrz_tag-1.png","width":1833,"height":533,"caption":"Montgomery &amp; Associates"},"image":{"@id":"https:\/\/elmontgomery.com\/#\/schema\/logo\/image\/"},"sameAs":["https:\/\/www.linkedin.com\/company\/2434577\/"]}]}},"_links":{"self":[{"href":"https:\/\/elmontgomery.com\/es\/wp-json\/wp\/v2\/pages\/1118","targetHints":{"allow":["GET"]}}],"collection":[{"href":"https:\/\/elmontgomery.com\/es\/wp-json\/wp\/v2\/pages"}],"about":[{"href":"https:\/\/elmontgomery.com\/es\/wp-json\/wp\/v2\/types\/page"}],"author":[{"embeddable":true,"href":"https:\/\/elmontgomery.com\/es\/wp-json\/wp\/v2\/users\/4"}],"replies":[{"embeddable":true,"href":"https:\/\/elmontgomery.com\/es\/wp-json\/wp\/v2\/comments?post=1118"}],"version-history":[{"count":29,"href":"https:\/\/elmontgomery.com\/es\/wp-json\/wp\/v2\/pages\/1118\/revisions"}],"predecessor-version":[{"id":13219,"href":"https:\/\/elmontgomery.com\/es\/wp-json\/wp\/v2\/pages\/1118\/revisions\/13219"}],"up":[{"embeddable":true,"href":"https:\/\/elmontgomery.com\/es\/wp-json\/wp\/v2\/pages\/215"}],"wp:attachment":[{"href":"https:\/\/elmontgomery.com\/es\/wp-json\/wp\/v2\/media?parent=1118"}],"curies":[{"name":"Gracias","href":"https:\/\/api.w.org\/{rel}","templated":true}]}}