{"id":11073,"date":"2023-06-05T15:36:43","date_gmt":"2023-06-05T22:36:43","guid":{"rendered":"https:\/\/elmontgomery.com\/?page_id=11073"},"modified":"2025-05-29T15:34:47","modified_gmt":"2025-05-29T22:34:47","slug":"alternative-water-supplies","status":"publish","type":"page","link":"https:\/\/elmontgomery.com\/es\/services\/water-supply-recharge\/alternative-water-supplies\/","title":{"rendered":"Suministros de agua alternativos"},"content":{"rendered":"<div class=\"fusion-fullwidth fullwidth-box fusion-builder-row-1 fusion-flex-container nonhundred-percent-fullwidth non-hundred-percent-height-scrolling\" style=\"--awb-border-radius-top-left:0px;--awb-border-radius-top-right:0px;--awb-border-radius-bottom-right:0px;--awb-border-radius-bottom-left:0px;--awb-flex-wrap:wrap;\" ><div class=\"fusion-builder-row fusion-row fusion-flex-align-items-flex-start fusion-flex-content-wrap\" style=\"max-width:1248px;margin-left: calc(-4% \/ 2 );margin-right: calc(-4% \/ 2 );\"><div class=\"fusion-layout-column fusion_builder_column fusion-builder-column-0 fusion_builder_column_1_1 1_1 fusion-flex-column\" style=\"--awb-bg-size:cover;--awb-width-large:100%;--awb-margin-top-large:0px;--awb-spacing-right-large:1.92%;--awb-margin-bottom-large:20px;--awb-spacing-left-large:1.92%;--awb-width-medium:100%;--awb-order-medium:0;--awb-spacing-right-medium:1.92%;--awb-spacing-left-medium:1.92%;--awb-width-small:100%;--awb-order-small:0;--awb-spacing-right-small:1.92%;--awb-spacing-left-small:1.92%;\"><div class=\"fusion-column-wrapper fusion-column-has-shadow fusion-flex-justify-content-flex-start fusion-content-layout-column\"><div class=\"fusion-text fusion-text-1\" style=\"--awb-font-size:26px;--awb-line-height:30px;--awb-text-color:var(--awb-color6);\"><p>Integraci\u00f3n de recursos h\u00eddricos salobres, de mala calidad y reciclados en las carteras de suministro<\/p>\n<\/div><\/div><\/div><div class=\"fusion-layout-column fusion_builder_column fusion-builder-column-1 fusion_builder_column_1_1 1_1 fusion-flex-column\" style=\"--awb-bg-blend:overlay;--awb-bg-size:cover;--awb-width-large:100%;--awb-margin-top-large:-10px;--awb-spacing-right-large:1.92%;--awb-margin-bottom-large:0px;--awb-spacing-left-large:1.92%;--awb-width-medium:100%;--awb-spacing-right-medium:1.92%;--awb-spacing-left-medium:1.92%;--awb-width-small:100%;--awb-spacing-right-small:1.92%;--awb-spacing-left-small:1.92%;\"><div class=\"fusion-column-wrapper fusion-flex-justify-content-flex-start fusion-content-layout-column\"><div class=\"fusion-text fusion-text-2\"><p>Debido a la escasez de agua dulce, los suministros de agua alternativos, como aguas subterr\u00e1neas salobres o de mala calidad, aguas superficiales salinas y agua reciclada, pueden ser opciones viables para mejorar las carteras de suministro de agua. Los hidroge\u00f3logos de M&amp;A caracterizan las fuentes de agua para ayudar a los clientes a cumplir con los requisitos de cantidad y calidad de sus proyectos. Las aplicaciones para suministros de agua alternativos pueden incluir proyectos agr\u00edcolas, industriales o que apoyen la econom\u00eda verde, como el hidr\u00f3geno verde y la captura de carbono. En algunos casos, el agua salobre, salina y reciclada se puede tratar o mezclar con agua de mayor calidad para aumentar los suministros de agua potable.<\/p>\n<h3 class=\"fusion-responsive-typography-calculated\" style=\"--fontsize: 36; line-height: 1.2;\" data-fontsize=\"36\" data-lineheight=\"43.2px\">Capacidades<\/h3>\n<ul>\n<li>Identificar suministros utilizables de agua subterr\u00e1nea salobre y de mala calidad<\/li>\n<li>Caracterizaci\u00f3n de las propiedades del acu\u00edfero para estimar la producci\u00f3n de pozos y el rendimiento sostenible<\/li>\n<li>Investigar las condiciones y tendencias de la calidad del agua subterr\u00e1nea<\/li>\n<li>Apoyo a la planificaci\u00f3n, dise\u00f1o y permisos de agua reciclada para carteras de agua y reposici\u00f3n de aguas subterr\u00e1neas (reutilizaci\u00f3n potable indirecta o IPR)<\/li>\n<li>Dise\u00f1o de pozos, campos de pozos y tomas subterr\u00e1neas para optimizar la calidad y cantidad del agua<\/li>\n<li>Brindar apoyo en materia de permisos para la eliminaci\u00f3n de salmuera<\/li>\n<\/ul>\n<\/div><\/div><\/div><div class=\"fusion-layout-column fusion_builder_column fusion-builder-column-2 fusion_builder_column_1_1 1_1 fusion-flex-column\" style=\"--awb-bg-size:cover;--awb-width-large:100%;--awb-margin-top-large:0px;--awb-spacing-right-large:1.92%;--awb-margin-bottom-large:20px;--awb-spacing-left-large:1.92%;--awb-width-medium:100%;--awb-order-medium:0;--awb-spacing-right-medium:1.92%;--awb-spacing-left-medium:1.92%;--awb-width-small:100%;--awb-order-small:0;--awb-spacing-right-small:1.92%;--awb-spacing-left-small:1.92%;\"><div class=\"fusion-column-wrapper fusion-column-has-shadow fusion-flex-justify-content-flex-start fusion-content-layout-column\"><div style=\"text-align:center;\"><a class=\"fusion-button button-flat fusion-button-default-size button-custom fusion-button-default button-1 fusion-button-default-span fusion-button-default-type\" style=\"--button_accent_color:var(--awb-color1);--button_accent_hover_color:var(--awb-color1);--button_border_hover_color:var(--awb-color1);--button-border-radius-top-left:0;--button-border-radius-top-right:0;--button-border-radius-bottom-right:0;--button-border-radius-bottom-left:0;--button_gradient_top_color:var(--awb-color5);--button_gradient_bottom_color:var(--awb-color5);--button_gradient_top_color_hover:var(--awb-color6);--button_gradient_bottom_color_hover:var(--awb-color6);--button_font_size:20px;\" target=\"_self\" href=\"https:\/\/elmontgomery.com\/projects\/\" data-no-translation=\"\"><span class=\"fusion-button-text awb-button__text awb-button__text--default\">View Example Projects<\/span><i class=\"fa-angle-double-right fas awb-button__icon awb-button__icon--default button-icon-right\" aria-hidden=\"true\"><\/i><\/a><\/div><\/div><\/div><\/div><\/div>","protected":false},"excerpt":{"rendered":"","protected":false},"author":4,"featured_media":0,"parent":215,"menu_order":0,"comment_status":"closed","ping_status":"closed","template":"","meta":{"footnotes":""},"class_list":["post-11073","page","type-page","status-publish","hentry"],"yoast_head":"<!-- This site is optimized with the Yoast SEO plugin v27.3 - https:\/\/yoast.com\/product\/yoast-seo-wordpress\/ -->\n<title>Alternative Water Supplies - Montgomery &amp; Associates<\/title>\n<meta name=\"description\" content=\"Brackish or poor-quality groundwater, saline surface waters, and recycled water may be viable options to enhance water supply portfolios.\" \/>\n<meta name=\"robots\" content=\"index, follow, max-snippet:-1, max-image-preview:large, max-video-preview:-1\" \/>\n<link rel=\"canonical\" href=\"https:\/\/elmontgomery.com\/es\/services\/water-supply-recharge\/alternative-water-supplies\/\" \/>\n<meta property=\"og:locale\" content=\"es_ES\" \/>\n<meta property=\"og:type\" content=\"article\" \/>\n<meta property=\"og:title\" content=\"Alternative Water Supplies - Montgomery &amp; Associates\" \/>\n<meta property=\"og:description\" content=\"Brackish or poor-quality groundwater, saline surface waters, and recycled water may be viable options to enhance water supply portfolios.\" \/>\n<meta property=\"og:url\" content=\"https:\/\/elmontgomery.com\/es\/services\/water-supply-recharge\/alternative-water-supplies\/\" \/>\n<meta property=\"og:site_name\" content=\"Montgomery &amp; Associates\" \/>\n<meta property=\"article:modified_time\" content=\"2025-05-29T22:34:47+00:00\" \/>\n<meta name=\"twitter:card\" content=\"summary_large_image\" \/>\n<meta name=\"twitter:label1\" content=\"Tiempo estimado de lectura\" \/>\n\t<meta name=\"twitter:data1\" content=\"2 minutos\" \/>\n<script type=\"application\/ld+json\" class=\"yoast-schema-graph\">{\"@context\":\"https:\\\/\\\/schema.org\",\"@graph\":[{\"@type\":\"WebPage\",\"@id\":\"https:\\\/\\\/elmontgomery.com\\\/services\\\/water-supply-recharge\\\/alternative-water-supplies\\\/\",\"url\":\"https:\\\/\\\/elmontgomery.com\\\/services\\\/water-supply-recharge\\\/alternative-water-supplies\\\/\",\"name\":\"Alternative Water Supplies - Montgomery &amp; Associates\",\"isPartOf\":{\"@id\":\"https:\\\/\\\/elmontgomery.com\\\/#website\"},\"datePublished\":\"2023-06-05T22:36:43+00:00\",\"dateModified\":\"2025-05-29T22:34:47+00:00\",\"description\":\"Brackish or poor-quality groundwater, saline surface waters, and recycled water may be viable options to enhance water supply portfolios.\",\"breadcrumb\":{\"@id\":\"https:\\\/\\\/elmontgomery.com\\\/services\\\/water-supply-recharge\\\/alternative-water-supplies\\\/#breadcrumb\"},\"inLanguage\":\"es-CL\",\"potentialAction\":[{\"@type\":\"ReadAction\",\"target\":[\"https:\\\/\\\/elmontgomery.com\\\/services\\\/water-supply-recharge\\\/alternative-water-supplies\\\/\"]}]},{\"@type\":\"BreadcrumbList\",\"@id\":\"https:\\\/\\\/elmontgomery.com\\\/services\\\/water-supply-recharge\\\/alternative-water-supplies\\\/#breadcrumb\",\"itemListElement\":[{\"@type\":\"ListItem\",\"position\":1,\"name\":\"Home\",\"item\":\"https:\\\/\\\/elmontgomery.com\\\/\"},{\"@type\":\"ListItem\",\"position\":2,\"name\":\"Services\",\"item\":\"https:\\\/\\\/elmontgomery.com\\\/services\\\/\"},{\"@type\":\"ListItem\",\"position\":3,\"name\":\"Water Supply &#038; Recharge\",\"item\":\"https:\\\/\\\/elmontgomery.com\\\/services\\\/water-supply-recharge\\\/\"},{\"@type\":\"ListItem\",\"position\":4,\"name\":\"Alternative Water Supplies\"}]},{\"@type\":\"WebSite\",\"@id\":\"https:\\\/\\\/elmontgomery.com\\\/#website\",\"url\":\"https:\\\/\\\/elmontgomery.com\\\/\",\"name\":\"Montgomery &amp; Associates\",\"description\":\"Water Resource Consultants\",\"publisher\":{\"@id\":\"https:\\\/\\\/elmontgomery.com\\\/#organization\"},\"potentialAction\":[{\"@type\":\"SearchAction\",\"target\":{\"@type\":\"EntryPoint\",\"urlTemplate\":\"https:\\\/\\\/elmontgomery.com\\\/?s={search_term_string}\"},\"query-input\":{\"@type\":\"PropertyValueSpecification\",\"valueRequired\":true,\"valueName\":\"search_term_string\"}}],\"inLanguage\":\"es-CL\"},{\"@type\":\"Organization\",\"@id\":\"https:\\\/\\\/elmontgomery.com\\\/#organization\",\"name\":\"Montgomery &amp; Associates\",\"url\":\"https:\\\/\\\/elmontgomery.com\\\/\",\"logo\":{\"@type\":\"ImageObject\",\"inLanguage\":\"es-CL\",\"@id\":\"https:\\\/\\\/elmontgomery.com\\\/#\\\/schema\\\/logo\\\/image\\\/\",\"url\":\"https:\\\/\\\/elmontgomery.com\\\/wp-content\\\/uploads\\\/2022\\\/09\\\/MA_RGB_hrz_tag-1.png\",\"contentUrl\":\"https:\\\/\\\/elmontgomery.com\\\/wp-content\\\/uploads\\\/2022\\\/09\\\/MA_RGB_hrz_tag-1.png\",\"width\":1833,\"height\":533,\"caption\":\"Montgomery &amp; Associates\"},\"image\":{\"@id\":\"https:\\\/\\\/elmontgomery.com\\\/#\\\/schema\\\/logo\\\/image\\\/\"},\"sameAs\":[\"https:\\\/\\\/www.linkedin.com\\\/company\\\/2434577\\\/\"]}]}<\/script>\n<!-- \/ Yoast SEO plugin. -->","yoast_head_json":{"title":"Suministros de agua alternativos - Montgomery &amp; Associates","description":"Las aguas subterr\u00e1neas salobres o de mala calidad, las aguas superficiales salinas y el agua reciclada pueden ser opciones viables para mejorar las carteras de abastecimiento de agua.","robots":{"index":"index","follow":"follow","max-snippet":"max-snippet:-1","max-image-preview":"max-image-preview:large","max-video-preview":"max-video-preview:-1"},"canonical":"https:\/\/elmontgomery.com\/es\/services\/water-supply-recharge\/alternative-water-supplies\/","og_locale":"es_ES","og_type":"article","og_title":"Alternative Water Supplies - Montgomery &amp; Associates","og_description":"Brackish or poor-quality groundwater, saline surface waters, and recycled water may be viable options to enhance water supply portfolios.","og_url":"https:\/\/elmontgomery.com\/es\/services\/water-supply-recharge\/alternative-water-supplies\/","og_site_name":"Montgomery &amp; Associates","article_modified_time":"2025-05-29T22:34:47+00:00","twitter_card":"summary_large_image","twitter_misc":{"Tiempo estimado de lectura":"2 minutos"},"schema":{"@context":"https:\/\/schema.org","@graph":[{"@type":"WebPage","@id":"https:\/\/elmontgomery.com\/services\/water-supply-recharge\/alternative-water-supplies\/","url":"https:\/\/elmontgomery.com\/services\/water-supply-recharge\/alternative-water-supplies\/","name":"Suministros de agua alternativos - Montgomery &amp; Associates","isPartOf":{"@id":"https:\/\/elmontgomery.com\/#website"},"datePublished":"2023-06-05T22:36:43+00:00","dateModified":"2025-05-29T22:34:47+00:00","description":"Las aguas subterr\u00e1neas salobres o de mala calidad, las aguas superficiales salinas y el agua reciclada pueden ser opciones viables para mejorar las carteras de abastecimiento de agua.","breadcrumb":{"@id":"https:\/\/elmontgomery.com\/services\/water-supply-recharge\/alternative-water-supplies\/#breadcrumb"},"inLanguage":"es-CL","potentialAction":[{"@type":"ReadAction","target":["https:\/\/elmontgomery.com\/services\/water-supply-recharge\/alternative-water-supplies\/"]}]},{"@type":"BreadcrumbList","@id":"https:\/\/elmontgomery.com\/services\/water-supply-recharge\/alternative-water-supplies\/#breadcrumb","itemListElement":[{"@type":"ListItem","position":1,"name":"Home","item":"https:\/\/elmontgomery.com\/"},{"@type":"ListItem","position":2,"name":"Services","item":"https:\/\/elmontgomery.com\/services\/"},{"@type":"ListItem","position":3,"name":"Water Supply &#038; Recharge","item":"https:\/\/elmontgomery.com\/services\/water-supply-recharge\/"},{"@type":"ListItem","position":4,"name":"Alternative Water Supplies"}]},{"@type":"WebSite","@id":"https:\/\/elmontgomery.com\/#website","url":"https:\/\/elmontgomery.com\/","name":"Montgomery y asociados","description":"Consultores de recursos h\u00eddricos","publisher":{"@id":"https:\/\/elmontgomery.com\/#organization"},"potentialAction":[{"@type":"SearchAction","target":{"@type":"EntryPoint","urlTemplate":"https:\/\/elmontgomery.com\/?s={search_term_string}"},"query-input":{"@type":"PropertyValueSpecification","valueRequired":true,"valueName":"search_term_string"}}],"inLanguage":"es-CL"},{"@type":"Organization","@id":"https:\/\/elmontgomery.com\/#organization","name":"Montgomery y asociados","url":"https:\/\/elmontgomery.com\/","logo":{"@type":"ImageObject","inLanguage":"es-CL","@id":"https:\/\/elmontgomery.com\/#\/schema\/logo\/image\/","url":"https:\/\/elmontgomery.com\/wp-content\/uploads\/2022\/09\/MA_RGB_hrz_tag-1.png","contentUrl":"https:\/\/elmontgomery.com\/wp-content\/uploads\/2022\/09\/MA_RGB_hrz_tag-1.png","width":1833,"height":533,"caption":"Montgomery &amp; Associates"},"image":{"@id":"https:\/\/elmontgomery.com\/#\/schema\/logo\/image\/"},"sameAs":["https:\/\/www.linkedin.com\/company\/2434577\/"]}]}},"_links":{"self":[{"href":"https:\/\/elmontgomery.com\/es\/wp-json\/wp\/v2\/pages\/11073","targetHints":{"allow":["GET"]}}],"collection":[{"href":"https:\/\/elmontgomery.com\/es\/wp-json\/wp\/v2\/pages"}],"about":[{"href":"https:\/\/elmontgomery.com\/es\/wp-json\/wp\/v2\/types\/page"}],"author":[{"embeddable":true,"href":"https:\/\/elmontgomery.com\/es\/wp-json\/wp\/v2\/users\/4"}],"replies":[{"embeddable":true,"href":"https:\/\/elmontgomery.com\/es\/wp-json\/wp\/v2\/comments?post=11073"}],"version-history":[{"count":12,"href":"https:\/\/elmontgomery.com\/es\/wp-json\/wp\/v2\/pages\/11073\/revisions"}],"predecessor-version":[{"id":13008,"href":"https:\/\/elmontgomery.com\/es\/wp-json\/wp\/v2\/pages\/11073\/revisions\/13008"}],"up":[{"embeddable":true,"href":"https:\/\/elmontgomery.com\/es\/wp-json\/wp\/v2\/pages\/215"}],"wp:attachment":[{"href":"https:\/\/elmontgomery.com\/es\/wp-json\/wp\/v2\/media?parent=11073"}],"curies":[{"name":"Gracias","href":"https:\/\/api.w.org\/{rel}","templated":true}]}}